{"id":412746,"date":"2026-04-05T15:06:01","date_gmt":"2026-04-05T13:06:01","guid":{"rendered":"https:\/\/bogensportdiscount.ch\/produkt\/tungsten-gold-series-weights-stabilizers-1oz\/"},"modified":"2026-05-14T15:26:52","modified_gmt":"2026-05-14T13:26:52","slug":"wooojack-stabilisator-gewichte-tungsten-gold-series-1oz","status":"publish","type":"product","link":"https:\/\/bogensportdiscount.ch\/fr\/produit\/wooojack-stabilisator-gewichte-tungsten-gold-series-1oz\/","title":{"rendered":"WOOOJACK TUNGSTEN GOLD SERIES POIDS STABILISATEURS \/ 1oz"},"content":{"rendered":"<p>Les poids Tungsten Gold Series de WOOOJACK sont con\u00e7us pour \u00eatre utilis\u00e9s sur des stabilisateurs d'arc. Avec un poids de 1oz, ils permettent d'\u00e9quilibrer pr\u00e9cis\u00e9ment les stabilisateurs et de les adapter aux besoins individuels du tireur.<\/p>\n<p>Les poids sont disponibles en noir et or et s'int\u00e8grent harmonieusement dans diff\u00e9rentes configurations de stabilisateurs. Gr\u00e2ce au mat\u00e9riau en tungst\u00e8ne, ils offrent une haute densit\u00e9 dans un format compact, permettant ainsi une distribution efficace du poids.<\/p>\n<ul>\n<li>Poids : 1oz<\/li>\n<li>Mat\u00e9riau : tungst\u00e8ne (Tungsten)<\/li>\n<li>Disponible en noir et or<\/li>\n<li>Compatible avec les stabilisateurs d'arc courants<\/li>\n<\/ul>","protected":false},"excerpt":{"rendered":"<table>\n<tr>\n<th>Propri\u00e9t\u00e9<\/th>\n<th>Valeur<\/th>\n<\/tr>\n<tr>\n<td>Marque<\/td>\n<td>Wooojack<\/td>\n<\/tr>\n<tr>\n<td>Pays d'origine<\/td>\n<td>France<\/td>\n<\/tr>\n<\/table>","protected":false},"featured_media":451813,"comment_status":"open","ping_status":"closed","template":"","meta":[],"product_brand":[1228],"product_cat":[4199],"product_tag":[],"class_list":{"0":"post-412746","1":"product","2":"type-product","3":"status-publish","4":"has-post-thumbnail","6":"product_brand-wooojack","7":"product_cat-gewichte","8":"product_shipping_class-bsd-standard","10":"first","11":"onbackorder","12":"shipping-taxable","13":"purchasable","14":"product-type-variable"},"yoast_head":"<!-- This site is optimized with the Yoast SEO plugin v27.6 - https:\/\/yoast.com\/product\/yoast-seo-wordpress\/ -->\n<title>WOOOJACK TUNGSTEN GOLD SERIES GEWICHTE STABILISATOREN \/ 1oz - Bogensportdiscount \u2013 B\u00f6gen, Pfeile, Targets &amp; Zubeh\u00f6r<\/title>\n<meta name=\"description\" content=\"WOOOJACK TUNGSTEN GOLD SERIES GEWICHTE STABILISATOREN \/ 1oz g\u00fcnstig kaufen bei Bogensportdiscount \u2013 Top-Marken, schneller Versand aus der Schweiz.\" \/>\n<meta name=\"robots\" content=\"index, follow, max-snippet:-1, max-image-preview:large, max-video-preview:-1\" \/>\n<link rel=\"canonical\" href=\"https:\/\/bogensportdiscount.ch\/fr\/produit\/wooojack-stabilisator-gewichte-tungsten-gold-series-1oz\/\" \/>\n<meta property=\"og:locale\" content=\"fr_FR\" \/>\n<meta property=\"og:type\" content=\"article\" \/>\n<meta property=\"og:title\" content=\"WOOOJACK TUNGSTEN GOLD SERIES GEWICHTE STABILISATOREN \/ 1oz - Bogensportdiscount \u2013 B\u00f6gen, Pfeile, Targets &amp; Zubeh\u00f6r\" \/>\n<meta property=\"og:description\" content=\"WOOOJACK TUNGSTEN GOLD SERIES GEWICHTE STABILISATOREN \/ 1oz g\u00fcnstig kaufen bei Bogensportdiscount \u2013 Top-Marken, schneller Versand aus der Schweiz.\" \/>\n<meta property=\"og:url\" content=\"https:\/\/bogensportdiscount.ch\/fr\/produit\/wooojack-stabilisator-gewichte-tungsten-gold-series-1oz\/\" \/>\n<meta property=\"og:site_name\" content=\"Bogensportdiscount \u2013 B\u00f6gen, Pfeile, Targets &amp; Zubeh\u00f6r\" \/>\n<meta property=\"article:modified_time\" content=\"2026-05-14T13:26:52+00:00\" \/>\n<meta property=\"og:image\" content=\"https:\/\/bogensportdiscount.ch\/wp-content\/uploads\/bsm-images\/A070988_1.png\" \/>\n\t<meta property=\"og:image:width\" content=\"800\" \/>\n\t<meta property=\"og:image:height\" content=\"800\" \/>\n\t<meta property=\"og:image:type\" content=\"image\/png\" \/>\n<meta name=\"twitter:card\" content=\"summary_large_image\" \/>\n<script type=\"application\/ld+json\" class=\"yoast-schema-graph\">{\"@context\":\"https:\\\/\\\/schema.org\",\"@graph\":[{\"@type\":\"WebPage\",\"@id\":\"https:\\\/\\\/bogensportdiscount.ch\\\/produkt\\\/wooojack-stabilisator-gewichte-tungsten-gold-series-1oz\\\/\",\"url\":\"https:\\\/\\\/bogensportdiscount.ch\\\/produkt\\\/wooojack-stabilisator-gewichte-tungsten-gold-series-1oz\\\/\",\"name\":\"WOOOJACK TUNGSTEN GOLD SERIES GEWICHTE STABILISATOREN \\\/ 1oz - Bogensportdiscount \u2013 B\u00f6gen, Pfeile, Targets &amp; Zubeh\u00f6r\",\"isPartOf\":{\"@id\":\"https:\\\/\\\/bogensportdiscount.ch\\\/#website\"},\"primaryImageOfPage\":{\"@id\":\"https:\\\/\\\/bogensportdiscount.ch\\\/produkt\\\/wooojack-stabilisator-gewichte-tungsten-gold-series-1oz\\\/#primaryimage\"},\"image\":{\"@id\":\"https:\\\/\\\/bogensportdiscount.ch\\\/produkt\\\/wooojack-stabilisator-gewichte-tungsten-gold-series-1oz\\\/#primaryimage\"},\"thumbnailUrl\":\"https:\\\/\\\/bogensportdiscount.ch\\\/wp-content\\\/uploads\\\/bsm-images\\\/A070988_1.png\",\"datePublished\":\"2026-04-05T13:06:01+00:00\",\"dateModified\":\"2026-05-14T13:26:52+00:00\",\"description\":\"WOOOJACK TUNGSTEN GOLD SERIES GEWICHTE STABILISATOREN \\\/ 1oz g\u00fcnstig kaufen bei Bogensportdiscount \u2013 Top-Marken, schneller Versand aus der Schweiz.\",\"breadcrumb\":{\"@id\":\"https:\\\/\\\/bogensportdiscount.ch\\\/produkt\\\/wooojack-stabilisator-gewichte-tungsten-gold-series-1oz\\\/#breadcrumb\"},\"inLanguage\":\"fr-FR\",\"potentialAction\":[{\"@type\":\"ReadAction\",\"target\":[\"https:\\\/\\\/bogensportdiscount.ch\\\/produkt\\\/wooojack-stabilisator-gewichte-tungsten-gold-series-1oz\\\/\"]}]},{\"@type\":\"ImageObject\",\"inLanguage\":\"fr-FR\",\"@id\":\"https:\\\/\\\/bogensportdiscount.ch\\\/produkt\\\/wooojack-stabilisator-gewichte-tungsten-gold-series-1oz\\\/#primaryimage\",\"url\":\"https:\\\/\\\/bogensportdiscount.ch\\\/wp-content\\\/uploads\\\/bsm-images\\\/A070988_1.png\",\"contentUrl\":\"https:\\\/\\\/bogensportdiscount.ch\\\/wp-content\\\/uploads\\\/bsm-images\\\/A070988_1.png\",\"width\":800,\"height\":800},{\"@type\":\"BreadcrumbList\",\"@id\":\"https:\\\/\\\/bogensportdiscount.ch\\\/produkt\\\/wooojack-stabilisator-gewichte-tungsten-gold-series-1oz\\\/#breadcrumb\",\"itemListElement\":[{\"@type\":\"ListItem\",\"position\":1,\"name\":\"Home\",\"item\":\"https:\\\/\\\/bogensportdiscount.ch\\\/\"},{\"@type\":\"ListItem\",\"position\":2,\"name\":\"Shop\",\"item\":\"https:\\\/\\\/bogensportdiscount.ch\\\/shop\\\/\"},{\"@type\":\"ListItem\",\"position\":3,\"name\":\"WOOOJACK TUNGSTEN GOLD SERIES WEIGHTS STABILIZERS \\\/ 1oz\"}]},{\"@type\":\"WebSite\",\"@id\":\"https:\\\/\\\/bogensportdiscount.ch\\\/#website\",\"url\":\"https:\\\/\\\/bogensportdiscount.ch\\\/\",\"name\":\"Bogensportdiscount\",\"description\":\"\",\"potentialAction\":[{\"@type\":\"SearchAction\",\"target\":{\"@type\":\"EntryPoint\",\"urlTemplate\":\"https:\\\/\\\/bogensportdiscount.ch\\\/?s={search_term_string}\"},\"query-input\":{\"@type\":\"PropertyValueSpecification\",\"valueRequired\":true,\"valueName\":\"search_term_string\"}}],\"inLanguage\":\"fr-FR\"}]}<\/script>\n<!-- \/ Yoast SEO plugin. -->","yoast_head_json":{"title":"WOOOJACK TUNGSTEN GOLD SERIES GEWICHTE STABILISATOREN \/ 1oz - Bogensportdiscount \u2013 B\u00f6gen, Pfeile, Targets &amp; Zubeh\u00f6r","description":"WOOOJACK TUNGSTEN GOLD SERIES GEWICHTE STABILISATOREN \/ 1oz g\u00fcnstig kaufen bei Bogensportdiscount \u2013 Top-Marken, schneller Versand aus der Schweiz.","robots":{"index":"index","follow":"follow","max-snippet":"max-snippet:-1","max-image-preview":"max-image-preview:large","max-video-preview":"max-video-preview:-1"},"canonical":"https:\/\/bogensportdiscount.ch\/fr\/produit\/wooojack-stabilisator-gewichte-tungsten-gold-series-1oz\/","og_locale":"fr_FR","og_type":"article","og_title":"WOOOJACK TUNGSTEN GOLD SERIES GEWICHTE STABILISATOREN \/ 1oz - Bogensportdiscount \u2013 B\u00f6gen, Pfeile, Targets &amp; Zubeh\u00f6r","og_description":"WOOOJACK TUNGSTEN GOLD SERIES GEWICHTE STABILISATOREN \/ 1oz g\u00fcnstig kaufen bei Bogensportdiscount \u2013 Top-Marken, schneller Versand aus der Schweiz.","og_url":"https:\/\/bogensportdiscount.ch\/fr\/produit\/wooojack-stabilisator-gewichte-tungsten-gold-series-1oz\/","og_site_name":"Bogensportdiscount \u2013 B\u00f6gen, Pfeile, Targets &amp; Zubeh\u00f6r","article_modified_time":"2026-05-14T13:26:52+00:00","og_image":[{"width":800,"height":800,"url":"https:\/\/bogensportdiscount.ch\/wp-content\/uploads\/bsm-images\/A070988_1.png","type":"image\/png"}],"twitter_card":"summary_large_image","schema":{"@context":"https:\/\/schema.org","@graph":[{"@type":"WebPage","@id":"https:\/\/bogensportdiscount.ch\/produkt\/wooojack-stabilisator-gewichte-tungsten-gold-series-1oz\/","url":"https:\/\/bogensportdiscount.ch\/produkt\/wooojack-stabilisator-gewichte-tungsten-gold-series-1oz\/","name":"WOOOJACK TUNGSTEN GOLD SERIES GEWICHTE STABILISATOREN \/ 1oz - Bogensportdiscount \u2013 B\u00f6gen, Pfeile, Targets &amp; Zubeh\u00f6r","isPartOf":{"@id":"https:\/\/bogensportdiscount.ch\/#website"},"primaryImageOfPage":{"@id":"https:\/\/bogensportdiscount.ch\/produkt\/wooojack-stabilisator-gewichte-tungsten-gold-series-1oz\/#primaryimage"},"image":{"@id":"https:\/\/bogensportdiscount.ch\/produkt\/wooojack-stabilisator-gewichte-tungsten-gold-series-1oz\/#primaryimage"},"thumbnailUrl":"https:\/\/bogensportdiscount.ch\/wp-content\/uploads\/bsm-images\/A070988_1.png","datePublished":"2026-04-05T13:06:01+00:00","dateModified":"2026-05-14T13:26:52+00:00","description":"WOOOJACK TUNGSTEN GOLD SERIES GEWICHTE STABILISATOREN \/ 1oz g\u00fcnstig kaufen bei Bogensportdiscount \u2013 Top-Marken, schneller Versand aus der Schweiz.","breadcrumb":{"@id":"https:\/\/bogensportdiscount.ch\/produkt\/wooojack-stabilisator-gewichte-tungsten-gold-series-1oz\/#breadcrumb"},"inLanguage":"fr-FR","potentialAction":[{"@type":"ReadAction","target":["https:\/\/bogensportdiscount.ch\/produkt\/wooojack-stabilisator-gewichte-tungsten-gold-series-1oz\/"]}]},{"@type":"ImageObject","inLanguage":"fr-FR","@id":"https:\/\/bogensportdiscount.ch\/produkt\/wooojack-stabilisator-gewichte-tungsten-gold-series-1oz\/#primaryimage","url":"https:\/\/bogensportdiscount.ch\/wp-content\/uploads\/bsm-images\/A070988_1.png","contentUrl":"https:\/\/bogensportdiscount.ch\/wp-content\/uploads\/bsm-images\/A070988_1.png","width":800,"height":800},{"@type":"BreadcrumbList","@id":"https:\/\/bogensportdiscount.ch\/produkt\/wooojack-stabilisator-gewichte-tungsten-gold-series-1oz\/#breadcrumb","itemListElement":[{"@type":"ListItem","position":1,"name":"Home","item":"https:\/\/bogensportdiscount.ch\/"},{"@type":"ListItem","position":2,"name":"Shop","item":"https:\/\/bogensportdiscount.ch\/shop\/"},{"@type":"ListItem","position":3,"name":"WOOOJACK TUNGSTEN GOLD SERIES WEIGHTS STABILIZERS \/ 1oz"}]},{"@type":"WebSite","@id":"https:\/\/bogensportdiscount.ch\/#website","url":"https:\/\/bogensportdiscount.ch\/","name":"Bogensportdiscount","description":"","potentialAction":[{"@type":"SearchAction","target":{"@type":"EntryPoint","urlTemplate":"https:\/\/bogensportdiscount.ch\/?s={search_term_string}"},"query-input":{"@type":"PropertyValueSpecification","valueRequired":true,"valueName":"search_term_string"}}],"inLanguage":"fr-FR"}]}},"_links":{"self":[{"href":"https:\/\/bogensportdiscount.ch\/fr\/wp-json\/wp\/v2\/product\/412746","targetHints":{"allow":["GET"]}}],"collection":[{"href":"https:\/\/bogensportdiscount.ch\/fr\/wp-json\/wp\/v2\/product"}],"about":[{"href":"https:\/\/bogensportdiscount.ch\/fr\/wp-json\/wp\/v2\/types\/product"}],"replies":[{"embeddable":true,"href":"https:\/\/bogensportdiscount.ch\/fr\/wp-json\/wp\/v2\/comments?post=412746"}],"wp:featuredmedia":[{"embeddable":true,"href":"https:\/\/bogensportdiscount.ch\/fr\/wp-json\/wp\/v2\/media\/451813"}],"wp:attachment":[{"href":"https:\/\/bogensportdiscount.ch\/fr\/wp-json\/wp\/v2\/media?parent=412746"}],"wp:term":[{"taxonomy":"product_brand","embeddable":true,"href":"https:\/\/bogensportdiscount.ch\/fr\/wp-json\/wp\/v2\/product_brand?post=412746"},{"taxonomy":"product_cat","embeddable":true,"href":"https:\/\/bogensportdiscount.ch\/fr\/wp-json\/wp\/v2\/product_cat?post=412746"},{"taxonomy":"product_tag","embeddable":true,"href":"https:\/\/bogensportdiscount.ch\/fr\/wp-json\/wp\/v2\/product_tag?post=412746"}],"curies":[{"name":"wp","href":"https:\/\/api.w.org\/{rel}","templated":true}]}}