{"id":412475,"date":"2026-04-05T15:05:32","date_gmt":"2026-04-05T13:05:32","guid":{"rendered":"https:\/\/bogensportdiscount.ch\/produkt\/limbs-ilf-t-d-hunting-bows-panther-58-25lbs-17-riser\/"},"modified":"2026-05-14T15:26:50","modified_gmt":"2026-05-14T13:26:50","slug":"old-mountain-ilf-take-down-recurve-wurfarme-panther","status":"publish","type":"product","link":"https:\/\/bogensportdiscount.ch\/fr\/produit\/old-mountain-ilf-take-down-recurve-wurfarme-panther\/","title":{"rendered":"OLD MOUNTAIN BRANCHES ILF T\/D ARCS DE CHASSE PANTHER 17&#8243; POIGN\u00c9E"},"content":{"rendered":"<p>Les branches OLD MOUNTAIN Panther sont des branches de type Take-Down compatibles ILF, con\u00e7ues pour les arcs de chasse. Gr\u00e2ce au raccord ILF standardis\u00e9, elles peuvent \u00eatre combin\u00e9es avec une large gamme de poign\u00e9es d'arc classique compatibles, ce qui permet un remplacement facile et une configuration flexible.<\/p>\n<p>Les branches Panther sont disponibles en longueurs 58&#8243;, 60&#8243; et 62&#8243; et couvrent une large gamme de puissances de 25 \u00e0 60 lbs \u2013 adapt\u00e9es aussi bien aux d\u00e9butants qu'aux archers et chasseurs exp\u00e9riment\u00e9s.<\/p>\n<ul>\n<li>Raccord ILF pour compatibilit\u00e9 universelle avec les poign\u00e9es<\/li>\n<li>Puissances de 25 \u00e0 60 lbs au choix<\/li>\n<li>Disponible en trois longueurs : 58&#8243;, 60&#8243;, 62&#8243;<\/li>\n<li>Construction Take-Down pour un transport et un rangement faciles<\/li>\n<\/ul>","protected":false},"excerpt":{"rendered":"<table>\n<tr>\n<th>Propri\u00e9t\u00e9<\/th>\n<th>Valeur<\/th>\n<\/tr>\n<tr>\n<td>Marque<\/td>\n<td>Old Mountain<\/td>\n<\/tr>\n<tr>\n<td>Mod\u00e8le<\/td>\n<td>Panther<\/td>\n<\/tr>\n<tr>\n<td>Connexion<\/td>\n<td>ILF (International Limb Fitting)<\/td>\n<\/tr>\n<tr>\n<td>Poids de traction<\/td>\n<td>25 \u2013 60 lbs (par paliers de 5 lbs)<\/td>\n<\/tr>\n<tr>\n<td>Longueur<\/td>\n<td>58&#8243; \/ 60&#8243; \/ 62&#8243;<\/td>\n<\/tr>\n<tr>\n<td>Origine<\/td>\n<td>Chine<\/td>\n<\/tr>\n<\/table>","protected":false},"featured_media":523522,"comment_status":"open","ping_status":"closed","template":"","meta":[],"product_brand":[481],"product_cat":[4529],"product_tag":[],"class_list":{"0":"post-412475","1":"product","2":"type-product","3":"status-publish","4":"has-post-thumbnail","6":"product_brand-old-mountain","7":"product_cat-traditionelle-boegen-wurfarme","8":"product_shipping_class-bsd-standard","10":"first","11":"instock","12":"shipping-taxable","13":"purchasable","14":"product-type-variable"},"yoast_head":"<!-- This site is optimized with the Yoast SEO plugin v27.6 - https:\/\/yoast.com\/product\/yoast-seo-wordpress\/ -->\n<title>OLD MOUNTAIN WURFARME ILF T\/D ARCS DE CHASSE PANTHER 17&quot; PARTIE CENTRALE - Bogensportdiscount \u2013 Arcs, fl\u00e8ches, cibles et accessoires<\/title>\n<meta name=\"description\" content=\"Arcs de chasse OLD MOUNTAIN WURFARME ILF T\/D PANTHER 17&quot; (partie centrale) \u00e0 prix avantageux chez Bogensportdiscount \u2013 Grandes marques, livraison rapide depuis la Suisse.\" \/>\n<meta name=\"robots\" content=\"index, follow, max-snippet:-1, max-image-preview:large, max-video-preview:-1\" \/>\n<link rel=\"canonical\" href=\"https:\/\/bogensportdiscount.ch\/fr\/produit\/old-mountain-ilf-take-down-recurve-wurfarme-panther\/\" \/>\n<meta property=\"og:locale\" content=\"fr_FR\" \/>\n<meta property=\"og:type\" content=\"article\" \/>\n<meta property=\"og:title\" content=\"OLD MOUNTAIN WURFARME ILF T\/D ARCS DE CHASSE PANTHER 17&quot; PARTIE CENTRALE - Bogensportdiscount \u2013 Arcs, fl\u00e8ches, cibles et accessoires\" \/>\n<meta property=\"og:description\" content=\"Arcs de chasse OLD MOUNTAIN WURFARME ILF T\/D PANTHER 17&quot; (partie centrale) \u00e0 prix avantageux chez Bogensportdiscount \u2013 Grandes marques, livraison rapide depuis la Suisse.\" \/>\n<meta property=\"og:url\" content=\"https:\/\/bogensportdiscount.ch\/fr\/produit\/old-mountain-ilf-take-down-recurve-wurfarme-panther\/\" \/>\n<meta property=\"og:site_name\" content=\"Bogensportdiscount \u2013 B\u00f6gen, Pfeile, Targets &amp; Zubeh\u00f6r\" \/>\n<meta property=\"article:modified_time\" content=\"2026-05-14T13:26:50+00:00\" \/>\n<meta property=\"og:image\" content=\"https:\/\/bogensportdiscount.ch\/wp-content\/uploads\/bsm-images\/A070522_1.png\" \/>\n\t<meta property=\"og:image:width\" content=\"1000\" \/>\n\t<meta property=\"og:image:height\" content=\"1000\" \/>\n\t<meta property=\"og:image:type\" content=\"image\/png\" \/>\n<meta name=\"twitter:card\" content=\"summary_large_image\" \/>\n<script type=\"application\/ld+json\" class=\"yoast-schema-graph\">{\"@context\":\"https:\\\/\\\/schema.org\",\"@graph\":[{\"@type\":\"WebPage\",\"@id\":\"https:\\\/\\\/bogensportdiscount.ch\\\/produkt\\\/old-mountain-ilf-take-down-recurve-wurfarme-panther\\\/\",\"url\":\"https:\\\/\\\/bogensportdiscount.ch\\\/produkt\\\/old-mountain-ilf-take-down-recurve-wurfarme-panther\\\/\",\"name\":\"OLD MOUNTAIN WURFARME ILF T\\\/D JAGDB\u00d6GEN PANTHER 17\\\" MITTELTEIL - Bogensportdiscount \u2013 B\u00f6gen, Pfeile, Targets &amp; Zubeh\u00f6r\",\"isPartOf\":{\"@id\":\"https:\\\/\\\/bogensportdiscount.ch\\\/#website\"},\"primaryImageOfPage\":{\"@id\":\"https:\\\/\\\/bogensportdiscount.ch\\\/produkt\\\/old-mountain-ilf-take-down-recurve-wurfarme-panther\\\/#primaryimage\"},\"image\":{\"@id\":\"https:\\\/\\\/bogensportdiscount.ch\\\/produkt\\\/old-mountain-ilf-take-down-recurve-wurfarme-panther\\\/#primaryimage\"},\"thumbnailUrl\":\"https:\\\/\\\/bogensportdiscount.ch\\\/wp-content\\\/uploads\\\/bsm-images\\\/A070522_1.png\",\"datePublished\":\"2026-04-05T13:05:32+00:00\",\"dateModified\":\"2026-05-14T13:26:50+00:00\",\"description\":\"OLD MOUNTAIN WURFARME ILF T\\\/D JAGDB\u00d6GEN PANTHER 17\\\" MITTELTEIL g\u00fcnstig kaufen bei Bogensportdiscount \u2013 Top-Marken, schneller Versand aus der Schweiz.\",\"breadcrumb\":{\"@id\":\"https:\\\/\\\/bogensportdiscount.ch\\\/produkt\\\/old-mountain-ilf-take-down-recurve-wurfarme-panther\\\/#breadcrumb\"},\"inLanguage\":\"fr-FR\",\"potentialAction\":[{\"@type\":\"ReadAction\",\"target\":[\"https:\\\/\\\/bogensportdiscount.ch\\\/produkt\\\/old-mountain-ilf-take-down-recurve-wurfarme-panther\\\/\"]}]},{\"@type\":\"ImageObject\",\"inLanguage\":\"fr-FR\",\"@id\":\"https:\\\/\\\/bogensportdiscount.ch\\\/produkt\\\/old-mountain-ilf-take-down-recurve-wurfarme-panther\\\/#primaryimage\",\"url\":\"https:\\\/\\\/bogensportdiscount.ch\\\/wp-content\\\/uploads\\\/bsm-images\\\/A070522_1.png\",\"contentUrl\":\"https:\\\/\\\/bogensportdiscount.ch\\\/wp-content\\\/uploads\\\/bsm-images\\\/A070522_1.png\",\"width\":1000,\"height\":1000},{\"@type\":\"BreadcrumbList\",\"@id\":\"https:\\\/\\\/bogensportdiscount.ch\\\/produkt\\\/old-mountain-ilf-take-down-recurve-wurfarme-panther\\\/#breadcrumb\",\"itemListElement\":[{\"@type\":\"ListItem\",\"position\":1,\"name\":\"Home\",\"item\":\"https:\\\/\\\/bogensportdiscount.ch\\\/\"},{\"@type\":\"ListItem\",\"position\":2,\"name\":\"Shop\",\"item\":\"https:\\\/\\\/bogensportdiscount.ch\\\/shop\\\/\"},{\"@type\":\"ListItem\",\"position\":3,\"name\":\"OLD MOUNTAIN WURFARME ILF T\\\/D JAGDBOEGEN PANTHER 17&#8243; MITTELTEIL\"}]},{\"@type\":\"WebSite\",\"@id\":\"https:\\\/\\\/bogensportdiscount.ch\\\/#website\",\"url\":\"https:\\\/\\\/bogensportdiscount.ch\\\/\",\"name\":\"Bogensportdiscount\",\"description\":\"\",\"potentialAction\":[{\"@type\":\"SearchAction\",\"target\":{\"@type\":\"EntryPoint\",\"urlTemplate\":\"https:\\\/\\\/bogensportdiscount.ch\\\/?s={search_term_string}\"},\"query-input\":{\"@type\":\"PropertyValueSpecification\",\"valueRequired\":true,\"valueName\":\"search_term_string\"}}],\"inLanguage\":\"fr-FR\"}]}<\/script>\n<!-- \/ Yoast SEO plugin. -->","yoast_head_json":{"title":"OLD MOUNTAIN WURFARME ILF T\/D ARCS DE CHASSE PANTHER 17&quot; PARTIE CENTRALE - Bogensportdiscount \u2013 Arcs, fl\u00e8ches, cibles et accessoires","description":"Arcs de chasse OLD MOUNTAIN WURFARME ILF T\/D PANTHER 17&quot; (partie centrale) \u00e0 prix avantageux chez Bogensportdiscount \u2013 Grandes marques, livraison rapide depuis la Suisse.","robots":{"index":"index","follow":"follow","max-snippet":"max-snippet:-1","max-image-preview":"max-image-preview:large","max-video-preview":"max-video-preview:-1"},"canonical":"https:\/\/bogensportdiscount.ch\/fr\/produit\/old-mountain-ilf-take-down-recurve-wurfarme-panther\/","og_locale":"fr_FR","og_type":"article","og_title":"OLD MOUNTAIN WURFARME ILF T\/D ARCS DE CHASSE PANTHER 17&quot; PARTIE CENTRALE - Bogensportdiscount \u2013 Arcs, fl\u00e8ches, cibles et accessoires","og_description":"Arcs de chasse OLD MOUNTAIN WURFARME ILF T\/D PANTHER 17&quot; (partie centrale) \u00e0 prix avantageux chez Bogensportdiscount \u2013 Grandes marques, livraison rapide depuis la Suisse.","og_url":"https:\/\/bogensportdiscount.ch\/fr\/produit\/old-mountain-ilf-take-down-recurve-wurfarme-panther\/","og_site_name":"Bogensportdiscount \u2013 B\u00f6gen, Pfeile, Targets &amp; Zubeh\u00f6r","article_modified_time":"2026-05-14T13:26:50+00:00","og_image":[{"width":1000,"height":1000,"url":"https:\/\/bogensportdiscount.ch\/wp-content\/uploads\/bsm-images\/A070522_1.png","type":"image\/png"}],"twitter_card":"summary_large_image","schema":{"@context":"https:\/\/schema.org","@graph":[{"@type":"WebPage","@id":"https:\/\/bogensportdiscount.ch\/produkt\/old-mountain-ilf-take-down-recurve-wurfarme-panther\/","url":"https:\/\/bogensportdiscount.ch\/produkt\/old-mountain-ilf-take-down-recurve-wurfarme-panther\/","name":"OLD MOUNTAIN WURFARME ILF T\/D ARCS DE CHASSE PANTHER 17&quot; PARTIE CENTRALE - Bogensportdiscount \u2013 Arcs, fl\u00e8ches, cibles et accessoires","isPartOf":{"@id":"https:\/\/bogensportdiscount.ch\/#website"},"primaryImageOfPage":{"@id":"https:\/\/bogensportdiscount.ch\/produkt\/old-mountain-ilf-take-down-recurve-wurfarme-panther\/#primaryimage"},"image":{"@id":"https:\/\/bogensportdiscount.ch\/produkt\/old-mountain-ilf-take-down-recurve-wurfarme-panther\/#primaryimage"},"thumbnailUrl":"https:\/\/bogensportdiscount.ch\/wp-content\/uploads\/bsm-images\/A070522_1.png","datePublished":"2026-04-05T13:05:32+00:00","dateModified":"2026-05-14T13:26:50+00:00","description":"Arcs de chasse OLD MOUNTAIN WURFARME ILF T\/D PANTHER 17&quot; (partie centrale) \u00e0 prix avantageux chez Bogensportdiscount \u2013 Grandes marques, livraison rapide depuis la Suisse.","breadcrumb":{"@id":"https:\/\/bogensportdiscount.ch\/produkt\/old-mountain-ilf-take-down-recurve-wurfarme-panther\/#breadcrumb"},"inLanguage":"fr-FR","potentialAction":[{"@type":"ReadAction","target":["https:\/\/bogensportdiscount.ch\/produkt\/old-mountain-ilf-take-down-recurve-wurfarme-panther\/"]}]},{"@type":"ImageObject","inLanguage":"fr-FR","@id":"https:\/\/bogensportdiscount.ch\/produkt\/old-mountain-ilf-take-down-recurve-wurfarme-panther\/#primaryimage","url":"https:\/\/bogensportdiscount.ch\/wp-content\/uploads\/bsm-images\/A070522_1.png","contentUrl":"https:\/\/bogensportdiscount.ch\/wp-content\/uploads\/bsm-images\/A070522_1.png","width":1000,"height":1000},{"@type":"BreadcrumbList","@id":"https:\/\/bogensportdiscount.ch\/produkt\/old-mountain-ilf-take-down-recurve-wurfarme-panther\/#breadcrumb","itemListElement":[{"@type":"ListItem","position":1,"name":"Home","item":"https:\/\/bogensportdiscount.ch\/"},{"@type":"ListItem","position":2,"name":"Shop","item":"https:\/\/bogensportdiscount.ch\/shop\/"},{"@type":"ListItem","position":3,"name":"OLD MOUNTAIN WURFARME ILF T\/D JAGDBOEGEN PANTHER 17&#8243; MITTELTEIL"}]},{"@type":"WebSite","@id":"https:\/\/bogensportdiscount.ch\/#website","url":"https:\/\/bogensportdiscount.ch\/","name":"Bogensportdiscount","description":"","potentialAction":[{"@type":"SearchAction","target":{"@type":"EntryPoint","urlTemplate":"https:\/\/bogensportdiscount.ch\/?s={search_term_string}"},"query-input":{"@type":"PropertyValueSpecification","valueRequired":true,"valueName":"search_term_string"}}],"inLanguage":"fr-FR"}]}},"_links":{"self":[{"href":"https:\/\/bogensportdiscount.ch\/fr\/wp-json\/wp\/v2\/product\/412475","targetHints":{"allow":["GET"]}}],"collection":[{"href":"https:\/\/bogensportdiscount.ch\/fr\/wp-json\/wp\/v2\/product"}],"about":[{"href":"https:\/\/bogensportdiscount.ch\/fr\/wp-json\/wp\/v2\/types\/product"}],"replies":[{"embeddable":true,"href":"https:\/\/bogensportdiscount.ch\/fr\/wp-json\/wp\/v2\/comments?post=412475"}],"wp:featuredmedia":[{"embeddable":true,"href":"https:\/\/bogensportdiscount.ch\/fr\/wp-json\/wp\/v2\/media\/523522"}],"wp:attachment":[{"href":"https:\/\/bogensportdiscount.ch\/fr\/wp-json\/wp\/v2\/media?parent=412475"}],"wp:term":[{"taxonomy":"product_brand","embeddable":true,"href":"https:\/\/bogensportdiscount.ch\/fr\/wp-json\/wp\/v2\/product_brand?post=412475"},{"taxonomy":"product_cat","embeddable":true,"href":"https:\/\/bogensportdiscount.ch\/fr\/wp-json\/wp\/v2\/product_cat?post=412475"},{"taxonomy":"product_tag","embeddable":true,"href":"https:\/\/bogensportdiscount.ch\/fr\/wp-json\/wp\/v2\/product_tag?post=412475"}],"curies":[{"name":"wp","href":"https:\/\/api.w.org\/{rel}","templated":true}]}}