{"id":412286,"date":"2026-04-05T15:05:13","date_gmt":"2026-04-05T13:05:13","guid":{"rendered":"https:\/\/bogensportdiscount.ch\/produkt\/powr-dlx-trolley-recurve-case-gray\/"},"modified":"2026-05-14T15:26:50","modified_gmt":"2026-05-14T13:26:50","slug":"avalon-recurve-hartschalenkoffer-powr-dlx-trolley","status":"publish","type":"product","link":"https:\/\/bogensportdiscount.ch\/fr\/produit\/avalon-recurve-hartschalenkoffer-powr-dlx-trolley\/","title":{"rendered":"AVALON Housse rigide arc classique POWR DLX Trolley"},"content":{"rendered":"<p>L'Avalon Powr DLX Trolley Recurve Case est une housse d'arc \u00e0 coque rigide con\u00e7ue pour le transport s\u00e9curis\u00e9 des arcs classiques et de leurs accessoires. La fonction trolley permet de rouler facilement la housse, ce qui est particuli\u00e8rement pratique lors de tournois et en voyage.<\/p>\n<p>La housse est disponible dans les couleurs gris et olive et offre une protection fiable pour votre \u00e9quipement. En tant que produit d'Avalon \u2013 un fabricant reconnu dans le domaine du tir \u00e0 l'arc \u2013 le Powr DLX repr\u00e9sente une fabrication solide et un design fonctionnel.<\/p>\n<ul>\n<li>Mallette rigide pour arcs classiques<\/li>\n<li>Fonction trolley int\u00e9gr\u00e9e<\/li>\n<li>Disponible en gris et olive<\/li>\n<li>De Avalon, un fabricant \u00e9tabli dans le domaine du tir \u00e0 l'arc<\/li>\n<\/ul>","protected":false},"excerpt":{"rendered":"<table>\n<tr>\n<th>Propri\u00e9t\u00e9<\/th>\n<th>Valeur<\/th>\n<\/tr>\n<tr>\n<td>Marque<\/td>\n<td>Avalon<\/td>\n<\/tr>\n<tr>\n<td>Pays d'origine<\/td>\n<td>Chine<\/td>\n<\/tr>\n<\/table>","protected":false},"featured_media":451790,"comment_status":"open","ping_status":"closed","template":"","meta":[],"product_brand":[449],"product_cat":[4177],"product_tag":[],"class_list":{"0":"post-412286","1":"product","2":"type-product","3":"status-publish","4":"has-post-thumbnail","6":"product_brand-avalon","7":"product_cat-recurve-koffer","8":"product_shipping_class-bsd-standard","10":"first","11":"instock","12":"shipping-taxable","13":"purchasable","14":"product-type-variable"},"yoast_head":"<!-- This site is optimized with the Yoast SEO plugin v27.6 - https:\/\/yoast.com\/product\/yoast-seo-wordpress\/ -->\n<title>Valise rigide Avalon Recurve Powr DLX Trolley - Bogensportdiscount \u2013 Arcs, fl\u00e8ches, cibles et accessoires<\/title>\n<meta name=\"description\" content=\"Achetez la valise rigide Avalon Recurve Powr DLX Trolley \u00e0 un prix avantageux chez Bogensportdiscount \u2013 Les meilleures marques, livraison rapide depuis la Suisse.\" \/>\n<meta name=\"robots\" content=\"index, follow, max-snippet:-1, max-image-preview:large, max-video-preview:-1\" \/>\n<link rel=\"canonical\" href=\"https:\/\/bogensportdiscount.ch\/fr\/produit\/avalon-recurve-hartschalenkoffer-powr-dlx-trolley\/\" \/>\n<meta property=\"og:locale\" content=\"fr_FR\" \/>\n<meta property=\"og:type\" content=\"article\" \/>\n<meta property=\"og:title\" content=\"Valise rigide Avalon Recurve Powr DLX Trolley - Bogensportdiscount \u2013 Arcs, fl\u00e8ches, cibles et accessoires\" \/>\n<meta property=\"og:description\" content=\"Achetez la valise rigide Avalon Recurve Powr DLX Trolley \u00e0 un prix avantageux chez Bogensportdiscount \u2013 Les meilleures marques, livraison rapide depuis la Suisse.\" \/>\n<meta property=\"og:url\" content=\"https:\/\/bogensportdiscount.ch\/fr\/produit\/avalon-recurve-hartschalenkoffer-powr-dlx-trolley\/\" \/>\n<meta property=\"og:site_name\" content=\"Bogensportdiscount \u2013 B\u00f6gen, Pfeile, Targets &amp; Zubeh\u00f6r\" \/>\n<meta property=\"article:modified_time\" content=\"2026-05-14T13:26:50+00:00\" \/>\n<meta property=\"og:image\" content=\"https:\/\/bogensportdiscount.ch\/wp-content\/uploads\/bsm-images\/A070284_1.png\" \/>\n\t<meta property=\"og:image:width\" content=\"2620\" \/>\n\t<meta property=\"og:image:height\" content=\"5926\" \/>\n\t<meta property=\"og:image:type\" content=\"image\/png\" \/>\n<meta name=\"twitter:card\" content=\"summary_large_image\" \/>\n<meta name=\"twitter:label1\" content=\"Dur\u00e9e de lecture estim\u00e9e\" \/>\n\t<meta name=\"twitter:data1\" content=\"1 minute\" \/>\n<script type=\"application\/ld+json\" class=\"yoast-schema-graph\">{\"@context\":\"https:\\\/\\\/schema.org\",\"@graph\":[{\"@type\":\"WebPage\",\"@id\":\"https:\\\/\\\/bogensportdiscount.ch\\\/produkt\\\/avalon-recurve-hartschalenkoffer-powr-dlx-trolley\\\/\",\"url\":\"https:\\\/\\\/bogensportdiscount.ch\\\/produkt\\\/avalon-recurve-hartschalenkoffer-powr-dlx-trolley\\\/\",\"name\":\"AVALON Recurve-Hartschalenkoffer POWR DLX Trolley - Bogensportdiscount \u2013 B\u00f6gen, Pfeile, Targets &amp; Zubeh\u00f6r\",\"isPartOf\":{\"@id\":\"https:\\\/\\\/bogensportdiscount.ch\\\/#website\"},\"primaryImageOfPage\":{\"@id\":\"https:\\\/\\\/bogensportdiscount.ch\\\/produkt\\\/avalon-recurve-hartschalenkoffer-powr-dlx-trolley\\\/#primaryimage\"},\"image\":{\"@id\":\"https:\\\/\\\/bogensportdiscount.ch\\\/produkt\\\/avalon-recurve-hartschalenkoffer-powr-dlx-trolley\\\/#primaryimage\"},\"thumbnailUrl\":\"https:\\\/\\\/bogensportdiscount.ch\\\/wp-content\\\/uploads\\\/bsm-images\\\/A070284_1.png\",\"datePublished\":\"2026-04-05T13:05:13+00:00\",\"dateModified\":\"2026-05-14T13:26:50+00:00\",\"description\":\"AVALON Recurve-Hartschalenkoffer POWR DLX Trolley g\u00fcnstig kaufen bei Bogensportdiscount \u2013 Top-Marken, schneller Versand aus der Schweiz.\",\"breadcrumb\":{\"@id\":\"https:\\\/\\\/bogensportdiscount.ch\\\/produkt\\\/avalon-recurve-hartschalenkoffer-powr-dlx-trolley\\\/#breadcrumb\"},\"inLanguage\":\"fr-FR\",\"potentialAction\":[{\"@type\":\"ReadAction\",\"target\":[\"https:\\\/\\\/bogensportdiscount.ch\\\/produkt\\\/avalon-recurve-hartschalenkoffer-powr-dlx-trolley\\\/\"]}]},{\"@type\":\"ImageObject\",\"inLanguage\":\"fr-FR\",\"@id\":\"https:\\\/\\\/bogensportdiscount.ch\\\/produkt\\\/avalon-recurve-hartschalenkoffer-powr-dlx-trolley\\\/#primaryimage\",\"url\":\"https:\\\/\\\/bogensportdiscount.ch\\\/wp-content\\\/uploads\\\/bsm-images\\\/A070284_1.png\",\"contentUrl\":\"https:\\\/\\\/bogensportdiscount.ch\\\/wp-content\\\/uploads\\\/bsm-images\\\/A070284_1.png\",\"width\":1105,\"height\":2500},{\"@type\":\"BreadcrumbList\",\"@id\":\"https:\\\/\\\/bogensportdiscount.ch\\\/produkt\\\/avalon-recurve-hartschalenkoffer-powr-dlx-trolley\\\/#breadcrumb\",\"itemListElement\":[{\"@type\":\"ListItem\",\"position\":1,\"name\":\"Home\",\"item\":\"https:\\\/\\\/bogensportdiscount.ch\\\/\"},{\"@type\":\"ListItem\",\"position\":2,\"name\":\"Shop\",\"item\":\"https:\\\/\\\/bogensportdiscount.ch\\\/shop\\\/\"},{\"@type\":\"ListItem\",\"position\":3,\"name\":\"Avalon Recurve-Hartschalenkoffer Powr DLX Trolley\"}]},{\"@type\":\"WebSite\",\"@id\":\"https:\\\/\\\/bogensportdiscount.ch\\\/#website\",\"url\":\"https:\\\/\\\/bogensportdiscount.ch\\\/\",\"name\":\"Bogensportdiscount\",\"description\":\"\",\"potentialAction\":[{\"@type\":\"SearchAction\",\"target\":{\"@type\":\"EntryPoint\",\"urlTemplate\":\"https:\\\/\\\/bogensportdiscount.ch\\\/?s={search_term_string}\"},\"query-input\":{\"@type\":\"PropertyValueSpecification\",\"valueRequired\":true,\"valueName\":\"search_term_string\"}}],\"inLanguage\":\"fr-FR\"}]}<\/script>\n<!-- \/ Yoast SEO plugin. -->","yoast_head_json":{"title":"Valise rigide Avalon Recurve Powr DLX Trolley - Bogensportdiscount \u2013 Arcs, fl\u00e8ches, cibles et accessoires","description":"Achetez la valise rigide Avalon Recurve Powr DLX Trolley \u00e0 un prix avantageux chez Bogensportdiscount \u2013 Les meilleures marques, livraison rapide depuis la Suisse.","robots":{"index":"index","follow":"follow","max-snippet":"max-snippet:-1","max-image-preview":"max-image-preview:large","max-video-preview":"max-video-preview:-1"},"canonical":"https:\/\/bogensportdiscount.ch\/fr\/produit\/avalon-recurve-hartschalenkoffer-powr-dlx-trolley\/","og_locale":"fr_FR","og_type":"article","og_title":"Valise rigide Avalon Recurve Powr DLX Trolley - Bogensportdiscount \u2013 Arcs, fl\u00e8ches, cibles et accessoires","og_description":"Achetez la valise rigide Avalon Recurve Powr DLX Trolley \u00e0 un prix avantageux chez Bogensportdiscount \u2013 Les meilleures marques, livraison rapide depuis la Suisse.","og_url":"https:\/\/bogensportdiscount.ch\/fr\/produit\/avalon-recurve-hartschalenkoffer-powr-dlx-trolley\/","og_site_name":"Bogensportdiscount \u2013 B\u00f6gen, Pfeile, Targets &amp; Zubeh\u00f6r","article_modified_time":"2026-05-14T13:26:50+00:00","og_image":[{"url":"https:\/\/bogensportdiscount.ch\/wp-content\/uploads\/bsm-images\/A070284_1.png","width":2620,"height":5926,"type":"image\/png"}],"twitter_card":"summary_large_image","twitter_misc":{"Dur\u00e9e de lecture estim\u00e9e":"1 minute"},"schema":{"@context":"https:\/\/schema.org","@graph":[{"@type":"WebPage","@id":"https:\/\/bogensportdiscount.ch\/produkt\/avalon-recurve-hartschalenkoffer-powr-dlx-trolley\/","url":"https:\/\/bogensportdiscount.ch\/produkt\/avalon-recurve-hartschalenkoffer-powr-dlx-trolley\/","name":"AVALON Recurve-Hartschalenkoffer POWR DLX Trolley - Bogensportdiscount \u2013 B\u00f6gen, Pfeile, Targets &amp; Zubeh\u00f6r","isPartOf":{"@id":"https:\/\/bogensportdiscount.ch\/#website"},"primaryImageOfPage":{"@id":"https:\/\/bogensportdiscount.ch\/produkt\/avalon-recurve-hartschalenkoffer-powr-dlx-trolley\/#primaryimage"},"image":{"@id":"https:\/\/bogensportdiscount.ch\/produkt\/avalon-recurve-hartschalenkoffer-powr-dlx-trolley\/#primaryimage"},"thumbnailUrl":"https:\/\/bogensportdiscount.ch\/wp-content\/uploads\/bsm-images\/A070284_1.png","datePublished":"2026-04-05T13:05:13+00:00","dateModified":"2026-05-14T13:26:50+00:00","description":"AVALON Recurve-Hartschalenkoffer POWR DLX Trolley g\u00fcnstig kaufen bei Bogensportdiscount \u2013 Top-Marken, schneller Versand aus der Schweiz.","breadcrumb":{"@id":"https:\/\/bogensportdiscount.ch\/produkt\/avalon-recurve-hartschalenkoffer-powr-dlx-trolley\/#breadcrumb"},"inLanguage":"fr-FR","potentialAction":[{"@type":"ReadAction","target":["https:\/\/bogensportdiscount.ch\/produkt\/avalon-recurve-hartschalenkoffer-powr-dlx-trolley\/"]}]},{"@type":"ImageObject","inLanguage":"fr-FR","@id":"https:\/\/bogensportdiscount.ch\/produkt\/avalon-recurve-hartschalenkoffer-powr-dlx-trolley\/#primaryimage","url":"https:\/\/bogensportdiscount.ch\/wp-content\/uploads\/bsm-images\/A070284_1.png","contentUrl":"https:\/\/bogensportdiscount.ch\/wp-content\/uploads\/bsm-images\/A070284_1.png","width":1105,"height":2500},{"@type":"BreadcrumbList","@id":"https:\/\/bogensportdiscount.ch\/produkt\/avalon-recurve-hartschalenkoffer-powr-dlx-trolley\/#breadcrumb","itemListElement":[{"@type":"ListItem","position":1,"name":"Home","item":"https:\/\/bogensportdiscount.ch\/"},{"@type":"ListItem","position":2,"name":"Shop","item":"https:\/\/bogensportdiscount.ch\/shop\/"},{"@type":"ListItem","position":3,"name":"Avalon Recurve-Hartschalenkoffer Powr DLX Trolley"}]},{"@type":"WebSite","@id":"https:\/\/bogensportdiscount.ch\/#website","url":"https:\/\/bogensportdiscount.ch\/","name":"Bogensportdiscount","description":"","potentialAction":[{"@type":"SearchAction","target":{"@type":"EntryPoint","urlTemplate":"https:\/\/bogensportdiscount.ch\/?s={search_term_string}"},"query-input":{"@type":"PropertyValueSpecification","valueRequired":true,"valueName":"search_term_string"}}],"inLanguage":"fr-FR"}]}},"_links":{"self":[{"href":"https:\/\/bogensportdiscount.ch\/fr\/wp-json\/wp\/v2\/product\/412286","targetHints":{"allow":["GET"]}}],"collection":[{"href":"https:\/\/bogensportdiscount.ch\/fr\/wp-json\/wp\/v2\/product"}],"about":[{"href":"https:\/\/bogensportdiscount.ch\/fr\/wp-json\/wp\/v2\/types\/product"}],"replies":[{"embeddable":true,"href":"https:\/\/bogensportdiscount.ch\/fr\/wp-json\/wp\/v2\/comments?post=412286"}],"wp:featuredmedia":[{"embeddable":true,"href":"https:\/\/bogensportdiscount.ch\/fr\/wp-json\/wp\/v2\/media\/451790"}],"wp:attachment":[{"href":"https:\/\/bogensportdiscount.ch\/fr\/wp-json\/wp\/v2\/media?parent=412286"}],"wp:term":[{"taxonomy":"product_brand","embeddable":true,"href":"https:\/\/bogensportdiscount.ch\/fr\/wp-json\/wp\/v2\/product_brand?post=412286"},{"taxonomy":"product_cat","embeddable":true,"href":"https:\/\/bogensportdiscount.ch\/fr\/wp-json\/wp\/v2\/product_cat?post=412286"},{"taxonomy":"product_tag","embeddable":true,"href":"https:\/\/bogensportdiscount.ch\/fr\/wp-json\/wp\/v2\/product_tag?post=412286"}],"curies":[{"name":"wp","href":"https:\/\/api.w.org\/{rel}","templated":true}]}}