{"id":412155,"date":"2026-04-05T15:04:55","date_gmt":"2026-04-05T13:04:55","guid":{"rendered":"https:\/\/bogensportdiscount.ch\/produkt\/recreational-bow-packages-snake-40-10lbs-rh-lh\/"},"modified":"2026-04-19T11:54:20","modified_gmt":"2026-04-19T09:54:20","slug":"rolan-recurvebogen-set-snake","status":"publish","type":"product","link":"https:\/\/bogensportdiscount.ch\/fr\/produit\/rolan-recurvebogen-set-snake\/","title":{"rendered":"KITS D&#x27;ARC DE LOISIRS ROLAN SNAKE (DROITIER\/GAUCHER)"},"content":{"rendered":"<p>Der ROLAN Snake ist ein Recurvebogen aus dem Freizeitbereich, der sich an Einsteiger und Gelegenheitssportler richtet. Das Set-Paket enth\u00e4lt das notwendige Zubeh\u00f6r f\u00fcr den direkten Einstieg in den Bogensport.<\/p>\n<p>Mit Bogenl\u00e4ngen von 40&#8243; und 50&#8243; sowie Zuggewichten von 10, 16 und 20 LBS deckt der Snake ein breites Spektrum ab \u2014 von j\u00fcngeren Anf\u00e4ngern bis hin zu Erwachsenen, die neu im Bogensport sind.<\/p>\n<ul>\n<li>Erh\u00e4ltlich in zwei Bogenl\u00e4ngen: 40&#8243; und 50&#8243;<\/li>\n<li>Zuggewichte: 10, 16 und 20 LBS<\/li>\n<li>Adapt\u00e9 aux loisirs et aux d\u00e9butants<\/li>\n<li>Set-Paket f\u00fcr den direkten Einstieg<\/li>\n<\/ul>","protected":false},"excerpt":{"rendered":"<p>Der ROLAN Snake ist ein Einsteiger-Recurvebogen-Set f\u00fcr Freizeit und Hobby. Erh\u00e4ltlich in den L\u00e4ngen 40&#8243; und 50&#8243; sowie mit Zuggewichten von 10, 16 und 20 LBS \u2014 geeignet f\u00fcr verschiedene Altersgruppen und K\u00f6rpergr\u00f6ssen.<\/p>","protected":false},"featured_media":493659,"comment_status":"open","ping_status":"closed","template":"","meta":[],"product_brand":[851],"product_cat":[4350],"product_tag":[],"class_list":{"0":"post-412155","1":"product","2":"type-product","3":"status-publish","4":"has-post-thumbnail","6":"product_brand-rolan","7":"product_cat-freizeit-boegen-sets","9":"first","10":"instock","11":"shipping-taxable","12":"purchasable","13":"product-type-variable"},"_links":{"self":[{"href":"https:\/\/bogensportdiscount.ch\/fr\/wp-json\/wp\/v2\/product\/412155","targetHints":{"allow":["GET"]}}],"collection":[{"href":"https:\/\/bogensportdiscount.ch\/fr\/wp-json\/wp\/v2\/product"}],"about":[{"href":"https:\/\/bogensportdiscount.ch\/fr\/wp-json\/wp\/v2\/types\/product"}],"replies":[{"embeddable":true,"href":"https:\/\/bogensportdiscount.ch\/fr\/wp-json\/wp\/v2\/comments?post=412155"}],"wp:featuredmedia":[{"embeddable":true,"href":"https:\/\/bogensportdiscount.ch\/fr\/wp-json\/wp\/v2\/media\/493659"}],"wp:attachment":[{"href":"https:\/\/bogensportdiscount.ch\/fr\/wp-json\/wp\/v2\/media?parent=412155"}],"wp:term":[{"taxonomy":"product_brand","embeddable":true,"href":"https:\/\/bogensportdiscount.ch\/fr\/wp-json\/wp\/v2\/product_brand?post=412155"},{"taxonomy":"product_cat","embeddable":true,"href":"https:\/\/bogensportdiscount.ch\/fr\/wp-json\/wp\/v2\/product_cat?post=412155"},{"taxonomy":"product_tag","embeddable":true,"href":"https:\/\/bogensportdiscount.ch\/fr\/wp-json\/wp\/v2\/product_tag?post=412155"}],"curies":[{"name":"wp","href":"https:\/\/api.w.org\/{rel}","templated":true}]}}