{"id":412109,"date":"2026-04-05T15:04:49","date_gmt":"2026-04-05T13:04:49","guid":{"rendered":"https:\/\/bogensportdiscount.ch\/produkt\/vanes-ffp-187-shield-fluo-green-100-pk\/"},"modified":"2026-04-17T13:48:06","modified_gmt":"2026-04-17T11:48:06","slug":"flexfletch-vanes-ffp-187-shield","status":"publish","type":"product","link":"https:\/\/bogensportdiscount.ch\/fr\/produit\/flexfletch-vanes-ffp-187-shield\/","title":{"rendered":"FLEXFLETCH VANES FFP-187 SHIELD 100\/PK"},"content":{"rendered":"<p>Die FLEXFLETCH FFP-187 Shield Vanes sind Befiederungselemente aus Kunststoff, die f\u00fcr die Befiederung von Bogenpfeilen eingesetzt werden. Das Shield-Format ist eine weit verbreitete Vane-Form, die eine gute Stabilisierung des Pfeils im Flug bietet.<\/p>\n<p>Die Vanes sind in zehn verschiedenen Farben erh\u00e4ltlich \u2013 von klassischen T\u00f6nen wie Schwarz und Weiss bis hin zu auff\u00e4lligen Farben wie Orange, Pink und Lila. So lassen sich Pfeile individuell gestalten und im Gel\u00e4nde leicht wiederfinden.<\/p>\n<ul>\n<li>Shield-Profil f\u00fcr stabile Flugbahn<\/li>\n<li>Erh\u00e4ltlich in 10 Farben<\/li>\n<li>Geeignet f\u00fcr die Befiederung von Bogenpfeilen<\/li>\n<li>Einfache Verarbeitung mit g\u00e4ngigen Befiederungsmaschinen<\/li>\n<\/ul>","protected":false},"excerpt":{"rendered":"<p><strong>Marque :<\/strong> Flex-Fletch<\/p>","protected":false},"featured_media":451768,"comment_status":"open","ping_status":"closed","template":"","meta":[],"product_brand":[826],"product_cat":[4552],"product_tag":[],"class_list":{"0":"post-412109","1":"product","2":"type-product","3":"status-publish","4":"has-post-thumbnail","6":"product_brand-flexfletch","7":"product_cat-plastik-vanes-vanes-nocks-wraps","9":"first","10":"instock","11":"shipping-taxable","12":"purchasable","13":"product-type-variable"},"_links":{"self":[{"href":"https:\/\/bogensportdiscount.ch\/fr\/wp-json\/wp\/v2\/product\/412109","targetHints":{"allow":["GET"]}}],"collection":[{"href":"https:\/\/bogensportdiscount.ch\/fr\/wp-json\/wp\/v2\/product"}],"about":[{"href":"https:\/\/bogensportdiscount.ch\/fr\/wp-json\/wp\/v2\/types\/product"}],"replies":[{"embeddable":true,"href":"https:\/\/bogensportdiscount.ch\/fr\/wp-json\/wp\/v2\/comments?post=412109"}],"wp:featuredmedia":[{"embeddable":true,"href":"https:\/\/bogensportdiscount.ch\/fr\/wp-json\/wp\/v2\/media\/451768"}],"wp:attachment":[{"href":"https:\/\/bogensportdiscount.ch\/fr\/wp-json\/wp\/v2\/media?parent=412109"}],"wp:term":[{"taxonomy":"product_brand","embeddable":true,"href":"https:\/\/bogensportdiscount.ch\/fr\/wp-json\/wp\/v2\/product_brand?post=412109"},{"taxonomy":"product_cat","embeddable":true,"href":"https:\/\/bogensportdiscount.ch\/fr\/wp-json\/wp\/v2\/product_cat?post=412109"},{"taxonomy":"product_tag","embeddable":true,"href":"https:\/\/bogensportdiscount.ch\/fr\/wp-json\/wp\/v2\/product_tag?post=412109"}],"curies":[{"name":"wp","href":"https:\/\/api.w.org\/{rel}","templated":true}]}}