{"id":411920,"date":"2026-04-05T15:04:30","date_gmt":"2026-04-05T13:04:30","guid":{"rendered":"https:\/\/bogensportdiscount.ch\/produkt\/yellow-replacement-bands\/"},"modified":"2026-04-17T13:48:04","modified_gmt":"2026-04-17T11:48:04","slug":"kingrat-ersatzbaender-gelb","status":"publish","type":"product","link":"https:\/\/bogensportdiscount.ch\/fr\/produit\/kingrat-ersatzbaender-gelb\/","title":{"rendered":"KINGRAT Bracelets de rechange Jaune"},"content":{"rendered":"<p>Die KINGRAT Ersatzb\u00e4nder sind Ersatzteile f\u00fcr Schleudern und erm\u00f6glichen einen einfachen Austausch abgenutzter oder besch\u00e4digter B\u00e4nder. Sie sind in den Farben Schwarz, Rot und Gelb erh\u00e4ltlich.<\/p>\n<p>Diese B\u00e4nder eignen sich f\u00fcr den Einsatz beim Schleudersport sowie in der Jagd und im Outdoor-Bereich. Dank der farblichen Auswahl lassen sich die B\u00e4nder nach pers\u00f6nlicher Pr\u00e4ferenz oder Verwendungszweck w\u00e4hlen.<\/p>\n<ul>\n<li>Farbe: Gelb<\/li>\n<li>Erh\u00e4ltlich in Schwarz, Rot und Gelb<\/li>\n<li>Geeignet f\u00fcr Schleudern im Jagd- und Outdoor-Einsatz<\/li>\n<\/ul>","protected":false},"excerpt":{"rendered":"<p>Ersatzb\u00e4nder von KINGRAT in Gelb, passend f\u00fcr Schleudern. Erh\u00e4ltlich in den Farben Schwarz, Rot und Gelb.<\/p>","protected":false},"featured_media":451767,"comment_status":"open","ping_status":"closed","template":"","meta":[],"product_brand":[850],"product_cat":[17964],"product_tag":[],"class_list":{"0":"post-411920","1":"product","2":"type-product","3":"status-publish","4":"has-post-thumbnail","6":"product_brand-kingrat","7":"product_cat-schleudern-zubehoer-zubehoer","9":"first","10":"instock","11":"shipping-taxable","12":"purchasable","13":"product-type-variable"},"_links":{"self":[{"href":"https:\/\/bogensportdiscount.ch\/fr\/wp-json\/wp\/v2\/product\/411920","targetHints":{"allow":["GET"]}}],"collection":[{"href":"https:\/\/bogensportdiscount.ch\/fr\/wp-json\/wp\/v2\/product"}],"about":[{"href":"https:\/\/bogensportdiscount.ch\/fr\/wp-json\/wp\/v2\/types\/product"}],"replies":[{"embeddable":true,"href":"https:\/\/bogensportdiscount.ch\/fr\/wp-json\/wp\/v2\/comments?post=411920"}],"wp:featuredmedia":[{"embeddable":true,"href":"https:\/\/bogensportdiscount.ch\/fr\/wp-json\/wp\/v2\/media\/451767"}],"wp:attachment":[{"href":"https:\/\/bogensportdiscount.ch\/fr\/wp-json\/wp\/v2\/media?parent=411920"}],"wp:term":[{"taxonomy":"product_brand","embeddable":true,"href":"https:\/\/bogensportdiscount.ch\/fr\/wp-json\/wp\/v2\/product_brand?post=411920"},{"taxonomy":"product_cat","embeddable":true,"href":"https:\/\/bogensportdiscount.ch\/fr\/wp-json\/wp\/v2\/product_cat?post=411920"},{"taxonomy":"product_tag","embeddable":true,"href":"https:\/\/bogensportdiscount.ch\/fr\/wp-json\/wp\/v2\/product_tag?post=411920"}],"curies":[{"name":"wp","href":"https:\/\/api.w.org\/{rel}","templated":true}]}}