{"id":411603,"date":"2026-04-05T15:03:57","date_gmt":"2026-04-05T13:03:57","guid":{"rendered":"https:\/\/bogensportdiscount.ch\/produkt\/compound-hero-10-ii-small-cam-30-40lbs-24-5-27-rh-anodized-red\/"},"modified":"2026-04-15T13:11:15","modified_gmt":"2026-04-15T11:11:15","slug":"sanlida-compoundbogen-hero-10-ii-small-cam","status":"publish","type":"product","link":"https:\/\/bogensportdiscount.ch\/fr\/produit\/sanlida-compoundbogen-hero-10-ii-small-cam\/","title":{"rendered":"SANLIDA COMPOUND HERO 10 II SMALL CAM"},"content":{"rendered":"<p>Der SANLIDA Hero 10 II Small Cam ist ein Compoundbogen in der Kategorie \u00fcber 35 Zoll Achsmass. Mit einer Achse-zu-Achse-L\u00e4nge von 40 Zoll und einer Brace Height von 7,2 Zoll bietet er eine stabile Plattform sowohl f\u00fcr den Trainings- als auch den Wettkampfeinsatz.<\/p>\n<p>Der Bogen ist mit einem Single-Mod-System ausgestattet und erreicht einen Let-Off von 72 %. Der Rahmen besteht aus Aluminium und ist in einer grossen Auswahl an Farben und Anodisierungen erh\u00e4ltlich. Er ist sowohl f\u00fcr Rechts- als auch f\u00fcr Linksh\u00e4nder verf\u00fcgbar.<\/p>\n<ul>\n<li>Achse-zu-Achse: 40 Zoll \u2013 stabile Schussgeometrie<\/li>\n<li>Let-Off 72 % \u2013 reduziertes Haltegewicht beim Auszug<\/li>\n<li>Single-Mod-System f\u00fcr einfache Einstellung<\/li>\n<li>Zuggewicht w\u00e4hlbar: 30\u201340, 40\u201350 oder 50\u201360 lbs<\/li>\n<\/ul>","protected":false},"excerpt":{"rendered":"<table>\n<tr>\n<th>Propri\u00e9t\u00e9<\/th>\n<th>Valeur<\/th>\n<\/tr>\n<tr>\n<td>Achse-zu-Achse<\/td>\n<td>40 Zoll<\/td>\n<\/tr>\n<tr>\n<td>Brace Height<\/td>\n<td>7,2 Zoll<\/td>\n<\/tr>\n<tr>\n<td>Modul<\/td>\n<td>Single Mod<\/td>\n<\/tr>\n<tr>\n<td>Let-Off<\/td>\n<td>72 %<\/td>\n<\/tr>\n<tr>\n<td>Mat\u00e9riau<\/td>\n<td>Aluminium<\/td>\n<\/tr>\n<tr>\n<td>Origine<\/td>\n<td>China<\/td>\n<\/tr>\n<\/table>","protected":false},"featured_media":451761,"comment_status":"open","ping_status":"closed","template":"","meta":[],"product_brand":[459],"product_cat":[4523],"product_tag":[],"class_list":{"0":"post-411603","1":"product","2":"type-product","3":"status-publish","4":"has-post-thumbnail","6":"product_brand-sanlida","7":"product_cat-compound-bows--35-compound-boegen","9":"first","10":"instock","11":"shipping-taxable","12":"purchasable","13":"product-type-variable"},"_links":{"self":[{"href":"https:\/\/bogensportdiscount.ch\/fr\/wp-json\/wp\/v2\/product\/411603","targetHints":{"allow":["GET"]}}],"collection":[{"href":"https:\/\/bogensportdiscount.ch\/fr\/wp-json\/wp\/v2\/product"}],"about":[{"href":"https:\/\/bogensportdiscount.ch\/fr\/wp-json\/wp\/v2\/types\/product"}],"replies":[{"embeddable":true,"href":"https:\/\/bogensportdiscount.ch\/fr\/wp-json\/wp\/v2\/comments?post=411603"}],"wp:featuredmedia":[{"embeddable":true,"href":"https:\/\/bogensportdiscount.ch\/fr\/wp-json\/wp\/v2\/media\/451761"}],"wp:attachment":[{"href":"https:\/\/bogensportdiscount.ch\/fr\/wp-json\/wp\/v2\/media?parent=411603"}],"wp:term":[{"taxonomy":"product_brand","embeddable":true,"href":"https:\/\/bogensportdiscount.ch\/fr\/wp-json\/wp\/v2\/product_brand?post=411603"},{"taxonomy":"product_cat","embeddable":true,"href":"https:\/\/bogensportdiscount.ch\/fr\/wp-json\/wp\/v2\/product_cat?post=411603"},{"taxonomy":"product_tag","embeddable":true,"href":"https:\/\/bogensportdiscount.ch\/fr\/wp-json\/wp\/v2\/product_tag?post=411603"}],"curies":[{"name":"wp","href":"https:\/\/api.w.org\/{rel}","templated":true}]}}