{"id":411558,"date":"2026-04-05T15:03:53","date_gmt":"2026-04-05T13:03:53","guid":{"rendered":"https:\/\/bogensportdiscount.ch\/produkt\/compound-stinger-atk-ss-cam-rotating-mod-lh-40-50lbs-21-5-30-black\/"},"modified":"2026-04-15T13:11:15","modified_gmt":"2026-04-15T11:11:15","slug":"pse-compoundbogen-stinger-atk-ss-cam-rotating-mod","status":"publish","type":"product","link":"https:\/\/bogensportdiscount.ch\/fr\/produit\/pse-compoundbogen-stinger-atk-ss-cam-rotating-mod\/","title":{"rendered":"PSE COMPOUND STINGER ATK SS CAM ROTATING MOD"},"content":{"rendered":"<p>Der PSE Stinger ATK SS ist ein Compoundbogen mit einem Achsabstand von 32 Zoll und einer Brace Height von 6,625 Zoll. Er ist in der Kategorie der Compoundb\u00f6gen unter 35 Zoll eingeordnet und eignet sich sowohl f\u00fcr Links- als auch Rechtsh\u00e4nder.<\/p>\n<p>Der Bogen verf\u00fcgt \u00fcber ein Rotating Mod-System, das eine flexible Anpassung des Zuggewichts erm\u00f6glicht. Der Rahmen besteht aus Aluminium und ist in den Farben Schwarz sowie Mossy Oak Bottomland erh\u00e4ltlich. Das Zuggewicht kann in den Stufen 40\u201350 lbs, 50\u201360 lbs und 60\u201370 lbs eingestellt werden.<\/p>\n<ul>\n<li>Achsabstand: 32 Zoll<\/li>\n<li>Brace Height: 6,625 Zoll<\/li>\n<li>Rotating Mod f\u00fcr flexible Zuggewichtsanpassung<\/li>\n<li>Aluminiumrahmen, hergestellt in den USA<\/li>\n<\/ul>","protected":false},"excerpt":{"rendered":"<table>\n<tr>\n<th>Propri\u00e9t\u00e9<\/th>\n<th>Valeur<\/th>\n<\/tr>\n<tr>\n<td>Marque<\/td>\n<td>PSE<\/td>\n<\/tr>\n<tr>\n<td>Achsabstand (Zoll)<\/td>\n<td>32<\/td>\n<\/tr>\n<tr>\n<td>Brace Height (Zoll)<\/td>\n<td>6,625<\/td>\n<\/tr>\n<tr>\n<td>Modul<\/td>\n<td>Rotating Mod<\/td>\n<\/tr>\n<tr>\n<td>Mat\u00e9riau<\/td>\n<td>Aluminium<\/td>\n<\/tr>\n<tr>\n<td>Herkunftsland<\/td>\n<td>USA<\/td>\n<\/tr>\n<\/table>","protected":false},"featured_media":451753,"comment_status":"open","ping_status":"closed","template":"","meta":[],"product_brand":[450],"product_cat":[4524],"product_tag":[],"class_list":{"0":"post-411558","1":"product","2":"type-product","3":"status-publish","4":"has-post-thumbnail","6":"product_brand-pse","7":"product_cat-jagdboegen-compound-boegen-boegen","9":"first","10":"instock","11":"shipping-taxable","12":"purchasable","13":"product-type-variable"},"_links":{"self":[{"href":"https:\/\/bogensportdiscount.ch\/fr\/wp-json\/wp\/v2\/product\/411558","targetHints":{"allow":["GET"]}}],"collection":[{"href":"https:\/\/bogensportdiscount.ch\/fr\/wp-json\/wp\/v2\/product"}],"about":[{"href":"https:\/\/bogensportdiscount.ch\/fr\/wp-json\/wp\/v2\/types\/product"}],"replies":[{"embeddable":true,"href":"https:\/\/bogensportdiscount.ch\/fr\/wp-json\/wp\/v2\/comments?post=411558"}],"wp:featuredmedia":[{"embeddable":true,"href":"https:\/\/bogensportdiscount.ch\/fr\/wp-json\/wp\/v2\/media\/451753"}],"wp:attachment":[{"href":"https:\/\/bogensportdiscount.ch\/fr\/wp-json\/wp\/v2\/media?parent=411558"}],"wp:term":[{"taxonomy":"product_brand","embeddable":true,"href":"https:\/\/bogensportdiscount.ch\/fr\/wp-json\/wp\/v2\/product_brand?post=411558"},{"taxonomy":"product_cat","embeddable":true,"href":"https:\/\/bogensportdiscount.ch\/fr\/wp-json\/wp\/v2\/product_cat?post=411558"},{"taxonomy":"product_tag","embeddable":true,"href":"https:\/\/bogensportdiscount.ch\/fr\/wp-json\/wp\/v2\/product_tag?post=411558"}],"curies":[{"name":"wp","href":"https:\/\/api.w.org\/{rel}","templated":true}]}}