{"id":411424,"date":"2026-04-05T15:03:39","date_gmt":"2026-04-05T13:03:39","guid":{"rendered":"https:\/\/bogensportdiscount.ch\/produkt\/rl1-3-arrows-carbon-black\/"},"modified":"2026-05-14T07:20:23","modified_gmt":"2026-05-14T05:20:23","slug":"redline-bogenkoecher-rl1-3-arrows-carbon-black","status":"publish","type":"product","link":"https:\/\/bogensportdiscount.ch\/fr\/produit\/redline-bogenkoecher-rl1-3-arrows-carbon-black\/","title":{"rendered":"REDLINE RL1 3 FL\u00c8CHES CARBON NOIR"},"content":{"rendered":"<p>Le REDLINE RL1 3 Arrows est un carquois d'arc en coloris Carbon Black. Le mod\u00e8le est con\u00e7u pour accueillir simultan\u00e9ment 3 fl\u00e8ches et s'adresse aux archers qui pr\u00e9f\u00e8rent un carquois \u00e9lanc\u00e9 et fonctionnel.<\/p>\n<p>Gr\u00e2ce \u00e0 l'esth\u00e9tique Carbon Black, le RL1 s'int\u00e8gre discr\u00e8tement \u00e0 diff\u00e9rentes combinaisons d'\u00e9quipements. En tant que carquois d'arc de la maison REDLINE, il est con\u00e7u pour une utilisation r\u00e9guli\u00e8re dans le sport de l'arc.<\/p>\n<ul>\n<li>Capacit\u00e9 pour 3 fl\u00e8ches<\/li>\n<li>Coloris : Carbon Black<\/li>\n<li>Design de carquois compact<\/li>\n<li>D\u00e9velopp\u00e9 par REDLINE pour le sport de l'arc<\/li>\n<\/ul>","protected":false},"excerpt":{"rendered":"<p>Le REDLINE RL1 est un carquois d'arc en version Carbon Black, con\u00e7u pour accueillir 3 fl\u00e8ches. Il convient aux archers qui recherchent un carquois compact et l\u00e9ger pour leur entra\u00eenement ou la comp\u00e9tition.<\/p>","protected":false},"featured_media":451743,"comment_status":"open","ping_status":"closed","template":"","meta":[],"product_brand":[567],"product_cat":[4163],"product_tag":[],"class_list":{"0":"post-411424","1":"product","2":"type-product","3":"status-publish","4":"has-post-thumbnail","6":"product_brand-redline","7":"product_cat-anbaukoecher","8":"product_shipping_class-bsd-standard","10":"first","11":"instock","12":"shipping-taxable","13":"purchasable","14":"product-type-variable"},"yoast_head":"<!-- This site is optimized with the Yoast SEO plugin v27.6 - https:\/\/yoast.com\/product\/yoast-seo-wordpress\/ -->\n<title>REDLINE RL1 3 FL\u00c8CHES CARBONE NOIR - Bogensportdiscount \u2013 Arcs, fl\u00e8ches, cibles et accessoires<\/title>\n<meta name=\"description\" content=\"REDLINE RL1 3 FL\u00c8CHES CARBONE NOIR : achetez-les \u00e0 prix avantageux chez Bogensportdiscount \u2013 Les meilleures marques, livraison rapide depuis la Suisse.\" \/>\n<meta name=\"robots\" content=\"index, follow, max-snippet:-1, max-image-preview:large, max-video-preview:-1\" \/>\n<link rel=\"canonical\" href=\"https:\/\/bogensportdiscount.ch\/fr\/produit\/redline-bogenkoecher-rl1-3-arrows-carbon-black\/\" \/>\n<meta property=\"og:locale\" content=\"fr_FR\" \/>\n<meta property=\"og:type\" content=\"article\" \/>\n<meta property=\"og:title\" content=\"REDLINE RL1 3 FL\u00c8CHES CARBONE NOIR - Bogensportdiscount \u2013 Arcs, fl\u00e8ches, cibles et accessoires\" \/>\n<meta property=\"og:description\" content=\"REDLINE RL1 3 FL\u00c8CHES CARBONE NOIR : achetez-les \u00e0 prix avantageux chez Bogensportdiscount \u2013 Les meilleures marques, livraison rapide depuis la Suisse.\" \/>\n<meta property=\"og:url\" content=\"https:\/\/bogensportdiscount.ch\/fr\/produit\/redline-bogenkoecher-rl1-3-arrows-carbon-black\/\" \/>\n<meta property=\"og:site_name\" content=\"Bogensportdiscount \u2013 B\u00f6gen, Pfeile, Targets &amp; Zubeh\u00f6r\" \/>\n<meta property=\"article:modified_time\" content=\"2026-05-14T05:20:23+00:00\" \/>\n<meta property=\"og:image\" content=\"https:\/\/bogensportdiscount.ch\/wp-content\/uploads\/bsm-images\/A068939_1.png\" \/>\n\t<meta property=\"og:image:width\" content=\"800\" \/>\n\t<meta property=\"og:image:height\" content=\"800\" \/>\n\t<meta property=\"og:image:type\" content=\"image\/png\" \/>\n<meta name=\"twitter:card\" content=\"summary_large_image\" \/>\n<script type=\"application\/ld+json\" class=\"yoast-schema-graph\">{\"@context\":\"https:\\\/\\\/schema.org\",\"@graph\":[{\"@type\":\"WebPage\",\"@id\":\"https:\\\/\\\/bogensportdiscount.ch\\\/produkt\\\/redline-bogenkoecher-rl1-3-arrows-carbon-black\\\/\",\"url\":\"https:\\\/\\\/bogensportdiscount.ch\\\/produkt\\\/redline-bogenkoecher-rl1-3-arrows-carbon-black\\\/\",\"name\":\"REDLINE RL1 3 PFEILE CARBON SCHWARZ - Bogensportdiscount \u2013 B\u00f6gen, Pfeile, Targets &amp; Zubeh\u00f6r\",\"isPartOf\":{\"@id\":\"https:\\\/\\\/bogensportdiscount.ch\\\/#website\"},\"primaryImageOfPage\":{\"@id\":\"https:\\\/\\\/bogensportdiscount.ch\\\/produkt\\\/redline-bogenkoecher-rl1-3-arrows-carbon-black\\\/#primaryimage\"},\"image\":{\"@id\":\"https:\\\/\\\/bogensportdiscount.ch\\\/produkt\\\/redline-bogenkoecher-rl1-3-arrows-carbon-black\\\/#primaryimage\"},\"thumbnailUrl\":\"https:\\\/\\\/bogensportdiscount.ch\\\/wp-content\\\/uploads\\\/bsm-images\\\/A068939_1.png\",\"datePublished\":\"2026-04-05T13:03:39+00:00\",\"dateModified\":\"2026-05-14T05:20:23+00:00\",\"description\":\"REDLINE RL1 3 PFEILE CARBON SCHWARZ g\u00fcnstig kaufen bei Bogensportdiscount \u2013 Top-Marken, schneller Versand aus der Schweiz.\",\"breadcrumb\":{\"@id\":\"https:\\\/\\\/bogensportdiscount.ch\\\/produkt\\\/redline-bogenkoecher-rl1-3-arrows-carbon-black\\\/#breadcrumb\"},\"inLanguage\":\"fr-FR\",\"potentialAction\":[{\"@type\":\"ReadAction\",\"target\":[\"https:\\\/\\\/bogensportdiscount.ch\\\/produkt\\\/redline-bogenkoecher-rl1-3-arrows-carbon-black\\\/\"]}]},{\"@type\":\"ImageObject\",\"inLanguage\":\"fr-FR\",\"@id\":\"https:\\\/\\\/bogensportdiscount.ch\\\/produkt\\\/redline-bogenkoecher-rl1-3-arrows-carbon-black\\\/#primaryimage\",\"url\":\"https:\\\/\\\/bogensportdiscount.ch\\\/wp-content\\\/uploads\\\/bsm-images\\\/A068939_1.png\",\"contentUrl\":\"https:\\\/\\\/bogensportdiscount.ch\\\/wp-content\\\/uploads\\\/bsm-images\\\/A068939_1.png\",\"width\":800,\"height\":800},{\"@type\":\"BreadcrumbList\",\"@id\":\"https:\\\/\\\/bogensportdiscount.ch\\\/produkt\\\/redline-bogenkoecher-rl1-3-arrows-carbon-black\\\/#breadcrumb\",\"itemListElement\":[{\"@type\":\"ListItem\",\"position\":1,\"name\":\"Home\",\"item\":\"https:\\\/\\\/bogensportdiscount.ch\\\/\"},{\"@type\":\"ListItem\",\"position\":2,\"name\":\"Shop\",\"item\":\"https:\\\/\\\/bogensportdiscount.ch\\\/shop\\\/\"},{\"@type\":\"ListItem\",\"position\":3,\"name\":\"REDLINE RL1 3 PFEILE CARBON SCHWARZ\"}]},{\"@type\":\"WebSite\",\"@id\":\"https:\\\/\\\/bogensportdiscount.ch\\\/#website\",\"url\":\"https:\\\/\\\/bogensportdiscount.ch\\\/\",\"name\":\"Bogensportdiscount\",\"description\":\"\",\"potentialAction\":[{\"@type\":\"SearchAction\",\"target\":{\"@type\":\"EntryPoint\",\"urlTemplate\":\"https:\\\/\\\/bogensportdiscount.ch\\\/?s={search_term_string}\"},\"query-input\":{\"@type\":\"PropertyValueSpecification\",\"valueRequired\":true,\"valueName\":\"search_term_string\"}}],\"inLanguage\":\"fr-FR\"}]}<\/script>\n<!-- \/ Yoast SEO plugin. -->","yoast_head_json":{"title":"REDLINE RL1 3 FL\u00c8CHES CARBONE NOIR - Bogensportdiscount \u2013 Arcs, fl\u00e8ches, cibles et accessoires","description":"REDLINE RL1 3 FL\u00c8CHES CARBONE NOIR : achetez-les \u00e0 prix avantageux chez Bogensportdiscount \u2013 Les meilleures marques, livraison rapide depuis la Suisse.","robots":{"index":"index","follow":"follow","max-snippet":"max-snippet:-1","max-image-preview":"max-image-preview:large","max-video-preview":"max-video-preview:-1"},"canonical":"https:\/\/bogensportdiscount.ch\/fr\/produit\/redline-bogenkoecher-rl1-3-arrows-carbon-black\/","og_locale":"fr_FR","og_type":"article","og_title":"REDLINE RL1 3 FL\u00c8CHES CARBONE NOIR - Bogensportdiscount \u2013 Arcs, fl\u00e8ches, cibles et accessoires","og_description":"REDLINE RL1 3 FL\u00c8CHES CARBONE NOIR : achetez-les \u00e0 prix avantageux chez Bogensportdiscount \u2013 Les meilleures marques, livraison rapide depuis la Suisse.","og_url":"https:\/\/bogensportdiscount.ch\/fr\/produit\/redline-bogenkoecher-rl1-3-arrows-carbon-black\/","og_site_name":"Bogensportdiscount \u2013 B\u00f6gen, Pfeile, Targets &amp; Zubeh\u00f6r","article_modified_time":"2026-05-14T05:20:23+00:00","og_image":[{"width":800,"height":800,"url":"https:\/\/bogensportdiscount.ch\/wp-content\/uploads\/bsm-images\/A068939_1.png","type":"image\/png"}],"twitter_card":"summary_large_image","schema":{"@context":"https:\/\/schema.org","@graph":[{"@type":"WebPage","@id":"https:\/\/bogensportdiscount.ch\/produkt\/redline-bogenkoecher-rl1-3-arrows-carbon-black\/","url":"https:\/\/bogensportdiscount.ch\/produkt\/redline-bogenkoecher-rl1-3-arrows-carbon-black\/","name":"REDLINE RL1 3 FL\u00c8CHES CARBONE NOIR - Bogensportdiscount \u2013 Arcs, fl\u00e8ches, cibles et accessoires","isPartOf":{"@id":"https:\/\/bogensportdiscount.ch\/#website"},"primaryImageOfPage":{"@id":"https:\/\/bogensportdiscount.ch\/produkt\/redline-bogenkoecher-rl1-3-arrows-carbon-black\/#primaryimage"},"image":{"@id":"https:\/\/bogensportdiscount.ch\/produkt\/redline-bogenkoecher-rl1-3-arrows-carbon-black\/#primaryimage"},"thumbnailUrl":"https:\/\/bogensportdiscount.ch\/wp-content\/uploads\/bsm-images\/A068939_1.png","datePublished":"2026-04-05T13:03:39+00:00","dateModified":"2026-05-14T05:20:23+00:00","description":"REDLINE RL1 3 FL\u00c8CHES CARBONE NOIR : achetez-les \u00e0 prix avantageux chez Bogensportdiscount \u2013 Les meilleures marques, livraison rapide depuis la Suisse.","breadcrumb":{"@id":"https:\/\/bogensportdiscount.ch\/produkt\/redline-bogenkoecher-rl1-3-arrows-carbon-black\/#breadcrumb"},"inLanguage":"fr-FR","potentialAction":[{"@type":"ReadAction","target":["https:\/\/bogensportdiscount.ch\/produkt\/redline-bogenkoecher-rl1-3-arrows-carbon-black\/"]}]},{"@type":"ImageObject","inLanguage":"fr-FR","@id":"https:\/\/bogensportdiscount.ch\/produkt\/redline-bogenkoecher-rl1-3-arrows-carbon-black\/#primaryimage","url":"https:\/\/bogensportdiscount.ch\/wp-content\/uploads\/bsm-images\/A068939_1.png","contentUrl":"https:\/\/bogensportdiscount.ch\/wp-content\/uploads\/bsm-images\/A068939_1.png","width":800,"height":800},{"@type":"BreadcrumbList","@id":"https:\/\/bogensportdiscount.ch\/produkt\/redline-bogenkoecher-rl1-3-arrows-carbon-black\/#breadcrumb","itemListElement":[{"@type":"ListItem","position":1,"name":"Home","item":"https:\/\/bogensportdiscount.ch\/"},{"@type":"ListItem","position":2,"name":"Shop","item":"https:\/\/bogensportdiscount.ch\/shop\/"},{"@type":"ListItem","position":3,"name":"REDLINE RL1 3 PFEILE CARBON SCHWARZ"}]},{"@type":"WebSite","@id":"https:\/\/bogensportdiscount.ch\/#website","url":"https:\/\/bogensportdiscount.ch\/","name":"Bogensportdiscount","description":"","potentialAction":[{"@type":"SearchAction","target":{"@type":"EntryPoint","urlTemplate":"https:\/\/bogensportdiscount.ch\/?s={search_term_string}"},"query-input":{"@type":"PropertyValueSpecification","valueRequired":true,"valueName":"search_term_string"}}],"inLanguage":"fr-FR"}]}},"_links":{"self":[{"href":"https:\/\/bogensportdiscount.ch\/fr\/wp-json\/wp\/v2\/product\/411424","targetHints":{"allow":["GET"]}}],"collection":[{"href":"https:\/\/bogensportdiscount.ch\/fr\/wp-json\/wp\/v2\/product"}],"about":[{"href":"https:\/\/bogensportdiscount.ch\/fr\/wp-json\/wp\/v2\/types\/product"}],"replies":[{"embeddable":true,"href":"https:\/\/bogensportdiscount.ch\/fr\/wp-json\/wp\/v2\/comments?post=411424"}],"wp:featuredmedia":[{"embeddable":true,"href":"https:\/\/bogensportdiscount.ch\/fr\/wp-json\/wp\/v2\/media\/451743"}],"wp:attachment":[{"href":"https:\/\/bogensportdiscount.ch\/fr\/wp-json\/wp\/v2\/media?parent=411424"}],"wp:term":[{"taxonomy":"product_brand","embeddable":true,"href":"https:\/\/bogensportdiscount.ch\/fr\/wp-json\/wp\/v2\/product_brand?post=411424"},{"taxonomy":"product_cat","embeddable":true,"href":"https:\/\/bogensportdiscount.ch\/fr\/wp-json\/wp\/v2\/product_cat?post=411424"},{"taxonomy":"product_tag","embeddable":true,"href":"https:\/\/bogensportdiscount.ch\/fr\/wp-json\/wp\/v2\/product_tag?post=411424"}],"curies":[{"name":"wp","href":"https:\/\/api.w.org\/{rel}","templated":true}]}}