{"id":411409,"date":"2026-04-05T15:03:38","date_gmt":"2026-04-05T13:03:38","guid":{"rendered":"https:\/\/bogensportdiscount.ch\/produkt\/fletching-tape-40mm-52-strips-dbs-tape-10pk\/"},"modified":"2026-05-14T15:26:46","modified_gmt":"2026-05-14T13:26:46","slug":"xswings-befiederungsklebeband-40mm-dbs-tape-52-streifen-10er-pack","status":"publish","type":"product","link":"https:\/\/bogensportdiscount.ch\/fr\/produit\/xswings-befiederungsklebeband-40mm-dbs-tape-52-streifen-10er-pack\/","title":{"rendered":"XSWINGS RUBAN D'EMPENNAGE &#8211; 40MM 52 BANDES DBS TAPE 10PK"},"content":{"rendered":"<p>Le ruban adh\u00e9sif d'empennage XSWINGS (DBS Tape) en largeur 40mm est un accessoire permettant de fixer des plumes ou des vanes sur des tubes de fl\u00e8che. Chaque paquet contient 52 bandes pr\u00e9d\u00e9coup\u00e9es, permettant une application rapide et propre. En pack de 10, ce produit offre une bonne r\u00e9serve pour une utilisation r\u00e9guli\u00e8re.<\/p>\n<p>Le ruban adh\u00e9sif est adapt\u00e9 aux empenneurs courants et aux dimensions de fl\u00e8ches standard, et garantit une adh\u00e9rence fiable de l'empennage. Il convient aussi bien \u00e0 l'atelier que pour une utilisation en tournoi.<\/p>\n<ul>\n<li>Largeur : 40mm<\/li>\n<li>52 bandes pr\u00e9d\u00e9coup\u00e9es par unit\u00e9<\/li>\n<li>10 unit\u00e9s par pack<\/li>\n<li>Compatible avec les empenneurs courants (compatible DBS)<\/li>\n<\/ul>","protected":false},"excerpt":{"rendered":"<table>\n<tr>\n<th>Propri\u00e9t\u00e9<\/th>\n<th>Valeur<\/th>\n<\/tr>\n<tr>\n<td>Marque<\/td>\n<td>XS Wings<\/td>\n<\/tr>\n<tr>\n<td>Pays d'origine<\/td>\n<td>SI<\/td>\n<\/tr>\n<\/table>","protected":false},"featured_media":452977,"comment_status":"open","ping_status":"closed","template":"","meta":[],"product_brand":[434],"product_cat":[4351],"product_tag":[],"class_list":{"0":"post-411409","1":"product","2":"type-product","3":"status-publish","4":"has-post-thumbnail","6":"product_brand-xswings","7":"product_cat-klebstoff-primer-klebeband","8":"product_shipping_class-bsd-standard","10":"first","11":"instock","12":"shipping-taxable","13":"purchasable","14":"product-type-variable"},"yoast_head":"<!-- This site is optimized with the Yoast SEO plugin v27.6 - https:\/\/yoast.com\/product\/yoast-seo-wordpress\/ -->\n<title>BANDE DE PLUMES XSWINGS - 40 MM, 52 BANDES, RUBAN DBS, LOT DE 10 - Bogensportdiscount \u2013 Arcs, fl\u00e8ches, cibles et accessoires<\/title>\n<meta name=\"description\" content=\"Bande de rembourrage XSWINGS - 40 mm, 52 bandes, DBS Tape, lot de 10 : achetez-la \u00e0 prix avantageux chez Bogensportdiscount \u2013 Grandes marques, livraison rapide depuis la Suisse.\" \/>\n<meta name=\"robots\" content=\"index, follow, max-snippet:-1, max-image-preview:large, max-video-preview:-1\" \/>\n<link rel=\"canonical\" href=\"https:\/\/bogensportdiscount.ch\/fr\/produit\/xswings-befiederungsklebeband-40mm-dbs-tape-52-streifen-10er-pack\/\" \/>\n<meta property=\"og:locale\" content=\"fr_FR\" \/>\n<meta property=\"og:type\" content=\"article\" \/>\n<meta property=\"og:title\" content=\"BANDE DE PLUMES XSWINGS - 40 MM, 52 BANDES, DBS TAPE, LOT DE 10 - Bogensportdiscount \u2013 Arcs, fl\u00e8ches, cibles et accessoires\" \/>\n<meta property=\"og:description\" content=\"Bande de rembourrage XSWINGS - 40 mm, 52 bandes, DBS Tape, lot de 10 : achetez-la \u00e0 prix avantageux chez Bogensportdiscount \u2013 Grandes marques, livraison rapide depuis la Suisse.\" \/>\n<meta property=\"og:url\" content=\"https:\/\/bogensportdiscount.ch\/fr\/produit\/xswings-befiederungsklebeband-40mm-dbs-tape-52-streifen-10er-pack\/\" \/>\n<meta property=\"og:site_name\" content=\"Bogensportdiscount \u2013 B\u00f6gen, Pfeile, Targets &amp; Zubeh\u00f6r\" \/>\n<meta property=\"article:modified_time\" content=\"2026-05-14T13:26:46+00:00\" \/>\n<meta property=\"og:image\" content=\"https:\/\/bogensportdiscount.ch\/wp-content\/uploads\/bsm-images\/a068928_1.jpg\" \/>\n\t<meta property=\"og:image:width\" content=\"266\" \/>\n\t<meta property=\"og:image:height\" content=\"400\" \/>\n\t<meta property=\"og:image:type\" content=\"image\/jpeg\" \/>\n<meta name=\"twitter:card\" content=\"summary_large_image\" \/>\n<meta name=\"twitter:label1\" content=\"Dur\u00e9e de lecture estim\u00e9e\" \/>\n\t<meta name=\"twitter:data1\" content=\"1 minute\" \/>\n<script type=\"application\/ld+json\" class=\"yoast-schema-graph\">{\"@context\":\"https:\\\/\\\/schema.org\",\"@graph\":[{\"@type\":\"WebPage\",\"@id\":\"https:\\\/\\\/bogensportdiscount.ch\\\/produkt\\\/xswings-befiederungsklebeband-40mm-dbs-tape-52-streifen-10er-pack\\\/\",\"url\":\"https:\\\/\\\/bogensportdiscount.ch\\\/produkt\\\/xswings-befiederungsklebeband-40mm-dbs-tape-52-streifen-10er-pack\\\/\",\"name\":\"XSWINGS BEFIEDERUNGSBAND - 40MM 52 STREIFEN DBS TAPE 10PK - Bogensportdiscount \u2013 B\u00f6gen, Pfeile, Targets &amp; Zubeh\u00f6r\",\"isPartOf\":{\"@id\":\"https:\\\/\\\/bogensportdiscount.ch\\\/#website\"},\"primaryImageOfPage\":{\"@id\":\"https:\\\/\\\/bogensportdiscount.ch\\\/produkt\\\/xswings-befiederungsklebeband-40mm-dbs-tape-52-streifen-10er-pack\\\/#primaryimage\"},\"image\":{\"@id\":\"https:\\\/\\\/bogensportdiscount.ch\\\/produkt\\\/xswings-befiederungsklebeband-40mm-dbs-tape-52-streifen-10er-pack\\\/#primaryimage\"},\"thumbnailUrl\":\"https:\\\/\\\/bogensportdiscount.ch\\\/wp-content\\\/uploads\\\/bsm-images\\\/a068928_1.jpg\",\"datePublished\":\"2026-04-05T13:03:38+00:00\",\"dateModified\":\"2026-05-14T13:26:46+00:00\",\"description\":\"XSWINGS BEFIEDERUNGSBAND - 40MM 52 STREIFEN DBS TAPE 10PK g\u00fcnstig kaufen bei Bogensportdiscount \u2013 Top-Marken, schneller Versand aus der Schweiz.\",\"breadcrumb\":{\"@id\":\"https:\\\/\\\/bogensportdiscount.ch\\\/produkt\\\/xswings-befiederungsklebeband-40mm-dbs-tape-52-streifen-10er-pack\\\/#breadcrumb\"},\"inLanguage\":\"fr-FR\",\"potentialAction\":[{\"@type\":\"ReadAction\",\"target\":[\"https:\\\/\\\/bogensportdiscount.ch\\\/produkt\\\/xswings-befiederungsklebeband-40mm-dbs-tape-52-streifen-10er-pack\\\/\"]}]},{\"@type\":\"ImageObject\",\"inLanguage\":\"fr-FR\",\"@id\":\"https:\\\/\\\/bogensportdiscount.ch\\\/produkt\\\/xswings-befiederungsklebeband-40mm-dbs-tape-52-streifen-10er-pack\\\/#primaryimage\",\"url\":\"https:\\\/\\\/bogensportdiscount.ch\\\/wp-content\\\/uploads\\\/bsm-images\\\/a068928_1.jpg\",\"contentUrl\":\"https:\\\/\\\/bogensportdiscount.ch\\\/wp-content\\\/uploads\\\/bsm-images\\\/a068928_1.jpg\",\"width\":266,\"height\":400},{\"@type\":\"BreadcrumbList\",\"@id\":\"https:\\\/\\\/bogensportdiscount.ch\\\/produkt\\\/xswings-befiederungsklebeband-40mm-dbs-tape-52-streifen-10er-pack\\\/#breadcrumb\",\"itemListElement\":[{\"@type\":\"ListItem\",\"position\":1,\"name\":\"Home\",\"item\":\"https:\\\/\\\/bogensportdiscount.ch\\\/\"},{\"@type\":\"ListItem\",\"position\":2,\"name\":\"Shop\",\"item\":\"https:\\\/\\\/bogensportdiscount.ch\\\/shop\\\/\"},{\"@type\":\"ListItem\",\"position\":3,\"name\":\"XSWINGS BEFIEDERUNGSBAND &#8211; 40MM 52 STREIFEN DBS TAPE 10PK\"}]},{\"@type\":\"WebSite\",\"@id\":\"https:\\\/\\\/bogensportdiscount.ch\\\/#website\",\"url\":\"https:\\\/\\\/bogensportdiscount.ch\\\/\",\"name\":\"Bogensportdiscount\",\"description\":\"\",\"potentialAction\":[{\"@type\":\"SearchAction\",\"target\":{\"@type\":\"EntryPoint\",\"urlTemplate\":\"https:\\\/\\\/bogensportdiscount.ch\\\/?s={search_term_string}\"},\"query-input\":{\"@type\":\"PropertyValueSpecification\",\"valueRequired\":true,\"valueName\":\"search_term_string\"}}],\"inLanguage\":\"fr-FR\"}]}<\/script>\n<!-- \/ Yoast SEO plugin. -->","yoast_head_json":{"title":"BANDE DE PLUMES XSWINGS - 40 MM, 52 BANDES, RUBAN DBS, LOT DE 10 - Bogensportdiscount \u2013 Arcs, fl\u00e8ches, cibles et accessoires","description":"Bande de rembourrage XSWINGS - 40 mm, 52 bandes, DBS Tape, lot de 10 : achetez-la \u00e0 prix avantageux chez Bogensportdiscount \u2013 Grandes marques, livraison rapide depuis la Suisse.","robots":{"index":"index","follow":"follow","max-snippet":"max-snippet:-1","max-image-preview":"max-image-preview:large","max-video-preview":"max-video-preview:-1"},"canonical":"https:\/\/bogensportdiscount.ch\/fr\/produit\/xswings-befiederungsklebeband-40mm-dbs-tape-52-streifen-10er-pack\/","og_locale":"fr_FR","og_type":"article","og_title":"BANDE DE PLUMES XSWINGS - 40 MM, 52 BANDES, DBS TAPE, LOT DE 10 - Bogensportdiscount \u2013 Arcs, fl\u00e8ches, cibles et accessoires","og_description":"Bande de rembourrage XSWINGS - 40 mm, 52 bandes, DBS Tape, lot de 10 : achetez-la \u00e0 prix avantageux chez Bogensportdiscount \u2013 Grandes marques, livraison rapide depuis la Suisse.","og_url":"https:\/\/bogensportdiscount.ch\/fr\/produit\/xswings-befiederungsklebeband-40mm-dbs-tape-52-streifen-10er-pack\/","og_site_name":"Bogensportdiscount \u2013 B\u00f6gen, Pfeile, Targets &amp; Zubeh\u00f6r","article_modified_time":"2026-05-14T13:26:46+00:00","og_image":[{"width":266,"height":400,"url":"https:\/\/bogensportdiscount.ch\/wp-content\/uploads\/bsm-images\/a068928_1.jpg","type":"image\/jpeg"}],"twitter_card":"summary_large_image","twitter_misc":{"Dur\u00e9e de lecture estim\u00e9e":"1 minute"},"schema":{"@context":"https:\/\/schema.org","@graph":[{"@type":"WebPage","@id":"https:\/\/bogensportdiscount.ch\/produkt\/xswings-befiederungsklebeband-40mm-dbs-tape-52-streifen-10er-pack\/","url":"https:\/\/bogensportdiscount.ch\/produkt\/xswings-befiederungsklebeband-40mm-dbs-tape-52-streifen-10er-pack\/","name":"BANDE DE PLUMES XSWINGS - 40 MM, 52 BANDES, DBS TAPE, LOT DE 10 - Bogensportdiscount \u2013 Arcs, fl\u00e8ches, cibles et accessoires","isPartOf":{"@id":"https:\/\/bogensportdiscount.ch\/#website"},"primaryImageOfPage":{"@id":"https:\/\/bogensportdiscount.ch\/produkt\/xswings-befiederungsklebeband-40mm-dbs-tape-52-streifen-10er-pack\/#primaryimage"},"image":{"@id":"https:\/\/bogensportdiscount.ch\/produkt\/xswings-befiederungsklebeband-40mm-dbs-tape-52-streifen-10er-pack\/#primaryimage"},"thumbnailUrl":"https:\/\/bogensportdiscount.ch\/wp-content\/uploads\/bsm-images\/a068928_1.jpg","datePublished":"2026-04-05T13:03:38+00:00","dateModified":"2026-05-14T13:26:46+00:00","description":"Bande de rembourrage XSWINGS - 40 mm, 52 bandes, DBS Tape, lot de 10 : achetez-la \u00e0 prix avantageux chez Bogensportdiscount \u2013 Grandes marques, livraison rapide depuis la Suisse.","breadcrumb":{"@id":"https:\/\/bogensportdiscount.ch\/produkt\/xswings-befiederungsklebeband-40mm-dbs-tape-52-streifen-10er-pack\/#breadcrumb"},"inLanguage":"fr-FR","potentialAction":[{"@type":"ReadAction","target":["https:\/\/bogensportdiscount.ch\/produkt\/xswings-befiederungsklebeband-40mm-dbs-tape-52-streifen-10er-pack\/"]}]},{"@type":"ImageObject","inLanguage":"fr-FR","@id":"https:\/\/bogensportdiscount.ch\/produkt\/xswings-befiederungsklebeband-40mm-dbs-tape-52-streifen-10er-pack\/#primaryimage","url":"https:\/\/bogensportdiscount.ch\/wp-content\/uploads\/bsm-images\/a068928_1.jpg","contentUrl":"https:\/\/bogensportdiscount.ch\/wp-content\/uploads\/bsm-images\/a068928_1.jpg","width":266,"height":400},{"@type":"BreadcrumbList","@id":"https:\/\/bogensportdiscount.ch\/produkt\/xswings-befiederungsklebeband-40mm-dbs-tape-52-streifen-10er-pack\/#breadcrumb","itemListElement":[{"@type":"ListItem","position":1,"name":"Home","item":"https:\/\/bogensportdiscount.ch\/"},{"@type":"ListItem","position":2,"name":"Shop","item":"https:\/\/bogensportdiscount.ch\/shop\/"},{"@type":"ListItem","position":3,"name":"XSWINGS BEFIEDERUNGSBAND &#8211; 40MM 52 STREIFEN DBS TAPE 10PK"}]},{"@type":"WebSite","@id":"https:\/\/bogensportdiscount.ch\/#website","url":"https:\/\/bogensportdiscount.ch\/","name":"Bogensportdiscount","description":"","potentialAction":[{"@type":"SearchAction","target":{"@type":"EntryPoint","urlTemplate":"https:\/\/bogensportdiscount.ch\/?s={search_term_string}"},"query-input":{"@type":"PropertyValueSpecification","valueRequired":true,"valueName":"search_term_string"}}],"inLanguage":"fr-FR"}]}},"_links":{"self":[{"href":"https:\/\/bogensportdiscount.ch\/fr\/wp-json\/wp\/v2\/product\/411409","targetHints":{"allow":["GET"]}}],"collection":[{"href":"https:\/\/bogensportdiscount.ch\/fr\/wp-json\/wp\/v2\/product"}],"about":[{"href":"https:\/\/bogensportdiscount.ch\/fr\/wp-json\/wp\/v2\/types\/product"}],"replies":[{"embeddable":true,"href":"https:\/\/bogensportdiscount.ch\/fr\/wp-json\/wp\/v2\/comments?post=411409"}],"wp:featuredmedia":[{"embeddable":true,"href":"https:\/\/bogensportdiscount.ch\/fr\/wp-json\/wp\/v2\/media\/452977"}],"wp:attachment":[{"href":"https:\/\/bogensportdiscount.ch\/fr\/wp-json\/wp\/v2\/media?parent=411409"}],"wp:term":[{"taxonomy":"product_brand","embeddable":true,"href":"https:\/\/bogensportdiscount.ch\/fr\/wp-json\/wp\/v2\/product_brand?post=411409"},{"taxonomy":"product_cat","embeddable":true,"href":"https:\/\/bogensportdiscount.ch\/fr\/wp-json\/wp\/v2\/product_cat?post=411409"},{"taxonomy":"product_tag","embeddable":true,"href":"https:\/\/bogensportdiscount.ch\/fr\/wp-json\/wp\/v2\/product_tag?post=411409"}],"curies":[{"name":"wp","href":"https:\/\/api.w.org\/{rel}","templated":true}]}}