{"id":411391,"date":"2026-04-05T15:03:35","date_gmt":"2026-04-05T13:03:35","guid":{"rendered":"https:\/\/bogensportdiscount.ch\/produkt\/compound-drop-away-rest-defy-micro-rh-black\/"},"modified":"2026-04-17T13:48:00","modified_gmt":"2026-04-17T11:48:00","slug":"cbe-compound-fallaway-auflage-defy-micro","status":"publish","type":"product","link":"https:\/\/bogensportdiscount.ch\/fr\/produit\/cbe-compound-fallaway-auflage-defy-micro\/","title":{"rendered":"CBE COMPOUND DROP AWAY REST DEFY MICRO"},"content":{"rendered":"<p>Die CBE Defy Micro ist eine Fallaway-Pfeilauflage (Drop Away Rest) f\u00fcr Compoundb\u00f6gen. Bei Fallaway-Auflagen senkt sich die Auflage beim Schuss ab, sobald der Bogen ausgel\u00f6st wird \u2013 dies minimiert den Kontakt zwischen Auflage und Pfeil und sorgt f\u00fcr einen sauberen Abschuss.<\/p>\n<p>Das Modell Defy Micro von CBE ist in einer Rechtshand- (RH) und einer Linkshand-Version (LH) erh\u00e4ltlich, sodass es f\u00fcr die meisten Sch\u00fctzen geeignet ist.<\/p>\n<ul>\n<li>Fallaway-Mechanismus f\u00fcr minimalen Pfeilkontakt beim Schuss<\/li>\n<li>Kompaktes Micro-Design<\/li>\n<li>Erh\u00e4ltlich in Rechtshand und Linkshand<\/li>\n<li>Kompatibel mit Compoundb\u00f6gen<\/li>\n<\/ul>","protected":false},"excerpt":{"rendered":"<p><strong>Marque :<\/strong> CBE<\/p>","protected":false},"featured_media":452973,"comment_status":"open","ping_status":"closed","template":"","meta":[],"product_brand":[523],"product_cat":[4233],"product_tag":[],"class_list":{"0":"post-411391","1":"product","2":"type-product","3":"status-publish","4":"has-post-thumbnail","6":"product_brand-cbe","7":"product_cat-compound-drop-away-pfeilauflage","9":"first","10":"instock","11":"shipping-taxable","12":"purchasable","13":"product-type-variable"},"_links":{"self":[{"href":"https:\/\/bogensportdiscount.ch\/fr\/wp-json\/wp\/v2\/product\/411391","targetHints":{"allow":["GET"]}}],"collection":[{"href":"https:\/\/bogensportdiscount.ch\/fr\/wp-json\/wp\/v2\/product"}],"about":[{"href":"https:\/\/bogensportdiscount.ch\/fr\/wp-json\/wp\/v2\/types\/product"}],"replies":[{"embeddable":true,"href":"https:\/\/bogensportdiscount.ch\/fr\/wp-json\/wp\/v2\/comments?post=411391"}],"wp:featuredmedia":[{"embeddable":true,"href":"https:\/\/bogensportdiscount.ch\/fr\/wp-json\/wp\/v2\/media\/452973"}],"wp:attachment":[{"href":"https:\/\/bogensportdiscount.ch\/fr\/wp-json\/wp\/v2\/media?parent=411391"}],"wp:term":[{"taxonomy":"product_brand","embeddable":true,"href":"https:\/\/bogensportdiscount.ch\/fr\/wp-json\/wp\/v2\/product_brand?post=411391"},{"taxonomy":"product_cat","embeddable":true,"href":"https:\/\/bogensportdiscount.ch\/fr\/wp-json\/wp\/v2\/product_cat?post=411391"},{"taxonomy":"product_tag","embeddable":true,"href":"https:\/\/bogensportdiscount.ch\/fr\/wp-json\/wp\/v2\/product_tag?post=411391"}],"curies":[{"name":"wp","href":"https:\/\/api.w.org\/{rel}","templated":true}]}}