{"id":411388,"date":"2026-04-05T15:03:34","date_gmt":"2026-04-05T13:03:34","guid":{"rendered":"https:\/\/bogensportdiscount.ch\/produkt\/axis-compound-sight-rh-black\/"},"modified":"2026-04-17T13:48:00","modified_gmt":"2026-04-17T11:48:00","slug":"cbe-compound-visier-axis","status":"publish","type":"product","link":"https:\/\/bogensportdiscount.ch\/fr\/produit\/cbe-compound-visier-axis\/","title":{"rendered":"CBE AXIS COMPOUND SIGHT"},"content":{"rendered":"<p>Das CBE Axis ist ein Compound-Target-Visier des amerikanischen Herstellers CBE (Custom Bow Equipment). Es wurde f\u00fcr Bogensch\u00fctzen entwickelt, die ein zuverl\u00e4ssiges und pr\u00e4zises Visier f\u00fcr den Wettkampf- oder Trainingsbereich suchen.<\/p>\n<p>Das Visier ist sowohl f\u00fcr Rechts- als auch f\u00fcr Linksh\u00e4nder erh\u00e4ltlich, was eine breite Einsatzm\u00f6glichkeit gew\u00e4hrleistet.<\/p>\n<ul>\n<li>Compound-Target-Visier von CBE<\/li>\n<li>Erh\u00e4ltlich f\u00fcr Rechtshand (RH) und Linkshand (LH)<\/li>\n<li>Geeignet f\u00fcr Turnier- und Trainingseinsatz<\/li>\n<\/ul>","protected":false},"excerpt":{"rendered":"<p><strong>Marque :<\/strong> CBE<br \/><strong>Length (inch):<\/strong> 6,5<\/p>","protected":false},"featured_media":439013,"comment_status":"open","ping_status":"closed","template":"","meta":[],"product_brand":[523],"product_cat":[4261],"product_tag":[],"class_list":{"0":"post-411388","1":"product","2":"type-product","3":"status-publish","4":"has-post-thumbnail","6":"product_brand-cbe","7":"product_cat-compound-visiere","9":"first","10":"instock","11":"shipping-taxable","12":"purchasable","13":"product-type-variable"},"_links":{"self":[{"href":"https:\/\/bogensportdiscount.ch\/fr\/wp-json\/wp\/v2\/product\/411388","targetHints":{"allow":["GET"]}}],"collection":[{"href":"https:\/\/bogensportdiscount.ch\/fr\/wp-json\/wp\/v2\/product"}],"about":[{"href":"https:\/\/bogensportdiscount.ch\/fr\/wp-json\/wp\/v2\/types\/product"}],"replies":[{"embeddable":true,"href":"https:\/\/bogensportdiscount.ch\/fr\/wp-json\/wp\/v2\/comments?post=411388"}],"wp:featuredmedia":[{"embeddable":true,"href":"https:\/\/bogensportdiscount.ch\/fr\/wp-json\/wp\/v2\/media\/439013"}],"wp:attachment":[{"href":"https:\/\/bogensportdiscount.ch\/fr\/wp-json\/wp\/v2\/media?parent=411388"}],"wp:term":[{"taxonomy":"product_brand","embeddable":true,"href":"https:\/\/bogensportdiscount.ch\/fr\/wp-json\/wp\/v2\/product_brand?post=411388"},{"taxonomy":"product_cat","embeddable":true,"href":"https:\/\/bogensportdiscount.ch\/fr\/wp-json\/wp\/v2\/product_cat?post=411388"},{"taxonomy":"product_tag","embeddable":true,"href":"https:\/\/bogensportdiscount.ch\/fr\/wp-json\/wp\/v2\/product_tag?post=411388"}],"curies":[{"name":"wp","href":"https:\/\/api.w.org\/{rel}","templated":true}]}}