{"id":411384,"date":"2026-04-05T15:03:33","date_gmt":"2026-04-05T13:03:33","guid":{"rendered":"https:\/\/bogensportdiscount.ch\/produkt\/compound-shootdown-pro-m2-cam-rotating-mod-lh-50-60lbs-25-29-black-cherry\/"},"modified":"2026-04-15T13:11:14","modified_gmt":"2026-04-15T11:11:14","slug":"pse-compound-shootdown-pro-m2-cam-rotating-mod","status":"publish","type":"product","link":"https:\/\/bogensportdiscount.ch\/fr\/produit\/pse-compound-shootdown-pro-m2-cam-rotating-mod\/","title":{"rendered":"PSE ARC \u00c0 POULIES SHOOTDOWN PRO M2 CAM ROTATING MOD"},"content":{"rendered":"<p>Das PSE Shootdown Pro M2 Cam Rotating Mod ist ein Rotating-Modul f\u00fcr das M2-Cam-System von PSE. Solche Module erm\u00f6glichen die Anpassung des Zuggewichts innerhalb eines definierten Bereichs, ohne den Bogen zu pressen \u2013 ein praktisches Zubeh\u00f6rteil f\u00fcr Sch\u00fctzen, die ihr Setup flexibel halten m\u00f6chten.<\/p>\n<p>Das Modul ist kompatibel mit dem PSE Compound-Bogensystem Shootdown Pro und wird passend zur jeweiligen Handausf\u00fchrung (Rechts- oder Linkshand) sowie dem gew\u00fcnschten Zuggewichtsbereich ausgew\u00e4hlt. Die Farbwahl (Black, Blue, White) erm\u00f6glicht eine optische Abstimmung auf den Bogen.<\/p>\n<ul>\n<li>Rotating Mod f\u00fcr das PSE M2 Cam-System<\/li>\n<li>Zuggewichtsbereiche: 40\u201350 lbs oder 50\u201360 lbs<\/li>\n<li>F\u00fcr Rechtshand und Linkshand verf\u00fcgbar<\/li>\n<li>Erh\u00e4ltlich in Black, Blue und White<\/li>\n<\/ul>","protected":false},"excerpt":{"rendered":"<p><strong>Marque :<\/strong> PSE<br \/><strong>Axle-to-axle (inch):<\/strong> 36<br \/><strong>Brace height (inch):<\/strong> 6,75<br \/><strong>Module:<\/strong> Rotating mod<br \/><strong>Let Off %:<\/strong> Adjustable<br \/><strong>mat\u00e9riel :<\/strong> Aluminum<\/p>","protected":false},"featured_media":452971,"comment_status":"open","ping_status":"closed","template":"","meta":[],"product_brand":[450],"product_cat":[4523],"product_tag":[],"class_list":{"0":"post-411384","1":"product","2":"type-product","3":"status-publish","4":"has-post-thumbnail","6":"product_brand-pse","7":"product_cat-compound-bows--35-compound-boegen","9":"first","10":"instock","11":"shipping-taxable","12":"purchasable","13":"product-type-variable"},"_links":{"self":[{"href":"https:\/\/bogensportdiscount.ch\/fr\/wp-json\/wp\/v2\/product\/411384","targetHints":{"allow":["GET"]}}],"collection":[{"href":"https:\/\/bogensportdiscount.ch\/fr\/wp-json\/wp\/v2\/product"}],"about":[{"href":"https:\/\/bogensportdiscount.ch\/fr\/wp-json\/wp\/v2\/types\/product"}],"replies":[{"embeddable":true,"href":"https:\/\/bogensportdiscount.ch\/fr\/wp-json\/wp\/v2\/comments?post=411384"}],"wp:featuredmedia":[{"embeddable":true,"href":"https:\/\/bogensportdiscount.ch\/fr\/wp-json\/wp\/v2\/media\/452971"}],"wp:attachment":[{"href":"https:\/\/bogensportdiscount.ch\/fr\/wp-json\/wp\/v2\/media?parent=411384"}],"wp:term":[{"taxonomy":"product_brand","embeddable":true,"href":"https:\/\/bogensportdiscount.ch\/fr\/wp-json\/wp\/v2\/product_brand?post=411384"},{"taxonomy":"product_cat","embeddable":true,"href":"https:\/\/bogensportdiscount.ch\/fr\/wp-json\/wp\/v2\/product_cat?post=411384"},{"taxonomy":"product_tag","embeddable":true,"href":"https:\/\/bogensportdiscount.ch\/fr\/wp-json\/wp\/v2\/product_tag?post=411384"}],"curies":[{"name":"wp","href":"https:\/\/api.w.org\/{rel}","templated":true}]}}