{"id":411138,"date":"2026-04-05T15:03:08","date_gmt":"2026-04-05T13:03:08","guid":{"rendered":"https:\/\/bogensportdiscount.ch\/produkt\/back-tension-releases-the-hinge-2-medium-anodized-aluminum\/"},"modified":"2026-04-17T13:47:58","modified_gmt":"2026-04-17T11:47:58","slug":"ultraview-back-tension-release-the-hinge-2","status":"publish","type":"product","link":"https:\/\/bogensportdiscount.ch\/fr\/produit\/ultraview-back-tension-release-the-hinge-2\/","title":{"rendered":"ULTRAVIEW BACK TENSION RELEASES THE HINGE 2"},"content":{"rendered":"<p>Der ULTRAVIEW The Hinge 2 ist ein Hinge-Release (Winkelausl\u00f6ser) auf Basis der Back Tension Technik. Bei dieser Ausl\u00f6semethode wird der Release nicht aktiv gedr\u00fcckt, sondern durch die R\u00fcckenmuskelspannung ausgel\u00f6st \u2013 ein Prinzip, das besonders im Turnier- und Feldbogensport gesch\u00e4tzt wird.<\/p>\n<p>Das Modell The Hinge 2 von ULTRAVIEW wird in den USA gefertigt und ist in den Gr\u00f6ssen M und L erh\u00e4ltlich, um unterschiedlichen Handgr\u00f6ssen gerecht zu werden.<\/p>\n<ul>\n<li>Back Tension Ausl\u00f6seprinzip f\u00fcr einen kontrollierten Ablass<\/li>\n<li>Hinge-Mechanismus (Winkelausl\u00f6ser)<\/li>\n<li>Erh\u00e4ltlich in Gr\u00f6sse M und L<\/li>\n<li>Fabriqu\u00e9 aux \u00c9tats-Unis<\/li>\n<\/ul>","protected":false},"excerpt":{"rendered":"<p>Der ULTRAVIEW The Hinge 2 ist ein Back Tension Release f\u00fcr Compoundb\u00f6gen. Er ist in den Gr\u00f6ssen M und L erh\u00e4ltlich und eignet sich f\u00fcr Bogensch\u00fctzen, die einen sauberen, drucklosen Ablass bevorzugen.<\/p>","protected":false},"featured_media":451716,"comment_status":"open","ping_status":"closed","template":"","meta":[],"product_brand":[573],"product_cat":[4348],"product_tag":[],"class_list":{"0":"post-411138","1":"product","2":"type-product","3":"status-publish","4":"has-post-thumbnail","6":"product_brand-ultraview","7":"product_cat-back-tension-releases","9":"first","10":"instock","11":"shipping-taxable","12":"purchasable","13":"product-type-variable"},"_links":{"self":[{"href":"https:\/\/bogensportdiscount.ch\/fr\/wp-json\/wp\/v2\/product\/411138","targetHints":{"allow":["GET"]}}],"collection":[{"href":"https:\/\/bogensportdiscount.ch\/fr\/wp-json\/wp\/v2\/product"}],"about":[{"href":"https:\/\/bogensportdiscount.ch\/fr\/wp-json\/wp\/v2\/types\/product"}],"replies":[{"embeddable":true,"href":"https:\/\/bogensportdiscount.ch\/fr\/wp-json\/wp\/v2\/comments?post=411138"}],"wp:featuredmedia":[{"embeddable":true,"href":"https:\/\/bogensportdiscount.ch\/fr\/wp-json\/wp\/v2\/media\/451716"}],"wp:attachment":[{"href":"https:\/\/bogensportdiscount.ch\/fr\/wp-json\/wp\/v2\/media?parent=411138"}],"wp:term":[{"taxonomy":"product_brand","embeddable":true,"href":"https:\/\/bogensportdiscount.ch\/fr\/wp-json\/wp\/v2\/product_brand?post=411138"},{"taxonomy":"product_cat","embeddable":true,"href":"https:\/\/bogensportdiscount.ch\/fr\/wp-json\/wp\/v2\/product_cat?post=411138"},{"taxonomy":"product_tag","embeddable":true,"href":"https:\/\/bogensportdiscount.ch\/fr\/wp-json\/wp\/v2\/product_tag?post=411138"}],"curies":[{"name":"wp","href":"https:\/\/api.w.org\/{rel}","templated":true}]}}