{"id":410851,"date":"2026-04-05T15:02:42","date_gmt":"2026-04-05T13:02:42","guid":{"rendered":"https:\/\/bogensportdiscount.ch\/produkt\/risers-spiga-bb-25-rh-black\/"},"modified":"2026-04-17T13:47:57","modified_gmt":"2026-04-17T11:47:57","slug":"spiga-recurve-mittelteil-bb-25","status":"publish","type":"product","link":"https:\/\/bogensportdiscount.ch\/fr\/produit\/spiga-recurve-mittelteil-bb-25\/","title":{"rendered":"RISERS SPIGA BB 25\u2033"},"content":{"rendered":"<p>Das SPIGA Recurve Mittelteil BB 25&#8243; ist ein hochpr\u00e4zises Mittelteil der italienischen Manufaktur Arco Sport Spigarelli. Mit seinem Full-CNC-Design bietet es pr\u00e4zise Verarbeitung und Zuverl\u00e4ssigkeit im Wettkampf und Training.<\/p>\n<p>Gefertigt aus robustem Aluminium mit ILF-Taschen-Befestigung, passt dieses Mittelteil zu einer breiten Palette von Recurve-B\u00f6gen aller Zuggewichte. Die 25&#8243;-L\u00e4nge ist eine klassische Standardl\u00e4nge f\u00fcr vielseitige Anwendungen.<\/p>\n<ul>\n<li>Full-CNC-Fertigung f\u00fcr h\u00f6chste Pr\u00e4zision<\/li>\n<li>Aluminium-Konstruktion f\u00fcr Langlebigkeit<\/li>\n<li>ILF-Standard f\u00fcr maximale Kompatibilit\u00e4t<\/li>\n<li>F\u00fcr alle Zuggewichte geeignet<\/li>\n<\/ul>","protected":false},"excerpt":{"rendered":"<table>\n<tr>\n<th>Propri\u00e9t\u00e9<\/th>\n<th>Valeur<\/th>\n<\/tr>\n<tr>\n<td>Type<\/td>\n<td>Full CNC<\/td>\n<\/tr>\n<tr>\n<td>Mat\u00e9riau<\/td>\n<td>Aluminium<\/td>\n<\/tr>\n<tr>\n<td>Taschen-Befestigung<\/td>\n<td>ILF<\/td>\n<\/tr>\n<tr>\n<td>Recommandation<\/td>\n<td>Alle Zuggewichte<\/td>\n<\/tr>\n<tr>\n<td>Herkunftsland<\/td>\n<td>Italien<\/td>\n<\/tr>\n<\/table>","protected":false},"featured_media":451700,"comment_status":"open","ping_status":"closed","template":"","meta":[],"product_brand":[634],"product_cat":[4519],"product_tag":[],"class_list":{"0":"post-410851","1":"product","2":"type-product","3":"status-publish","4":"has-post-thumbnail","6":"product_brand-spiga","7":"product_cat-recurve-mittelteile-recurve-boegen","9":"first","10":"instock","11":"shipping-taxable","12":"purchasable","13":"product-type-variable"},"_links":{"self":[{"href":"https:\/\/bogensportdiscount.ch\/fr\/wp-json\/wp\/v2\/product\/410851","targetHints":{"allow":["GET"]}}],"collection":[{"href":"https:\/\/bogensportdiscount.ch\/fr\/wp-json\/wp\/v2\/product"}],"about":[{"href":"https:\/\/bogensportdiscount.ch\/fr\/wp-json\/wp\/v2\/types\/product"}],"replies":[{"embeddable":true,"href":"https:\/\/bogensportdiscount.ch\/fr\/wp-json\/wp\/v2\/comments?post=410851"}],"wp:featuredmedia":[{"embeddable":true,"href":"https:\/\/bogensportdiscount.ch\/fr\/wp-json\/wp\/v2\/media\/451700"}],"wp:attachment":[{"href":"https:\/\/bogensportdiscount.ch\/fr\/wp-json\/wp\/v2\/media?parent=410851"}],"wp:term":[{"taxonomy":"product_brand","embeddable":true,"href":"https:\/\/bogensportdiscount.ch\/fr\/wp-json\/wp\/v2\/product_brand?post=410851"},{"taxonomy":"product_cat","embeddable":true,"href":"https:\/\/bogensportdiscount.ch\/fr\/wp-json\/wp\/v2\/product_cat?post=410851"},{"taxonomy":"product_tag","embeddable":true,"href":"https:\/\/bogensportdiscount.ch\/fr\/wp-json\/wp\/v2\/product_tag?post=410851"}],"curies":[{"name":"wp","href":"https:\/\/api.w.org\/{rel}","templated":true}]}}