{"id":410732,"date":"2026-04-05T15:02:28","date_gmt":"2026-04-05T13:02:28","guid":{"rendered":"https:\/\/bogensportdiscount.ch\/produkt\/compound-sights-achieve-xp-variable-range-1-5-uhm-carbon-bar-ext-6-rh-black\/"},"modified":"2026-04-17T13:50:37","modified_gmt":"2026-04-17T11:50:37","slug":"axcel-compound-visier-achieve-xp-variable-range","status":"publish","type":"product","link":"https:\/\/bogensportdiscount.ch\/fr\/produit\/axcel-compound-visier-achieve-xp-variable-range\/","title":{"rendered":"AXCEL COMPOUND SIGHTS ACHIEVE XP VARIABLE RANGE"},"content":{"rendered":"<p>Das Axcel Achieve XP Variable Range ist ein Compound-Visier f\u00fcr den Targetbereich. Es ist in zwei L\u00e4ngen (1.5&#8243; und 2.0&#8243;) sowie f\u00fcr Links- und Rechtshandbogensch\u00fctzen erh\u00e4ltlich und wird in den USA gefertigt.<\/p>\n<p>Das Variable-Range-Konzept erm\u00f6glicht eine flexible Entfernungseinstellung, was das Visier besonders f\u00fcr Feldbogensch\u00fctzen und Sch\u00fctzen geeignet macht, die auf wechselnde Distanzen schiessen.<\/p>\n<ul>\n<li>Verf\u00fcgbar f\u00fcr Links- und Rechtshandbogensch\u00fctzen<\/li>\n<li>Zwei L\u00e4ngenoptionen: 1.5&#8243; und 2.0&#8243;<\/li>\n<li>Variable Entfernungseinstellung<\/li>\n<li>Fabriqu\u00e9 aux \u00c9tats-Unis<\/li>\n<\/ul>","protected":false},"excerpt":{"rendered":"<table>\n<tr>\n<th>Propri\u00e9t\u00e9<\/th>\n<th>Valeur<\/th>\n<\/tr>\n<tr>\n<td>Marque<\/td>\n<td>Axcel<\/td>\n<\/tr>\n<tr>\n<td>Longueur<\/td>\n<td>6 Zoll<\/td>\n<\/tr>\n<tr>\n<td>Herkunftsland<\/td>\n<td>USA<\/td>\n<\/tr>\n<tr>\n<td>Verf\u00fcgbare L\u00e4ngen<\/td>\n<td>1.5&#8243;, 2.0&#8243;<\/td>\n<\/tr>\n<tr>\n<td>Main<\/td>\n<td>Linkshand (LH), Rechtshand (RH)<\/td>\n<\/tr>\n<\/table>","protected":false},"featured_media":451683,"comment_status":"open","ping_status":"closed","template":"","meta":[],"product_brand":[467],"product_cat":[4261],"product_tag":[],"class_list":{"0":"post-410732","1":"product","2":"type-product","3":"status-publish","4":"has-post-thumbnail","6":"product_brand-axcel","7":"product_cat-compound-visiere","9":"first","10":"instock","11":"shipping-taxable","12":"purchasable","13":"product-type-variable"},"_links":{"self":[{"href":"https:\/\/bogensportdiscount.ch\/fr\/wp-json\/wp\/v2\/product\/410732","targetHints":{"allow":["GET"]}}],"collection":[{"href":"https:\/\/bogensportdiscount.ch\/fr\/wp-json\/wp\/v2\/product"}],"about":[{"href":"https:\/\/bogensportdiscount.ch\/fr\/wp-json\/wp\/v2\/types\/product"}],"replies":[{"embeddable":true,"href":"https:\/\/bogensportdiscount.ch\/fr\/wp-json\/wp\/v2\/comments?post=410732"}],"wp:featuredmedia":[{"embeddable":true,"href":"https:\/\/bogensportdiscount.ch\/fr\/wp-json\/wp\/v2\/media\/451683"}],"wp:attachment":[{"href":"https:\/\/bogensportdiscount.ch\/fr\/wp-json\/wp\/v2\/media?parent=410732"}],"wp:term":[{"taxonomy":"product_brand","embeddable":true,"href":"https:\/\/bogensportdiscount.ch\/fr\/wp-json\/wp\/v2\/product_brand?post=410732"},{"taxonomy":"product_cat","embeddable":true,"href":"https:\/\/bogensportdiscount.ch\/fr\/wp-json\/wp\/v2\/product_cat?post=410732"},{"taxonomy":"product_tag","embeddable":true,"href":"https:\/\/bogensportdiscount.ch\/fr\/wp-json\/wp\/v2\/product_tag?post=410732"}],"curies":[{"name":"wp","href":"https:\/\/api.w.org\/{rel}","templated":true}]}}