{"id":410726,"date":"2026-04-05T15:02:27","date_gmt":"2026-04-05T13:02:27","guid":{"rendered":"https:\/\/bogensportdiscount.ch\/produkt\/compound-carbon-era-rotating-mod-rh-50-60lbs-25-5-31-flat-black\/"},"modified":"2026-04-17T18:56:52","modified_gmt":"2026-04-17T16:56:52","slug":"elite-compound-bogen-carbon-era-rotating-mod-rh-50-60lbs","status":"publish","type":"product","link":"https:\/\/bogensportdiscount.ch\/fr\/produit\/elite-compound-bogen-carbon-era-rotating-mod-rh-50-60lbs\/","title":{"rendered":"ELITE COMPOUND CARBON ERA ROTATING MOD RH 50-60LBS 25.5\u2033-31\u2033"},"content":{"rendered":"<p>Der ELITE Carbon Era ist ein Compound-Bogen f\u00fcr Rechtshandsch\u00fctzen mit einem Zuggewichtsbereich von 50 bis 60 lbs und einer einstellbaren Zugl\u00e4nge von 25,5 bis 31 Zoll. Das Rotating-Mod-System erm\u00f6glicht eine flexible Anpassung der Zugl\u00e4nge ohne Bogenpresse.<\/p>\n<p>Der Bogenriser und die Limbs bestehen aus Carbon, was zu einem geringen Gewicht bei hoher Steifigkeit beitr\u00e4gt. Mit einem Achsabstand von 31,25 Zoll und einer Brace Height von 7,25 Zoll bietet der Carbon Era eine ausgewogene Geometrie f\u00fcr jagdliche und 3D-Anwendungen.<\/p>\n<ul>\n<li>Zuggewicht 50\u201360 lbs stufenlos einstellbar<\/li>\n<li>Zugl\u00e4nge 25,5&#8243;\u201331&#8243; \u00fcber Rotating Mod anpassbar<\/li>\n<li>Carbon-Konstruktion f\u00fcr geringes Gewicht<\/li>\n<li>Let-Off einstellbar<\/li>\n<\/ul>","protected":false},"excerpt":{"rendered":"<table>\n<tr>\n<th>Propri\u00e9t\u00e9<\/th>\n<th>Valeur<\/th>\n<\/tr>\n<tr>\n<td>Achsabstand (Zoll)<\/td>\n<td>31,25<\/td>\n<\/tr>\n<tr>\n<td>Brace Height (Zoll)<\/td>\n<td>7,25<\/td>\n<\/tr>\n<tr>\n<td>Modul<\/td>\n<td>Rotating Mod<\/td>\n<\/tr>\n<tr>\n<td>Let-Off<\/td>\n<td>Einstellbar<\/td>\n<\/tr>\n<tr>\n<td>Mat\u00e9riau<\/td>\n<td>Carbon<\/td>\n<\/tr>\n<tr>\n<td>Poids de traction<\/td>\n<td>50\u201360 lbs<\/td>\n<\/tr>\n<tr>\n<td>Zuglaenge<\/td>\n<td>25,5&#8243;\u201331&#8243;<\/td>\n<\/tr>\n<tr>\n<td>Main<\/td>\n<td>Main droite (RH)<\/td>\n<\/tr>\n<tr>\n<td>Herkunftsland<\/td>\n<td>USA<\/td>\n<\/tr>\n<\/table>","protected":false},"featured_media":452962,"comment_status":"open","ping_status":"closed","template":"","meta":[],"product_brand":[474],"product_cat":[4524],"product_tag":[],"class_list":{"0":"post-410726","1":"product","2":"type-product","3":"status-publish","4":"has-post-thumbnail","6":"product_brand-elite","7":"product_cat-jagdboegen-compound-boegen-boegen","9":"first","10":"instock","11":"shipping-taxable","12":"purchasable","13":"product-type-variable"},"_links":{"self":[{"href":"https:\/\/bogensportdiscount.ch\/fr\/wp-json\/wp\/v2\/product\/410726","targetHints":{"allow":["GET"]}}],"collection":[{"href":"https:\/\/bogensportdiscount.ch\/fr\/wp-json\/wp\/v2\/product"}],"about":[{"href":"https:\/\/bogensportdiscount.ch\/fr\/wp-json\/wp\/v2\/types\/product"}],"replies":[{"embeddable":true,"href":"https:\/\/bogensportdiscount.ch\/fr\/wp-json\/wp\/v2\/comments?post=410726"}],"wp:featuredmedia":[{"embeddable":true,"href":"https:\/\/bogensportdiscount.ch\/fr\/wp-json\/wp\/v2\/media\/452962"}],"wp:attachment":[{"href":"https:\/\/bogensportdiscount.ch\/fr\/wp-json\/wp\/v2\/media?parent=410726"}],"wp:term":[{"taxonomy":"product_brand","embeddable":true,"href":"https:\/\/bogensportdiscount.ch\/fr\/wp-json\/wp\/v2\/product_brand?post=410726"},{"taxonomy":"product_cat","embeddable":true,"href":"https:\/\/bogensportdiscount.ch\/fr\/wp-json\/wp\/v2\/product_cat?post=410726"},{"taxonomy":"product_tag","embeddable":true,"href":"https:\/\/bogensportdiscount.ch\/fr\/wp-json\/wp\/v2\/product_tag?post=410726"}],"curies":[{"name":"wp","href":"https:\/\/api.w.org\/{rel}","templated":true}]}}