{"id":410614,"date":"2026-04-05T15:02:15","date_gmt":"2026-04-05T13:02:15","guid":{"rendered":"https:\/\/bogensportdiscount.ch\/produkt\/net-kid-white-flame-retardant-h-300cm-x-l-300cm\/"},"modified":"2026-05-14T15:26:43","modified_gmt":"2026-05-14T13:26:43","slug":"era-pfeilfangnetz-kid-weiss-flammhemmend-h-300cm","status":"publish","type":"product","link":"https:\/\/bogensportdiscount.ch\/fr\/produit\/era-pfeilfangnetz-kid-weiss-flammhemmend-h-300cm\/","title":{"rendered":"ERA NET KID BLANC FLAME RETARDANT \/ H 300cm x L"},"content":{"rendered":"<p>Le filet pare-fl\u00e8ches ERA Net Kid en blanc est \u00e9quip\u00e9 d'un traitement ignifuge, offrant ainsi une s\u00e9curit\u00e9 accrue lors d'une utilisation dans des installations int\u00e9rieures et ext\u00e9rieures. La hauteur de 300 cm le rend adapt\u00e9 \u00e0 une utilisation dans des installations de tir \u00e0 l'arc o\u00f9 un arr\u00eat fiable des fl\u00e8ches est n\u00e9cessaire.<\/p>\n<p>Le filet est con\u00e7u sous la d\u00e9signation \u00ab Kid \u00bb et s'adresse aux installations utilis\u00e9es par les jeunes archers. Gr\u00e2ce \u00e0 sa couleur blanche, il s'int\u00e8gre discr\u00e8tement dans l'environnement.<\/p>\n<ul>\n<li>Traitement ignifuge pour une s\u00e9curit\u00e9 accrue<\/li>\n<li>Hauteur: 300 cm<\/li>\n<li>Couleur : Blanc<\/li>\n<li>Adapt\u00e9 aux installations de tir \u00e0 l'arc pour enfants et jeunes<\/li>\n<\/ul>","protected":false},"excerpt":{"rendered":"<p>Le ERA NET KID est un filet pare-fl\u00e8ches blanc et ignifuge d'une hauteur de 300 cm. Il convient \u00e0 une utilisation dans le tir \u00e0 l'arc comme protection fiable derri\u00e8re la cible et est sp\u00e9cialement con\u00e7u pour la pratique des enfants.<\/p>","protected":false},"featured_media":524434,"comment_status":"open","ping_status":"closed","template":"","meta":[],"product_brand":[798],"product_cat":[4277],"product_tag":[],"class_list":{"0":"post-410614","1":"product","2":"type-product","3":"status-publish","4":"has-post-thumbnail","6":"product_brand-era","7":"product_cat-netze","8":"product_shipping_class-bsd-standard","10":"first","11":"onbackorder","12":"shipping-taxable","13":"purchasable","14":"product-type-variable"},"yoast_head":"<!-- This site is optimized with the Yoast SEO plugin v27.6 - https:\/\/yoast.com\/product\/yoast-seo-wordpress\/ -->\n<title>ERA NET KID WEISS FLAME RETARDANT \/ H 300cm x L - Bogensportdiscount \u2013 B\u00f6gen, Pfeile, Targets &amp; Zubeh\u00f6r<\/title>\n<meta name=\"description\" content=\"ERA NET KID WEISS FLAME RETARDANT \/ H 300cm x L g\u00fcnstig kaufen bei Bogensportdiscount \u2013 Top-Marken, schneller Versand aus der Schweiz.\" \/>\n<meta name=\"robots\" content=\"index, follow, max-snippet:-1, max-image-preview:large, max-video-preview:-1\" \/>\n<link rel=\"canonical\" href=\"https:\/\/bogensportdiscount.ch\/fr\/produit\/era-pfeilfangnetz-kid-weiss-flammhemmend-h-300cm\/\" \/>\n<meta property=\"og:locale\" content=\"fr_FR\" \/>\n<meta property=\"og:type\" content=\"article\" \/>\n<meta property=\"og:title\" content=\"ERA NET KID WEISS FLAME RETARDANT \/ H 300cm x L - Bogensportdiscount \u2013 B\u00f6gen, Pfeile, Targets &amp; Zubeh\u00f6r\" \/>\n<meta property=\"og:description\" content=\"ERA NET KID WEISS FLAME RETARDANT \/ H 300cm x L g\u00fcnstig kaufen bei Bogensportdiscount \u2013 Top-Marken, schneller Versand aus der Schweiz.\" \/>\n<meta property=\"og:url\" content=\"https:\/\/bogensportdiscount.ch\/fr\/produit\/era-pfeilfangnetz-kid-weiss-flammhemmend-h-300cm\/\" \/>\n<meta property=\"og:site_name\" content=\"Bogensportdiscount \u2013 B\u00f6gen, Pfeile, Targets &amp; Zubeh\u00f6r\" \/>\n<meta property=\"article:modified_time\" content=\"2026-05-14T13:26:43+00:00\" \/>\n<meta property=\"og:image\" content=\"https:\/\/bogensportdiscount.ch\/wp-content\/uploads\/bsm-images\/A066574_1.jpg\" \/>\n\t<meta property=\"og:image:width\" content=\"700\" \/>\n\t<meta property=\"og:image:height\" content=\"466\" \/>\n\t<meta property=\"og:image:type\" content=\"image\/jpeg\" \/>\n<meta name=\"twitter:card\" content=\"summary_large_image\" \/>\n<meta name=\"twitter:label1\" content=\"Dur\u00e9e de lecture estim\u00e9e\" \/>\n\t<meta name=\"twitter:data1\" content=\"1 minute\" \/>\n<script type=\"application\/ld+json\" class=\"yoast-schema-graph\">{\"@context\":\"https:\\\/\\\/schema.org\",\"@graph\":[{\"@type\":\"WebPage\",\"@id\":\"https:\\\/\\\/bogensportdiscount.ch\\\/produkt\\\/era-pfeilfangnetz-kid-weiss-flammhemmend-h-300cm\\\/\",\"url\":\"https:\\\/\\\/bogensportdiscount.ch\\\/produkt\\\/era-pfeilfangnetz-kid-weiss-flammhemmend-h-300cm\\\/\",\"name\":\"ERA NET KID WEISS FLAME RETARDANT \\\/ H 300cm x L - Bogensportdiscount \u2013 B\u00f6gen, Pfeile, Targets &amp; Zubeh\u00f6r\",\"isPartOf\":{\"@id\":\"https:\\\/\\\/bogensportdiscount.ch\\\/#website\"},\"primaryImageOfPage\":{\"@id\":\"https:\\\/\\\/bogensportdiscount.ch\\\/produkt\\\/era-pfeilfangnetz-kid-weiss-flammhemmend-h-300cm\\\/#primaryimage\"},\"image\":{\"@id\":\"https:\\\/\\\/bogensportdiscount.ch\\\/produkt\\\/era-pfeilfangnetz-kid-weiss-flammhemmend-h-300cm\\\/#primaryimage\"},\"thumbnailUrl\":\"https:\\\/\\\/bogensportdiscount.ch\\\/wp-content\\\/uploads\\\/bsm-images\\\/A066574_1.jpg\",\"datePublished\":\"2026-04-05T13:02:15+00:00\",\"dateModified\":\"2026-05-14T13:26:43+00:00\",\"description\":\"ERA NET KID WEISS FLAME RETARDANT \\\/ H 300cm x L g\u00fcnstig kaufen bei Bogensportdiscount \u2013 Top-Marken, schneller Versand aus der Schweiz.\",\"breadcrumb\":{\"@id\":\"https:\\\/\\\/bogensportdiscount.ch\\\/produkt\\\/era-pfeilfangnetz-kid-weiss-flammhemmend-h-300cm\\\/#breadcrumb\"},\"inLanguage\":\"fr-FR\",\"potentialAction\":[{\"@type\":\"ReadAction\",\"target\":[\"https:\\\/\\\/bogensportdiscount.ch\\\/produkt\\\/era-pfeilfangnetz-kid-weiss-flammhemmend-h-300cm\\\/\"]}]},{\"@type\":\"ImageObject\",\"inLanguage\":\"fr-FR\",\"@id\":\"https:\\\/\\\/bogensportdiscount.ch\\\/produkt\\\/era-pfeilfangnetz-kid-weiss-flammhemmend-h-300cm\\\/#primaryimage\",\"url\":\"https:\\\/\\\/bogensportdiscount.ch\\\/wp-content\\\/uploads\\\/bsm-images\\\/A066574_1.jpg\",\"contentUrl\":\"https:\\\/\\\/bogensportdiscount.ch\\\/wp-content\\\/uploads\\\/bsm-images\\\/A066574_1.jpg\",\"width\":700,\"height\":466},{\"@type\":\"BreadcrumbList\",\"@id\":\"https:\\\/\\\/bogensportdiscount.ch\\\/produkt\\\/era-pfeilfangnetz-kid-weiss-flammhemmend-h-300cm\\\/#breadcrumb\",\"itemListElement\":[{\"@type\":\"ListItem\",\"position\":1,\"name\":\"Home\",\"item\":\"https:\\\/\\\/bogensportdiscount.ch\\\/\"},{\"@type\":\"ListItem\",\"position\":2,\"name\":\"Shop\",\"item\":\"https:\\\/\\\/bogensportdiscount.ch\\\/shop\\\/\"},{\"@type\":\"ListItem\",\"position\":3,\"name\":\"ERA NET KID WHITE FLAME RETARDANT \\\/ H 300cm x L\"}]},{\"@type\":\"WebSite\",\"@id\":\"https:\\\/\\\/bogensportdiscount.ch\\\/#website\",\"url\":\"https:\\\/\\\/bogensportdiscount.ch\\\/\",\"name\":\"Bogensportdiscount\",\"description\":\"\",\"potentialAction\":[{\"@type\":\"SearchAction\",\"target\":{\"@type\":\"EntryPoint\",\"urlTemplate\":\"https:\\\/\\\/bogensportdiscount.ch\\\/?s={search_term_string}\"},\"query-input\":{\"@type\":\"PropertyValueSpecification\",\"valueRequired\":true,\"valueName\":\"search_term_string\"}}],\"inLanguage\":\"fr-FR\"}]}<\/script>\n<!-- \/ Yoast SEO plugin. -->","yoast_head_json":{"title":"ERA NET KID WEISS FLAME RETARDANT \/ H 300cm x L - Bogensportdiscount \u2013 B\u00f6gen, Pfeile, Targets &amp; Zubeh\u00f6r","description":"ERA NET KID WEISS FLAME RETARDANT \/ H 300cm x L g\u00fcnstig kaufen bei Bogensportdiscount \u2013 Top-Marken, schneller Versand aus der Schweiz.","robots":{"index":"index","follow":"follow","max-snippet":"max-snippet:-1","max-image-preview":"max-image-preview:large","max-video-preview":"max-video-preview:-1"},"canonical":"https:\/\/bogensportdiscount.ch\/fr\/produit\/era-pfeilfangnetz-kid-weiss-flammhemmend-h-300cm\/","og_locale":"fr_FR","og_type":"article","og_title":"ERA NET KID WEISS FLAME RETARDANT \/ H 300cm x L - Bogensportdiscount \u2013 B\u00f6gen, Pfeile, Targets &amp; Zubeh\u00f6r","og_description":"ERA NET KID WEISS FLAME RETARDANT \/ H 300cm x L g\u00fcnstig kaufen bei Bogensportdiscount \u2013 Top-Marken, schneller Versand aus der Schweiz.","og_url":"https:\/\/bogensportdiscount.ch\/fr\/produit\/era-pfeilfangnetz-kid-weiss-flammhemmend-h-300cm\/","og_site_name":"Bogensportdiscount \u2013 B\u00f6gen, Pfeile, Targets &amp; Zubeh\u00f6r","article_modified_time":"2026-05-14T13:26:43+00:00","og_image":[{"width":700,"height":466,"url":"https:\/\/bogensportdiscount.ch\/wp-content\/uploads\/bsm-images\/A066574_1.jpg","type":"image\/jpeg"}],"twitter_card":"summary_large_image","twitter_misc":{"Dur\u00e9e de lecture estim\u00e9e":"1 minute"},"schema":{"@context":"https:\/\/schema.org","@graph":[{"@type":"WebPage","@id":"https:\/\/bogensportdiscount.ch\/produkt\/era-pfeilfangnetz-kid-weiss-flammhemmend-h-300cm\/","url":"https:\/\/bogensportdiscount.ch\/produkt\/era-pfeilfangnetz-kid-weiss-flammhemmend-h-300cm\/","name":"ERA NET KID WEISS FLAME RETARDANT \/ H 300cm x L - Bogensportdiscount \u2013 B\u00f6gen, Pfeile, Targets &amp; Zubeh\u00f6r","isPartOf":{"@id":"https:\/\/bogensportdiscount.ch\/#website"},"primaryImageOfPage":{"@id":"https:\/\/bogensportdiscount.ch\/produkt\/era-pfeilfangnetz-kid-weiss-flammhemmend-h-300cm\/#primaryimage"},"image":{"@id":"https:\/\/bogensportdiscount.ch\/produkt\/era-pfeilfangnetz-kid-weiss-flammhemmend-h-300cm\/#primaryimage"},"thumbnailUrl":"https:\/\/bogensportdiscount.ch\/wp-content\/uploads\/bsm-images\/A066574_1.jpg","datePublished":"2026-04-05T13:02:15+00:00","dateModified":"2026-05-14T13:26:43+00:00","description":"ERA NET KID WEISS FLAME RETARDANT \/ H 300cm x L g\u00fcnstig kaufen bei Bogensportdiscount \u2013 Top-Marken, schneller Versand aus der Schweiz.","breadcrumb":{"@id":"https:\/\/bogensportdiscount.ch\/produkt\/era-pfeilfangnetz-kid-weiss-flammhemmend-h-300cm\/#breadcrumb"},"inLanguage":"fr-FR","potentialAction":[{"@type":"ReadAction","target":["https:\/\/bogensportdiscount.ch\/produkt\/era-pfeilfangnetz-kid-weiss-flammhemmend-h-300cm\/"]}]},{"@type":"ImageObject","inLanguage":"fr-FR","@id":"https:\/\/bogensportdiscount.ch\/produkt\/era-pfeilfangnetz-kid-weiss-flammhemmend-h-300cm\/#primaryimage","url":"https:\/\/bogensportdiscount.ch\/wp-content\/uploads\/bsm-images\/A066574_1.jpg","contentUrl":"https:\/\/bogensportdiscount.ch\/wp-content\/uploads\/bsm-images\/A066574_1.jpg","width":700,"height":466},{"@type":"BreadcrumbList","@id":"https:\/\/bogensportdiscount.ch\/produkt\/era-pfeilfangnetz-kid-weiss-flammhemmend-h-300cm\/#breadcrumb","itemListElement":[{"@type":"ListItem","position":1,"name":"Home","item":"https:\/\/bogensportdiscount.ch\/"},{"@type":"ListItem","position":2,"name":"Shop","item":"https:\/\/bogensportdiscount.ch\/shop\/"},{"@type":"ListItem","position":3,"name":"ERA NET KID WHITE FLAME RETARDANT \/ H 300cm x L"}]},{"@type":"WebSite","@id":"https:\/\/bogensportdiscount.ch\/#website","url":"https:\/\/bogensportdiscount.ch\/","name":"Bogensportdiscount","description":"","potentialAction":[{"@type":"SearchAction","target":{"@type":"EntryPoint","urlTemplate":"https:\/\/bogensportdiscount.ch\/?s={search_term_string}"},"query-input":{"@type":"PropertyValueSpecification","valueRequired":true,"valueName":"search_term_string"}}],"inLanguage":"fr-FR"}]}},"_links":{"self":[{"href":"https:\/\/bogensportdiscount.ch\/fr\/wp-json\/wp\/v2\/product\/410614","targetHints":{"allow":["GET"]}}],"collection":[{"href":"https:\/\/bogensportdiscount.ch\/fr\/wp-json\/wp\/v2\/product"}],"about":[{"href":"https:\/\/bogensportdiscount.ch\/fr\/wp-json\/wp\/v2\/types\/product"}],"replies":[{"embeddable":true,"href":"https:\/\/bogensportdiscount.ch\/fr\/wp-json\/wp\/v2\/comments?post=410614"}],"wp:featuredmedia":[{"embeddable":true,"href":"https:\/\/bogensportdiscount.ch\/fr\/wp-json\/wp\/v2\/media\/524434"}],"wp:attachment":[{"href":"https:\/\/bogensportdiscount.ch\/fr\/wp-json\/wp\/v2\/media?parent=410614"}],"wp:term":[{"taxonomy":"product_brand","embeddable":true,"href":"https:\/\/bogensportdiscount.ch\/fr\/wp-json\/wp\/v2\/product_brand?post=410614"},{"taxonomy":"product_cat","embeddable":true,"href":"https:\/\/bogensportdiscount.ch\/fr\/wp-json\/wp\/v2\/product_cat?post=410614"},{"taxonomy":"product_tag","embeddable":true,"href":"https:\/\/bogensportdiscount.ch\/fr\/wp-json\/wp\/v2\/product_tag?post=410614"}],"curies":[{"name":"wp","href":"https:\/\/api.w.org\/{rel}","templated":true}]}}