{"id":410494,"date":"2026-04-05T15:02:04","date_gmt":"2026-04-05T13:02:04","guid":{"rendered":"https:\/\/bogensportdiscount.ch\/produkt\/limbs-wiawis-mxt-xp-graphene-foam-core-25-66-28-lbs\/"},"modified":"2026-04-17T13:47:52","modified_gmt":"2026-04-17T11:47:52","slug":"wiawis-recurvebogen-wurfarme-mxt-xp-graphene-foam-core-25","status":"publish","type":"product","link":"https:\/\/bogensportdiscount.ch\/fr\/produit\/wiawis-recurvebogen-wurfarme-mxt-xp-graphene-foam-core-25\/","title":{"rendered":"LIMBS WIAWIS MXT-XP GRAPHENE FOAM CORE 25\u2033 LBS"},"content":{"rendered":"<p>Die WIAWIS MXT-XP Graphene Foam Core Wurfarme der 25&#8243;-Serie sind hochwertige Recurvebogen-Wurfarme f\u00fcr anspruchsvolle Sch\u00fctzen. Der Kern aus Graphen-verst\u00e4rktem Schaum sorgt f\u00fcr eine pr\u00e4zise Energie\u00fcbertragung und eine gleichm\u00e4ssige Biegelinie \u00fcber den gesamten Zugweg.<\/p>\n<p>Die Wurfarme sind kompatibel mit 25&#8243;-Mittelteilen und decken mit den verf\u00fcgbaren Bogenl\u00e4ngen 66&#8243;, 68&#8243; und 70&#8243; sowie Zuggewichten von 28 bis 48 lbs ein breites Spektrum an Sch\u00fctzenanforderungen ab \u2013 vom fortgeschrittenen Trainings- bis zum Wettkampfeinsatz.<\/p>\n<ul>\n<li>Graphen-verst\u00e4rkter Schaumkern f\u00fcr optimale Energie\u00fcbertragung<\/li>\n<li>Verf\u00fcgbar in Bogenl\u00e4ngen 66&#8243;, 68&#8243; und 70&#8243;<\/li>\n<li>Zuggewichtsbereich 28\u201348 lbs in 2-lbs-Schritten<\/li>\n<li>Passend f\u00fcr 25&#8243;-Recurvebogen-Mittelteile<\/li>\n<\/ul>","protected":false},"excerpt":{"rendered":"<p><strong>Marque :<\/strong> Wiawis<\/p>","protected":false},"featured_media":439053,"comment_status":"open","ping_status":"closed","template":"","meta":[],"product_brand":[473],"product_cat":[4520],"product_tag":[],"class_list":{"0":"post-410494","1":"product","2":"type-product","3":"status-publish","4":"has-post-thumbnail","6":"product_brand-wiawis","7":"product_cat-recurve-wurfarme-recurve-boegen","9":"first","10":"instock","11":"shipping-taxable","12":"purchasable","13":"product-type-variable"},"_links":{"self":[{"href":"https:\/\/bogensportdiscount.ch\/fr\/wp-json\/wp\/v2\/product\/410494","targetHints":{"allow":["GET"]}}],"collection":[{"href":"https:\/\/bogensportdiscount.ch\/fr\/wp-json\/wp\/v2\/product"}],"about":[{"href":"https:\/\/bogensportdiscount.ch\/fr\/wp-json\/wp\/v2\/types\/product"}],"replies":[{"embeddable":true,"href":"https:\/\/bogensportdiscount.ch\/fr\/wp-json\/wp\/v2\/comments?post=410494"}],"wp:featuredmedia":[{"embeddable":true,"href":"https:\/\/bogensportdiscount.ch\/fr\/wp-json\/wp\/v2\/media\/439053"}],"wp:attachment":[{"href":"https:\/\/bogensportdiscount.ch\/fr\/wp-json\/wp\/v2\/media?parent=410494"}],"wp:term":[{"taxonomy":"product_brand","embeddable":true,"href":"https:\/\/bogensportdiscount.ch\/fr\/wp-json\/wp\/v2\/product_brand?post=410494"},{"taxonomy":"product_cat","embeddable":true,"href":"https:\/\/bogensportdiscount.ch\/fr\/wp-json\/wp\/v2\/product_cat?post=410494"},{"taxonomy":"product_tag","embeddable":true,"href":"https:\/\/bogensportdiscount.ch\/fr\/wp-json\/wp\/v2\/product_tag?post=410494"}],"curies":[{"name":"wp","href":"https:\/\/api.w.org\/{rel}","templated":true}]}}