{"id":410454,"date":"2026-04-05T15:02:00","date_gmt":"2026-04-05T13:02:00","guid":{"rendered":"https:\/\/bogensportdiscount.ch\/produkt\/lancer-novana-medium-wrist-rh\/"},"modified":"2026-04-17T15:42:25","modified_gmt":"2026-04-17T13:42:25","slug":"kinetic-recurve-griff-lancer-novana-2","status":"publish","type":"product","link":"https:\/\/bogensportdiscount.ch\/fr\/produit\/kinetic-recurve-griff-lancer-novana-2\/","title":{"rendered":"KINETIC LANCER\/NOVANA GRIPS IN WOOD"},"content":{"rendered":"<p>Der KINETIC Griff Lancer\/Novana ist ein Ersatz- oder Austauschgriff, der speziell f\u00fcr die KINETIC Recurve-Bogenmodelle Lancer und Novana konzipiert wurde. Er erm\u00f6glicht es, den bestehenden Griff zu ersetzen oder bei Bedarf auszutauschen.<\/p>\n<p>Der Griff ist sowohl f\u00fcr Rechtshand- als auch f\u00fcr Linkshandsch\u00fctzen erh\u00e4ltlich, sodass eine korrekte Handhabung f\u00fcr alle Bogensch\u00fctzen gew\u00e4hrleistet ist.<\/p>\n<ul>\n<li>Passend f\u00fcr KINETIC Lancer und Novana Recurve-B\u00f6gen<\/li>\n<li>Erh\u00e4ltlich in Rechtshand (RH) und Linkshand (LH)<\/li>\n<li>Direkter Ersatz f\u00fcr den Original-Griff<\/li>\n<\/ul>","protected":false},"excerpt":{"rendered":"<p><strong>Marque :<\/strong> Kinetic<\/p>","protected":false},"featured_media":451640,"comment_status":"open","ping_status":"closed","template":"","meta":[],"product_brand":[439],"product_cat":[4201],"product_tag":[],"class_list":{"0":"post-410454","1":"product","2":"type-product","3":"status-publish","4":"has-post-thumbnail","6":"product_brand-kinetic","7":"product_cat-recurve-griffe-griffe-bogen-zubehoer","9":"first","10":"instock","11":"shipping-taxable","12":"purchasable","13":"product-type-variable"},"_links":{"self":[{"href":"https:\/\/bogensportdiscount.ch\/fr\/wp-json\/wp\/v2\/product\/410454","targetHints":{"allow":["GET"]}}],"collection":[{"href":"https:\/\/bogensportdiscount.ch\/fr\/wp-json\/wp\/v2\/product"}],"about":[{"href":"https:\/\/bogensportdiscount.ch\/fr\/wp-json\/wp\/v2\/types\/product"}],"replies":[{"embeddable":true,"href":"https:\/\/bogensportdiscount.ch\/fr\/wp-json\/wp\/v2\/comments?post=410454"}],"wp:featuredmedia":[{"embeddable":true,"href":"https:\/\/bogensportdiscount.ch\/fr\/wp-json\/wp\/v2\/media\/451640"}],"wp:attachment":[{"href":"https:\/\/bogensportdiscount.ch\/fr\/wp-json\/wp\/v2\/media?parent=410454"}],"wp:term":[{"taxonomy":"product_brand","embeddable":true,"href":"https:\/\/bogensportdiscount.ch\/fr\/wp-json\/wp\/v2\/product_brand?post=410454"},{"taxonomy":"product_cat","embeddable":true,"href":"https:\/\/bogensportdiscount.ch\/fr\/wp-json\/wp\/v2\/product_cat?post=410454"},{"taxonomy":"product_tag","embeddable":true,"href":"https:\/\/bogensportdiscount.ch\/fr\/wp-json\/wp\/v2\/product_tag?post=410454"}],"curies":[{"name":"wp","href":"https:\/\/api.w.org\/{rel}","templated":true}]}}