{"id":410411,"date":"2026-04-05T15:01:55","date_gmt":"2026-04-05T13:01:55","guid":{"rendered":"https:\/\/bogensportdiscount.ch\/produkt\/quiver-accessories-parts-insert-hd4-white\/"},"modified":"2026-05-14T15:26:42","modified_gmt":"2026-05-14T13:26:42","slug":"mathews-koecherzubehoer-insert-hd4","status":"publish","type":"product","link":"https:\/\/bogensportdiscount.ch\/fr\/produit\/mathews-koecherzubehoer-insert-hd4\/","title":{"rendered":"MATHEWS ACCESSOIRES &#038; PI\u00c8CES POUR CARQUOIS EINSATZ HD4"},"content":{"rendered":"<p>Le Mathews Insert HD4 est un accessoire pour carquois sp\u00e9cialement d\u00e9velopp\u00e9 pour \u00eatre utilis\u00e9 avec les carquois MATHEWS compatibles. Il compl\u00e8te ou remplace les inserts existants et permet une personnalisation du carquois.<\/p>\n<p>L'insert est disponible dans un large choix de couleurs \u2013 notamment Blue, Green, Grey, Orange, Pink, Purple, Red, Tan, White et Yellow \u2013 et peut ainsi \u00eatre assorti visuellement \u00e0 l'\u00e9quipement personnel.<\/p>\n<ul>\n<li>Compatible avec les syst\u00e8mes de carquois MATHEWS compatibles<\/li>\n<li>Disponible en 10 couleurs diff\u00e9rentes<\/li>\n<li>Convient comme pi\u00e8ce de rechange ou d&#x27;extension<\/li>\n<li>Montage facile<\/li>\n<\/ul>","protected":false},"excerpt":{"rendered":"<table>\n<tr>\n<th>Propri\u00e9t\u00e9<\/th>\n<th>Valeur<\/th>\n<\/tr>\n<tr>\n<td>Marque<\/td>\n<td>Mathews<\/td>\n<\/tr>\n<tr>\n<td>Pays d'origine<\/td>\n<td>USA<\/td>\n<\/tr>\n<\/table>","protected":false},"featured_media":451633,"comment_status":"open","ping_status":"closed","template":"","meta":[],"product_brand":[427],"product_cat":[4164],"product_tag":[],"class_list":{"0":"post-410411","1":"product","2":"type-product","3":"status-publish","4":"has-post-thumbnail","6":"product_brand-mathews","7":"product_cat-zubehoer-einzelteile","8":"product_shipping_class-bsd-standard","10":"first","11":"instock","12":"shipping-taxable","13":"purchasable","14":"product-type-variable"},"yoast_head":"<!-- This site is optimized with the Yoast SEO plugin v27.6 - https:\/\/yoast.com\/product\/yoast-seo-wordpress\/ -->\n<title>BUCKTRAIL GANTS DE TIR GRACE PLUS AVEC BOUTS DE DOIGTS CORDURA RENFORC\u00c9S XS \u00e0 prix avantageux chez Bogensportdiscount \u2013 Top marques, livraison rapide depuis la Suisse.<\/title>\n<meta name=\"description\" content=\"\u00ab MATHEWS MODULES NC-HTR \/ HL \u00bb \u2014 Bogensportdiscount \u2013 Arcs, fl\u00e8ches, cibles &amp; accessoires\" \/>\n<meta name=\"robots\" content=\"index, follow, max-snippet:-1, max-image-preview:large, max-video-preview:-1\" \/>\n<link rel=\"canonical\" href=\"https:\/\/bogensportdiscount.ch\/fr\/produit\/mathews-koecherzubehoer-insert-hd4\/\" \/>\n<meta property=\"og:locale\" content=\"fr_FR\" \/>\n<meta property=\"og:type\" content=\"article\" \/>\n<meta property=\"og:title\" content=\"BUCKTRAIL GANTS DE TIR GRACE PLUS AVEC BOUTS DE DOIGTS CORDURA RENFORC\u00c9S XS \u00e0 prix avantageux chez Bogensportdiscount \u2013 Top marques, livraison rapide depuis la Suisse.\" \/>\n<meta property=\"og:description\" content=\"\u00ab MATHEWS MODULES NC-HTR \/ HL \u00bb \u2014 Bogensportdiscount \u2013 Arcs, fl\u00e8ches, cibles &amp; accessoires\" \/>\n<meta property=\"og:url\" content=\"https:\/\/bogensportdiscount.ch\/fr\/produit\/mathews-koecherzubehoer-insert-hd4\/\" \/>\n<meta property=\"og:site_name\" content=\"Bogensportdiscount \u2013 B\u00f6gen, Pfeile, Targets &amp; Zubeh\u00f6r\" \/>\n<meta property=\"article:modified_time\" content=\"2026-05-14T13:26:42+00:00\" \/>\n<meta property=\"og:image\" content=\"https:\/\/bogensportdiscount.ch\/wp-content\/uploads\/bsm-images\/A064783_1.png\" \/>\n\t<meta property=\"og:image:width\" content=\"2717\" \/>\n\t<meta property=\"og:image:height\" content=\"1074\" \/>\n\t<meta property=\"og:image:type\" content=\"image\/png\" \/>\n<meta name=\"twitter:card\" content=\"summary_large_image\" \/>\n<script type=\"application\/ld+json\" class=\"yoast-schema-graph\">{\"@context\":\"https:\\\/\\\/schema.org\",\"@graph\":[{\"@type\":\"WebPage\",\"@id\":\"https:\\\/\\\/bogensportdiscount.ch\\\/produkt\\\/mathews-koecherzubehoer-insert-hd4\\\/\",\"url\":\"https:\\\/\\\/bogensportdiscount.ch\\\/produkt\\\/mathews-koecherzubehoer-insert-hd4\\\/\",\"name\":\"MATHEWS K\u00d6CHER ZUBEH\u00d6R & TEILE EINSATZ HD4 - Bogensportdiscount \u2013 B\u00f6gen, Pfeile, Targets &amp; Zubeh\u00f6r\",\"isPartOf\":{\"@id\":\"https:\\\/\\\/bogensportdiscount.ch\\\/#website\"},\"primaryImageOfPage\":{\"@id\":\"https:\\\/\\\/bogensportdiscount.ch\\\/produkt\\\/mathews-koecherzubehoer-insert-hd4\\\/#primaryimage\"},\"image\":{\"@id\":\"https:\\\/\\\/bogensportdiscount.ch\\\/produkt\\\/mathews-koecherzubehoer-insert-hd4\\\/#primaryimage\"},\"thumbnailUrl\":\"https:\\\/\\\/bogensportdiscount.ch\\\/wp-content\\\/uploads\\\/bsm-images\\\/A064783_1.png\",\"datePublished\":\"2026-04-05T13:01:55+00:00\",\"dateModified\":\"2026-05-14T13:26:42+00:00\",\"description\":\"MATHEWS K\u00d6CHER ZUBEH\u00d6R & TEILE EINSATZ HD4 g\u00fcnstig kaufen bei Bogensportdiscount \u2013 Top-Marken, schneller Versand aus der Schweiz.\",\"breadcrumb\":{\"@id\":\"https:\\\/\\\/bogensportdiscount.ch\\\/produkt\\\/mathews-koecherzubehoer-insert-hd4\\\/#breadcrumb\"},\"inLanguage\":\"fr-FR\",\"potentialAction\":[{\"@type\":\"ReadAction\",\"target\":[\"https:\\\/\\\/bogensportdiscount.ch\\\/produkt\\\/mathews-koecherzubehoer-insert-hd4\\\/\"]}]},{\"@type\":\"ImageObject\",\"inLanguage\":\"fr-FR\",\"@id\":\"https:\\\/\\\/bogensportdiscount.ch\\\/produkt\\\/mathews-koecherzubehoer-insert-hd4\\\/#primaryimage\",\"url\":\"https:\\\/\\\/bogensportdiscount.ch\\\/wp-content\\\/uploads\\\/bsm-images\\\/A064783_1.png\",\"contentUrl\":\"https:\\\/\\\/bogensportdiscount.ch\\\/wp-content\\\/uploads\\\/bsm-images\\\/A064783_1.png\",\"width\":2717,\"height\":1074},{\"@type\":\"BreadcrumbList\",\"@id\":\"https:\\\/\\\/bogensportdiscount.ch\\\/produkt\\\/mathews-koecherzubehoer-insert-hd4\\\/#breadcrumb\",\"itemListElement\":[{\"@type\":\"ListItem\",\"position\":1,\"name\":\"Home\",\"item\":\"https:\\\/\\\/bogensportdiscount.ch\\\/\"},{\"@type\":\"ListItem\",\"position\":2,\"name\":\"Shop\",\"item\":\"https:\\\/\\\/bogensportdiscount.ch\\\/shop\\\/\"},{\"@type\":\"ListItem\",\"position\":3,\"name\":\"MATHEWS KOECHER ZUBEHOER &#038; TEILE EINSATZ HD4\"}]},{\"@type\":\"WebSite\",\"@id\":\"https:\\\/\\\/bogensportdiscount.ch\\\/#website\",\"url\":\"https:\\\/\\\/bogensportdiscount.ch\\\/\",\"name\":\"Bogensportdiscount\",\"description\":\"\",\"potentialAction\":[{\"@type\":\"SearchAction\",\"target\":{\"@type\":\"EntryPoint\",\"urlTemplate\":\"https:\\\/\\\/bogensportdiscount.ch\\\/?s={search_term_string}\"},\"query-input\":{\"@type\":\"PropertyValueSpecification\",\"valueRequired\":true,\"valueName\":\"search_term_string\"}}],\"inLanguage\":\"fr-FR\"}]}<\/script>\n<!-- \/ Yoast SEO plugin. -->","yoast_head_json":{"title":"BUCKTRAIL GANTS DE TIR GRACE PLUS AVEC BOUTS DE DOIGTS CORDURA RENFORC\u00c9S XS \u00e0 prix avantageux chez Bogensportdiscount \u2013 Top marques, livraison rapide depuis la Suisse.","description":"\u00ab MATHEWS MODULES NC-HTR \/ HL \u00bb \u2014 Bogensportdiscount \u2013 Arcs, fl\u00e8ches, cibles & accessoires","robots":{"index":"index","follow":"follow","max-snippet":"max-snippet:-1","max-image-preview":"max-image-preview:large","max-video-preview":"max-video-preview:-1"},"canonical":"https:\/\/bogensportdiscount.ch\/fr\/produit\/mathews-koecherzubehoer-insert-hd4\/","og_locale":"fr_FR","og_type":"article","og_title":"BUCKTRAIL GANTS DE TIR GRACE PLUS AVEC BOUTS DE DOIGTS CORDURA RENFORC\u00c9S XS \u00e0 prix avantageux chez Bogensportdiscount \u2013 Top marques, livraison rapide depuis la Suisse.","og_description":"\u00ab MATHEWS MODULES NC-HTR \/ HL \u00bb \u2014 Bogensportdiscount \u2013 Arcs, fl\u00e8ches, cibles & accessoires","og_url":"https:\/\/bogensportdiscount.ch\/fr\/produit\/mathews-koecherzubehoer-insert-hd4\/","og_site_name":"Bogensportdiscount \u2013 B\u00f6gen, Pfeile, Targets &amp; Zubeh\u00f6r","article_modified_time":"2026-05-14T13:26:42+00:00","og_image":[{"url":"https:\/\/bogensportdiscount.ch\/wp-content\/uploads\/bsm-images\/A064783_1.png","width":2717,"height":1074,"type":"image\/png"}],"twitter_card":"summary_large_image","schema":{"@context":"https:\/\/schema.org","@graph":[{"@type":"WebPage","@id":"https:\/\/bogensportdiscount.ch\/produkt\/mathews-koecherzubehoer-insert-hd4\/","url":"https:\/\/bogensportdiscount.ch\/produkt\/mathews-koecherzubehoer-insert-hd4\/","name":"BUCKTRAIL GANTS DE TIR GRACE PLUS AVEC BOUTS DE DOIGTS CORDURA RENFORC\u00c9S XS \u00e0 prix avantageux chez Bogensportdiscount \u2013 Top marques, livraison rapide depuis la Suisse.","isPartOf":{"@id":"https:\/\/bogensportdiscount.ch\/#website"},"primaryImageOfPage":{"@id":"https:\/\/bogensportdiscount.ch\/produkt\/mathews-koecherzubehoer-insert-hd4\/#primaryimage"},"image":{"@id":"https:\/\/bogensportdiscount.ch\/produkt\/mathews-koecherzubehoer-insert-hd4\/#primaryimage"},"thumbnailUrl":"https:\/\/bogensportdiscount.ch\/wp-content\/uploads\/bsm-images\/A064783_1.png","datePublished":"2026-04-05T13:01:55+00:00","dateModified":"2026-05-14T13:26:42+00:00","description":"\u00ab MATHEWS MODULES NC-HTR \/ HL \u00bb \u2014 Bogensportdiscount \u2013 Arcs, fl\u00e8ches, cibles &amp; accessoires","breadcrumb":{"@id":"https:\/\/bogensportdiscount.ch\/produkt\/mathews-koecherzubehoer-insert-hd4\/#breadcrumb"},"inLanguage":"fr-FR","potentialAction":[{"@type":"ReadAction","target":["https:\/\/bogensportdiscount.ch\/produkt\/mathews-koecherzubehoer-insert-hd4\/"]}]},{"@type":"ImageObject","inLanguage":"fr-FR","@id":"https:\/\/bogensportdiscount.ch\/produkt\/mathews-koecherzubehoer-insert-hd4\/#primaryimage","url":"https:\/\/bogensportdiscount.ch\/wp-content\/uploads\/bsm-images\/A064783_1.png","contentUrl":"https:\/\/bogensportdiscount.ch\/wp-content\/uploads\/bsm-images\/A064783_1.png","width":2717,"height":1074},{"@type":"BreadcrumbList","@id":"https:\/\/bogensportdiscount.ch\/produkt\/mathews-koecherzubehoer-insert-hd4\/#breadcrumb","itemListElement":[{"@type":"ListItem","position":1,"name":"Home","item":"https:\/\/bogensportdiscount.ch\/"},{"@type":"ListItem","position":2,"name":"Shop","item":"https:\/\/bogensportdiscount.ch\/shop\/"},{"@type":"ListItem","position":3,"name":"MATHEWS KOECHER ZUBEHOER &#038; TEILE EINSATZ HD4"}]},{"@type":"WebSite","@id":"https:\/\/bogensportdiscount.ch\/#website","url":"https:\/\/bogensportdiscount.ch\/","name":"Bogensportdiscount","description":"","potentialAction":[{"@type":"SearchAction","target":{"@type":"EntryPoint","urlTemplate":"https:\/\/bogensportdiscount.ch\/?s={search_term_string}"},"query-input":{"@type":"PropertyValueSpecification","valueRequired":true,"valueName":"search_term_string"}}],"inLanguage":"fr-FR"}]}},"_links":{"self":[{"href":"https:\/\/bogensportdiscount.ch\/fr\/wp-json\/wp\/v2\/product\/410411","targetHints":{"allow":["GET"]}}],"collection":[{"href":"https:\/\/bogensportdiscount.ch\/fr\/wp-json\/wp\/v2\/product"}],"about":[{"href":"https:\/\/bogensportdiscount.ch\/fr\/wp-json\/wp\/v2\/types\/product"}],"replies":[{"embeddable":true,"href":"https:\/\/bogensportdiscount.ch\/fr\/wp-json\/wp\/v2\/comments?post=410411"}],"wp:featuredmedia":[{"embeddable":true,"href":"https:\/\/bogensportdiscount.ch\/fr\/wp-json\/wp\/v2\/media\/451633"}],"wp:attachment":[{"href":"https:\/\/bogensportdiscount.ch\/fr\/wp-json\/wp\/v2\/media?parent=410411"}],"wp:term":[{"taxonomy":"product_brand","embeddable":true,"href":"https:\/\/bogensportdiscount.ch\/fr\/wp-json\/wp\/v2\/product_brand?post=410411"},{"taxonomy":"product_cat","embeddable":true,"href":"https:\/\/bogensportdiscount.ch\/fr\/wp-json\/wp\/v2\/product_cat?post=410411"},{"taxonomy":"product_tag","embeddable":true,"href":"https:\/\/bogensportdiscount.ch\/fr\/wp-json\/wp\/v2\/product_tag?post=410411"}],"curies":[{"name":"wp","href":"https:\/\/api.w.org\/{rel}","templated":true}]}}