{"id":410370,"date":"2026-04-05T15:01:51","date_gmt":"2026-04-05T13:01:51","guid":{"rendered":"https:\/\/bogensportdiscount.ch\/produkt\/compound-package-t1-deluxe-rotating-mod-20-60lbs-19-30-rh-anodized-black\/"},"modified":"2026-05-14T15:26:42","modified_gmt":"2026-05-14T13:26:42","slug":"topoint-compound-set-t1-deluxe-rotating-mod-20-60-lbs","status":"publish","type":"product","link":"https:\/\/bogensportdiscount.ch\/fr\/produit\/topoint-compound-set-t1-deluxe-rotating-mod-20-60-lbs\/","title":{"rendered":"TOPOINT ARC \u00c0 POULIES KIT T1 DELUXE \/ ROTATING MOD 20-60LBS \/ 19&#8243;-30&#8243;"},"content":{"rendered":"<p>Le kit arc \u00e0 poulies TOPOINT T1 Deluxe est un ensemble complet pour d\u00e9butants et archers avanc\u00e9s autour de l'arc \u00e0 poulies T1. Avec une plage de puissance de 20 \u00e0 60 lbs et une allonge de 19 \u00e0 30 pouces, l'arc couvre un large \u00e9ventail de profils d'archers \u2013 du jeune au adulte.<\/p>\n<p>Le Rotating Mod permet un ajustement facile de l'allonge sans changement d'outil fastidieux. Le cadre en aluminium avec un entre-axes de 31 pouces et une brace height de 7 pouces assure un \u00e9quilibre entre maniabilit\u00e9 et stabilit\u00e9 de tir. Le let-off de 75 % soulage consid\u00e9rablement l'archer lors du maintien de l'allonge.<\/p>\n<ul>\n<li>Puissance r\u00e9glable en continu de 20 \u00e0 60 lbs<\/li>\n<li>Allonge 19&#8243;\u201330&#8243; ajustable via le Rotating Mod<\/li>\n<li>Disponible pour droitiers et gauchers<\/li>\n<li>Choix parmi quatre variantes de couleur : Anodized Black, Camo, Green, Grey<\/li>\n<\/ul>","protected":false},"excerpt":{"rendered":"<table>\n<tr>\n<th>Propri\u00e9t\u00e9<\/th>\n<th>Valeur<\/th>\n<\/tr>\n<tr>\n<td>Entre-axes<\/td>\n<td>31 pouces<\/td>\n<\/tr>\n<tr>\n<td>Brace Height<\/td>\n<td>7 pouces<\/td>\n<\/tr>\n<tr>\n<td>Module<\/td>\n<td>Rotating Mod<\/td>\n<\/tr>\n<tr>\n<td>Poids de traction<\/td>\n<td>20\u201360 lbs<\/td>\n<\/tr>\n<tr>\n<td>Longueur de tirage<\/td>\n<td>19&#8243;\u201330&#8243;<\/td>\n<\/tr>\n<tr>\n<td>Let-Off<\/td>\n<td>75 %<\/td>\n<\/tr>\n<tr>\n<td>Mat\u00e9riau<\/td>\n<td>Aluminium<\/td>\n<\/tr>\n<tr>\n<td>Mains disponibles<\/td>\n<td>Main droite \/ Main gauche<\/td>\n<\/tr>\n<tr>\n<td>Couleurs<\/td>\n<td>Anodized Black, Camo, Green, Grey<\/td>\n<\/tr>\n<\/table>","protected":false},"featured_media":451627,"comment_status":"open","ping_status":"closed","template":"","meta":[],"product_brand":[436],"product_cat":[4525],"product_tag":[],"class_list":{"0":"post-410370","1":"product","2":"type-product","3":"status-publish","4":"has-post-thumbnail","6":"product_brand-topoint","7":"product_cat-compound-boegen-sets","8":"product_shipping_class-bsd-standard","10":"first","11":"instock","12":"shipping-taxable","13":"purchasable","14":"product-type-variable"},"yoast_head":"<!-- This site is optimized with the Yoast SEO plugin v27.6 - https:\/\/yoast.com\/product\/yoast-seo-wordpress\/ -->\n<title>TOPOINT COMPOUNDBOGEN PAKET T1 DELUXE \/ ROTATING MOD 20-60LBS \/ 19&quot;-30&quot; - Bogensportdiscount \u2013 B\u00f6gen, Pfeile, Targets &amp; Zubeh\u00f6r<\/title>\n<meta name=\"description\" content=\"TOPOINT COMPOUNDBOGEN PAKET T1 DELUXE \/ ROTATING MOD 20-60LBS \/ 19&quot;-30&quot; g\u00fcnstig kaufen bei Bogensportdiscount \u2013 Top-Marken, schneller Versand aus der Schweiz.\" \/>\n<meta name=\"robots\" content=\"index, follow, max-snippet:-1, max-image-preview:large, max-video-preview:-1\" \/>\n<link rel=\"canonical\" href=\"https:\/\/bogensportdiscount.ch\/fr\/produit\/topoint-compound-set-t1-deluxe-rotating-mod-20-60-lbs\/\" \/>\n<meta property=\"og:locale\" content=\"fr_FR\" \/>\n<meta property=\"og:type\" content=\"article\" \/>\n<meta property=\"og:title\" content=\"TOPOINT COMPOUNDBOGEN PAKET T1 DELUXE \/ ROTATING MOD 20-60LBS \/ 19&quot;-30&quot; - Bogensportdiscount \u2013 B\u00f6gen, Pfeile, Targets &amp; Zubeh\u00f6r\" \/>\n<meta property=\"og:description\" content=\"TOPOINT COMPOUNDBOGEN PAKET T1 DELUXE \/ ROTATING MOD 20-60LBS \/ 19&quot;-30&quot; g\u00fcnstig kaufen bei Bogensportdiscount \u2013 Top-Marken, schneller Versand aus der Schweiz.\" \/>\n<meta property=\"og:url\" content=\"https:\/\/bogensportdiscount.ch\/fr\/produit\/topoint-compound-set-t1-deluxe-rotating-mod-20-60-lbs\/\" \/>\n<meta property=\"og:site_name\" content=\"Bogensportdiscount \u2013 B\u00f6gen, Pfeile, Targets &amp; Zubeh\u00f6r\" \/>\n<meta property=\"article:modified_time\" content=\"2026-05-14T13:26:42+00:00\" \/>\n<meta property=\"og:image\" content=\"https:\/\/bogensportdiscount.ch\/wp-content\/uploads\/bsm-images\/A064730_1.jpg\" \/>\n\t<meta property=\"og:image:width\" content=\"1500\" \/>\n\t<meta property=\"og:image:height\" content=\"1500\" \/>\n\t<meta property=\"og:image:type\" content=\"image\/jpeg\" \/>\n<meta name=\"twitter:card\" content=\"summary_large_image\" \/>\n<meta name=\"twitter:label1\" content=\"Dur\u00e9e de lecture estim\u00e9e\" \/>\n\t<meta name=\"twitter:data1\" content=\"1 minute\" \/>\n<script type=\"application\/ld+json\" class=\"yoast-schema-graph\">{\"@context\":\"https:\\\/\\\/schema.org\",\"@graph\":[{\"@type\":\"WebPage\",\"@id\":\"https:\\\/\\\/bogensportdiscount.ch\\\/produkt\\\/topoint-compound-set-t1-deluxe-rotating-mod-20-60-lbs\\\/\",\"url\":\"https:\\\/\\\/bogensportdiscount.ch\\\/produkt\\\/topoint-compound-set-t1-deluxe-rotating-mod-20-60-lbs\\\/\",\"name\":\"TOPOINT COMPOUNDBOGEN PAKET T1 DELUXE \\\/ ROTATING MOD 20-60LBS \\\/ 19\\\"-30\\\" - Bogensportdiscount \u2013 B\u00f6gen, Pfeile, Targets &amp; Zubeh\u00f6r\",\"isPartOf\":{\"@id\":\"https:\\\/\\\/bogensportdiscount.ch\\\/#website\"},\"primaryImageOfPage\":{\"@id\":\"https:\\\/\\\/bogensportdiscount.ch\\\/produkt\\\/topoint-compound-set-t1-deluxe-rotating-mod-20-60-lbs\\\/#primaryimage\"},\"image\":{\"@id\":\"https:\\\/\\\/bogensportdiscount.ch\\\/produkt\\\/topoint-compound-set-t1-deluxe-rotating-mod-20-60-lbs\\\/#primaryimage\"},\"thumbnailUrl\":\"https:\\\/\\\/bogensportdiscount.ch\\\/wp-content\\\/uploads\\\/bsm-images\\\/A064730_1.jpg\",\"datePublished\":\"2026-04-05T13:01:51+00:00\",\"dateModified\":\"2026-05-14T13:26:42+00:00\",\"description\":\"TOPOINT COMPOUNDBOGEN PAKET T1 DELUXE \\\/ ROTATING MOD 20-60LBS \\\/ 19\\\"-30\\\" g\u00fcnstig kaufen bei Bogensportdiscount \u2013 Top-Marken, schneller Versand aus der Schweiz.\",\"breadcrumb\":{\"@id\":\"https:\\\/\\\/bogensportdiscount.ch\\\/produkt\\\/topoint-compound-set-t1-deluxe-rotating-mod-20-60-lbs\\\/#breadcrumb\"},\"inLanguage\":\"fr-FR\",\"potentialAction\":[{\"@type\":\"ReadAction\",\"target\":[\"https:\\\/\\\/bogensportdiscount.ch\\\/produkt\\\/topoint-compound-set-t1-deluxe-rotating-mod-20-60-lbs\\\/\"]}]},{\"@type\":\"ImageObject\",\"inLanguage\":\"fr-FR\",\"@id\":\"https:\\\/\\\/bogensportdiscount.ch\\\/produkt\\\/topoint-compound-set-t1-deluxe-rotating-mod-20-60-lbs\\\/#primaryimage\",\"url\":\"https:\\\/\\\/bogensportdiscount.ch\\\/wp-content\\\/uploads\\\/bsm-images\\\/A064730_1.jpg\",\"contentUrl\":\"https:\\\/\\\/bogensportdiscount.ch\\\/wp-content\\\/uploads\\\/bsm-images\\\/A064730_1.jpg\",\"width\":1500,\"height\":1500},{\"@type\":\"BreadcrumbList\",\"@id\":\"https:\\\/\\\/bogensportdiscount.ch\\\/produkt\\\/topoint-compound-set-t1-deluxe-rotating-mod-20-60-lbs\\\/#breadcrumb\",\"itemListElement\":[{\"@type\":\"ListItem\",\"position\":1,\"name\":\"Home\",\"item\":\"https:\\\/\\\/bogensportdiscount.ch\\\/\"},{\"@type\":\"ListItem\",\"position\":2,\"name\":\"Shop\",\"item\":\"https:\\\/\\\/bogensportdiscount.ch\\\/shop\\\/\"},{\"@type\":\"ListItem\",\"position\":3,\"name\":\"TOPOINT COMPOUND PACKAGE T1 DELUXE \\\/ ROTATING MOD 20-60LBS \\\/ 19&#8243;-30&#8243;\"}]},{\"@type\":\"WebSite\",\"@id\":\"https:\\\/\\\/bogensportdiscount.ch\\\/#website\",\"url\":\"https:\\\/\\\/bogensportdiscount.ch\\\/\",\"name\":\"Bogensportdiscount\",\"description\":\"\",\"potentialAction\":[{\"@type\":\"SearchAction\",\"target\":{\"@type\":\"EntryPoint\",\"urlTemplate\":\"https:\\\/\\\/bogensportdiscount.ch\\\/?s={search_term_string}\"},\"query-input\":{\"@type\":\"PropertyValueSpecification\",\"valueRequired\":true,\"valueName\":\"search_term_string\"}}],\"inLanguage\":\"fr-FR\"}]}<\/script>\n<!-- \/ Yoast SEO plugin. -->","yoast_head_json":{"title":"TOPOINT COMPOUNDBOGEN PAKET T1 DELUXE \/ ROTATING MOD 20-60LBS \/ 19\"-30\" - Bogensportdiscount \u2013 B\u00f6gen, Pfeile, Targets &amp; Zubeh\u00f6r","description":"TOPOINT COMPOUNDBOGEN PAKET T1 DELUXE \/ ROTATING MOD 20-60LBS \/ 19\"-30\" g\u00fcnstig kaufen bei Bogensportdiscount \u2013 Top-Marken, schneller Versand aus der Schweiz.","robots":{"index":"index","follow":"follow","max-snippet":"max-snippet:-1","max-image-preview":"max-image-preview:large","max-video-preview":"max-video-preview:-1"},"canonical":"https:\/\/bogensportdiscount.ch\/fr\/produit\/topoint-compound-set-t1-deluxe-rotating-mod-20-60-lbs\/","og_locale":"fr_FR","og_type":"article","og_title":"TOPOINT COMPOUNDBOGEN PAKET T1 DELUXE \/ ROTATING MOD 20-60LBS \/ 19\"-30\" - Bogensportdiscount \u2013 B\u00f6gen, Pfeile, Targets &amp; Zubeh\u00f6r","og_description":"TOPOINT COMPOUNDBOGEN PAKET T1 DELUXE \/ ROTATING MOD 20-60LBS \/ 19\"-30\" g\u00fcnstig kaufen bei Bogensportdiscount \u2013 Top-Marken, schneller Versand aus der Schweiz.","og_url":"https:\/\/bogensportdiscount.ch\/fr\/produit\/topoint-compound-set-t1-deluxe-rotating-mod-20-60-lbs\/","og_site_name":"Bogensportdiscount \u2013 B\u00f6gen, Pfeile, Targets &amp; Zubeh\u00f6r","article_modified_time":"2026-05-14T13:26:42+00:00","og_image":[{"width":1500,"height":1500,"url":"https:\/\/bogensportdiscount.ch\/wp-content\/uploads\/bsm-images\/A064730_1.jpg","type":"image\/jpeg"}],"twitter_card":"summary_large_image","twitter_misc":{"Dur\u00e9e de lecture estim\u00e9e":"1 minute"},"schema":{"@context":"https:\/\/schema.org","@graph":[{"@type":"WebPage","@id":"https:\/\/bogensportdiscount.ch\/produkt\/topoint-compound-set-t1-deluxe-rotating-mod-20-60-lbs\/","url":"https:\/\/bogensportdiscount.ch\/produkt\/topoint-compound-set-t1-deluxe-rotating-mod-20-60-lbs\/","name":"TOPOINT COMPOUNDBOGEN PAKET T1 DELUXE \/ ROTATING MOD 20-60LBS \/ 19\"-30\" - Bogensportdiscount \u2013 B\u00f6gen, Pfeile, Targets &amp; Zubeh\u00f6r","isPartOf":{"@id":"https:\/\/bogensportdiscount.ch\/#website"},"primaryImageOfPage":{"@id":"https:\/\/bogensportdiscount.ch\/produkt\/topoint-compound-set-t1-deluxe-rotating-mod-20-60-lbs\/#primaryimage"},"image":{"@id":"https:\/\/bogensportdiscount.ch\/produkt\/topoint-compound-set-t1-deluxe-rotating-mod-20-60-lbs\/#primaryimage"},"thumbnailUrl":"https:\/\/bogensportdiscount.ch\/wp-content\/uploads\/bsm-images\/A064730_1.jpg","datePublished":"2026-04-05T13:01:51+00:00","dateModified":"2026-05-14T13:26:42+00:00","description":"TOPOINT COMPOUNDBOGEN PAKET T1 DELUXE \/ ROTATING MOD 20-60LBS \/ 19\"-30\" g\u00fcnstig kaufen bei Bogensportdiscount \u2013 Top-Marken, schneller Versand aus der Schweiz.","breadcrumb":{"@id":"https:\/\/bogensportdiscount.ch\/produkt\/topoint-compound-set-t1-deluxe-rotating-mod-20-60-lbs\/#breadcrumb"},"inLanguage":"fr-FR","potentialAction":[{"@type":"ReadAction","target":["https:\/\/bogensportdiscount.ch\/produkt\/topoint-compound-set-t1-deluxe-rotating-mod-20-60-lbs\/"]}]},{"@type":"ImageObject","inLanguage":"fr-FR","@id":"https:\/\/bogensportdiscount.ch\/produkt\/topoint-compound-set-t1-deluxe-rotating-mod-20-60-lbs\/#primaryimage","url":"https:\/\/bogensportdiscount.ch\/wp-content\/uploads\/bsm-images\/A064730_1.jpg","contentUrl":"https:\/\/bogensportdiscount.ch\/wp-content\/uploads\/bsm-images\/A064730_1.jpg","width":1500,"height":1500},{"@type":"BreadcrumbList","@id":"https:\/\/bogensportdiscount.ch\/produkt\/topoint-compound-set-t1-deluxe-rotating-mod-20-60-lbs\/#breadcrumb","itemListElement":[{"@type":"ListItem","position":1,"name":"Home","item":"https:\/\/bogensportdiscount.ch\/"},{"@type":"ListItem","position":2,"name":"Shop","item":"https:\/\/bogensportdiscount.ch\/shop\/"},{"@type":"ListItem","position":3,"name":"TOPOINT COMPOUND PACKAGE T1 DELUXE \/ ROTATING MOD 20-60LBS \/ 19&#8243;-30&#8243;"}]},{"@type":"WebSite","@id":"https:\/\/bogensportdiscount.ch\/#website","url":"https:\/\/bogensportdiscount.ch\/","name":"Bogensportdiscount","description":"","potentialAction":[{"@type":"SearchAction","target":{"@type":"EntryPoint","urlTemplate":"https:\/\/bogensportdiscount.ch\/?s={search_term_string}"},"query-input":{"@type":"PropertyValueSpecification","valueRequired":true,"valueName":"search_term_string"}}],"inLanguage":"fr-FR"}]}},"_links":{"self":[{"href":"https:\/\/bogensportdiscount.ch\/fr\/wp-json\/wp\/v2\/product\/410370","targetHints":{"allow":["GET"]}}],"collection":[{"href":"https:\/\/bogensportdiscount.ch\/fr\/wp-json\/wp\/v2\/product"}],"about":[{"href":"https:\/\/bogensportdiscount.ch\/fr\/wp-json\/wp\/v2\/types\/product"}],"replies":[{"embeddable":true,"href":"https:\/\/bogensportdiscount.ch\/fr\/wp-json\/wp\/v2\/comments?post=410370"}],"wp:featuredmedia":[{"embeddable":true,"href":"https:\/\/bogensportdiscount.ch\/fr\/wp-json\/wp\/v2\/media\/451627"}],"wp:attachment":[{"href":"https:\/\/bogensportdiscount.ch\/fr\/wp-json\/wp\/v2\/media?parent=410370"}],"wp:term":[{"taxonomy":"product_brand","embeddable":true,"href":"https:\/\/bogensportdiscount.ch\/fr\/wp-json\/wp\/v2\/product_brand?post=410370"},{"taxonomy":"product_cat","embeddable":true,"href":"https:\/\/bogensportdiscount.ch\/fr\/wp-json\/wp\/v2\/product_cat?post=410370"},{"taxonomy":"product_tag","embeddable":true,"href":"https:\/\/bogensportdiscount.ch\/fr\/wp-json\/wp\/v2\/product_tag?post=410370"}],"curies":[{"name":"wp","href":"https:\/\/api.w.org\/{rel}","templated":true}]}}