{"id":410296,"date":"2026-04-05T15:01:44","date_gmt":"2026-04-05T13:01:44","guid":{"rendered":"https:\/\/bogensportdiscount.ch\/produkt\/bow-quiver-pivot-lite-2-piece-5-arrow-rh-black\/"},"modified":"2026-05-14T15:26:41","modified_gmt":"2026-05-14T13:26:41","slug":"tightspot-bogenkoecher-pivot-lite-2-teilig-5-pfeile","status":"publish","type":"product","link":"https:\/\/bogensportdiscount.ch\/fr\/produit\/tightspot-bogenkoecher-pivot-lite-2-teilig-5-pfeile\/","title":{"rendered":"TIGHTSPOT CARQUOIS ARC PIVOT LITE 2 PARTIES 5 FL\u00c8CHES"},"content":{"rendered":"<p>Le TIGHTSPOT Pivot Lite est un carquois mont\u00e9 sur l'arc pour 5 fl\u00e8ches, en design deux parties. La conception en deux parties permet un montage et un d\u00e9montage ais\u00e9s sur l'arc, ce qui le rend particuli\u00e8rement adapt\u00e9 \u00e0 la chasse et au tir 3D \u00e0 l'arc.<\/p>\n<p>Le carquois est disponible aussi bien pour les droitiers que pour les gauchers et est propos\u00e9 en plusieurs variantes de couleurs, notamment Black, Granite, Moss Green, Od Green et Saddle Tan.<\/p>\n<ul>\n<li>Syst\u00e8me Pivot en 2 parties pour un montage flexible<\/li>\n<li>Capacit\u00e9 : 5 fl\u00e8ches<\/li>\n<li>Convient aux tireurs gauchers et droitiers<\/li>\n<li>Plusieurs options de couleurs disponibles<\/li>\n<\/ul>","protected":false},"excerpt":{"rendered":"<table>\n<tr>\n<th>Propri\u00e9t\u00e9<\/th>\n<th>Valeur<\/th>\n<\/tr>\n<tr>\n<td>Marque<\/td>\n<td>Tight Spot<\/td>\n<\/tr>\n<tr>\n<td>Pays d'origine<\/td>\n<td>USA<\/td>\n<\/tr>\n<\/table>","protected":false},"featured_media":451619,"comment_status":"open","ping_status":"closed","template":"","meta":[],"product_brand":[483],"product_cat":[4163],"product_tag":[],"class_list":{"0":"post-410296","1":"product","2":"type-product","3":"status-publish","4":"has-post-thumbnail","6":"product_brand-tightspot","7":"product_cat-anbaukoecher","8":"product_shipping_class-bsd-standard","10":"first","11":"instock","12":"shipping-taxable","13":"purchasable","14":"product-type-variable"},"yoast_head":"<!-- This site is optimized with the Yoast SEO plugin v27.6 - https:\/\/yoast.com\/product\/yoast-seo-wordpress\/ -->\n<title>\u00c9tui \u00e0 arcs TIGHTSPOT PIVOT LITE 2 parties, 5 fl\u00e8ches - Bogensportdiscount \u2013 Arcs, fl\u00e8ches, cibles et accessoires<\/title>\n<meta name=\"description\" content=\"\u00c9tui \u00e0 arcs TIGHTSPOT PIVOT LITE en 2 parties pour 5 fl\u00e8ches : achetez-le \u00e0 prix avantageux chez Bogensportdiscount \u2013 Grandes marques, livraison rapide depuis la Suisse.\" \/>\n<meta name=\"robots\" content=\"index, follow, max-snippet:-1, max-image-preview:large, max-video-preview:-1\" \/>\n<link rel=\"canonical\" href=\"https:\/\/bogensportdiscount.ch\/fr\/produit\/tightspot-bogenkoecher-pivot-lite-2-teilig-5-pfeile\/\" \/>\n<meta property=\"og:locale\" content=\"fr_FR\" \/>\n<meta property=\"og:type\" content=\"article\" \/>\n<meta property=\"og:title\" content=\"\u00c9tui \u00e0 arcs TIGHTSPOT PIVOT LITE 2 parties, 5 fl\u00e8ches - Bogensportdiscount \u2013 Arcs, fl\u00e8ches, cibles et accessoires\" \/>\n<meta property=\"og:description\" content=\"\u00c9tui \u00e0 arcs TIGHTSPOT PIVOT LITE en 2 parties pour 5 fl\u00e8ches : achetez-le \u00e0 prix avantageux chez Bogensportdiscount \u2013 Grandes marques, livraison rapide depuis la Suisse.\" \/>\n<meta property=\"og:url\" content=\"https:\/\/bogensportdiscount.ch\/fr\/produit\/tightspot-bogenkoecher-pivot-lite-2-teilig-5-pfeile\/\" \/>\n<meta property=\"og:site_name\" content=\"Bogensportdiscount \u2013 B\u00f6gen, Pfeile, Targets &amp; Zubeh\u00f6r\" \/>\n<meta property=\"article:modified_time\" content=\"2026-05-14T13:26:41+00:00\" \/>\n<meta property=\"og:image\" content=\"https:\/\/bogensportdiscount.ch\/wp-content\/uploads\/bsm-images\/A064529_1.png\" \/>\n\t<meta property=\"og:image:width\" content=\"310\" \/>\n\t<meta property=\"og:image:height\" content=\"900\" \/>\n\t<meta property=\"og:image:type\" content=\"image\/png\" \/>\n<meta name=\"twitter:card\" content=\"summary_large_image\" \/>\n<script type=\"application\/ld+json\" class=\"yoast-schema-graph\">{\"@context\":\"https:\\\/\\\/schema.org\",\"@graph\":[{\"@type\":\"WebPage\",\"@id\":\"https:\\\/\\\/bogensportdiscount.ch\\\/produkt\\\/tightspot-bogenkoecher-pivot-lite-2-teilig-5-pfeile\\\/\",\"url\":\"https:\\\/\\\/bogensportdiscount.ch\\\/produkt\\\/tightspot-bogenkoecher-pivot-lite-2-teilig-5-pfeile\\\/\",\"name\":\"TIGHTSPOT BOGENK\u00d6CHER PIVOT LITE 2-TEILIG 5 PFEILE - Bogensportdiscount \u2013 B\u00f6gen, Pfeile, Targets &amp; Zubeh\u00f6r\",\"isPartOf\":{\"@id\":\"https:\\\/\\\/bogensportdiscount.ch\\\/#website\"},\"primaryImageOfPage\":{\"@id\":\"https:\\\/\\\/bogensportdiscount.ch\\\/produkt\\\/tightspot-bogenkoecher-pivot-lite-2-teilig-5-pfeile\\\/#primaryimage\"},\"image\":{\"@id\":\"https:\\\/\\\/bogensportdiscount.ch\\\/produkt\\\/tightspot-bogenkoecher-pivot-lite-2-teilig-5-pfeile\\\/#primaryimage\"},\"thumbnailUrl\":\"https:\\\/\\\/bogensportdiscount.ch\\\/wp-content\\\/uploads\\\/bsm-images\\\/A064529_1.png\",\"datePublished\":\"2026-04-05T13:01:44+00:00\",\"dateModified\":\"2026-05-14T13:26:41+00:00\",\"description\":\"TIGHTSPOT BOGENK\u00d6CHER PIVOT LITE 2-TEILIG 5 PFEILE g\u00fcnstig kaufen bei Bogensportdiscount \u2013 Top-Marken, schneller Versand aus der Schweiz.\",\"breadcrumb\":{\"@id\":\"https:\\\/\\\/bogensportdiscount.ch\\\/produkt\\\/tightspot-bogenkoecher-pivot-lite-2-teilig-5-pfeile\\\/#breadcrumb\"},\"inLanguage\":\"fr-FR\",\"potentialAction\":[{\"@type\":\"ReadAction\",\"target\":[\"https:\\\/\\\/bogensportdiscount.ch\\\/produkt\\\/tightspot-bogenkoecher-pivot-lite-2-teilig-5-pfeile\\\/\"]}]},{\"@type\":\"ImageObject\",\"inLanguage\":\"fr-FR\",\"@id\":\"https:\\\/\\\/bogensportdiscount.ch\\\/produkt\\\/tightspot-bogenkoecher-pivot-lite-2-teilig-5-pfeile\\\/#primaryimage\",\"url\":\"https:\\\/\\\/bogensportdiscount.ch\\\/wp-content\\\/uploads\\\/bsm-images\\\/A064529_1.png\",\"contentUrl\":\"https:\\\/\\\/bogensportdiscount.ch\\\/wp-content\\\/uploads\\\/bsm-images\\\/A064529_1.png\",\"width\":310,\"height\":900},{\"@type\":\"BreadcrumbList\",\"@id\":\"https:\\\/\\\/bogensportdiscount.ch\\\/produkt\\\/tightspot-bogenkoecher-pivot-lite-2-teilig-5-pfeile\\\/#breadcrumb\",\"itemListElement\":[{\"@type\":\"ListItem\",\"position\":1,\"name\":\"Home\",\"item\":\"https:\\\/\\\/bogensportdiscount.ch\\\/\"},{\"@type\":\"ListItem\",\"position\":2,\"name\":\"Shop\",\"item\":\"https:\\\/\\\/bogensportdiscount.ch\\\/shop\\\/\"},{\"@type\":\"ListItem\",\"position\":3,\"name\":\"TIGHTSPOT BOGENKOECHER PIVOT LITE 2-TEILIG 5 PFEILE\"}]},{\"@type\":\"WebSite\",\"@id\":\"https:\\\/\\\/bogensportdiscount.ch\\\/#website\",\"url\":\"https:\\\/\\\/bogensportdiscount.ch\\\/\",\"name\":\"Bogensportdiscount\",\"description\":\"\",\"potentialAction\":[{\"@type\":\"SearchAction\",\"target\":{\"@type\":\"EntryPoint\",\"urlTemplate\":\"https:\\\/\\\/bogensportdiscount.ch\\\/?s={search_term_string}\"},\"query-input\":{\"@type\":\"PropertyValueSpecification\",\"valueRequired\":true,\"valueName\":\"search_term_string\"}}],\"inLanguage\":\"fr-FR\"}]}<\/script>\n<!-- \/ Yoast SEO plugin. -->","yoast_head_json":{"title":"\u00c9tui \u00e0 arcs TIGHTSPOT PIVOT LITE 2 parties, 5 fl\u00e8ches - Bogensportdiscount \u2013 Arcs, fl\u00e8ches, cibles et accessoires","description":"\u00c9tui \u00e0 arcs TIGHTSPOT PIVOT LITE en 2 parties pour 5 fl\u00e8ches : achetez-le \u00e0 prix avantageux chez Bogensportdiscount \u2013 Grandes marques, livraison rapide depuis la Suisse.","robots":{"index":"index","follow":"follow","max-snippet":"max-snippet:-1","max-image-preview":"max-image-preview:large","max-video-preview":"max-video-preview:-1"},"canonical":"https:\/\/bogensportdiscount.ch\/fr\/produit\/tightspot-bogenkoecher-pivot-lite-2-teilig-5-pfeile\/","og_locale":"fr_FR","og_type":"article","og_title":"\u00c9tui \u00e0 arcs TIGHTSPOT PIVOT LITE 2 parties, 5 fl\u00e8ches - Bogensportdiscount \u2013 Arcs, fl\u00e8ches, cibles et accessoires","og_description":"\u00c9tui \u00e0 arcs TIGHTSPOT PIVOT LITE en 2 parties pour 5 fl\u00e8ches : achetez-le \u00e0 prix avantageux chez Bogensportdiscount \u2013 Grandes marques, livraison rapide depuis la Suisse.","og_url":"https:\/\/bogensportdiscount.ch\/fr\/produit\/tightspot-bogenkoecher-pivot-lite-2-teilig-5-pfeile\/","og_site_name":"Bogensportdiscount \u2013 B\u00f6gen, Pfeile, Targets &amp; Zubeh\u00f6r","article_modified_time":"2026-05-14T13:26:41+00:00","og_image":[{"width":310,"height":900,"url":"https:\/\/bogensportdiscount.ch\/wp-content\/uploads\/bsm-images\/A064529_1.png","type":"image\/png"}],"twitter_card":"summary_large_image","schema":{"@context":"https:\/\/schema.org","@graph":[{"@type":"WebPage","@id":"https:\/\/bogensportdiscount.ch\/produkt\/tightspot-bogenkoecher-pivot-lite-2-teilig-5-pfeile\/","url":"https:\/\/bogensportdiscount.ch\/produkt\/tightspot-bogenkoecher-pivot-lite-2-teilig-5-pfeile\/","name":"\u00c9tui \u00e0 arcs TIGHTSPOT PIVOT LITE 2 parties, 5 fl\u00e8ches - Bogensportdiscount \u2013 Arcs, fl\u00e8ches, cibles et accessoires","isPartOf":{"@id":"https:\/\/bogensportdiscount.ch\/#website"},"primaryImageOfPage":{"@id":"https:\/\/bogensportdiscount.ch\/produkt\/tightspot-bogenkoecher-pivot-lite-2-teilig-5-pfeile\/#primaryimage"},"image":{"@id":"https:\/\/bogensportdiscount.ch\/produkt\/tightspot-bogenkoecher-pivot-lite-2-teilig-5-pfeile\/#primaryimage"},"thumbnailUrl":"https:\/\/bogensportdiscount.ch\/wp-content\/uploads\/bsm-images\/A064529_1.png","datePublished":"2026-04-05T13:01:44+00:00","dateModified":"2026-05-14T13:26:41+00:00","description":"\u00c9tui \u00e0 arcs TIGHTSPOT PIVOT LITE en 2 parties pour 5 fl\u00e8ches : achetez-le \u00e0 prix avantageux chez Bogensportdiscount \u2013 Grandes marques, livraison rapide depuis la Suisse.","breadcrumb":{"@id":"https:\/\/bogensportdiscount.ch\/produkt\/tightspot-bogenkoecher-pivot-lite-2-teilig-5-pfeile\/#breadcrumb"},"inLanguage":"fr-FR","potentialAction":[{"@type":"ReadAction","target":["https:\/\/bogensportdiscount.ch\/produkt\/tightspot-bogenkoecher-pivot-lite-2-teilig-5-pfeile\/"]}]},{"@type":"ImageObject","inLanguage":"fr-FR","@id":"https:\/\/bogensportdiscount.ch\/produkt\/tightspot-bogenkoecher-pivot-lite-2-teilig-5-pfeile\/#primaryimage","url":"https:\/\/bogensportdiscount.ch\/wp-content\/uploads\/bsm-images\/A064529_1.png","contentUrl":"https:\/\/bogensportdiscount.ch\/wp-content\/uploads\/bsm-images\/A064529_1.png","width":310,"height":900},{"@type":"BreadcrumbList","@id":"https:\/\/bogensportdiscount.ch\/produkt\/tightspot-bogenkoecher-pivot-lite-2-teilig-5-pfeile\/#breadcrumb","itemListElement":[{"@type":"ListItem","position":1,"name":"Home","item":"https:\/\/bogensportdiscount.ch\/"},{"@type":"ListItem","position":2,"name":"Shop","item":"https:\/\/bogensportdiscount.ch\/shop\/"},{"@type":"ListItem","position":3,"name":"TIGHTSPOT BOGENKOECHER PIVOT LITE 2-TEILIG 5 PFEILE"}]},{"@type":"WebSite","@id":"https:\/\/bogensportdiscount.ch\/#website","url":"https:\/\/bogensportdiscount.ch\/","name":"Bogensportdiscount","description":"","potentialAction":[{"@type":"SearchAction","target":{"@type":"EntryPoint","urlTemplate":"https:\/\/bogensportdiscount.ch\/?s={search_term_string}"},"query-input":{"@type":"PropertyValueSpecification","valueRequired":true,"valueName":"search_term_string"}}],"inLanguage":"fr-FR"}]}},"_links":{"self":[{"href":"https:\/\/bogensportdiscount.ch\/fr\/wp-json\/wp\/v2\/product\/410296","targetHints":{"allow":["GET"]}}],"collection":[{"href":"https:\/\/bogensportdiscount.ch\/fr\/wp-json\/wp\/v2\/product"}],"about":[{"href":"https:\/\/bogensportdiscount.ch\/fr\/wp-json\/wp\/v2\/types\/product"}],"replies":[{"embeddable":true,"href":"https:\/\/bogensportdiscount.ch\/fr\/wp-json\/wp\/v2\/comments?post=410296"}],"wp:featuredmedia":[{"embeddable":true,"href":"https:\/\/bogensportdiscount.ch\/fr\/wp-json\/wp\/v2\/media\/451619"}],"wp:attachment":[{"href":"https:\/\/bogensportdiscount.ch\/fr\/wp-json\/wp\/v2\/media?parent=410296"}],"wp:term":[{"taxonomy":"product_brand","embeddable":true,"href":"https:\/\/bogensportdiscount.ch\/fr\/wp-json\/wp\/v2\/product_brand?post=410296"},{"taxonomy":"product_cat","embeddable":true,"href":"https:\/\/bogensportdiscount.ch\/fr\/wp-json\/wp\/v2\/product_cat?post=410296"},{"taxonomy":"product_tag","embeddable":true,"href":"https:\/\/bogensportdiscount.ch\/fr\/wp-json\/wp\/v2\/product_tag?post=410296"}],"curies":[{"name":"wp","href":"https:\/\/api.w.org\/{rel}","templated":true}]}}