{"id":410103,"date":"2026-04-05T15:01:26","date_gmt":"2026-04-05T13:01:26","guid":{"rendered":"https:\/\/bogensportdiscount.ch\/produkt\/arrows-carbon-phoric-id6-2-350-33-blazer-vane-compound-pin-nock-insert-12-pk\/"},"modified":"2026-04-19T11:54:17","modified_gmt":"2026-04-19T09:54:17","slug":"skylon-carbon-fertigpfeil-phoric-id62-350-33-blazer-vane-compound-pin-nock-insert-12er-pack","status":"publish","type":"product","link":"https:\/\/bogensportdiscount.ch\/fr\/produit\/skylon-carbon-fertigpfeil-phoric-id62-350-33-blazer-vane-compound-pin-nock-insert-12er-pack\/","title":{"rendered":"FL\u00c8CHES SKYLON CARBON PHORIC ID6.2 \/ 33\u2033 BLAZER VANE \/ POINTE COMPOUND \/ INSERT 12\/PAQUET"},"content":{"rendered":"<p>Die SKYLON Phoric ID6.2 Carbon-Fertigpfeile sind in einer L\u00e4nge von 33 Zoll gefertigt und bieten mit dem Innendurchmesser von 6.2 mm eine gute Kompatibilit\u00e4t zu g\u00e4ngigen Punkten und Inserts. Die Pfeile werden komplett montiert geliefert: mit Blazer Vanes f\u00fcr stabilen Flug, einem Compound Pin Nock sowie eingesetztem Insert.<\/p>\n<p>Dank der Auswahl an Spine-Werten (350, 400, 500, 600 und 700) lassen sich die Pfeile auf unterschiedliche Zuggewichte und Compound-B\u00f6gen abstimmen. Das 12er-Pack macht sie besonders praktisch f\u00fcr den regelm\u00e4ssigen Einsatz im Feld oder auf der Jagd.<\/p>\n<ul>\n<li>Carbon-Schaft mit ID 6.2 mm<\/li>\n<li>Inklusive Blazer Vanes, Compound Pin Nock und Insert<\/li>\n<li>Longueur : 33 pouces<\/li>\n<li>Erh\u00e4ltlich in Spine 350, 400, 500, 600 und 700<\/li>\n<\/ul>","protected":false},"excerpt":{"rendered":"<p>Der SKYLON Phoric ID6.2 ist ein Carbon-Fertigpfeil mit einem Innendurchmesser von 6.2 mm, erh\u00e4ltlich in verschiedenen Spine-St\u00e4rken (350\u2013700). Jeder Pfeil ist ab Werk mit Blazer Vanes, einem Compound Pin Nock sowie einem Insert ausgestattet und wird im 12er-Pack geliefert. Geeignet f\u00fcr die Jagd und den Compoundsport.<\/p>","protected":false},"featured_media":451597,"comment_status":"open","ping_status":"closed","template":"","meta":[],"product_brand":[457],"product_cat":[4303],"product_tag":[],"class_list":{"0":"post-410103","1":"product","2":"type-product","3":"status-publish","4":"has-post-thumbnail","6":"product_brand-skylon","7":"product_cat-befiederte-carbon-jagd-pfeile","9":"first","10":"instock","11":"shipping-taxable","12":"purchasable","13":"product-type-variable"},"_links":{"self":[{"href":"https:\/\/bogensportdiscount.ch\/fr\/wp-json\/wp\/v2\/product\/410103","targetHints":{"allow":["GET"]}}],"collection":[{"href":"https:\/\/bogensportdiscount.ch\/fr\/wp-json\/wp\/v2\/product"}],"about":[{"href":"https:\/\/bogensportdiscount.ch\/fr\/wp-json\/wp\/v2\/types\/product"}],"replies":[{"embeddable":true,"href":"https:\/\/bogensportdiscount.ch\/fr\/wp-json\/wp\/v2\/comments?post=410103"}],"wp:featuredmedia":[{"embeddable":true,"href":"https:\/\/bogensportdiscount.ch\/fr\/wp-json\/wp\/v2\/media\/451597"}],"wp:attachment":[{"href":"https:\/\/bogensportdiscount.ch\/fr\/wp-json\/wp\/v2\/media?parent=410103"}],"wp:term":[{"taxonomy":"product_brand","embeddable":true,"href":"https:\/\/bogensportdiscount.ch\/fr\/wp-json\/wp\/v2\/product_brand?post=410103"},{"taxonomy":"product_cat","embeddable":true,"href":"https:\/\/bogensportdiscount.ch\/fr\/wp-json\/wp\/v2\/product_cat?post=410103"},{"taxonomy":"product_tag","embeddable":true,"href":"https:\/\/bogensportdiscount.ch\/fr\/wp-json\/wp\/v2\/product_tag?post=410103"}],"curies":[{"name":"wp","href":"https:\/\/api.w.org\/{rel}","templated":true}]}}