{"id":410077,"date":"2026-04-05T15:01:22","date_gmt":"2026-04-05T13:01:22","guid":{"rendered":"https:\/\/bogensportdiscount.ch\/produkt\/compound-reckoning-39-gen-2-deadlock-cam-rotating-mod-lh-40-50lbs-29-5-33-5-black\/"},"modified":"2026-04-17T13:47:48","modified_gmt":"2026-04-17T11:47:48","slug":"bowtech-compoundbogen-reckoning-39-gen-2-deadlock-cam-rotating-mod-lh","status":"publish","type":"product","link":"https:\/\/bogensportdiscount.ch\/fr\/produit\/bowtech-compoundbogen-reckoning-39-gen-2-deadlock-cam-rotating-mod-lh\/","title":{"rendered":"BOWTECH COMPOUND RECKONING 39 GEN 2 DEADLOCK CAM ROTATING MOD LH"},"content":{"rendered":"<p>Der BOWTECH Reckoning 39 Gen 2 ist ein Compoundbogen f\u00fcr Linkssch\u00fctzen mit einem Achsabstand von 39 Zoll und einer Brace Height von 7,18 Zoll. Er ist mit dem Deadlock Cam-System und einem Rotating Mod ausgestattet, das eine flexible Anpassung des Zuggewichts und des Auszugs erm\u00f6glicht.<\/p>\n<p>Der einstellbare Let-Off erlaubt eine individuelle Abstimmung auf den Sch\u00fctzen, w\u00e4hrend das Aluminiumgeh\u00e4use f\u00fcr ein stabiles und langlebiges Fundament sorgt. Der Bogen ist in den Zuggewichtsbereichen 40\u201350 lbs und 50\u201360 lbs sowie in den Farben Black und Grey erh\u00e4ltlich.<\/p>\n<ul>\n<li>Deadlock Cam-System mit Rotating Mod f\u00fcr flexible Zugeinstellung<\/li>\n<li>Einstellbarer Let-Off<\/li>\n<li>Achsabstand 39 Zoll \u2013 geeignet f\u00fcr B\u00f6gen \u00fcber 35&#8243;<\/li>\n<li>Linkshand-Ausf\u00fchrung (LH)<\/li>\n<\/ul>","protected":false},"excerpt":{"rendered":"<table>\n<tr>\n<th>Propri\u00e9t\u00e9<\/th>\n<th>Valeur<\/th>\n<\/tr>\n<tr>\n<td>Achsabstand (Zoll)<\/td>\n<td>39<\/td>\n<\/tr>\n<tr>\n<td>Brace Height (Zoll)<\/td>\n<td>7,18<\/td>\n<\/tr>\n<tr>\n<td>Modul<\/td>\n<td>Rotating Mod<\/td>\n<\/tr>\n<tr>\n<td>Let-Off<\/td>\n<td>Einstellbar<\/td>\n<\/tr>\n<tr>\n<td>Mat\u00e9riau<\/td>\n<td>Aluminium<\/td>\n<\/tr>\n<tr>\n<td>Poids de traction<\/td>\n<td>40\u201350 lbs \/ 50\u201360 lbs<\/td>\n<\/tr>\n<tr>\n<td>Couleur<\/td>\n<td>Black \/ Grey<\/td>\n<\/tr>\n<tr>\n<td>Ausf\u00fchrung<\/td>\n<td>Main gauche (LH)<\/td>\n<\/tr>\n<\/table>","protected":false},"featured_media":452947,"comment_status":"open","ping_status":"closed","template":"","meta":[],"product_brand":[451],"product_cat":[4523],"product_tag":[],"class_list":{"0":"post-410077","1":"product","2":"type-product","3":"status-publish","4":"has-post-thumbnail","6":"product_brand-bowtech","7":"product_cat-compound-bows--35-compound-boegen","9":"first","10":"instock","11":"shipping-taxable","12":"purchasable","13":"product-type-variable"},"_links":{"self":[{"href":"https:\/\/bogensportdiscount.ch\/fr\/wp-json\/wp\/v2\/product\/410077","targetHints":{"allow":["GET"]}}],"collection":[{"href":"https:\/\/bogensportdiscount.ch\/fr\/wp-json\/wp\/v2\/product"}],"about":[{"href":"https:\/\/bogensportdiscount.ch\/fr\/wp-json\/wp\/v2\/types\/product"}],"replies":[{"embeddable":true,"href":"https:\/\/bogensportdiscount.ch\/fr\/wp-json\/wp\/v2\/comments?post=410077"}],"wp:featuredmedia":[{"embeddable":true,"href":"https:\/\/bogensportdiscount.ch\/fr\/wp-json\/wp\/v2\/media\/452947"}],"wp:attachment":[{"href":"https:\/\/bogensportdiscount.ch\/fr\/wp-json\/wp\/v2\/media?parent=410077"}],"wp:term":[{"taxonomy":"product_brand","embeddable":true,"href":"https:\/\/bogensportdiscount.ch\/fr\/wp-json\/wp\/v2\/product_brand?post=410077"},{"taxonomy":"product_cat","embeddable":true,"href":"https:\/\/bogensportdiscount.ch\/fr\/wp-json\/wp\/v2\/product_cat?post=410077"},{"taxonomy":"product_tag","embeddable":true,"href":"https:\/\/bogensportdiscount.ch\/fr\/wp-json\/wp\/v2\/product_tag?post=410077"}],"curies":[{"name":"wp","href":"https:\/\/api.w.org\/{rel}","templated":true}]}}