{"id":409957,"date":"2026-04-05T15:01:06","date_gmt":"2026-04-05T13:01:06","guid":{"rendered":"https:\/\/bogensportdiscount.ch\/produkt\/air-pad-chest-guard-a2-rh-small-black\/"},"modified":"2026-04-17T19:13:06","modified_gmt":"2026-04-17T17:13:06","slug":"fivics-brustschutz-air-pad-a2","status":"publish","type":"product","link":"https:\/\/bogensportdiscount.ch\/fr\/produit\/fivics-brustschutz-air-pad-a2\/","title":{"rendered":"FIVICS AIR PAD CHEST GUARD A2"},"content":{"rendered":"<p>Der FIVICS Air Pad A2 Brustschutz h\u00e4lt die Bekleidung am Oberk\u00f6rper w\u00e4hrend des Schiessens sicher zur\u00fcck und verhindert, dass die Bogensehne beim Abschuss an der Kleidung h\u00e4ngt. Er eignet sich f\u00fcr Recurve- und Langbogensch\u00fctzen gleichermassen.<\/p>\n<p>Das Modell ist f\u00fcr rechts- und linksh\u00e4ndige Bogensch\u00fctzen ausgelegt und in drei Gr\u00f6ssen (S, M, L) sowie drei Farben (Schwarz, Blau, Rot) erh\u00e4ltlich, sodass eine individuelle Anpassung an K\u00f6rpergr\u00f6sse und pers\u00f6nliche Vorlieben m\u00f6glich ist.<\/p>\n<ul>\n<li>Geeignet f\u00fcr Links- und Rechtshand<\/li>\n<li>Erh\u00e4ltlich in den Gr\u00f6ssen S, M und L<\/li>\n<li>Verf\u00fcgbar in Schwarz, Blau und Rot<\/li>\n<li>Sch\u00fctzt vor ungewolltem Sehnenkontakt mit der Bekleidung<\/li>\n<\/ul>","protected":false},"excerpt":{"rendered":"<p>Der FIVICS Air Pad A2 ist ein Brustschutz f\u00fcr Bogensch\u00fctzen, erh\u00e4ltlich f\u00fcr Links- und Rechtshand in den Gr\u00f6ssen S, M und L sowie in den Farben Schwarz, Blau und Rot.<\/p>","protected":false},"featured_media":444564,"comment_status":"open","ping_status":"closed","template":"","meta":[],"product_brand":[429],"product_cat":[4180],"product_tag":[],"class_list":{"0":"post-409957","1":"product","2":"type-product","3":"status-publish","4":"has-post-thumbnail","6":"product_brand-fivics","7":"product_cat-brustschutz","9":"first","10":"instock","11":"shipping-taxable","12":"purchasable","13":"product-type-variable"},"_links":{"self":[{"href":"https:\/\/bogensportdiscount.ch\/fr\/wp-json\/wp\/v2\/product\/409957","targetHints":{"allow":["GET"]}}],"collection":[{"href":"https:\/\/bogensportdiscount.ch\/fr\/wp-json\/wp\/v2\/product"}],"about":[{"href":"https:\/\/bogensportdiscount.ch\/fr\/wp-json\/wp\/v2\/types\/product"}],"replies":[{"embeddable":true,"href":"https:\/\/bogensportdiscount.ch\/fr\/wp-json\/wp\/v2\/comments?post=409957"}],"wp:featuredmedia":[{"embeddable":true,"href":"https:\/\/bogensportdiscount.ch\/fr\/wp-json\/wp\/v2\/media\/444564"}],"wp:attachment":[{"href":"https:\/\/bogensportdiscount.ch\/fr\/wp-json\/wp\/v2\/media?parent=409957"}],"wp:term":[{"taxonomy":"product_brand","embeddable":true,"href":"https:\/\/bogensportdiscount.ch\/fr\/wp-json\/wp\/v2\/product_brand?post=409957"},{"taxonomy":"product_cat","embeddable":true,"href":"https:\/\/bogensportdiscount.ch\/fr\/wp-json\/wp\/v2\/product_cat?post=409957"},{"taxonomy":"product_tag","embeddable":true,"href":"https:\/\/bogensportdiscount.ch\/fr\/wp-json\/wp\/v2\/product_tag?post=409957"}],"curies":[{"name":"wp","href":"https:\/\/api.w.org\/{rel}","templated":true}]}}