{"id":409866,"date":"2026-04-05T15:00:53","date_gmt":"2026-04-05T13:00:53","guid":{"rendered":"https:\/\/bogensportdiscount.ch\/produkt\/nock-receiver-tm-compound-straight\/"},"modified":"2026-04-17T13:47:44","modified_gmt":"2026-04-17T11:47:44","slug":"bitzenburger-nockenaufnahme-tm-compound","status":"publish","type":"product","link":"https:\/\/bogensportdiscount.ch\/fr\/produit\/bitzenburger-nockenaufnahme-tm-compound\/","title":{"rendered":"BITZENBURGER NOCK RECEIVER TM COMPOUND"},"content":{"rendered":"<p>Die Bitzenburger Nockenaufnahme TM Compound ist ein Zubeh\u00f6rteil f\u00fcr das Bitzenburger Befiederungsger\u00e4t und erm\u00f6glicht das pr\u00e4zise Ausrichten und Befiedern von Pfeilen mit Compound-spezifischen Nocken.<\/p>\n<p>Die Aufnahme wird anstelle der Standard-Nockenaufnahme in das Befiederungsger\u00e4t eingesetzt und ist speziell auf die Geometrie von Compound-Nocken abgestimmt. So lassen sich Pfeile reproduzierbar und gleichm\u00e4ssig befiedern.<\/p>\n<ul>\n<li>Kompatibel mit Bitzenburger Befiederungsger\u00e4ten<\/li>\n<li>Ausgelegt f\u00fcr Compound-Nocken<\/li>\n<li>Sorgt f\u00fcr reproduzierbare Nockenausrichtung beim Befiedern<\/li>\n<li>Fabriqu\u00e9 aux \u00c9tats-Unis<\/li>\n<\/ul>","protected":false},"excerpt":{"rendered":"<table>\n<tr>\n<th>Propri\u00e9t\u00e9<\/th>\n<th>Valeur<\/th>\n<\/tr>\n<tr>\n<td>Marque<\/td>\n<td>Bitzenburger<\/td>\n<\/tr>\n<tr>\n<td>Type<\/td>\n<td>Nockenaufnahme (Nock Receiver)<\/td>\n<\/tr>\n<tr>\n<td>Ausf\u00fchrung<\/td>\n<td>TM Compound<\/td>\n<\/tr>\n<tr>\n<td>Origine<\/td>\n<td>USA<\/td>\n<\/tr>\n<\/table>","protected":false},"featured_media":452942,"comment_status":"open","ping_status":"closed","template":"","meta":[],"product_brand":[838],"product_cat":[4141],"product_tag":[],"class_list":{"0":"post-409866","1":"product","2":"type-product","3":"status-publish","4":"has-post-thumbnail","6":"product_brand-bitzenburger","7":"product_cat-fletching-jigs-parts","9":"first","10":"instock","11":"shipping-taxable","12":"purchasable","13":"product-type-variable"},"_links":{"self":[{"href":"https:\/\/bogensportdiscount.ch\/fr\/wp-json\/wp\/v2\/product\/409866","targetHints":{"allow":["GET"]}}],"collection":[{"href":"https:\/\/bogensportdiscount.ch\/fr\/wp-json\/wp\/v2\/product"}],"about":[{"href":"https:\/\/bogensportdiscount.ch\/fr\/wp-json\/wp\/v2\/types\/product"}],"replies":[{"embeddable":true,"href":"https:\/\/bogensportdiscount.ch\/fr\/wp-json\/wp\/v2\/comments?post=409866"}],"wp:featuredmedia":[{"embeddable":true,"href":"https:\/\/bogensportdiscount.ch\/fr\/wp-json\/wp\/v2\/media\/452942"}],"wp:attachment":[{"href":"https:\/\/bogensportdiscount.ch\/fr\/wp-json\/wp\/v2\/media?parent=409866"}],"wp:term":[{"taxonomy":"product_brand","embeddable":true,"href":"https:\/\/bogensportdiscount.ch\/fr\/wp-json\/wp\/v2\/product_brand?post=409866"},{"taxonomy":"product_cat","embeddable":true,"href":"https:\/\/bogensportdiscount.ch\/fr\/wp-json\/wp\/v2\/product_cat?post=409866"},{"taxonomy":"product_tag","embeddable":true,"href":"https:\/\/bogensportdiscount.ch\/fr\/wp-json\/wp\/v2\/product_tag?post=409866"}],"curies":[{"name":"wp","href":"https:\/\/api.w.org\/{rel}","templated":true}]}}