{"id":409854,"date":"2026-04-05T15:00:52","date_gmt":"2026-04-05T13:00:52","guid":{"rendered":"https:\/\/bogensportdiscount.ch\/produkt\/recurve-backpacks-classic-with-arrowtube-black\/"},"modified":"2026-05-14T15:26:39","modified_gmt":"2026-05-14T13:26:39","slug":"avalon-recurve-rucksack-classic-mit-pfeilkoecher","status":"publish","type":"product","link":"https:\/\/bogensportdiscount.ch\/fr\/produit\/avalon-recurve-rucksack-classic-mit-pfeilkoecher\/","title":{"rendered":"AVALON SACS \u00c0 DOS RECURVE CLASSIC AVEC TUBE \u00c0 FL\u00c8CHES"},"content":{"rendered":"<p>Le sac \u00e0 dos AVALON pour arc classique Classic a \u00e9t\u00e9 sp\u00e9cialement d\u00e9velopp\u00e9 pour les archers souhaitant transporter leur \u00e9quipement de mani\u00e8re confortable et s\u00e9curis\u00e9e. Le carquois int\u00e9gr\u00e9 permet de ranger les fl\u00e8ches s\u00e9par\u00e9ment et \u00e0 l'abri, sans avoir besoin d'\u00e9quipement suppl\u00e9mentaire.<\/p>\n<p>Le sac \u00e0 dos s'adresse aux archers pratiquant l'arc classique de tous niveaux et convient aussi bien \u00e0 l'entra\u00eenement qu'aux comp\u00e9titions. Il est disponible dans un large choix de couleurs, notamment noir, bleu, vert, gris, orange, rose, violet, rouge, sable et turquoise.<\/p>\n<ul>\n<li>Carquois int\u00e9gr\u00e9 pour un transport s\u00e9curis\u00e9 des fl\u00e8ches<\/li>\n<li>Con\u00e7u pour l'\u00e9quipement de tir \u00e0 l'arc recurve<\/li>\n<li>Disponible en 10 couleurs diff\u00e9rentes<\/li>\n<li>Design pratique en sac \u00e0 dos pour un port confortable<\/li>\n<\/ul>","protected":false},"excerpt":{"rendered":"<table>\n<tr>\n<th>Propri\u00e9t\u00e9<\/th>\n<th>Valeur<\/th>\n<\/tr>\n<tr>\n<td>Marque<\/td>\n<td>Avalon<\/td>\n<\/tr>\n<tr>\n<td>Pays d'origine<\/td>\n<td>Chine<\/td>\n<\/tr>\n<\/table>","protected":false},"featured_media":451529,"comment_status":"open","ping_status":"closed","template":"","meta":[],"product_brand":[449],"product_cat":[4391],"product_tag":[],"class_list":{"0":"post-409854","1":"product","2":"type-product","3":"status-publish","4":"has-post-thumbnail","6":"product_brand-avalon","7":"product_cat-recurve-rucksaecke","8":"product_shipping_class-bsd-standard","10":"first","11":"instock","12":"shipping-taxable","13":"purchasable","14":"product-type-variable"},"yoast_head":"<!-- This site is optimized with the Yoast SEO plugin v27.6 - https:\/\/yoast.com\/product\/yoast-seo-wordpress\/ -->\n<title>AVALON RECURVE SACS \u00c0 DOS CLASSIC AVEC TUBE \u00c0 FL\u00c8CHES - Bogensportdiscount \u2013 Arcs, fl\u00e8ches, cibles &amp; accessoires<\/title>\n<meta name=\"description\" content=\"Achetez l&#039;AVALON RECURVE SACS \u00c0 DOS CLASSIC AVEC TUBE \u00c0 FL\u00c8CHES \u00e0 prix avantageux chez Bogensportdiscount \u2013 Les meilleures marques, livraison rapide depuis la Suisse.\" \/>\n<meta name=\"robots\" content=\"index, follow, max-snippet:-1, max-image-preview:large, max-video-preview:-1\" \/>\n<link rel=\"canonical\" href=\"https:\/\/bogensportdiscount.ch\/fr\/produit\/avalon-recurve-rucksack-classic-mit-pfeilkoecher\/\" \/>\n<meta property=\"og:locale\" content=\"fr_FR\" \/>\n<meta property=\"og:type\" content=\"article\" \/>\n<meta property=\"og:title\" content=\"AVALON RECURVE SACS \u00c0 DOS CLASSIC AVEC TUBE \u00c0 FL\u00c8CHES - Bogensportdiscount \u2013 Arcs, fl\u00e8ches, cibles &amp; accessoires\" \/>\n<meta property=\"og:description\" content=\"Achetez l&#039;AVALON RECURVE SACS \u00c0 DOS CLASSIC AVEC TUBE \u00c0 FL\u00c8CHES \u00e0 prix avantageux chez Bogensportdiscount \u2013 Les meilleures marques, livraison rapide depuis la Suisse.\" \/>\n<meta property=\"og:url\" content=\"https:\/\/bogensportdiscount.ch\/fr\/produit\/avalon-recurve-rucksack-classic-mit-pfeilkoecher\/\" \/>\n<meta property=\"og:site_name\" content=\"Bogensportdiscount \u2013 B\u00f6gen, Pfeile, Targets &amp; Zubeh\u00f6r\" \/>\n<meta property=\"article:modified_time\" content=\"2026-05-14T13:26:39+00:00\" \/>\n<meta property=\"og:image\" content=\"https:\/\/bogensportdiscount.ch\/wp-content\/uploads\/bsm-images\/A062936_1.png\" \/>\n\t<meta property=\"og:image:width\" content=\"3396\" \/>\n\t<meta property=\"og:image:height\" content=\"6426\" \/>\n\t<meta property=\"og:image:type\" content=\"image\/png\" \/>\n<meta name=\"twitter:card\" content=\"summary_large_image\" \/>\n<meta name=\"twitter:label1\" content=\"Dur\u00e9e de lecture estim\u00e9e\" \/>\n\t<meta name=\"twitter:data1\" content=\"1 minute\" \/>\n<script type=\"application\/ld+json\" class=\"yoast-schema-graph\">{\"@context\":\"https:\\\/\\\/schema.org\",\"@graph\":[{\"@type\":\"WebPage\",\"@id\":\"https:\\\/\\\/bogensportdiscount.ch\\\/produkt\\\/avalon-recurve-rucksack-classic-mit-pfeilkoecher\\\/\",\"url\":\"https:\\\/\\\/bogensportdiscount.ch\\\/produkt\\\/avalon-recurve-rucksack-classic-mit-pfeilkoecher\\\/\",\"name\":\"AVALON RECURVE RUCKS\u00c4CKE CLASSIC MIT PFEILROHR - Bogensportdiscount \u2013 B\u00f6gen, Pfeile, Targets &amp; Zubeh\u00f6r\",\"isPartOf\":{\"@id\":\"https:\\\/\\\/bogensportdiscount.ch\\\/#website\"},\"primaryImageOfPage\":{\"@id\":\"https:\\\/\\\/bogensportdiscount.ch\\\/produkt\\\/avalon-recurve-rucksack-classic-mit-pfeilkoecher\\\/#primaryimage\"},\"image\":{\"@id\":\"https:\\\/\\\/bogensportdiscount.ch\\\/produkt\\\/avalon-recurve-rucksack-classic-mit-pfeilkoecher\\\/#primaryimage\"},\"thumbnailUrl\":\"https:\\\/\\\/bogensportdiscount.ch\\\/wp-content\\\/uploads\\\/bsm-images\\\/A062936_1.png\",\"datePublished\":\"2026-04-05T13:00:52+00:00\",\"dateModified\":\"2026-05-14T13:26:39+00:00\",\"description\":\"AVALON RECURVE RUCKS\u00c4CKE CLASSIC MIT PFEILROHR g\u00fcnstig kaufen bei Bogensportdiscount \u2013 Top-Marken, schneller Versand aus der Schweiz.\",\"breadcrumb\":{\"@id\":\"https:\\\/\\\/bogensportdiscount.ch\\\/produkt\\\/avalon-recurve-rucksack-classic-mit-pfeilkoecher\\\/#breadcrumb\"},\"inLanguage\":\"fr-FR\",\"potentialAction\":[{\"@type\":\"ReadAction\",\"target\":[\"https:\\\/\\\/bogensportdiscount.ch\\\/produkt\\\/avalon-recurve-rucksack-classic-mit-pfeilkoecher\\\/\"]}]},{\"@type\":\"ImageObject\",\"inLanguage\":\"fr-FR\",\"@id\":\"https:\\\/\\\/bogensportdiscount.ch\\\/produkt\\\/avalon-recurve-rucksack-classic-mit-pfeilkoecher\\\/#primaryimage\",\"url\":\"https:\\\/\\\/bogensportdiscount.ch\\\/wp-content\\\/uploads\\\/bsm-images\\\/A062936_1.png\",\"contentUrl\":\"https:\\\/\\\/bogensportdiscount.ch\\\/wp-content\\\/uploads\\\/bsm-images\\\/A062936_1.png\",\"width\":1321,\"height\":2500},{\"@type\":\"BreadcrumbList\",\"@id\":\"https:\\\/\\\/bogensportdiscount.ch\\\/produkt\\\/avalon-recurve-rucksack-classic-mit-pfeilkoecher\\\/#breadcrumb\",\"itemListElement\":[{\"@type\":\"ListItem\",\"position\":1,\"name\":\"Home\",\"item\":\"https:\\\/\\\/bogensportdiscount.ch\\\/\"},{\"@type\":\"ListItem\",\"position\":2,\"name\":\"Shop\",\"item\":\"https:\\\/\\\/bogensportdiscount.ch\\\/shop\\\/\"},{\"@type\":\"ListItem\",\"position\":3,\"name\":\"AVALON RECURVE RUCKSAECKE CLASSIC MIT PFEILROHR\"}]},{\"@type\":\"WebSite\",\"@id\":\"https:\\\/\\\/bogensportdiscount.ch\\\/#website\",\"url\":\"https:\\\/\\\/bogensportdiscount.ch\\\/\",\"name\":\"Bogensportdiscount\",\"description\":\"\",\"potentialAction\":[{\"@type\":\"SearchAction\",\"target\":{\"@type\":\"EntryPoint\",\"urlTemplate\":\"https:\\\/\\\/bogensportdiscount.ch\\\/?s={search_term_string}\"},\"query-input\":{\"@type\":\"PropertyValueSpecification\",\"valueRequired\":true,\"valueName\":\"search_term_string\"}}],\"inLanguage\":\"fr-FR\"}]}<\/script>\n<!-- \/ Yoast SEO plugin. -->","yoast_head_json":{"title":"AVALON RECURVE SACS \u00c0 DOS CLASSIC AVEC TUBE \u00c0 FL\u00c8CHES - Bogensportdiscount \u2013 Arcs, fl\u00e8ches, cibles &amp; accessoires","description":"Achetez l'AVALON RECURVE SACS \u00c0 DOS CLASSIC AVEC TUBE \u00c0 FL\u00c8CHES \u00e0 prix avantageux chez Bogensportdiscount \u2013 Les meilleures marques, livraison rapide depuis la Suisse.","robots":{"index":"index","follow":"follow","max-snippet":"max-snippet:-1","max-image-preview":"max-image-preview:large","max-video-preview":"max-video-preview:-1"},"canonical":"https:\/\/bogensportdiscount.ch\/fr\/produit\/avalon-recurve-rucksack-classic-mit-pfeilkoecher\/","og_locale":"fr_FR","og_type":"article","og_title":"AVALON RECURVE SACS \u00c0 DOS CLASSIC AVEC TUBE \u00c0 FL\u00c8CHES - Bogensportdiscount \u2013 Arcs, fl\u00e8ches, cibles &amp; accessoires","og_description":"Achetez l'AVALON RECURVE SACS \u00c0 DOS CLASSIC AVEC TUBE \u00c0 FL\u00c8CHES \u00e0 prix avantageux chez Bogensportdiscount \u2013 Les meilleures marques, livraison rapide depuis la Suisse.","og_url":"https:\/\/bogensportdiscount.ch\/fr\/produit\/avalon-recurve-rucksack-classic-mit-pfeilkoecher\/","og_site_name":"Bogensportdiscount \u2013 B\u00f6gen, Pfeile, Targets &amp; Zubeh\u00f6r","article_modified_time":"2026-05-14T13:26:39+00:00","og_image":[{"url":"https:\/\/bogensportdiscount.ch\/wp-content\/uploads\/bsm-images\/A062936_1.png","width":3396,"height":6426,"type":"image\/png"}],"twitter_card":"summary_large_image","twitter_misc":{"Dur\u00e9e de lecture estim\u00e9e":"1 minute"},"schema":{"@context":"https:\/\/schema.org","@graph":[{"@type":"WebPage","@id":"https:\/\/bogensportdiscount.ch\/produkt\/avalon-recurve-rucksack-classic-mit-pfeilkoecher\/","url":"https:\/\/bogensportdiscount.ch\/produkt\/avalon-recurve-rucksack-classic-mit-pfeilkoecher\/","name":"AVALON RECURVE SACS \u00c0 DOS CLASSIC AVEC TUBE \u00c0 FL\u00c8CHES - Bogensportdiscount \u2013 Arcs, fl\u00e8ches, cibles &amp; accessoires","isPartOf":{"@id":"https:\/\/bogensportdiscount.ch\/#website"},"primaryImageOfPage":{"@id":"https:\/\/bogensportdiscount.ch\/produkt\/avalon-recurve-rucksack-classic-mit-pfeilkoecher\/#primaryimage"},"image":{"@id":"https:\/\/bogensportdiscount.ch\/produkt\/avalon-recurve-rucksack-classic-mit-pfeilkoecher\/#primaryimage"},"thumbnailUrl":"https:\/\/bogensportdiscount.ch\/wp-content\/uploads\/bsm-images\/A062936_1.png","datePublished":"2026-04-05T13:00:52+00:00","dateModified":"2026-05-14T13:26:39+00:00","description":"Achetez l'AVALON RECURVE SACS \u00c0 DOS CLASSIC AVEC TUBE \u00c0 FL\u00c8CHES \u00e0 prix avantageux chez Bogensportdiscount \u2013 Les meilleures marques, livraison rapide depuis la Suisse.","breadcrumb":{"@id":"https:\/\/bogensportdiscount.ch\/produkt\/avalon-recurve-rucksack-classic-mit-pfeilkoecher\/#breadcrumb"},"inLanguage":"fr-FR","potentialAction":[{"@type":"ReadAction","target":["https:\/\/bogensportdiscount.ch\/produkt\/avalon-recurve-rucksack-classic-mit-pfeilkoecher\/"]}]},{"@type":"ImageObject","inLanguage":"fr-FR","@id":"https:\/\/bogensportdiscount.ch\/produkt\/avalon-recurve-rucksack-classic-mit-pfeilkoecher\/#primaryimage","url":"https:\/\/bogensportdiscount.ch\/wp-content\/uploads\/bsm-images\/A062936_1.png","contentUrl":"https:\/\/bogensportdiscount.ch\/wp-content\/uploads\/bsm-images\/A062936_1.png","width":1321,"height":2500},{"@type":"BreadcrumbList","@id":"https:\/\/bogensportdiscount.ch\/produkt\/avalon-recurve-rucksack-classic-mit-pfeilkoecher\/#breadcrumb","itemListElement":[{"@type":"ListItem","position":1,"name":"Home","item":"https:\/\/bogensportdiscount.ch\/"},{"@type":"ListItem","position":2,"name":"Shop","item":"https:\/\/bogensportdiscount.ch\/shop\/"},{"@type":"ListItem","position":3,"name":"AVALON RECURVE RUCKSAECKE CLASSIC MIT PFEILROHR"}]},{"@type":"WebSite","@id":"https:\/\/bogensportdiscount.ch\/#website","url":"https:\/\/bogensportdiscount.ch\/","name":"Bogensportdiscount","description":"","potentialAction":[{"@type":"SearchAction","target":{"@type":"EntryPoint","urlTemplate":"https:\/\/bogensportdiscount.ch\/?s={search_term_string}"},"query-input":{"@type":"PropertyValueSpecification","valueRequired":true,"valueName":"search_term_string"}}],"inLanguage":"fr-FR"}]}},"_links":{"self":[{"href":"https:\/\/bogensportdiscount.ch\/fr\/wp-json\/wp\/v2\/product\/409854","targetHints":{"allow":["GET"]}}],"collection":[{"href":"https:\/\/bogensportdiscount.ch\/fr\/wp-json\/wp\/v2\/product"}],"about":[{"href":"https:\/\/bogensportdiscount.ch\/fr\/wp-json\/wp\/v2\/types\/product"}],"replies":[{"embeddable":true,"href":"https:\/\/bogensportdiscount.ch\/fr\/wp-json\/wp\/v2\/comments?post=409854"}],"wp:featuredmedia":[{"embeddable":true,"href":"https:\/\/bogensportdiscount.ch\/fr\/wp-json\/wp\/v2\/media\/451529"}],"wp:attachment":[{"href":"https:\/\/bogensportdiscount.ch\/fr\/wp-json\/wp\/v2\/media?parent=409854"}],"wp:term":[{"taxonomy":"product_brand","embeddable":true,"href":"https:\/\/bogensportdiscount.ch\/fr\/wp-json\/wp\/v2\/product_brand?post=409854"},{"taxonomy":"product_cat","embeddable":true,"href":"https:\/\/bogensportdiscount.ch\/fr\/wp-json\/wp\/v2\/product_cat?post=409854"},{"taxonomy":"product_tag","embeddable":true,"href":"https:\/\/bogensportdiscount.ch\/fr\/wp-json\/wp\/v2\/product_tag?post=409854"}],"curies":[{"name":"wp","href":"https:\/\/api.w.org\/{rel}","templated":true}]}}