{"id":409788,"date":"2026-04-05T15:00:46","date_gmt":"2026-04-05T13:00:46","guid":{"rendered":"https:\/\/bogensportdiscount.ch\/produkt\/limbs-wiawis-cx7-carbon-wood-25-short-66-26-lbs\/"},"modified":"2026-04-17T13:47:44","modified_gmt":"2026-04-17T11:47:44","slug":"wiawis-recurvebogen-wurfarme-cx7-carbon-wood-25-zoll","status":"publish","type":"product","link":"https:\/\/bogensportdiscount.ch\/fr\/produit\/wiawis-recurvebogen-wurfarme-cx7-carbon-wood-25-zoll\/","title":{"rendered":"LIMBS WIAWIS CX7 CARBON WOOD 25\u2033 LBS"},"content":{"rendered":"<p>Die WIAWIS CX7 Carbon Wood Wurfarme in der Gr\u00f6sse 25&#8243; sind f\u00fcr den Einsatz am Recurvebogen konzipiert. Das Material kombiniert Carbon und Holz, was eine gute Balance zwischen Steifigkeit, D\u00e4mpfung und Gewicht erm\u00f6glicht.<\/p>\n<p>Die Wurfarme sind in drei Bogenl\u00e4ngen (66&#8243;, 68&#8243;, 70&#8243;) und einem breiten Zuggewichtsbereich von 26 bis 50 lbs erh\u00e4ltlich, sodass sie f\u00fcr verschiedene Schiessstile und Leistungsniveaus geeignet sind \u2013 vom fortgeschrittenen Freizeitsch\u00fctzen bis zum Wettkampfsportler.<\/p>\n<ul>\n<li>Material: Carbon-Holz-Kombination<\/li>\n<li>Taille : 25\u2033<\/li>\n<li>Verf\u00fcgbare Bogenl\u00e4ngen: 66&#8243;, 68&#8243;, 70&#8243;<\/li>\n<li>Zuggewicht: 26\u201350 lbs<\/li>\n<\/ul>","protected":false},"excerpt":{"rendered":"<p><strong>Marque :<\/strong> Wiawis<br \/><strong>mat\u00e9riel :<\/strong> Carbon wood<\/p>","protected":false},"featured_media":439147,"comment_status":"open","ping_status":"closed","template":"","meta":[],"product_brand":[473],"product_cat":[4520],"product_tag":[],"class_list":{"0":"post-409788","1":"product","2":"type-product","3":"status-publish","4":"has-post-thumbnail","6":"product_brand-wiawis","7":"product_cat-recurve-wurfarme-recurve-boegen","9":"first","10":"instock","11":"shipping-taxable","12":"purchasable","13":"product-type-variable"},"_links":{"self":[{"href":"https:\/\/bogensportdiscount.ch\/fr\/wp-json\/wp\/v2\/product\/409788","targetHints":{"allow":["GET"]}}],"collection":[{"href":"https:\/\/bogensportdiscount.ch\/fr\/wp-json\/wp\/v2\/product"}],"about":[{"href":"https:\/\/bogensportdiscount.ch\/fr\/wp-json\/wp\/v2\/types\/product"}],"replies":[{"embeddable":true,"href":"https:\/\/bogensportdiscount.ch\/fr\/wp-json\/wp\/v2\/comments?post=409788"}],"wp:featuredmedia":[{"embeddable":true,"href":"https:\/\/bogensportdiscount.ch\/fr\/wp-json\/wp\/v2\/media\/439147"}],"wp:attachment":[{"href":"https:\/\/bogensportdiscount.ch\/fr\/wp-json\/wp\/v2\/media?parent=409788"}],"wp:term":[{"taxonomy":"product_brand","embeddable":true,"href":"https:\/\/bogensportdiscount.ch\/fr\/wp-json\/wp\/v2\/product_brand?post=409788"},{"taxonomy":"product_cat","embeddable":true,"href":"https:\/\/bogensportdiscount.ch\/fr\/wp-json\/wp\/v2\/product_cat?post=409788"},{"taxonomy":"product_tag","embeddable":true,"href":"https:\/\/bogensportdiscount.ch\/fr\/wp-json\/wp\/v2\/product_tag?post=409788"}],"curies":[{"name":"wp","href":"https:\/\/api.w.org\/{rel}","templated":true}]}}