{"id":409748,"date":"2026-04-05T15:00:42","date_gmt":"2026-04-05T13:00:42","guid":{"rendered":"https:\/\/bogensportdiscount.ch\/produkt\/invinso-medium-wrist-rh\/"},"modified":"2026-04-17T13:47:43","modified_gmt":"2026-04-17T11:47:43","slug":"kinetic-recurve-griff-invinso-low-wrist-rh","status":"publish","type":"product","link":"https:\/\/bogensportdiscount.ch\/fr\/produit\/kinetic-recurve-griff-invinso-low-wrist-rh\/","title":{"rendered":"KINETIC INVINSO MEDIUM WRIST RH"},"content":{"rendered":"<p>Der KINETIC Invinso Low Wrist ist ein Recurve-Griff, der als Ersatz- oder Upgradeteil f\u00fcr kompatible Recurvebogen konzipiert ist. Die Low-Wrist-Geometrie erm\u00f6glicht eine flache, entspannte Handgelenksposition beim Schuss, was bei vielen Sch\u00fctzen zu einer gleichm\u00e4ssigeren Druckverteilung in der Bogenhand f\u00fchrt.<\/p>\n<p>Dieses Modell ist f\u00fcr Rechtsh\u00e4nder (RH) ausgef\u00fchrt. KINETIC bietet den Invinso Low Wrist auch in einer Linkshand-Variante an, sodass beide Sch\u00fctzengruppen versorgt werden.<\/p>\n<ul>\n<li>Low-Wrist-Geometrie f\u00fcr flache Handgelenksposition<\/li>\n<li>Erh\u00e4ltlich f\u00fcr Rechts- und Linksh\u00e4nder<\/li>\n<li>Passend f\u00fcr Recurvebogen-Systeme<\/li>\n<li>Hersteller: KINETIC<\/li>\n<\/ul>","protected":false},"excerpt":{"rendered":"<p><strong>Marque :<\/strong> Kinetic<\/p>","protected":false},"featured_media":451509,"comment_status":"open","ping_status":"closed","template":"","meta":[],"product_brand":[439],"product_cat":[4201],"product_tag":[],"class_list":{"0":"post-409748","1":"product","2":"type-product","3":"status-publish","4":"has-post-thumbnail","6":"product_brand-kinetic","7":"product_cat-recurve-griffe-griffe-bogen-zubehoer","9":"first","10":"instock","11":"shipping-taxable","12":"purchasable","13":"product-type-variable"},"_links":{"self":[{"href":"https:\/\/bogensportdiscount.ch\/fr\/wp-json\/wp\/v2\/product\/409748","targetHints":{"allow":["GET"]}}],"collection":[{"href":"https:\/\/bogensportdiscount.ch\/fr\/wp-json\/wp\/v2\/product"}],"about":[{"href":"https:\/\/bogensportdiscount.ch\/fr\/wp-json\/wp\/v2\/types\/product"}],"replies":[{"embeddable":true,"href":"https:\/\/bogensportdiscount.ch\/fr\/wp-json\/wp\/v2\/comments?post=409748"}],"wp:featuredmedia":[{"embeddable":true,"href":"https:\/\/bogensportdiscount.ch\/fr\/wp-json\/wp\/v2\/media\/451509"}],"wp:attachment":[{"href":"https:\/\/bogensportdiscount.ch\/fr\/wp-json\/wp\/v2\/media?parent=409748"}],"wp:term":[{"taxonomy":"product_brand","embeddable":true,"href":"https:\/\/bogensportdiscount.ch\/fr\/wp-json\/wp\/v2\/product_brand?post=409748"},{"taxonomy":"product_cat","embeddable":true,"href":"https:\/\/bogensportdiscount.ch\/fr\/wp-json\/wp\/v2\/product_cat?post=409748"},{"taxonomy":"product_tag","embeddable":true,"href":"https:\/\/bogensportdiscount.ch\/fr\/wp-json\/wp\/v2\/product_tag?post=409748"}],"curies":[{"name":"wp","href":"https:\/\/api.w.org\/{rel}","templated":true}]}}