{"id":409646,"date":"2026-04-05T15:00:26","date_gmt":"2026-04-05T13:00:26","guid":{"rendered":"https:\/\/bogensportdiscount.ch\/produkt\/3d-target-imp-green\/"},"modified":"2026-04-17T13:47:42","modified_gmt":"2026-04-17T11:47:42","slug":"mmcrafts-3d-ziel-imp","status":"publish","type":"product","link":"https:\/\/bogensportdiscount.ch\/fr\/produit\/mmcrafts-3d-ziel-imp\/","title":{"rendered":"MMCRAFTS 3D TARGET IMP"},"content":{"rendered":"<p>Das MMCRAFTS 3D-Ziel Imp geh\u00f6rt zur Fantasy- und Fun-Kategorie der 3D-Bogenschiessziele. Mit seiner ungew\u00f6hnlichen Zielform bringt es Abwechslung auf den 3D-Parcours und spricht Bogensch\u00fctzen an, die neben klassischen Tierfiguren auch aussergew\u00f6hnliche Ziele sch\u00e4tzen.<\/p>\n<p>Das Ziel ist in den Farben Gr\u00fcn und Rot lieferbar und l\u00e4sst sich einfach auf Standard-3D-Zielhalterungen aufstellen. Es ist sowohl f\u00fcr Training als auch f\u00fcr Fun-Turniere geeignet.<\/p>\n<ul>\n<li>Fantasy-Design f\u00fcr Abwechslung auf dem Parcours<\/li>\n<li>Erh\u00e4ltlich in Gr\u00fcn und Rot<\/li>\n<li>Geeignet f\u00fcr 3D-Parcours und Fun-Wettbewerbe<\/li>\n<li>Von MMCRAFTS, einem bekannten Hersteller von 3D-Schiesszielen<\/li>\n<\/ul>","protected":false},"excerpt":{"rendered":"<p><strong>Marque :<\/strong> MM Crafts<\/p>","protected":false},"featured_media":451469,"comment_status":"open","ping_status":"closed","template":"","meta":[],"product_brand":[636],"product_cat":[4146],"product_tag":[],"class_list":{"0":"post-409646","1":"product","2":"type-product","3":"status-publish","4":"has-post-thumbnail","6":"product_brand-mmcrafts","7":"product_cat-fantasie-andere","9":"first","10":"instock","11":"shipping-taxable","12":"purchasable","13":"product-type-variable"},"_links":{"self":[{"href":"https:\/\/bogensportdiscount.ch\/fr\/wp-json\/wp\/v2\/product\/409646","targetHints":{"allow":["GET"]}}],"collection":[{"href":"https:\/\/bogensportdiscount.ch\/fr\/wp-json\/wp\/v2\/product"}],"about":[{"href":"https:\/\/bogensportdiscount.ch\/fr\/wp-json\/wp\/v2\/types\/product"}],"replies":[{"embeddable":true,"href":"https:\/\/bogensportdiscount.ch\/fr\/wp-json\/wp\/v2\/comments?post=409646"}],"wp:featuredmedia":[{"embeddable":true,"href":"https:\/\/bogensportdiscount.ch\/fr\/wp-json\/wp\/v2\/media\/451469"}],"wp:attachment":[{"href":"https:\/\/bogensportdiscount.ch\/fr\/wp-json\/wp\/v2\/media?parent=409646"}],"wp:term":[{"taxonomy":"product_brand","embeddable":true,"href":"https:\/\/bogensportdiscount.ch\/fr\/wp-json\/wp\/v2\/product_brand?post=409646"},{"taxonomy":"product_cat","embeddable":true,"href":"https:\/\/bogensportdiscount.ch\/fr\/wp-json\/wp\/v2\/product_cat?post=409646"},{"taxonomy":"product_tag","embeddable":true,"href":"https:\/\/bogensportdiscount.ch\/fr\/wp-json\/wp\/v2\/product_tag?post=409646"}],"curies":[{"name":"wp","href":"https:\/\/api.w.org\/{rel}","templated":true}]}}