{"id":409632,"date":"2026-04-05T15:00:24","date_gmt":"2026-04-05T13:00:24","guid":{"rendered":"https:\/\/bogensportdiscount.ch\/produkt\/hunting-bows-sage-60-rh-25-lbs\/"},"modified":"2026-04-17T13:47:42","modified_gmt":"2026-04-17T11:47:42","slug":"samick-jagdbogen-sage-60","status":"publish","type":"product","link":"https:\/\/bogensportdiscount.ch\/fr\/produit\/samick-jagdbogen-sage-60\/","title":{"rendered":"SAMICK HUNTING BOWS SAGE 60\u2033 LBS"},"content":{"rendered":"<p>Der Samick Sage ist ein einteiliger Recurve-Jagdbogen mit einer Auszugsl\u00e4nge von 60 Zoll. Er richtet sich an traditionelle Bogensch\u00fctzen, die einen zuverl\u00e4ssigen und handlichen Bogen f\u00fcr die Jagd oder das Training suchen.<\/p>\n<p>Der Bogen ist in Ausf\u00fchrungen f\u00fcr Links- und Rechtsh\u00e4nder erh\u00e4ltlich und wird in f\u00fcnf Zuggewichten von 25 bis 45 LBS angeboten, was ihn f\u00fcr unterschiedliche K\u00f6rperst\u00e4rken und Einsatzbereiche geeignet macht.<\/p>\n<ul>\n<li>Einteiliger traditioneller Jagdbogen<\/li>\n<li>Wurfarml\u00e4nge: 60 Zoll<\/li>\n<li>Verf\u00fcgbar f\u00fcr Links- und Rechtsh\u00e4nder<\/li>\n<li>Zuggewichte: 25, 30, 35, 40 und 45 LBS<\/li>\n<\/ul>","protected":false},"excerpt":{"rendered":"<p>Der Samick Sage ist ein einteiliger traditioneller Jagdbogen mit 60&#8243; Wurfarml\u00e4nge. Erh\u00e4ltlich f\u00fcr Links- und Rechtsh\u00e4nder in Zuggewichten von 25 bis 45 LBS.<\/p>","protected":false},"featured_media":439175,"comment_status":"open","ping_status":"closed","template":"","meta":[],"product_brand":[920],"product_cat":[4274],"product_tag":[],"class_list":{"0":"post-409632","1":"product","2":"type-product","3":"status-publish","4":"has-post-thumbnail","6":"product_brand-samick","7":"product_cat-jagdboegen","9":"first","10":"instock","11":"shipping-taxable","12":"purchasable","13":"product-type-variable"},"_links":{"self":[{"href":"https:\/\/bogensportdiscount.ch\/fr\/wp-json\/wp\/v2\/product\/409632","targetHints":{"allow":["GET"]}}],"collection":[{"href":"https:\/\/bogensportdiscount.ch\/fr\/wp-json\/wp\/v2\/product"}],"about":[{"href":"https:\/\/bogensportdiscount.ch\/fr\/wp-json\/wp\/v2\/types\/product"}],"replies":[{"embeddable":true,"href":"https:\/\/bogensportdiscount.ch\/fr\/wp-json\/wp\/v2\/comments?post=409632"}],"wp:featuredmedia":[{"embeddable":true,"href":"https:\/\/bogensportdiscount.ch\/fr\/wp-json\/wp\/v2\/media\/439175"}],"wp:attachment":[{"href":"https:\/\/bogensportdiscount.ch\/fr\/wp-json\/wp\/v2\/media?parent=409632"}],"wp:term":[{"taxonomy":"product_brand","embeddable":true,"href":"https:\/\/bogensportdiscount.ch\/fr\/wp-json\/wp\/v2\/product_brand?post=409632"},{"taxonomy":"product_cat","embeddable":true,"href":"https:\/\/bogensportdiscount.ch\/fr\/wp-json\/wp\/v2\/product_cat?post=409632"},{"taxonomy":"product_tag","embeddable":true,"href":"https:\/\/bogensportdiscount.ch\/fr\/wp-json\/wp\/v2\/product_tag?post=409632"}],"curies":[{"name":"wp","href":"https:\/\/api.w.org\/{rel}","templated":true}]}}