{"id":409606,"date":"2026-04-05T15:00:20","date_gmt":"2026-04-05T13:00:20","guid":{"rendered":"https:\/\/bogensportdiscount.ch\/produkt\/comfort-spacer-tab-n-cst-a-alligator-embossed-turquoise-lh-x-small\/"},"modified":"2026-05-14T15:26:38","modified_gmt":"2026-05-14T13:26:38","slug":"neet-comfort-spacer-tab-n-cst-a-alligator-embossed","status":"publish","type":"product","link":"https:\/\/bogensportdiscount.ch\/fr\/produit\/neet-comfort-spacer-tab-n-cst-a-alligator-embossed\/","title":{"rendered":"NEET PALETTE CONFORT AVEC S\u00c9PARATEUR N-CST-A ALLIGATOR GAUFR\u00c9"},"content":{"rendered":"<p>Le NEET Comfort Spacer Tab N-CST-A Alligator Embossed est une palette de protection pour les archers \u00e0 l'arc classique et \u00e0 l'arc long. Le motif alligator gaufr\u00e9 conf\u00e8re au tab une surface structur\u00e9e offrant une prise en main agr\u00e9able.<\/p>\n<p>Le tab prot\u00e8ge efficacement les doigts lors du tirage et est disponible en tailles S, L et XL afin d'assurer un bon ajustement pour diff\u00e9rentes tailles de mains. Les deux variantes de couleurs Tan et Turquoise offrent un certain choix personnel.<\/p>\n<ul>\n<li>Surface alligator gaufr\u00e9e pour une prise en main structur\u00e9e<\/li>\n<li>Disponible en trois tailles : S, L, XL<\/li>\n<li>Deux variantes de couleurs : Tan et Turquoise<\/li>\n<li>Convient comme palette de base pour une utilisation quotidienne<\/li>\n<\/ul>","protected":false},"excerpt":{"rendered":"<p>Le NEET Comfort Spacer Tab N-CST-A est une palette de base pour archers avec un aspect cuir alligator gaufr\u00e9. Disponible en tailles S, L et XL ainsi qu'en couleurs Tan et Turquoise.<\/p>","protected":false},"featured_media":452929,"comment_status":"open","ping_status":"closed","template":"","meta":[],"product_brand":[786],"product_cat":[4251],"product_tag":[],"class_list":{"0":"post-409606","1":"product","2":"type-product","3":"status-publish","4":"has-post-thumbnail","6":"product_brand-neet","7":"product_cat-basic-tabs","8":"product_shipping_class-bsd-standard","10":"first","11":"instock","12":"shipping-taxable","13":"purchasable","14":"product-type-variable"},"yoast_head":"<!-- This site is optimized with the Yoast SEO plugin v27.6 - https:\/\/yoast.com\/product\/yoast-seo-wordpress\/ -->\n<title>NEET COMFORT SPACER TAB N-CST-A ALLIGATOR GEPR\u00c4GT - Bogensportdiscount \u2013 B\u00f6gen, Pfeile, Targets &amp; Zubeh\u00f6r<\/title>\n<meta name=\"description\" content=\"NEET COMFORT SPACER TAB N-CST-A ALLIGATOR GEPR\u00c4GT g\u00fcnstig kaufen bei Bogensportdiscount \u2013 Top-Marken, schneller Versand aus der Schweiz.\" \/>\n<meta name=\"robots\" content=\"index, follow, max-snippet:-1, max-image-preview:large, max-video-preview:-1\" \/>\n<link rel=\"canonical\" href=\"https:\/\/bogensportdiscount.ch\/fr\/produit\/neet-comfort-spacer-tab-n-cst-a-alligator-embossed\/\" \/>\n<meta property=\"og:locale\" content=\"fr_FR\" \/>\n<meta property=\"og:type\" content=\"article\" \/>\n<meta property=\"og:title\" content=\"NEET COMFORT SPACER TAB N-CST-A ALLIGATOR GEPR\u00c4GT - Bogensportdiscount \u2013 B\u00f6gen, Pfeile, Targets &amp; Zubeh\u00f6r\" \/>\n<meta property=\"og:description\" content=\"NEET COMFORT SPACER TAB N-CST-A ALLIGATOR GEPR\u00c4GT g\u00fcnstig kaufen bei Bogensportdiscount \u2013 Top-Marken, schneller Versand aus der Schweiz.\" \/>\n<meta property=\"og:url\" content=\"https:\/\/bogensportdiscount.ch\/fr\/produit\/neet-comfort-spacer-tab-n-cst-a-alligator-embossed\/\" \/>\n<meta property=\"og:site_name\" content=\"Bogensportdiscount \u2013 B\u00f6gen, Pfeile, Targets &amp; Zubeh\u00f6r\" \/>\n<meta property=\"article:modified_time\" content=\"2026-05-14T13:26:38+00:00\" \/>\n<meta property=\"og:image\" content=\"https:\/\/bogensportdiscount.ch\/wp-content\/uploads\/bsm-images\/a062301_1.jpg\" \/>\n\t<meta property=\"og:image:width\" content=\"400\" \/>\n\t<meta property=\"og:image:height\" content=\"266\" \/>\n\t<meta property=\"og:image:type\" content=\"image\/jpeg\" \/>\n<meta name=\"twitter:card\" content=\"summary_large_image\" \/>\n<meta name=\"twitter:label1\" content=\"Dur\u00e9e de lecture estim\u00e9e\" \/>\n\t<meta name=\"twitter:data1\" content=\"1 minute\" \/>\n<script type=\"application\/ld+json\" class=\"yoast-schema-graph\">{\"@context\":\"https:\\\/\\\/schema.org\",\"@graph\":[{\"@type\":\"WebPage\",\"@id\":\"https:\\\/\\\/bogensportdiscount.ch\\\/produkt\\\/neet-comfort-spacer-tab-n-cst-a-alligator-embossed\\\/\",\"url\":\"https:\\\/\\\/bogensportdiscount.ch\\\/produkt\\\/neet-comfort-spacer-tab-n-cst-a-alligator-embossed\\\/\",\"name\":\"NEET COMFORT SPACER TAB N-CST-A ALLIGATOR GEPR\u00c4GT - Bogensportdiscount \u2013 B\u00f6gen, Pfeile, Targets &amp; Zubeh\u00f6r\",\"isPartOf\":{\"@id\":\"https:\\\/\\\/bogensportdiscount.ch\\\/#website\"},\"primaryImageOfPage\":{\"@id\":\"https:\\\/\\\/bogensportdiscount.ch\\\/produkt\\\/neet-comfort-spacer-tab-n-cst-a-alligator-embossed\\\/#primaryimage\"},\"image\":{\"@id\":\"https:\\\/\\\/bogensportdiscount.ch\\\/produkt\\\/neet-comfort-spacer-tab-n-cst-a-alligator-embossed\\\/#primaryimage\"},\"thumbnailUrl\":\"https:\\\/\\\/bogensportdiscount.ch\\\/wp-content\\\/uploads\\\/bsm-images\\\/a062301_1.jpg\",\"datePublished\":\"2026-04-05T13:00:20+00:00\",\"dateModified\":\"2026-05-14T13:26:38+00:00\",\"description\":\"NEET COMFORT SPACER TAB N-CST-A ALLIGATOR GEPR\u00c4GT g\u00fcnstig kaufen bei Bogensportdiscount \u2013 Top-Marken, schneller Versand aus der Schweiz.\",\"breadcrumb\":{\"@id\":\"https:\\\/\\\/bogensportdiscount.ch\\\/produkt\\\/neet-comfort-spacer-tab-n-cst-a-alligator-embossed\\\/#breadcrumb\"},\"inLanguage\":\"fr-FR\",\"potentialAction\":[{\"@type\":\"ReadAction\",\"target\":[\"https:\\\/\\\/bogensportdiscount.ch\\\/produkt\\\/neet-comfort-spacer-tab-n-cst-a-alligator-embossed\\\/\"]}]},{\"@type\":\"ImageObject\",\"inLanguage\":\"fr-FR\",\"@id\":\"https:\\\/\\\/bogensportdiscount.ch\\\/produkt\\\/neet-comfort-spacer-tab-n-cst-a-alligator-embossed\\\/#primaryimage\",\"url\":\"https:\\\/\\\/bogensportdiscount.ch\\\/wp-content\\\/uploads\\\/bsm-images\\\/a062301_1.jpg\",\"contentUrl\":\"https:\\\/\\\/bogensportdiscount.ch\\\/wp-content\\\/uploads\\\/bsm-images\\\/a062301_1.jpg\",\"width\":400,\"height\":266},{\"@type\":\"BreadcrumbList\",\"@id\":\"https:\\\/\\\/bogensportdiscount.ch\\\/produkt\\\/neet-comfort-spacer-tab-n-cst-a-alligator-embossed\\\/#breadcrumb\",\"itemListElement\":[{\"@type\":\"ListItem\",\"position\":1,\"name\":\"Home\",\"item\":\"https:\\\/\\\/bogensportdiscount.ch\\\/\"},{\"@type\":\"ListItem\",\"position\":2,\"name\":\"Shop\",\"item\":\"https:\\\/\\\/bogensportdiscount.ch\\\/shop\\\/\"},{\"@type\":\"ListItem\",\"position\":3,\"name\":\"NEET COMFORT SPACER TAB N-CST-A ALLIGATOR GEPRAEGT\"}]},{\"@type\":\"WebSite\",\"@id\":\"https:\\\/\\\/bogensportdiscount.ch\\\/#website\",\"url\":\"https:\\\/\\\/bogensportdiscount.ch\\\/\",\"name\":\"Bogensportdiscount\",\"description\":\"\",\"potentialAction\":[{\"@type\":\"SearchAction\",\"target\":{\"@type\":\"EntryPoint\",\"urlTemplate\":\"https:\\\/\\\/bogensportdiscount.ch\\\/?s={search_term_string}\"},\"query-input\":{\"@type\":\"PropertyValueSpecification\",\"valueRequired\":true,\"valueName\":\"search_term_string\"}}],\"inLanguage\":\"fr-FR\"}]}<\/script>\n<!-- \/ Yoast SEO plugin. -->","yoast_head_json":{"title":"NEET COMFORT SPACER TAB N-CST-A ALLIGATOR GEPR\u00c4GT - Bogensportdiscount \u2013 B\u00f6gen, Pfeile, Targets &amp; Zubeh\u00f6r","description":"NEET COMFORT SPACER TAB N-CST-A ALLIGATOR GEPR\u00c4GT g\u00fcnstig kaufen bei Bogensportdiscount \u2013 Top-Marken, schneller Versand aus der Schweiz.","robots":{"index":"index","follow":"follow","max-snippet":"max-snippet:-1","max-image-preview":"max-image-preview:large","max-video-preview":"max-video-preview:-1"},"canonical":"https:\/\/bogensportdiscount.ch\/fr\/produit\/neet-comfort-spacer-tab-n-cst-a-alligator-embossed\/","og_locale":"fr_FR","og_type":"article","og_title":"NEET COMFORT SPACER TAB N-CST-A ALLIGATOR GEPR\u00c4GT - Bogensportdiscount \u2013 B\u00f6gen, Pfeile, Targets &amp; Zubeh\u00f6r","og_description":"NEET COMFORT SPACER TAB N-CST-A ALLIGATOR GEPR\u00c4GT g\u00fcnstig kaufen bei Bogensportdiscount \u2013 Top-Marken, schneller Versand aus der Schweiz.","og_url":"https:\/\/bogensportdiscount.ch\/fr\/produit\/neet-comfort-spacer-tab-n-cst-a-alligator-embossed\/","og_site_name":"Bogensportdiscount \u2013 B\u00f6gen, Pfeile, Targets &amp; Zubeh\u00f6r","article_modified_time":"2026-05-14T13:26:38+00:00","og_image":[{"width":400,"height":266,"url":"https:\/\/bogensportdiscount.ch\/wp-content\/uploads\/bsm-images\/a062301_1.jpg","type":"image\/jpeg"}],"twitter_card":"summary_large_image","twitter_misc":{"Dur\u00e9e de lecture estim\u00e9e":"1 minute"},"schema":{"@context":"https:\/\/schema.org","@graph":[{"@type":"WebPage","@id":"https:\/\/bogensportdiscount.ch\/produkt\/neet-comfort-spacer-tab-n-cst-a-alligator-embossed\/","url":"https:\/\/bogensportdiscount.ch\/produkt\/neet-comfort-spacer-tab-n-cst-a-alligator-embossed\/","name":"NEET COMFORT SPACER TAB N-CST-A ALLIGATOR GEPR\u00c4GT - Bogensportdiscount \u2013 B\u00f6gen, Pfeile, Targets &amp; Zubeh\u00f6r","isPartOf":{"@id":"https:\/\/bogensportdiscount.ch\/#website"},"primaryImageOfPage":{"@id":"https:\/\/bogensportdiscount.ch\/produkt\/neet-comfort-spacer-tab-n-cst-a-alligator-embossed\/#primaryimage"},"image":{"@id":"https:\/\/bogensportdiscount.ch\/produkt\/neet-comfort-spacer-tab-n-cst-a-alligator-embossed\/#primaryimage"},"thumbnailUrl":"https:\/\/bogensportdiscount.ch\/wp-content\/uploads\/bsm-images\/a062301_1.jpg","datePublished":"2026-04-05T13:00:20+00:00","dateModified":"2026-05-14T13:26:38+00:00","description":"NEET COMFORT SPACER TAB N-CST-A ALLIGATOR GEPR\u00c4GT g\u00fcnstig kaufen bei Bogensportdiscount \u2013 Top-Marken, schneller Versand aus der Schweiz.","breadcrumb":{"@id":"https:\/\/bogensportdiscount.ch\/produkt\/neet-comfort-spacer-tab-n-cst-a-alligator-embossed\/#breadcrumb"},"inLanguage":"fr-FR","potentialAction":[{"@type":"ReadAction","target":["https:\/\/bogensportdiscount.ch\/produkt\/neet-comfort-spacer-tab-n-cst-a-alligator-embossed\/"]}]},{"@type":"ImageObject","inLanguage":"fr-FR","@id":"https:\/\/bogensportdiscount.ch\/produkt\/neet-comfort-spacer-tab-n-cst-a-alligator-embossed\/#primaryimage","url":"https:\/\/bogensportdiscount.ch\/wp-content\/uploads\/bsm-images\/a062301_1.jpg","contentUrl":"https:\/\/bogensportdiscount.ch\/wp-content\/uploads\/bsm-images\/a062301_1.jpg","width":400,"height":266},{"@type":"BreadcrumbList","@id":"https:\/\/bogensportdiscount.ch\/produkt\/neet-comfort-spacer-tab-n-cst-a-alligator-embossed\/#breadcrumb","itemListElement":[{"@type":"ListItem","position":1,"name":"Home","item":"https:\/\/bogensportdiscount.ch\/"},{"@type":"ListItem","position":2,"name":"Shop","item":"https:\/\/bogensportdiscount.ch\/shop\/"},{"@type":"ListItem","position":3,"name":"NEET COMFORT SPACER TAB N-CST-A ALLIGATOR GEPRAEGT"}]},{"@type":"WebSite","@id":"https:\/\/bogensportdiscount.ch\/#website","url":"https:\/\/bogensportdiscount.ch\/","name":"Bogensportdiscount","description":"","potentialAction":[{"@type":"SearchAction","target":{"@type":"EntryPoint","urlTemplate":"https:\/\/bogensportdiscount.ch\/?s={search_term_string}"},"query-input":{"@type":"PropertyValueSpecification","valueRequired":true,"valueName":"search_term_string"}}],"inLanguage":"fr-FR"}]}},"_links":{"self":[{"href":"https:\/\/bogensportdiscount.ch\/fr\/wp-json\/wp\/v2\/product\/409606","targetHints":{"allow":["GET"]}}],"collection":[{"href":"https:\/\/bogensportdiscount.ch\/fr\/wp-json\/wp\/v2\/product"}],"about":[{"href":"https:\/\/bogensportdiscount.ch\/fr\/wp-json\/wp\/v2\/types\/product"}],"replies":[{"embeddable":true,"href":"https:\/\/bogensportdiscount.ch\/fr\/wp-json\/wp\/v2\/comments?post=409606"}],"wp:featuredmedia":[{"embeddable":true,"href":"https:\/\/bogensportdiscount.ch\/fr\/wp-json\/wp\/v2\/media\/452929"}],"wp:attachment":[{"href":"https:\/\/bogensportdiscount.ch\/fr\/wp-json\/wp\/v2\/media?parent=409606"}],"wp:term":[{"taxonomy":"product_brand","embeddable":true,"href":"https:\/\/bogensportdiscount.ch\/fr\/wp-json\/wp\/v2\/product_brand?post=409606"},{"taxonomy":"product_cat","embeddable":true,"href":"https:\/\/bogensportdiscount.ch\/fr\/wp-json\/wp\/v2\/product_cat?post=409606"},{"taxonomy":"product_tag","embeddable":true,"href":"https:\/\/bogensportdiscount.ch\/fr\/wp-json\/wp\/v2\/product_tag?post=409606"}],"curies":[{"name":"wp","href":"https:\/\/api.w.org\/{rel}","templated":true}]}}