{"id":409596,"date":"2026-04-05T15:00:18","date_gmt":"2026-04-05T13:00:18","guid":{"rendered":"https:\/\/bogensportdiscount.ch\/produkt\/traditional-take-down-recurve-soft-case-td-7-alligator-embossed-turquoise\/"},"modified":"2026-05-14T15:26:38","modified_gmt":"2026-05-14T13:26:38","slug":"neet-recurve-softcase-take-down-td-7-alligator-praegung","status":"publish","type":"product","link":"https:\/\/bogensportdiscount.ch\/fr\/produit\/neet-recurve-softcase-take-down-td-7-alligator-praegung\/","title":{"rendered":"NEET \u00c9tui souple Take-Down arc classique traditionnel TD-7 imprim\u00e9 alligator"},"content":{"rendered":"<p>La housse souple NEET TD-7 pour arc classique d\u00e9montable est sp\u00e9cialement con\u00e7ue pour le transport d'arcs classiques d\u00e9montables (Take-Down). La possibilit\u00e9 de d\u00e9monter l'arc en plusieurs pi\u00e8ces permet un rangement compact et un transport s\u00e9curis\u00e9.<\/p>\n<p>La housse dispose d'un gaufrage alligator sur sa surface ext\u00e9rieure et est disponible dans les coloris Tan et Turquoise, ce qui lui conf\u00e8re, en plus de sa fonction de protection, une apparence distinctive.<\/p>\n<ul>\n<li>Convient aux arcs classiques d\u00e9montables (Take-Down)<\/li>\n<li>Gaufrage alligator sur la housse ext\u00e9rieure<\/li>\n<li>Disponible en Tan et Turquoise<\/li>\n<li>Construction l\u00e9g\u00e8re en housse souple pour le transport quotidien<\/li>\n<\/ul>","protected":false},"excerpt":{"rendered":"<p>Le NEET TD-7 est une housse souple pour arcs classiques d\u00e9montables (Take-Down). La housse se distingue par un embossage alligator sur l'enveloppe ext\u00e9rieure et est disponible dans les couleurs Tan et Turquoise.<\/p>","protected":false},"featured_media":451449,"comment_status":"open","ping_status":"closed","template":"","meta":[],"product_brand":[786],"product_cat":[4127],"product_tag":[],"class_list":{"0":"post-409596","1":"product","2":"type-product","3":"status-publish","4":"has-post-thumbnail","6":"product_brand-neet","7":"product_cat-traditioneller-bogentaschen","8":"product_shipping_class-bsd-standard","10":"first","11":"instock","12":"shipping-taxable","13":"purchasable","14":"product-type-variable"},"yoast_head":"<!-- This site is optimized with the Yoast SEO plugin v27.6 - https:\/\/yoast.com\/product\/yoast-seo-wordpress\/ -->\n<title>NEET Traditionelles Take-Down Recurve Weichetui TD-7 Alligator gepr\u00e4gt - Bogensportdiscount \u2013 B\u00f6gen, Pfeile, Targets &amp; Zubeh\u00f6r<\/title>\n<meta name=\"description\" content=\"NEET Traditionelles Take-Down Recurve Weichetui TD-7 Alligator gepr\u00e4gt g\u00fcnstig kaufen bei Bogensportdiscount \u2013 Top-Marken, schneller Versand aus der Schweiz.\" \/>\n<meta name=\"robots\" content=\"index, follow, max-snippet:-1, max-image-preview:large, max-video-preview:-1\" \/>\n<link rel=\"canonical\" href=\"https:\/\/bogensportdiscount.ch\/fr\/produit\/neet-recurve-softcase-take-down-td-7-alligator-praegung\/\" \/>\n<meta property=\"og:locale\" content=\"fr_FR\" \/>\n<meta property=\"og:type\" content=\"article\" \/>\n<meta property=\"og:title\" content=\"NEET Traditionelles Take-Down Recurve Weichetui TD-7 Alligator gepr\u00e4gt - Bogensportdiscount \u2013 B\u00f6gen, Pfeile, Targets &amp; Zubeh\u00f6r\" \/>\n<meta property=\"og:description\" content=\"NEET Traditionelles Take-Down Recurve Weichetui TD-7 Alligator gepr\u00e4gt g\u00fcnstig kaufen bei Bogensportdiscount \u2013 Top-Marken, schneller Versand aus der Schweiz.\" \/>\n<meta property=\"og:url\" content=\"https:\/\/bogensportdiscount.ch\/fr\/produit\/neet-recurve-softcase-take-down-td-7-alligator-praegung\/\" \/>\n<meta property=\"og:site_name\" content=\"Bogensportdiscount \u2013 B\u00f6gen, Pfeile, Targets &amp; Zubeh\u00f6r\" \/>\n<meta property=\"article:modified_time\" content=\"2026-05-14T13:26:38+00:00\" \/>\n<meta property=\"og:image\" content=\"https:\/\/bogensportdiscount.ch\/wp-content\/uploads\/bsm-images\/A062263_1.png\" \/>\n\t<meta property=\"og:image:width\" content=\"6319\" \/>\n\t<meta property=\"og:image:height\" content=\"2946\" \/>\n\t<meta property=\"og:image:type\" content=\"image\/png\" \/>\n<meta name=\"twitter:card\" content=\"summary_large_image\" \/>\n<script type=\"application\/ld+json\" class=\"yoast-schema-graph\">{\"@context\":\"https:\\\/\\\/schema.org\",\"@graph\":[{\"@type\":\"WebPage\",\"@id\":\"https:\\\/\\\/bogensportdiscount.ch\\\/produkt\\\/neet-recurve-softcase-take-down-td-7-alligator-praegung\\\/\",\"url\":\"https:\\\/\\\/bogensportdiscount.ch\\\/produkt\\\/neet-recurve-softcase-take-down-td-7-alligator-praegung\\\/\",\"name\":\"NEET Traditionelles Take-Down Recurve Weichetui TD-7 Alligator gepr\u00e4gt - Bogensportdiscount \u2013 B\u00f6gen, Pfeile, Targets &amp; Zubeh\u00f6r\",\"isPartOf\":{\"@id\":\"https:\\\/\\\/bogensportdiscount.ch\\\/#website\"},\"primaryImageOfPage\":{\"@id\":\"https:\\\/\\\/bogensportdiscount.ch\\\/produkt\\\/neet-recurve-softcase-take-down-td-7-alligator-praegung\\\/#primaryimage\"},\"image\":{\"@id\":\"https:\\\/\\\/bogensportdiscount.ch\\\/produkt\\\/neet-recurve-softcase-take-down-td-7-alligator-praegung\\\/#primaryimage\"},\"thumbnailUrl\":\"https:\\\/\\\/bogensportdiscount.ch\\\/wp-content\\\/uploads\\\/bsm-images\\\/A062263_1.png\",\"datePublished\":\"2026-04-05T13:00:18+00:00\",\"dateModified\":\"2026-05-14T13:26:38+00:00\",\"description\":\"NEET Traditionelles Take-Down Recurve Weichetui TD-7 Alligator gepr\u00e4gt g\u00fcnstig kaufen bei Bogensportdiscount \u2013 Top-Marken, schneller Versand aus der Schweiz.\",\"breadcrumb\":{\"@id\":\"https:\\\/\\\/bogensportdiscount.ch\\\/produkt\\\/neet-recurve-softcase-take-down-td-7-alligator-praegung\\\/#breadcrumb\"},\"inLanguage\":\"fr-FR\",\"potentialAction\":[{\"@type\":\"ReadAction\",\"target\":[\"https:\\\/\\\/bogensportdiscount.ch\\\/produkt\\\/neet-recurve-softcase-take-down-td-7-alligator-praegung\\\/\"]}]},{\"@type\":\"ImageObject\",\"inLanguage\":\"fr-FR\",\"@id\":\"https:\\\/\\\/bogensportdiscount.ch\\\/produkt\\\/neet-recurve-softcase-take-down-td-7-alligator-praegung\\\/#primaryimage\",\"url\":\"https:\\\/\\\/bogensportdiscount.ch\\\/wp-content\\\/uploads\\\/bsm-images\\\/A062263_1.png\",\"contentUrl\":\"https:\\\/\\\/bogensportdiscount.ch\\\/wp-content\\\/uploads\\\/bsm-images\\\/A062263_1.png\",\"width\":2500,\"height\":1166},{\"@type\":\"BreadcrumbList\",\"@id\":\"https:\\\/\\\/bogensportdiscount.ch\\\/produkt\\\/neet-recurve-softcase-take-down-td-7-alligator-praegung\\\/#breadcrumb\",\"itemListElement\":[{\"@type\":\"ListItem\",\"position\":1,\"name\":\"Home\",\"item\":\"https:\\\/\\\/bogensportdiscount.ch\\\/\"},{\"@type\":\"ListItem\",\"position\":2,\"name\":\"Shop\",\"item\":\"https:\\\/\\\/bogensportdiscount.ch\\\/shop\\\/\"},{\"@type\":\"ListItem\",\"position\":3,\"name\":\"NEET TRADITIONAL TAKE-DOWN RECURVE WEICHETUI TD-7 ALLIGATOR GEPRAEGT\"}]},{\"@type\":\"WebSite\",\"@id\":\"https:\\\/\\\/bogensportdiscount.ch\\\/#website\",\"url\":\"https:\\\/\\\/bogensportdiscount.ch\\\/\",\"name\":\"Bogensportdiscount\",\"description\":\"\",\"potentialAction\":[{\"@type\":\"SearchAction\",\"target\":{\"@type\":\"EntryPoint\",\"urlTemplate\":\"https:\\\/\\\/bogensportdiscount.ch\\\/?s={search_term_string}\"},\"query-input\":{\"@type\":\"PropertyValueSpecification\",\"valueRequired\":true,\"valueName\":\"search_term_string\"}}],\"inLanguage\":\"fr-FR\"}]}<\/script>\n<!-- \/ Yoast SEO plugin. -->","yoast_head_json":{"title":"NEET Traditionelles Take-Down Recurve Weichetui TD-7 Alligator gepr\u00e4gt - Bogensportdiscount \u2013 B\u00f6gen, Pfeile, Targets &amp; Zubeh\u00f6r","description":"NEET Traditionelles Take-Down Recurve Weichetui TD-7 Alligator gepr\u00e4gt g\u00fcnstig kaufen bei Bogensportdiscount \u2013 Top-Marken, schneller Versand aus der Schweiz.","robots":{"index":"index","follow":"follow","max-snippet":"max-snippet:-1","max-image-preview":"max-image-preview:large","max-video-preview":"max-video-preview:-1"},"canonical":"https:\/\/bogensportdiscount.ch\/fr\/produit\/neet-recurve-softcase-take-down-td-7-alligator-praegung\/","og_locale":"fr_FR","og_type":"article","og_title":"NEET Traditionelles Take-Down Recurve Weichetui TD-7 Alligator gepr\u00e4gt - Bogensportdiscount \u2013 B\u00f6gen, Pfeile, Targets &amp; Zubeh\u00f6r","og_description":"NEET Traditionelles Take-Down Recurve Weichetui TD-7 Alligator gepr\u00e4gt g\u00fcnstig kaufen bei Bogensportdiscount \u2013 Top-Marken, schneller Versand aus der Schweiz.","og_url":"https:\/\/bogensportdiscount.ch\/fr\/produit\/neet-recurve-softcase-take-down-td-7-alligator-praegung\/","og_site_name":"Bogensportdiscount \u2013 B\u00f6gen, Pfeile, Targets &amp; Zubeh\u00f6r","article_modified_time":"2026-05-14T13:26:38+00:00","og_image":[{"url":"https:\/\/bogensportdiscount.ch\/wp-content\/uploads\/bsm-images\/A062263_1.png","width":6319,"height":2946,"type":"image\/png"}],"twitter_card":"summary_large_image","schema":{"@context":"https:\/\/schema.org","@graph":[{"@type":"WebPage","@id":"https:\/\/bogensportdiscount.ch\/produkt\/neet-recurve-softcase-take-down-td-7-alligator-praegung\/","url":"https:\/\/bogensportdiscount.ch\/produkt\/neet-recurve-softcase-take-down-td-7-alligator-praegung\/","name":"NEET Traditionelles Take-Down Recurve Weichetui TD-7 Alligator gepr\u00e4gt - Bogensportdiscount \u2013 B\u00f6gen, Pfeile, Targets &amp; Zubeh\u00f6r","isPartOf":{"@id":"https:\/\/bogensportdiscount.ch\/#website"},"primaryImageOfPage":{"@id":"https:\/\/bogensportdiscount.ch\/produkt\/neet-recurve-softcase-take-down-td-7-alligator-praegung\/#primaryimage"},"image":{"@id":"https:\/\/bogensportdiscount.ch\/produkt\/neet-recurve-softcase-take-down-td-7-alligator-praegung\/#primaryimage"},"thumbnailUrl":"https:\/\/bogensportdiscount.ch\/wp-content\/uploads\/bsm-images\/A062263_1.png","datePublished":"2026-04-05T13:00:18+00:00","dateModified":"2026-05-14T13:26:38+00:00","description":"NEET Traditionelles Take-Down Recurve Weichetui TD-7 Alligator gepr\u00e4gt g\u00fcnstig kaufen bei Bogensportdiscount \u2013 Top-Marken, schneller Versand aus der Schweiz.","breadcrumb":{"@id":"https:\/\/bogensportdiscount.ch\/produkt\/neet-recurve-softcase-take-down-td-7-alligator-praegung\/#breadcrumb"},"inLanguage":"fr-FR","potentialAction":[{"@type":"ReadAction","target":["https:\/\/bogensportdiscount.ch\/produkt\/neet-recurve-softcase-take-down-td-7-alligator-praegung\/"]}]},{"@type":"ImageObject","inLanguage":"fr-FR","@id":"https:\/\/bogensportdiscount.ch\/produkt\/neet-recurve-softcase-take-down-td-7-alligator-praegung\/#primaryimage","url":"https:\/\/bogensportdiscount.ch\/wp-content\/uploads\/bsm-images\/A062263_1.png","contentUrl":"https:\/\/bogensportdiscount.ch\/wp-content\/uploads\/bsm-images\/A062263_1.png","width":2500,"height":1166},{"@type":"BreadcrumbList","@id":"https:\/\/bogensportdiscount.ch\/produkt\/neet-recurve-softcase-take-down-td-7-alligator-praegung\/#breadcrumb","itemListElement":[{"@type":"ListItem","position":1,"name":"Home","item":"https:\/\/bogensportdiscount.ch\/"},{"@type":"ListItem","position":2,"name":"Shop","item":"https:\/\/bogensportdiscount.ch\/shop\/"},{"@type":"ListItem","position":3,"name":"NEET TRADITIONAL TAKE-DOWN RECURVE WEICHETUI TD-7 ALLIGATOR GEPRAEGT"}]},{"@type":"WebSite","@id":"https:\/\/bogensportdiscount.ch\/#website","url":"https:\/\/bogensportdiscount.ch\/","name":"Bogensportdiscount","description":"","potentialAction":[{"@type":"SearchAction","target":{"@type":"EntryPoint","urlTemplate":"https:\/\/bogensportdiscount.ch\/?s={search_term_string}"},"query-input":{"@type":"PropertyValueSpecification","valueRequired":true,"valueName":"search_term_string"}}],"inLanguage":"fr-FR"}]}},"_links":{"self":[{"href":"https:\/\/bogensportdiscount.ch\/fr\/wp-json\/wp\/v2\/product\/409596","targetHints":{"allow":["GET"]}}],"collection":[{"href":"https:\/\/bogensportdiscount.ch\/fr\/wp-json\/wp\/v2\/product"}],"about":[{"href":"https:\/\/bogensportdiscount.ch\/fr\/wp-json\/wp\/v2\/types\/product"}],"replies":[{"embeddable":true,"href":"https:\/\/bogensportdiscount.ch\/fr\/wp-json\/wp\/v2\/comments?post=409596"}],"wp:featuredmedia":[{"embeddable":true,"href":"https:\/\/bogensportdiscount.ch\/fr\/wp-json\/wp\/v2\/media\/451449"}],"wp:attachment":[{"href":"https:\/\/bogensportdiscount.ch\/fr\/wp-json\/wp\/v2\/media?parent=409596"}],"wp:term":[{"taxonomy":"product_brand","embeddable":true,"href":"https:\/\/bogensportdiscount.ch\/fr\/wp-json\/wp\/v2\/product_brand?post=409596"},{"taxonomy":"product_cat","embeddable":true,"href":"https:\/\/bogensportdiscount.ch\/fr\/wp-json\/wp\/v2\/product_cat?post=409596"},{"taxonomy":"product_tag","embeddable":true,"href":"https:\/\/bogensportdiscount.ch\/fr\/wp-json\/wp\/v2\/product_tag?post=409596"}],"curies":[{"name":"wp","href":"https:\/\/api.w.org\/{rel}","templated":true}]}}