{"id":409501,"date":"2026-04-05T15:00:08","date_gmt":"2026-04-05T13:00:08","guid":{"rendered":"https:\/\/bogensportdiscount.ch\/produkt\/target-quivers-classic-3tubes-with-belt-and-2-pockets-rh-black\/"},"modified":"2026-05-14T15:26:37","modified_gmt":"2026-05-14T13:26:37","slug":"avalon-target-koecher-classic-3-tuben-gurt-2-taschen","status":"publish","type":"product","link":"https:\/\/bogensportdiscount.ch\/fr\/produit\/avalon-target-koecher-classic-3-tuben-gurt-2-taschen\/","title":{"rendered":"AVALON CARQUOIS CIBLE CLASSIC 3 TUBES AVEC CEINTURE ET 2 POCHES"},"content":{"rendered":"<p>Le AVALON Classic est un carquois de comp\u00e9tition pour le tir en salle et en campagne. Il dispose de trois tubes s\u00e9par\u00e9s pour ranger les fl\u00e8ches de mani\u00e8re organis\u00e9e, ainsi que d'une ceinture pour une fixation s\u00e9curis\u00e9e au corps. Deux poches suppl\u00e9mentaires offrent de l'espace pour les accessoires de tir tels que palettes, encoches ou outils.<\/p>\n<p>Le carquois est disponible aussi bien pour les gauchers que pour les droitiers et peut \u00eatre choisi dans de nombreuses variantes de couleurs, notamment le noir classique, le bleu, le vert, l'orange, le rouge et d'autres encore.<\/p>\n<ul>\n<li>3 tubes pour un rangement organis\u00e9 des fl\u00e8ches<\/li>\n<li>Ceinture r\u00e9glable pour la fixation au corps<\/li>\n<li>2 poches lat\u00e9rales pour les accessoires<\/li>\n<li>Disponible pour gaucher et droitier en 13 couleurs<\/li>\n<\/ul>","protected":false},"excerpt":{"rendered":"<table>\n<tr>\n<th>Propri\u00e9t\u00e9<\/th>\n<th>Valeur<\/th>\n<\/tr>\n<tr>\n<td>Marque<\/td>\n<td>Avalon<\/td>\n<\/tr>\n<tr>\n<td>Pays d'origine<\/td>\n<td>Chine<\/td>\n<\/tr>\n<\/table>","protected":false},"featured_media":451440,"comment_status":"open","ping_status":"closed","template":"","meta":[],"product_brand":[449],"product_cat":[4284],"product_tag":[],"class_list":{"0":"post-409501","1":"product","2":"type-product","3":"status-publish","4":"has-post-thumbnail","6":"product_brand-avalon","7":"product_cat-seitenkoecher","8":"product_shipping_class-bsd-standard","10":"first","11":"instock","12":"shipping-taxable","13":"purchasable","14":"product-type-variable"},"yoast_head":"<!-- This site is optimized with the Yoast SEO plugin v27.6 - https:\/\/yoast.com\/product\/yoast-seo-wordpress\/ -->\n<title>AVALON ZIEL-K\u00d6CHER CLASSIC 3 R\u00d6HREN MIT G\u00dcRTEL UND 2 TASCHEN - Bogensportdiscount \u2013 B\u00f6gen, Pfeile, Targets &amp; Zubeh\u00f6r<\/title>\n<meta name=\"description\" content=\"AVALON ZIEL-K\u00d6CHER CLASSIC 3 R\u00d6HREN MIT G\u00dcRTEL UND 2 TASCHEN g\u00fcnstig kaufen bei Bogensportdiscount \u2013 Top-Marken, schneller Versand aus der Schweiz.\" \/>\n<meta name=\"robots\" content=\"index, follow, max-snippet:-1, max-image-preview:large, max-video-preview:-1\" \/>\n<link rel=\"canonical\" href=\"https:\/\/bogensportdiscount.ch\/fr\/produit\/avalon-target-koecher-classic-3-tuben-gurt-2-taschen\/\" \/>\n<meta property=\"og:locale\" content=\"fr_FR\" \/>\n<meta property=\"og:type\" content=\"article\" \/>\n<meta property=\"og:title\" content=\"AVALON ZIEL-K\u00d6CHER CLASSIC 3 R\u00d6HREN MIT G\u00dcRTEL UND 2 TASCHEN - Bogensportdiscount \u2013 B\u00f6gen, Pfeile, Targets &amp; Zubeh\u00f6r\" \/>\n<meta property=\"og:description\" content=\"AVALON ZIEL-K\u00d6CHER CLASSIC 3 R\u00d6HREN MIT G\u00dcRTEL UND 2 TASCHEN g\u00fcnstig kaufen bei Bogensportdiscount \u2013 Top-Marken, schneller Versand aus der Schweiz.\" \/>\n<meta property=\"og:url\" content=\"https:\/\/bogensportdiscount.ch\/fr\/produit\/avalon-target-koecher-classic-3-tuben-gurt-2-taschen\/\" \/>\n<meta property=\"og:site_name\" content=\"Bogensportdiscount \u2013 B\u00f6gen, Pfeile, Targets &amp; Zubeh\u00f6r\" \/>\n<meta property=\"article:modified_time\" content=\"2026-05-14T13:26:37+00:00\" \/>\n<meta property=\"og:image\" content=\"https:\/\/bogensportdiscount.ch\/wp-content\/uploads\/bsm-images\/A062036_1.png\" \/>\n\t<meta property=\"og:image:width\" content=\"3769\" \/>\n\t<meta property=\"og:image:height\" content=\"4312\" \/>\n\t<meta property=\"og:image:type\" content=\"image\/png\" \/>\n<meta name=\"twitter:card\" content=\"summary_large_image\" \/>\n<meta name=\"twitter:label1\" content=\"Dur\u00e9e de lecture estim\u00e9e\" \/>\n\t<meta name=\"twitter:data1\" content=\"1 minute\" \/>\n<script type=\"application\/ld+json\" class=\"yoast-schema-graph\">{\"@context\":\"https:\\\/\\\/schema.org\",\"@graph\":[{\"@type\":\"WebPage\",\"@id\":\"https:\\\/\\\/bogensportdiscount.ch\\\/produkt\\\/avalon-target-koecher-classic-3-tuben-gurt-2-taschen\\\/\",\"url\":\"https:\\\/\\\/bogensportdiscount.ch\\\/produkt\\\/avalon-target-koecher-classic-3-tuben-gurt-2-taschen\\\/\",\"name\":\"AVALON ZIEL-K\u00d6CHER CLASSIC 3 R\u00d6HREN MIT G\u00dcRTEL UND 2 TASCHEN - Bogensportdiscount \u2013 B\u00f6gen, Pfeile, Targets &amp; Zubeh\u00f6r\",\"isPartOf\":{\"@id\":\"https:\\\/\\\/bogensportdiscount.ch\\\/#website\"},\"primaryImageOfPage\":{\"@id\":\"https:\\\/\\\/bogensportdiscount.ch\\\/produkt\\\/avalon-target-koecher-classic-3-tuben-gurt-2-taschen\\\/#primaryimage\"},\"image\":{\"@id\":\"https:\\\/\\\/bogensportdiscount.ch\\\/produkt\\\/avalon-target-koecher-classic-3-tuben-gurt-2-taschen\\\/#primaryimage\"},\"thumbnailUrl\":\"https:\\\/\\\/bogensportdiscount.ch\\\/wp-content\\\/uploads\\\/bsm-images\\\/A062036_1.png\",\"datePublished\":\"2026-04-05T13:00:08+00:00\",\"dateModified\":\"2026-05-14T13:26:37+00:00\",\"description\":\"AVALON ZIEL-K\u00d6CHER CLASSIC 3 R\u00d6HREN MIT G\u00dcRTEL UND 2 TASCHEN g\u00fcnstig kaufen bei Bogensportdiscount \u2013 Top-Marken, schneller Versand aus der Schweiz.\",\"breadcrumb\":{\"@id\":\"https:\\\/\\\/bogensportdiscount.ch\\\/produkt\\\/avalon-target-koecher-classic-3-tuben-gurt-2-taschen\\\/#breadcrumb\"},\"inLanguage\":\"fr-FR\",\"potentialAction\":[{\"@type\":\"ReadAction\",\"target\":[\"https:\\\/\\\/bogensportdiscount.ch\\\/produkt\\\/avalon-target-koecher-classic-3-tuben-gurt-2-taschen\\\/\"]}]},{\"@type\":\"ImageObject\",\"inLanguage\":\"fr-FR\",\"@id\":\"https:\\\/\\\/bogensportdiscount.ch\\\/produkt\\\/avalon-target-koecher-classic-3-tuben-gurt-2-taschen\\\/#primaryimage\",\"url\":\"https:\\\/\\\/bogensportdiscount.ch\\\/wp-content\\\/uploads\\\/bsm-images\\\/A062036_1.png\",\"contentUrl\":\"https:\\\/\\\/bogensportdiscount.ch\\\/wp-content\\\/uploads\\\/bsm-images\\\/A062036_1.png\",\"width\":2185,\"height\":2500},{\"@type\":\"BreadcrumbList\",\"@id\":\"https:\\\/\\\/bogensportdiscount.ch\\\/produkt\\\/avalon-target-koecher-classic-3-tuben-gurt-2-taschen\\\/#breadcrumb\",\"itemListElement\":[{\"@type\":\"ListItem\",\"position\":1,\"name\":\"Home\",\"item\":\"https:\\\/\\\/bogensportdiscount.ch\\\/\"},{\"@type\":\"ListItem\",\"position\":2,\"name\":\"Shop\",\"item\":\"https:\\\/\\\/bogensportdiscount.ch\\\/shop\\\/\"},{\"@type\":\"ListItem\",\"position\":3,\"name\":\"AVALON ZIEL-KOECHER CLASSIC 3 ROEHREN MIT GUERTEL UND 2 TASCHEN\"}]},{\"@type\":\"WebSite\",\"@id\":\"https:\\\/\\\/bogensportdiscount.ch\\\/#website\",\"url\":\"https:\\\/\\\/bogensportdiscount.ch\\\/\",\"name\":\"Bogensportdiscount\",\"description\":\"\",\"potentialAction\":[{\"@type\":\"SearchAction\",\"target\":{\"@type\":\"EntryPoint\",\"urlTemplate\":\"https:\\\/\\\/bogensportdiscount.ch\\\/?s={search_term_string}\"},\"query-input\":{\"@type\":\"PropertyValueSpecification\",\"valueRequired\":true,\"valueName\":\"search_term_string\"}}],\"inLanguage\":\"fr-FR\"}]}<\/script>\n<!-- \/ Yoast SEO plugin. -->","yoast_head_json":{"title":"AVALON ZIEL-K\u00d6CHER CLASSIC 3 R\u00d6HREN MIT G\u00dcRTEL UND 2 TASCHEN - Bogensportdiscount \u2013 B\u00f6gen, Pfeile, Targets &amp; Zubeh\u00f6r","description":"AVALON ZIEL-K\u00d6CHER CLASSIC 3 R\u00d6HREN MIT G\u00dcRTEL UND 2 TASCHEN g\u00fcnstig kaufen bei Bogensportdiscount \u2013 Top-Marken, schneller Versand aus der Schweiz.","robots":{"index":"index","follow":"follow","max-snippet":"max-snippet:-1","max-image-preview":"max-image-preview:large","max-video-preview":"max-video-preview:-1"},"canonical":"https:\/\/bogensportdiscount.ch\/fr\/produit\/avalon-target-koecher-classic-3-tuben-gurt-2-taschen\/","og_locale":"fr_FR","og_type":"article","og_title":"AVALON ZIEL-K\u00d6CHER CLASSIC 3 R\u00d6HREN MIT G\u00dcRTEL UND 2 TASCHEN - Bogensportdiscount \u2013 B\u00f6gen, Pfeile, Targets &amp; Zubeh\u00f6r","og_description":"AVALON ZIEL-K\u00d6CHER CLASSIC 3 R\u00d6HREN MIT G\u00dcRTEL UND 2 TASCHEN g\u00fcnstig kaufen bei Bogensportdiscount \u2013 Top-Marken, schneller Versand aus der Schweiz.","og_url":"https:\/\/bogensportdiscount.ch\/fr\/produit\/avalon-target-koecher-classic-3-tuben-gurt-2-taschen\/","og_site_name":"Bogensportdiscount \u2013 B\u00f6gen, Pfeile, Targets &amp; Zubeh\u00f6r","article_modified_time":"2026-05-14T13:26:37+00:00","og_image":[{"url":"https:\/\/bogensportdiscount.ch\/wp-content\/uploads\/bsm-images\/A062036_1.png","width":3769,"height":4312,"type":"image\/png"}],"twitter_card":"summary_large_image","twitter_misc":{"Dur\u00e9e de lecture estim\u00e9e":"1 minute"},"schema":{"@context":"https:\/\/schema.org","@graph":[{"@type":"WebPage","@id":"https:\/\/bogensportdiscount.ch\/produkt\/avalon-target-koecher-classic-3-tuben-gurt-2-taschen\/","url":"https:\/\/bogensportdiscount.ch\/produkt\/avalon-target-koecher-classic-3-tuben-gurt-2-taschen\/","name":"AVALON ZIEL-K\u00d6CHER CLASSIC 3 R\u00d6HREN MIT G\u00dcRTEL UND 2 TASCHEN - Bogensportdiscount \u2013 B\u00f6gen, Pfeile, Targets &amp; Zubeh\u00f6r","isPartOf":{"@id":"https:\/\/bogensportdiscount.ch\/#website"},"primaryImageOfPage":{"@id":"https:\/\/bogensportdiscount.ch\/produkt\/avalon-target-koecher-classic-3-tuben-gurt-2-taschen\/#primaryimage"},"image":{"@id":"https:\/\/bogensportdiscount.ch\/produkt\/avalon-target-koecher-classic-3-tuben-gurt-2-taschen\/#primaryimage"},"thumbnailUrl":"https:\/\/bogensportdiscount.ch\/wp-content\/uploads\/bsm-images\/A062036_1.png","datePublished":"2026-04-05T13:00:08+00:00","dateModified":"2026-05-14T13:26:37+00:00","description":"AVALON ZIEL-K\u00d6CHER CLASSIC 3 R\u00d6HREN MIT G\u00dcRTEL UND 2 TASCHEN g\u00fcnstig kaufen bei Bogensportdiscount \u2013 Top-Marken, schneller Versand aus der Schweiz.","breadcrumb":{"@id":"https:\/\/bogensportdiscount.ch\/produkt\/avalon-target-koecher-classic-3-tuben-gurt-2-taschen\/#breadcrumb"},"inLanguage":"fr-FR","potentialAction":[{"@type":"ReadAction","target":["https:\/\/bogensportdiscount.ch\/produkt\/avalon-target-koecher-classic-3-tuben-gurt-2-taschen\/"]}]},{"@type":"ImageObject","inLanguage":"fr-FR","@id":"https:\/\/bogensportdiscount.ch\/produkt\/avalon-target-koecher-classic-3-tuben-gurt-2-taschen\/#primaryimage","url":"https:\/\/bogensportdiscount.ch\/wp-content\/uploads\/bsm-images\/A062036_1.png","contentUrl":"https:\/\/bogensportdiscount.ch\/wp-content\/uploads\/bsm-images\/A062036_1.png","width":2185,"height":2500},{"@type":"BreadcrumbList","@id":"https:\/\/bogensportdiscount.ch\/produkt\/avalon-target-koecher-classic-3-tuben-gurt-2-taschen\/#breadcrumb","itemListElement":[{"@type":"ListItem","position":1,"name":"Home","item":"https:\/\/bogensportdiscount.ch\/"},{"@type":"ListItem","position":2,"name":"Shop","item":"https:\/\/bogensportdiscount.ch\/shop\/"},{"@type":"ListItem","position":3,"name":"AVALON ZIEL-KOECHER CLASSIC 3 ROEHREN MIT GUERTEL UND 2 TASCHEN"}]},{"@type":"WebSite","@id":"https:\/\/bogensportdiscount.ch\/#website","url":"https:\/\/bogensportdiscount.ch\/","name":"Bogensportdiscount","description":"","potentialAction":[{"@type":"SearchAction","target":{"@type":"EntryPoint","urlTemplate":"https:\/\/bogensportdiscount.ch\/?s={search_term_string}"},"query-input":{"@type":"PropertyValueSpecification","valueRequired":true,"valueName":"search_term_string"}}],"inLanguage":"fr-FR"}]}},"_links":{"self":[{"href":"https:\/\/bogensportdiscount.ch\/fr\/wp-json\/wp\/v2\/product\/409501","targetHints":{"allow":["GET"]}}],"collection":[{"href":"https:\/\/bogensportdiscount.ch\/fr\/wp-json\/wp\/v2\/product"}],"about":[{"href":"https:\/\/bogensportdiscount.ch\/fr\/wp-json\/wp\/v2\/types\/product"}],"replies":[{"embeddable":true,"href":"https:\/\/bogensportdiscount.ch\/fr\/wp-json\/wp\/v2\/comments?post=409501"}],"wp:featuredmedia":[{"embeddable":true,"href":"https:\/\/bogensportdiscount.ch\/fr\/wp-json\/wp\/v2\/media\/451440"}],"wp:attachment":[{"href":"https:\/\/bogensportdiscount.ch\/fr\/wp-json\/wp\/v2\/media?parent=409501"}],"wp:term":[{"taxonomy":"product_brand","embeddable":true,"href":"https:\/\/bogensportdiscount.ch\/fr\/wp-json\/wp\/v2\/product_brand?post=409501"},{"taxonomy":"product_cat","embeddable":true,"href":"https:\/\/bogensportdiscount.ch\/fr\/wp-json\/wp\/v2\/product_cat?post=409501"},{"taxonomy":"product_tag","embeddable":true,"href":"https:\/\/bogensportdiscount.ch\/fr\/wp-json\/wp\/v2\/product_tag?post=409501"}],"curies":[{"name":"wp","href":"https:\/\/api.w.org\/{rel}","templated":true}]}}