{"id":409473,"date":"2026-04-05T15:00:06","date_gmt":"2026-04-05T13:00:06","guid":{"rendered":"https:\/\/bogensportdiscount.ch\/produkt\/trek-pro-1-pin-019-black-rh\/"},"modified":"2026-04-22T11:55:10","modified_gmt":"2026-04-22T09:55:10","slug":"cbe-compound-visier-trek-pro-1-pin-019-schwarz-rechtshand","status":"publish","type":"product","link":"https:\/\/bogensportdiscount.ch\/fr\/produit\/cbe-compound-visier-trek-pro-1-pin-019-schwarz-rechtshand\/","title":{"rendered":"CBE TREK PRO \/ 1-PIN .019 \/ SCHWARZ RH"},"content":{"rendered":"<p>Das CBE Trek Pro ist ein Compound-Visier mit einzelnem Pin, ausgelegt f\u00fcr Rechtshandbogen. Die Klingendicke von .019 Zoll ist f\u00fcr viele Lichtbedingungen eine bew\u00e4hrte Wahl und bietet eine gute Sichtbarkeit auf das Ziel.<\/p>\n<p>Das Visier ist der Kategorie Compound-Jagd- und 3D-Visiere zugeordnet und eignet sich damit f\u00fcr den praktischen Einsatz im Gel\u00e4nde sowie auf 3D-Parcours. Die kompakte 1-Pin-Bauweise erm\u00f6glicht ein \u00fcbersichtliches Sichtfeld ohne st\u00f6rende zus\u00e4tzliche Pins.<\/p>\n<ul>\n<li>1-Pin-Konfiguration f\u00fcr \u00fcbersichtliches Zielbild<\/li>\n<li>Klingendicke .019 Zoll<\/li>\n<li>Version pour droitier (RH)<\/li>\n<li>Couleur : Noir<\/li>\n<\/ul>","protected":false},"excerpt":{"rendered":"<p><strong>Marque :<\/strong> CBE<\/p>","protected":false},"featured_media":451434,"comment_status":"open","ping_status":"closed","template":"","meta":[],"product_brand":[523],"product_cat":[4263],"product_tag":[],"class_list":{"0":"post-409473","1":"product","2":"type-product","3":"status-publish","4":"has-post-thumbnail","6":"product_brand-cbe","7":"product_cat-jagd-und-3d-visiere","8":"product_shipping_class-bsd-standard","10":"first","11":"instock","12":"shipping-taxable","13":"purchasable","14":"product-type-variable"},"yoast_head":"<!-- This site is optimized with the Yoast SEO plugin v27.4 - https:\/\/yoast.com\/product\/yoast-seo-wordpress\/ -->\n<title>CBE TREK PRO \/ 1 broche .019 \/ NOIR RH - Bogensportdiscount \u2013 Arcs, fl\u00e8ches, cibles et accessoires<\/title>\n<meta name=\"description\" content=\"CBE TREK PRO \/ 1 broche .019 \/ NOIR RH : achetez-le \u00e0 prix avantageux chez Bogensportdiscount \u2013 Les meilleures marques, livraison rapide depuis la Suisse.\" \/>\n<meta name=\"robots\" content=\"index, follow, max-snippet:-1, max-image-preview:large, max-video-preview:-1\" \/>\n<link rel=\"canonical\" href=\"https:\/\/bogensportdiscount.ch\/fr\/produit\/cbe-compound-visier-trek-pro-1-pin-019-schwarz-rechtshand\/\" \/>\n<meta property=\"og:locale\" content=\"fr_FR\" \/>\n<meta property=\"og:type\" content=\"article\" \/>\n<meta property=\"og:title\" content=\"CBE TREK PRO \/ 1 broche .019 \/ NOIR RH - Bogensportdiscount \u2013 Arcs, fl\u00e8ches, cibles et accessoires\" \/>\n<meta property=\"og:description\" content=\"CBE TREK PRO \/ 1 broche .019 \/ NOIR RH : achetez-le \u00e0 prix avantageux chez Bogensportdiscount \u2013 Les meilleures marques, livraison rapide depuis la Suisse.\" \/>\n<meta property=\"og:url\" content=\"https:\/\/bogensportdiscount.ch\/fr\/produit\/cbe-compound-visier-trek-pro-1-pin-019-schwarz-rechtshand\/\" \/>\n<meta property=\"og:site_name\" content=\"Bogensportdiscount \u2013 B\u00f6gen, Pfeile, Targets &amp; Zubeh\u00f6r\" \/>\n<meta property=\"article:modified_time\" content=\"2026-04-22T09:55:10+00:00\" \/>\n<meta property=\"og:image\" content=\"https:\/\/bogensportdiscount.ch\/wp-content\/uploads\/bsm-images\/A062020_1.png\" \/>\n\t<meta property=\"og:image:width\" content=\"2400\" \/>\n\t<meta property=\"og:image:height\" content=\"1176\" \/>\n\t<meta property=\"og:image:type\" content=\"image\/png\" \/>\n<meta name=\"twitter:card\" content=\"summary_large_image\" \/>\n<script type=\"application\/ld+json\" class=\"yoast-schema-graph\">{\"@context\":\"https:\\\/\\\/schema.org\",\"@graph\":[{\"@type\":\"WebPage\",\"@id\":\"https:\\\/\\\/bogensportdiscount.ch\\\/produkt\\\/cbe-compound-visier-trek-pro-1-pin-019-schwarz-rechtshand\\\/\",\"url\":\"https:\\\/\\\/bogensportdiscount.ch\\\/produkt\\\/cbe-compound-visier-trek-pro-1-pin-019-schwarz-rechtshand\\\/\",\"name\":\"CBE TREK PRO \\\/ 1-PIN .019 \\\/ SCHWARZ RH - Bogensportdiscount \u2013 B\u00f6gen, Pfeile, Targets &amp; Zubeh\u00f6r\",\"isPartOf\":{\"@id\":\"https:\\\/\\\/bogensportdiscount.ch\\\/#website\"},\"primaryImageOfPage\":{\"@id\":\"https:\\\/\\\/bogensportdiscount.ch\\\/produkt\\\/cbe-compound-visier-trek-pro-1-pin-019-schwarz-rechtshand\\\/#primaryimage\"},\"image\":{\"@id\":\"https:\\\/\\\/bogensportdiscount.ch\\\/produkt\\\/cbe-compound-visier-trek-pro-1-pin-019-schwarz-rechtshand\\\/#primaryimage\"},\"thumbnailUrl\":\"https:\\\/\\\/bogensportdiscount.ch\\\/wp-content\\\/uploads\\\/bsm-images\\\/A062020_1.png\",\"datePublished\":\"2026-04-05T13:00:06+00:00\",\"dateModified\":\"2026-04-22T09:55:10+00:00\",\"description\":\"CBE TREK PRO \\\/ 1-PIN .019 \\\/ SCHWARZ RH g\u00fcnstig kaufen bei Bogensportdiscount \u2013 Top-Marken, schneller Versand aus der Schweiz.\",\"breadcrumb\":{\"@id\":\"https:\\\/\\\/bogensportdiscount.ch\\\/produkt\\\/cbe-compound-visier-trek-pro-1-pin-019-schwarz-rechtshand\\\/#breadcrumb\"},\"inLanguage\":\"fr-FR\",\"potentialAction\":[{\"@type\":\"ReadAction\",\"target\":[\"https:\\\/\\\/bogensportdiscount.ch\\\/produkt\\\/cbe-compound-visier-trek-pro-1-pin-019-schwarz-rechtshand\\\/\"]}]},{\"@type\":\"ImageObject\",\"inLanguage\":\"fr-FR\",\"@id\":\"https:\\\/\\\/bogensportdiscount.ch\\\/produkt\\\/cbe-compound-visier-trek-pro-1-pin-019-schwarz-rechtshand\\\/#primaryimage\",\"url\":\"https:\\\/\\\/bogensportdiscount.ch\\\/wp-content\\\/uploads\\\/bsm-images\\\/A062020_1.png\",\"contentUrl\":\"https:\\\/\\\/bogensportdiscount.ch\\\/wp-content\\\/uploads\\\/bsm-images\\\/A062020_1.png\",\"width\":2400,\"height\":1176},{\"@type\":\"BreadcrumbList\",\"@id\":\"https:\\\/\\\/bogensportdiscount.ch\\\/produkt\\\/cbe-compound-visier-trek-pro-1-pin-019-schwarz-rechtshand\\\/#breadcrumb\",\"itemListElement\":[{\"@type\":\"ListItem\",\"position\":1,\"name\":\"Home\",\"item\":\"https:\\\/\\\/bogensportdiscount.ch\\\/\"},{\"@type\":\"ListItem\",\"position\":2,\"name\":\"Shop\",\"item\":\"https:\\\/\\\/bogensportdiscount.ch\\\/shop\\\/\"},{\"@type\":\"ListItem\",\"position\":3,\"name\":\"CBE TREK PRO \\\/ 1-PIN .019 \\\/ SCHWARZ RH\"}]},{\"@type\":\"WebSite\",\"@id\":\"https:\\\/\\\/bogensportdiscount.ch\\\/#website\",\"url\":\"https:\\\/\\\/bogensportdiscount.ch\\\/\",\"name\":\"Bogensportdiscount\",\"description\":\"\",\"potentialAction\":[{\"@type\":\"SearchAction\",\"target\":{\"@type\":\"EntryPoint\",\"urlTemplate\":\"https:\\\/\\\/bogensportdiscount.ch\\\/?s={search_term_string}\"},\"query-input\":{\"@type\":\"PropertyValueSpecification\",\"valueRequired\":true,\"valueName\":\"search_term_string\"}}],\"inLanguage\":\"fr-FR\"}]}<\/script>\n<!-- \/ Yoast SEO plugin. -->","yoast_head_json":{"title":"CBE TREK PRO \/ 1 broche .019 \/ NOIR RH - Bogensportdiscount \u2013 Arcs, fl\u00e8ches, cibles et accessoires","description":"CBE TREK PRO \/ 1 broche .019 \/ NOIR RH : achetez-le \u00e0 prix avantageux chez Bogensportdiscount \u2013 Les meilleures marques, livraison rapide depuis la Suisse.","robots":{"index":"index","follow":"follow","max-snippet":"max-snippet:-1","max-image-preview":"max-image-preview:large","max-video-preview":"max-video-preview:-1"},"canonical":"https:\/\/bogensportdiscount.ch\/fr\/produit\/cbe-compound-visier-trek-pro-1-pin-019-schwarz-rechtshand\/","og_locale":"fr_FR","og_type":"article","og_title":"CBE TREK PRO \/ 1 broche .019 \/ NOIR RH - Bogensportdiscount \u2013 Arcs, fl\u00e8ches, cibles et accessoires","og_description":"CBE TREK PRO \/ 1 broche .019 \/ NOIR RH : achetez-le \u00e0 prix avantageux chez Bogensportdiscount \u2013 Les meilleures marques, livraison rapide depuis la Suisse.","og_url":"https:\/\/bogensportdiscount.ch\/fr\/produit\/cbe-compound-visier-trek-pro-1-pin-019-schwarz-rechtshand\/","og_site_name":"Bogensportdiscount \u2013 B\u00f6gen, Pfeile, Targets &amp; Zubeh\u00f6r","article_modified_time":"2026-04-22T09:55:10+00:00","og_image":[{"width":2400,"height":1176,"url":"https:\/\/bogensportdiscount.ch\/wp-content\/uploads\/bsm-images\/A062020_1.png","type":"image\/png"}],"twitter_card":"summary_large_image","schema":{"@context":"https:\/\/schema.org","@graph":[{"@type":"WebPage","@id":"https:\/\/bogensportdiscount.ch\/produkt\/cbe-compound-visier-trek-pro-1-pin-019-schwarz-rechtshand\/","url":"https:\/\/bogensportdiscount.ch\/produkt\/cbe-compound-visier-trek-pro-1-pin-019-schwarz-rechtshand\/","name":"CBE TREK PRO \/ 1 broche .019 \/ NOIR RH - Bogensportdiscount \u2013 Arcs, fl\u00e8ches, cibles et accessoires","isPartOf":{"@id":"https:\/\/bogensportdiscount.ch\/#website"},"primaryImageOfPage":{"@id":"https:\/\/bogensportdiscount.ch\/produkt\/cbe-compound-visier-trek-pro-1-pin-019-schwarz-rechtshand\/#primaryimage"},"image":{"@id":"https:\/\/bogensportdiscount.ch\/produkt\/cbe-compound-visier-trek-pro-1-pin-019-schwarz-rechtshand\/#primaryimage"},"thumbnailUrl":"https:\/\/bogensportdiscount.ch\/wp-content\/uploads\/bsm-images\/A062020_1.png","datePublished":"2026-04-05T13:00:06+00:00","dateModified":"2026-04-22T09:55:10+00:00","description":"CBE TREK PRO \/ 1 broche .019 \/ NOIR RH : achetez-le \u00e0 prix avantageux chez Bogensportdiscount \u2013 Les meilleures marques, livraison rapide depuis la Suisse.","breadcrumb":{"@id":"https:\/\/bogensportdiscount.ch\/produkt\/cbe-compound-visier-trek-pro-1-pin-019-schwarz-rechtshand\/#breadcrumb"},"inLanguage":"fr-FR","potentialAction":[{"@type":"ReadAction","target":["https:\/\/bogensportdiscount.ch\/produkt\/cbe-compound-visier-trek-pro-1-pin-019-schwarz-rechtshand\/"]}]},{"@type":"ImageObject","inLanguage":"fr-FR","@id":"https:\/\/bogensportdiscount.ch\/produkt\/cbe-compound-visier-trek-pro-1-pin-019-schwarz-rechtshand\/#primaryimage","url":"https:\/\/bogensportdiscount.ch\/wp-content\/uploads\/bsm-images\/A062020_1.png","contentUrl":"https:\/\/bogensportdiscount.ch\/wp-content\/uploads\/bsm-images\/A062020_1.png","width":2400,"height":1176},{"@type":"BreadcrumbList","@id":"https:\/\/bogensportdiscount.ch\/produkt\/cbe-compound-visier-trek-pro-1-pin-019-schwarz-rechtshand\/#breadcrumb","itemListElement":[{"@type":"ListItem","position":1,"name":"Home","item":"https:\/\/bogensportdiscount.ch\/"},{"@type":"ListItem","position":2,"name":"Shop","item":"https:\/\/bogensportdiscount.ch\/shop\/"},{"@type":"ListItem","position":3,"name":"CBE TREK PRO \/ 1-PIN .019 \/ SCHWARZ RH"}]},{"@type":"WebSite","@id":"https:\/\/bogensportdiscount.ch\/#website","url":"https:\/\/bogensportdiscount.ch\/","name":"Bogensportdiscount","description":"","potentialAction":[{"@type":"SearchAction","target":{"@type":"EntryPoint","urlTemplate":"https:\/\/bogensportdiscount.ch\/?s={search_term_string}"},"query-input":{"@type":"PropertyValueSpecification","valueRequired":true,"valueName":"search_term_string"}}],"inLanguage":"fr-FR"}]}},"_links":{"self":[{"href":"https:\/\/bogensportdiscount.ch\/fr\/wp-json\/wp\/v2\/product\/409473","targetHints":{"allow":["GET"]}}],"collection":[{"href":"https:\/\/bogensportdiscount.ch\/fr\/wp-json\/wp\/v2\/product"}],"about":[{"href":"https:\/\/bogensportdiscount.ch\/fr\/wp-json\/wp\/v2\/types\/product"}],"replies":[{"embeddable":true,"href":"https:\/\/bogensportdiscount.ch\/fr\/wp-json\/wp\/v2\/comments?post=409473"}],"wp:featuredmedia":[{"embeddable":true,"href":"https:\/\/bogensportdiscount.ch\/fr\/wp-json\/wp\/v2\/media\/451434"}],"wp:attachment":[{"href":"https:\/\/bogensportdiscount.ch\/fr\/wp-json\/wp\/v2\/media?parent=409473"}],"wp:term":[{"taxonomy":"product_brand","embeddable":true,"href":"https:\/\/bogensportdiscount.ch\/fr\/wp-json\/wp\/v2\/product_brand?post=409473"},{"taxonomy":"product_cat","embeddable":true,"href":"https:\/\/bogensportdiscount.ch\/fr\/wp-json\/wp\/v2\/product_cat?post=409473"},{"taxonomy":"product_tag","embeddable":true,"href":"https:\/\/bogensportdiscount.ch\/fr\/wp-json\/wp\/v2\/product_tag?post=409473"}],"curies":[{"name":"wp","href":"https:\/\/api.w.org\/{rel}","templated":true}]}}