{"id":409385,"date":"2026-04-05T14:59:55","date_gmt":"2026-04-05T12:59:55","guid":{"rendered":"https:\/\/bogensportdiscount.ch\/produkt\/glue-on-points-for-wooden-arrows-whistling-metal-w-thread-5-16-12-pk\/"},"modified":"2026-04-19T11:54:15","modified_gmt":"2026-04-19T09:54:15","slug":"tipping-point-archery-aufsteckspitzen-holzpfeile-pfeifen","status":"publish","type":"product","link":"https:\/\/bogensportdiscount.ch\/fr\/produit\/tipping-point-archery-aufsteckspitzen-holzpfeile-pfeifen\/","title":{"rendered":"TIPPINGPOINTARCHERY POINTES \u00c0 ENFONCER POUR FL\u00c8CHES EN BOIS SIFFLANTES 12\/PAQUET"},"content":{"rendered":"<p>Les pointes \u00e0 coller de Tipping Point Archery sont con\u00e7ues pour les fl\u00e8ches en bois et produisent un sifflement caract\u00e9ristique lors du vol. Elles conviennent aux archers traditionnels qui tirent avec des fl\u00e8ches en bois.<\/p>\n<p>Les pointes sont disponibles dans les diam\u00e8tres courants pour fl\u00e8ches en bois 11\/32 et 5\/16 et sont coll\u00e9es directement sur le f\u00fbt. La fabrication est r\u00e9alis\u00e9e en Italie.<\/p>\n<ul>\n<li>Convient pour les fl\u00e8ches en bois<\/li>\n<li>Effet sifflant en vol<\/li>\n<li>Disponible en 11\/32 et 5\/16<\/li>\n<li>Pointes \u00e0 coller par collage<\/li>\n<\/ul>","protected":false},"excerpt":{"rendered":"<p>Pointes \u00e0 coller de Tipping Point Archery sp\u00e9cialement pour fl\u00e8ches en bois avec effet sifflant. Disponibles dans les diam\u00e8tres 11\/32 et 5\/16. Fabriqu\u00e9es en Italie.<\/p>","protected":false},"featured_media":451418,"comment_status":"open","ping_status":"closed","template":"","meta":[],"product_brand":[846],"product_cat":[4549],"product_tag":[],"class_list":{"0":"post-409385","1":"product","2":"type-product","3":"status-publish","4":"has-post-thumbnail","6":"product_brand-tippingpointarchery","7":"product_cat-spitzen-holz-schaefte-pfeil-komponenten","9":"first","10":"instock","11":"shipping-taxable","12":"purchasable","13":"product-type-variable"},"yoast_head":"<!-- This site is optimized with the Yoast SEO plugin v27.4 - https:\/\/yoast.com\/product\/yoast-seo-wordpress\/ -->\n<title>TIPPINGPOINTARCHERY AUFSTECKSPITZEN FUER HOLZPFEILE PFEIFEND 12\/PK - Bogensportdiscount \u2013 B\u00f6gen, Pfeile, Targets &amp; Zubeh\u00f6r<\/title>\n<meta name=\"robots\" content=\"noindex, follow, max-snippet:-1, max-image-preview:large, max-video-preview:-1\" \/>\n<meta property=\"og:locale\" content=\"fr_FR\" \/>\n<meta property=\"og:type\" content=\"article\" \/>\n<meta property=\"og:title\" content=\"TIPPINGPOINTARCHERY AUFSTECKSPITZEN FUER HOLZPFEILE PFEIFEND 12\/PK - Bogensportdiscount \u2013 B\u00f6gen, Pfeile, Targets &amp; Zubeh\u00f6r\" \/>\n<meta property=\"og:description\" content=\"Aufsteckspitzen von Tipping Point Archery speziell f\u00fcr Holzpfeile mit Pfeifeffekt. Erh\u00e4ltlich in den Durchmessern 11\/32 und 5\/16. Hergestellt in Italien.\" \/>\n<meta property=\"og:url\" content=\"https:\/\/bogensportdiscount.ch\/fr\/produit\/tipping-point-archery-aufsteckspitzen-holzpfeile-pfeifen\/\" \/>\n<meta property=\"og:site_name\" content=\"Bogensportdiscount \u2013 B\u00f6gen, Pfeile, Targets &amp; Zubeh\u00f6r\" \/>\n<meta property=\"article:modified_time\" content=\"2026-04-19T09:54:15+00:00\" \/>\n<meta property=\"og:image\" content=\"https:\/\/bogensportdiscount.ch\/wp-content\/uploads\/bsm-images\/A061850_1.jpg\" \/>\n\t<meta property=\"og:image:width\" content=\"1500\" \/>\n\t<meta property=\"og:image:height\" content=\"1500\" \/>\n\t<meta property=\"og:image:type\" content=\"image\/jpeg\" \/>\n<meta name=\"twitter:card\" content=\"summary_large_image\" \/>\n<script type=\"application\/ld+json\" class=\"yoast-schema-graph\">{\"@context\":\"https:\\\/\\\/schema.org\",\"@graph\":[{\"@type\":\"WebPage\",\"@id\":\"https:\\\/\\\/bogensportdiscount.ch\\\/fr\\\/produit\\\/tipping-point-archery-aufsteckspitzen-holzpfeile-pfeifen\\\/\",\"url\":\"https:\\\/\\\/bogensportdiscount.ch\\\/fr\\\/produit\\\/tipping-point-archery-aufsteckspitzen-holzpfeile-pfeifen\\\/\",\"name\":\"TIPPINGPOINTARCHERY AUFSTECKSPITZEN FUER HOLZPFEILE PFEIFEND 12\\\/PK - Bogensportdiscount \u2013 B\u00f6gen, Pfeile, Targets &amp; Zubeh\u00f6r\",\"isPartOf\":{\"@id\":\"https:\\\/\\\/bogensportdiscount.ch\\\/#website\"},\"primaryImageOfPage\":{\"@id\":\"https:\\\/\\\/bogensportdiscount.ch\\\/fr\\\/produit\\\/tipping-point-archery-aufsteckspitzen-holzpfeile-pfeifen\\\/#primaryimage\"},\"image\":{\"@id\":\"https:\\\/\\\/bogensportdiscount.ch\\\/fr\\\/produit\\\/tipping-point-archery-aufsteckspitzen-holzpfeile-pfeifen\\\/#primaryimage\"},\"thumbnailUrl\":\"https:\\\/\\\/bogensportdiscount.ch\\\/wp-content\\\/uploads\\\/bsm-images\\\/A061850_1.jpg\",\"datePublished\":\"2026-04-05T12:59:55+00:00\",\"dateModified\":\"2026-04-19T09:54:15+00:00\",\"breadcrumb\":{\"@id\":\"https:\\\/\\\/bogensportdiscount.ch\\\/fr\\\/produit\\\/tipping-point-archery-aufsteckspitzen-holzpfeile-pfeifen\\\/#breadcrumb\"},\"inLanguage\":\"fr-FR\",\"potentialAction\":[{\"@type\":\"ReadAction\",\"target\":[\"https:\\\/\\\/bogensportdiscount.ch\\\/fr\\\/produit\\\/tipping-point-archery-aufsteckspitzen-holzpfeile-pfeifen\\\/\"]}]},{\"@type\":\"ImageObject\",\"inLanguage\":\"fr-FR\",\"@id\":\"https:\\\/\\\/bogensportdiscount.ch\\\/fr\\\/produit\\\/tipping-point-archery-aufsteckspitzen-holzpfeile-pfeifen\\\/#primaryimage\",\"url\":\"https:\\\/\\\/bogensportdiscount.ch\\\/wp-content\\\/uploads\\\/bsm-images\\\/A061850_1.jpg\",\"contentUrl\":\"https:\\\/\\\/bogensportdiscount.ch\\\/wp-content\\\/uploads\\\/bsm-images\\\/A061850_1.jpg\",\"width\":1500,\"height\":1500},{\"@type\":\"BreadcrumbList\",\"@id\":\"https:\\\/\\\/bogensportdiscount.ch\\\/fr\\\/produit\\\/tipping-point-archery-aufsteckspitzen-holzpfeile-pfeifen\\\/#breadcrumb\",\"itemListElement\":[{\"@type\":\"ListItem\",\"position\":1,\"name\":\"Home\",\"item\":\"https:\\\/\\\/bogensportdiscount.ch\\\/\"},{\"@type\":\"ListItem\",\"position\":2,\"name\":\"Shop\",\"item\":\"https:\\\/\\\/bogensportdiscount.ch\\\/shop\\\/\"},{\"@type\":\"ListItem\",\"position\":3,\"name\":\"TIPPINGPOINTARCHERY AUFSTECKSPITZEN FUER HOLZPFEILE PFEIFEND 12\\\/PK\"}]},{\"@type\":\"WebSite\",\"@id\":\"https:\\\/\\\/bogensportdiscount.ch\\\/#website\",\"url\":\"https:\\\/\\\/bogensportdiscount.ch\\\/\",\"name\":\"Bogensportdiscount\",\"description\":\"\",\"potentialAction\":[{\"@type\":\"SearchAction\",\"target\":{\"@type\":\"EntryPoint\",\"urlTemplate\":\"https:\\\/\\\/bogensportdiscount.ch\\\/?s={search_term_string}\"},\"query-input\":{\"@type\":\"PropertyValueSpecification\",\"valueRequired\":true,\"valueName\":\"search_term_string\"}}],\"inLanguage\":\"fr-FR\"}]}<\/script>\n<!-- \/ Yoast SEO plugin. -->","yoast_head_json":{"title":"TIPPINGPOINTARCHERY AUFSTECKSPITZEN FUER HOLZPFEILE PFEIFEND 12\/PK - Bogensportdiscount \u2013 B\u00f6gen, Pfeile, Targets &amp; Zubeh\u00f6r","robots":{"index":"noindex","follow":"follow","max-snippet":"max-snippet:-1","max-image-preview":"max-image-preview:large","max-video-preview":"max-video-preview:-1"},"og_locale":"fr_FR","og_type":"article","og_title":"TIPPINGPOINTARCHERY AUFSTECKSPITZEN FUER HOLZPFEILE PFEIFEND 12\/PK - Bogensportdiscount \u2013 B\u00f6gen, Pfeile, Targets &amp; Zubeh\u00f6r","og_description":"Aufsteckspitzen von Tipping Point Archery speziell f\u00fcr Holzpfeile mit Pfeifeffekt. Erh\u00e4ltlich in den Durchmessern 11\/32 und 5\/16. Hergestellt in Italien.","og_url":"https:\/\/bogensportdiscount.ch\/fr\/produit\/tipping-point-archery-aufsteckspitzen-holzpfeile-pfeifen\/","og_site_name":"Bogensportdiscount \u2013 B\u00f6gen, Pfeile, Targets &amp; Zubeh\u00f6r","article_modified_time":"2026-04-19T09:54:15+00:00","og_image":[{"width":1500,"height":1500,"url":"https:\/\/bogensportdiscount.ch\/wp-content\/uploads\/bsm-images\/A061850_1.jpg","type":"image\/jpeg"}],"twitter_card":"summary_large_image","schema":{"@context":"https:\/\/schema.org","@graph":[{"@type":"WebPage","@id":"https:\/\/bogensportdiscount.ch\/fr\/produit\/tipping-point-archery-aufsteckspitzen-holzpfeile-pfeifen\/","url":"https:\/\/bogensportdiscount.ch\/fr\/produit\/tipping-point-archery-aufsteckspitzen-holzpfeile-pfeifen\/","name":"TIPPINGPOINTARCHERY AUFSTECKSPITZEN FUER HOLZPFEILE PFEIFEND 12\/PK - Bogensportdiscount \u2013 B\u00f6gen, Pfeile, Targets &amp; Zubeh\u00f6r","isPartOf":{"@id":"https:\/\/bogensportdiscount.ch\/#website"},"primaryImageOfPage":{"@id":"https:\/\/bogensportdiscount.ch\/fr\/produit\/tipping-point-archery-aufsteckspitzen-holzpfeile-pfeifen\/#primaryimage"},"image":{"@id":"https:\/\/bogensportdiscount.ch\/fr\/produit\/tipping-point-archery-aufsteckspitzen-holzpfeile-pfeifen\/#primaryimage"},"thumbnailUrl":"https:\/\/bogensportdiscount.ch\/wp-content\/uploads\/bsm-images\/A061850_1.jpg","datePublished":"2026-04-05T12:59:55+00:00","dateModified":"2026-04-19T09:54:15+00:00","breadcrumb":{"@id":"https:\/\/bogensportdiscount.ch\/fr\/produit\/tipping-point-archery-aufsteckspitzen-holzpfeile-pfeifen\/#breadcrumb"},"inLanguage":"fr-FR","potentialAction":[{"@type":"ReadAction","target":["https:\/\/bogensportdiscount.ch\/fr\/produit\/tipping-point-archery-aufsteckspitzen-holzpfeile-pfeifen\/"]}]},{"@type":"ImageObject","inLanguage":"fr-FR","@id":"https:\/\/bogensportdiscount.ch\/fr\/produit\/tipping-point-archery-aufsteckspitzen-holzpfeile-pfeifen\/#primaryimage","url":"https:\/\/bogensportdiscount.ch\/wp-content\/uploads\/bsm-images\/A061850_1.jpg","contentUrl":"https:\/\/bogensportdiscount.ch\/wp-content\/uploads\/bsm-images\/A061850_1.jpg","width":1500,"height":1500},{"@type":"BreadcrumbList","@id":"https:\/\/bogensportdiscount.ch\/fr\/produit\/tipping-point-archery-aufsteckspitzen-holzpfeile-pfeifen\/#breadcrumb","itemListElement":[{"@type":"ListItem","position":1,"name":"Home","item":"https:\/\/bogensportdiscount.ch\/"},{"@type":"ListItem","position":2,"name":"Shop","item":"https:\/\/bogensportdiscount.ch\/shop\/"},{"@type":"ListItem","position":3,"name":"TIPPINGPOINTARCHERY AUFSTECKSPITZEN FUER HOLZPFEILE PFEIFEND 12\/PK"}]},{"@type":"WebSite","@id":"https:\/\/bogensportdiscount.ch\/#website","url":"https:\/\/bogensportdiscount.ch\/","name":"Bogensportdiscount","description":"","potentialAction":[{"@type":"SearchAction","target":{"@type":"EntryPoint","urlTemplate":"https:\/\/bogensportdiscount.ch\/?s={search_term_string}"},"query-input":{"@type":"PropertyValueSpecification","valueRequired":true,"valueName":"search_term_string"}}],"inLanguage":"fr-FR"}]}},"_links":{"self":[{"href":"https:\/\/bogensportdiscount.ch\/fr\/wp-json\/wp\/v2\/product\/409385","targetHints":{"allow":["GET"]}}],"collection":[{"href":"https:\/\/bogensportdiscount.ch\/fr\/wp-json\/wp\/v2\/product"}],"about":[{"href":"https:\/\/bogensportdiscount.ch\/fr\/wp-json\/wp\/v2\/types\/product"}],"replies":[{"embeddable":true,"href":"https:\/\/bogensportdiscount.ch\/fr\/wp-json\/wp\/v2\/comments?post=409385"}],"wp:featuredmedia":[{"embeddable":true,"href":"https:\/\/bogensportdiscount.ch\/fr\/wp-json\/wp\/v2\/media\/451418"}],"wp:attachment":[{"href":"https:\/\/bogensportdiscount.ch\/fr\/wp-json\/wp\/v2\/media?parent=409385"}],"wp:term":[{"taxonomy":"product_brand","embeddable":true,"href":"https:\/\/bogensportdiscount.ch\/fr\/wp-json\/wp\/v2\/product_brand?post=409385"},{"taxonomy":"product_cat","embeddable":true,"href":"https:\/\/bogensportdiscount.ch\/fr\/wp-json\/wp\/v2\/product_cat?post=409385"},{"taxonomy":"product_tag","embeddable":true,"href":"https:\/\/bogensportdiscount.ch\/fr\/wp-json\/wp\/v2\/product_tag?post=409385"}],"curies":[{"name":"wp","href":"https:\/\/api.w.org\/{rel}","templated":true}]}}