{"id":409336,"date":"2026-04-05T14:59:50","date_gmt":"2026-04-05T12:59:50","guid":{"rendered":"https:\/\/bogensportdiscount.ch\/produkt\/glue-on-points-for-wooden-arrows-combo-metal-w-thread-5-16-60gr-12-pk\/"},"modified":"2026-04-19T11:54:15","modified_gmt":"2026-04-19T09:54:15","slug":"tipping-point-archery-aufklebespitzen-holzpfeile-kombi-metall-gewinde","status":"publish","type":"product","link":"https:\/\/bogensportdiscount.ch\/fr\/produit\/tipping-point-archery-aufklebespitzen-holzpfeile-kombi-metall-gewinde\/","title":{"rendered":"TIPPINGPOINTARCHERY POINTES \u00c0 ENFONCER POUR FL\u00c8CHES EN BOIS COMBO M\u00c9TAL AVEC FILETAGE - 12\/PAQUET"},"content":{"rendered":"<p>Les Glue-On Points de Tipping Point Archery sont des pointes adh\u00e9sives en m\u00e9tal sp\u00e9cialement con\u00e7ues pour \u00eatre utilis\u00e9es sur des fl\u00e8ches en bois. Gr\u00e2ce \u00e0 leur filetage int\u00e9gr\u00e9 (mod\u00e8le Combo), elles s&#x27;adaptent facilement et offrent une fixation solide sur le f\u00fbt de la fl\u00e8che.<\/p>\n<p>Les pointes sont disponibles en quatre poids diff\u00e9rents (60, 80, 100 et 125 grains) ainsi qu&#x27;en trois diam\u00e8tres courants (9\/32, 5\/16 et 11\/32 pouces), ce qui leur permet de s&#x27;adapter \u00e0 une large gamme de fl\u00e8ches traditionnelles en bois.<\/p>\n<ul>\n<li>Mat\u00e9riau : M\u00e9tal<\/li>\n<li>Fixation : collage (Glue-On)<\/li>\n<li>Filetage pour utilisation combin\u00e9e<\/li>\n<li>Disponible en 60, 80, 100 et 125 grains, ainsi qu&#x27;en diam\u00e8tres 9\/32, 5\/16 et 11\/32 pouces<\/li>\n<\/ul>","protected":false},"excerpt":{"rendered":"<p>Pointes m\u00e9talliques \u00e0 coller (Glue-On) pour fl\u00e8ches en bois de Tipping Point Archery, disponibles en diff\u00e9rents poids (60, 80, 100 et 125 grains) ainsi qu&#x27;en diam\u00e8tres de 9\/32, 5\/16 et 11\/32 pouces. Ces pointes combin\u00e9es sont filet\u00e9es et fabriqu\u00e9es en Italie.<\/p>","protected":false},"featured_media":513000,"comment_status":"open","ping_status":"closed","template":"","meta":[],"product_brand":[846],"product_cat":[4549],"product_tag":[],"class_list":{"0":"post-409336","1":"product","2":"type-product","3":"status-publish","4":"has-post-thumbnail","6":"product_brand-tippingpointarchery","7":"product_cat-spitzen-holz-schaefte-pfeil-komponenten","9":"first","10":"instock","11":"shipping-taxable","12":"purchasable","13":"product-type-variable"},"yoast_head":"<!-- This site is optimized with the Yoast SEO plugin v27.4 - https:\/\/yoast.com\/product\/yoast-seo-wordpress\/ -->\n<title>TIPPINGPOINTARCHERY AUFSTECK-SPITZEN FUER HOLZPFEILE COMBO METALL M\/ GEWINDE- 12\/PK - Bogensportdiscount \u2013 B\u00f6gen, Pfeile, Targets &amp; Zubeh\u00f6r<\/title>\n<meta name=\"robots\" content=\"noindex, follow, max-snippet:-1, max-image-preview:large, max-video-preview:-1\" \/>\n<meta property=\"og:locale\" content=\"fr_FR\" \/>\n<meta property=\"og:type\" content=\"article\" \/>\n<meta property=\"og:title\" content=\"TIPPINGPOINTARCHERY AUFSTECK-SPITZEN FUER HOLZPFEILE COMBO METALL M\/ GEWINDE- 12\/PK - Bogensportdiscount \u2013 B\u00f6gen, Pfeile, Targets &amp; Zubeh\u00f6r\" \/>\n<meta property=\"og:description\" content=\"Metall-Aufklebespitzen (Glue-On) f\u00fcr Holzpfeile von Tipping Point Archery, erh\u00e4ltlich in verschiedenen Gewichten (60, 80, 100 und 125 Grain) sowie in den Durchmessern 9\/32, 5\/16 und 11\/32 Zoll. Die Kombispitzen verf\u00fcgen \u00fcber ein Gewinde und sind in Italien gefertigt.\" \/>\n<meta property=\"og:url\" content=\"https:\/\/bogensportdiscount.ch\/fr\/produit\/tipping-point-archery-aufklebespitzen-holzpfeile-kombi-metall-gewinde\/\" \/>\n<meta property=\"og:site_name\" content=\"Bogensportdiscount \u2013 B\u00f6gen, Pfeile, Targets &amp; Zubeh\u00f6r\" \/>\n<meta property=\"article:modified_time\" content=\"2026-04-19T09:54:15+00:00\" \/>\n<meta property=\"og:image\" content=\"https:\/\/bogensportdiscount.ch\/wp-content\/uploads\/bsm-images\/A061795_1.jpg\" \/>\n\t<meta property=\"og:image:width\" content=\"1500\" \/>\n\t<meta property=\"og:image:height\" content=\"1500\" \/>\n\t<meta property=\"og:image:type\" content=\"image\/jpeg\" \/>\n<meta name=\"twitter:card\" content=\"summary_large_image\" \/>\n<script type=\"application\/ld+json\" class=\"yoast-schema-graph\">{\"@context\":\"https:\\\/\\\/schema.org\",\"@graph\":[{\"@type\":\"WebPage\",\"@id\":\"https:\\\/\\\/bogensportdiscount.ch\\\/fr\\\/produit\\\/tipping-point-archery-aufklebespitzen-holzpfeile-kombi-metall-gewinde\\\/\",\"url\":\"https:\\\/\\\/bogensportdiscount.ch\\\/fr\\\/produit\\\/tipping-point-archery-aufklebespitzen-holzpfeile-kombi-metall-gewinde\\\/\",\"name\":\"TIPPINGPOINTARCHERY AUFSTECK-SPITZEN FUER HOLZPFEILE COMBO METALL M\\\/ GEWINDE- 12\\\/PK - Bogensportdiscount \u2013 B\u00f6gen, Pfeile, Targets &amp; Zubeh\u00f6r\",\"isPartOf\":{\"@id\":\"https:\\\/\\\/bogensportdiscount.ch\\\/#website\"},\"primaryImageOfPage\":{\"@id\":\"https:\\\/\\\/bogensportdiscount.ch\\\/fr\\\/produit\\\/tipping-point-archery-aufklebespitzen-holzpfeile-kombi-metall-gewinde\\\/#primaryimage\"},\"image\":{\"@id\":\"https:\\\/\\\/bogensportdiscount.ch\\\/fr\\\/produit\\\/tipping-point-archery-aufklebespitzen-holzpfeile-kombi-metall-gewinde\\\/#primaryimage\"},\"thumbnailUrl\":\"https:\\\/\\\/bogensportdiscount.ch\\\/wp-content\\\/uploads\\\/bsm-images\\\/A061795_1.jpg\",\"datePublished\":\"2026-04-05T12:59:50+00:00\",\"dateModified\":\"2026-04-19T09:54:15+00:00\",\"breadcrumb\":{\"@id\":\"https:\\\/\\\/bogensportdiscount.ch\\\/fr\\\/produit\\\/tipping-point-archery-aufklebespitzen-holzpfeile-kombi-metall-gewinde\\\/#breadcrumb\"},\"inLanguage\":\"fr-FR\",\"potentialAction\":[{\"@type\":\"ReadAction\",\"target\":[\"https:\\\/\\\/bogensportdiscount.ch\\\/fr\\\/produit\\\/tipping-point-archery-aufklebespitzen-holzpfeile-kombi-metall-gewinde\\\/\"]}]},{\"@type\":\"ImageObject\",\"inLanguage\":\"fr-FR\",\"@id\":\"https:\\\/\\\/bogensportdiscount.ch\\\/fr\\\/produit\\\/tipping-point-archery-aufklebespitzen-holzpfeile-kombi-metall-gewinde\\\/#primaryimage\",\"url\":\"https:\\\/\\\/bogensportdiscount.ch\\\/wp-content\\\/uploads\\\/bsm-images\\\/A061795_1.jpg\",\"contentUrl\":\"https:\\\/\\\/bogensportdiscount.ch\\\/wp-content\\\/uploads\\\/bsm-images\\\/A061795_1.jpg\",\"width\":1500,\"height\":1500},{\"@type\":\"BreadcrumbList\",\"@id\":\"https:\\\/\\\/bogensportdiscount.ch\\\/fr\\\/produit\\\/tipping-point-archery-aufklebespitzen-holzpfeile-kombi-metall-gewinde\\\/#breadcrumb\",\"itemListElement\":[{\"@type\":\"ListItem\",\"position\":1,\"name\":\"Home\",\"item\":\"https:\\\/\\\/bogensportdiscount.ch\\\/\"},{\"@type\":\"ListItem\",\"position\":2,\"name\":\"Shop\",\"item\":\"https:\\\/\\\/bogensportdiscount.ch\\\/shop\\\/\"},{\"@type\":\"ListItem\",\"position\":3,\"name\":\"TIPPINGPOINTARCHERY AUFSTECK-SPITZEN FUER HOLZPFEILE COMBO METALL M\\\/ GEWINDE- 12\\\/PK\"}]},{\"@type\":\"WebSite\",\"@id\":\"https:\\\/\\\/bogensportdiscount.ch\\\/#website\",\"url\":\"https:\\\/\\\/bogensportdiscount.ch\\\/\",\"name\":\"Bogensportdiscount\",\"description\":\"\",\"potentialAction\":[{\"@type\":\"SearchAction\",\"target\":{\"@type\":\"EntryPoint\",\"urlTemplate\":\"https:\\\/\\\/bogensportdiscount.ch\\\/?s={search_term_string}\"},\"query-input\":{\"@type\":\"PropertyValueSpecification\",\"valueRequired\":true,\"valueName\":\"search_term_string\"}}],\"inLanguage\":\"fr-FR\"}]}<\/script>\n<!-- \/ Yoast SEO plugin. -->","yoast_head_json":{"title":"TIPPINGPOINTARCHERY AUFSTECK-SPITZEN FUER HOLZPFEILE COMBO METALL M\/ GEWINDE- 12\/PK - Bogensportdiscount \u2013 B\u00f6gen, Pfeile, Targets &amp; Zubeh\u00f6r","robots":{"index":"noindex","follow":"follow","max-snippet":"max-snippet:-1","max-image-preview":"max-image-preview:large","max-video-preview":"max-video-preview:-1"},"og_locale":"fr_FR","og_type":"article","og_title":"TIPPINGPOINTARCHERY AUFSTECK-SPITZEN FUER HOLZPFEILE COMBO METALL M\/ GEWINDE- 12\/PK - Bogensportdiscount \u2013 B\u00f6gen, Pfeile, Targets &amp; Zubeh\u00f6r","og_description":"Metall-Aufklebespitzen (Glue-On) f\u00fcr Holzpfeile von Tipping Point Archery, erh\u00e4ltlich in verschiedenen Gewichten (60, 80, 100 und 125 Grain) sowie in den Durchmessern 9\/32, 5\/16 und 11\/32 Zoll. Die Kombispitzen verf\u00fcgen \u00fcber ein Gewinde und sind in Italien gefertigt.","og_url":"https:\/\/bogensportdiscount.ch\/fr\/produit\/tipping-point-archery-aufklebespitzen-holzpfeile-kombi-metall-gewinde\/","og_site_name":"Bogensportdiscount \u2013 B\u00f6gen, Pfeile, Targets &amp; Zubeh\u00f6r","article_modified_time":"2026-04-19T09:54:15+00:00","og_image":[{"width":1500,"height":1500,"url":"https:\/\/bogensportdiscount.ch\/wp-content\/uploads\/bsm-images\/A061795_1.jpg","type":"image\/jpeg"}],"twitter_card":"summary_large_image","schema":{"@context":"https:\/\/schema.org","@graph":[{"@type":"WebPage","@id":"https:\/\/bogensportdiscount.ch\/fr\/produit\/tipping-point-archery-aufklebespitzen-holzpfeile-kombi-metall-gewinde\/","url":"https:\/\/bogensportdiscount.ch\/fr\/produit\/tipping-point-archery-aufklebespitzen-holzpfeile-kombi-metall-gewinde\/","name":"TIPPINGPOINTARCHERY AUFSTECK-SPITZEN FUER HOLZPFEILE COMBO METALL M\/ GEWINDE- 12\/PK - Bogensportdiscount \u2013 B\u00f6gen, Pfeile, Targets &amp; Zubeh\u00f6r","isPartOf":{"@id":"https:\/\/bogensportdiscount.ch\/#website"},"primaryImageOfPage":{"@id":"https:\/\/bogensportdiscount.ch\/fr\/produit\/tipping-point-archery-aufklebespitzen-holzpfeile-kombi-metall-gewinde\/#primaryimage"},"image":{"@id":"https:\/\/bogensportdiscount.ch\/fr\/produit\/tipping-point-archery-aufklebespitzen-holzpfeile-kombi-metall-gewinde\/#primaryimage"},"thumbnailUrl":"https:\/\/bogensportdiscount.ch\/wp-content\/uploads\/bsm-images\/A061795_1.jpg","datePublished":"2026-04-05T12:59:50+00:00","dateModified":"2026-04-19T09:54:15+00:00","breadcrumb":{"@id":"https:\/\/bogensportdiscount.ch\/fr\/produit\/tipping-point-archery-aufklebespitzen-holzpfeile-kombi-metall-gewinde\/#breadcrumb"},"inLanguage":"fr-FR","potentialAction":[{"@type":"ReadAction","target":["https:\/\/bogensportdiscount.ch\/fr\/produit\/tipping-point-archery-aufklebespitzen-holzpfeile-kombi-metall-gewinde\/"]}]},{"@type":"ImageObject","inLanguage":"fr-FR","@id":"https:\/\/bogensportdiscount.ch\/fr\/produit\/tipping-point-archery-aufklebespitzen-holzpfeile-kombi-metall-gewinde\/#primaryimage","url":"https:\/\/bogensportdiscount.ch\/wp-content\/uploads\/bsm-images\/A061795_1.jpg","contentUrl":"https:\/\/bogensportdiscount.ch\/wp-content\/uploads\/bsm-images\/A061795_1.jpg","width":1500,"height":1500},{"@type":"BreadcrumbList","@id":"https:\/\/bogensportdiscount.ch\/fr\/produit\/tipping-point-archery-aufklebespitzen-holzpfeile-kombi-metall-gewinde\/#breadcrumb","itemListElement":[{"@type":"ListItem","position":1,"name":"Home","item":"https:\/\/bogensportdiscount.ch\/"},{"@type":"ListItem","position":2,"name":"Shop","item":"https:\/\/bogensportdiscount.ch\/shop\/"},{"@type":"ListItem","position":3,"name":"TIPPINGPOINTARCHERY AUFSTECK-SPITZEN FUER HOLZPFEILE COMBO METALL M\/ GEWINDE- 12\/PK"}]},{"@type":"WebSite","@id":"https:\/\/bogensportdiscount.ch\/#website","url":"https:\/\/bogensportdiscount.ch\/","name":"Bogensportdiscount","description":"","potentialAction":[{"@type":"SearchAction","target":{"@type":"EntryPoint","urlTemplate":"https:\/\/bogensportdiscount.ch\/?s={search_term_string}"},"query-input":{"@type":"PropertyValueSpecification","valueRequired":true,"valueName":"search_term_string"}}],"inLanguage":"fr-FR"}]}},"_links":{"self":[{"href":"https:\/\/bogensportdiscount.ch\/fr\/wp-json\/wp\/v2\/product\/409336","targetHints":{"allow":["GET"]}}],"collection":[{"href":"https:\/\/bogensportdiscount.ch\/fr\/wp-json\/wp\/v2\/product"}],"about":[{"href":"https:\/\/bogensportdiscount.ch\/fr\/wp-json\/wp\/v2\/types\/product"}],"replies":[{"embeddable":true,"href":"https:\/\/bogensportdiscount.ch\/fr\/wp-json\/wp\/v2\/comments?post=409336"}],"wp:featuredmedia":[{"embeddable":true,"href":"https:\/\/bogensportdiscount.ch\/fr\/wp-json\/wp\/v2\/media\/513000"}],"wp:attachment":[{"href":"https:\/\/bogensportdiscount.ch\/fr\/wp-json\/wp\/v2\/media?parent=409336"}],"wp:term":[{"taxonomy":"product_brand","embeddable":true,"href":"https:\/\/bogensportdiscount.ch\/fr\/wp-json\/wp\/v2\/product_brand?post=409336"},{"taxonomy":"product_cat","embeddable":true,"href":"https:\/\/bogensportdiscount.ch\/fr\/wp-json\/wp\/v2\/product_cat?post=409336"},{"taxonomy":"product_tag","embeddable":true,"href":"https:\/\/bogensportdiscount.ch\/fr\/wp-json\/wp\/v2\/product_tag?post=409336"}],"curies":[{"name":"wp","href":"https:\/\/api.w.org\/{rel}","templated":true}]}}