{"id":409280,"date":"2026-04-05T14:59:44","date_gmt":"2026-04-05T12:59:44","guid":{"rendered":"https:\/\/bogensportdiscount.ch\/produkt\/limbs-compound-split-trx-36-black-pr-50lbs\/"},"modified":"2026-05-14T15:26:36","modified_gmt":"2026-05-14T13:26:36","slug":"mathews-compound-bogenarme-limbs-split-trx-36","status":"publish","type":"product","link":"https:\/\/bogensportdiscount.ch\/fr\/produit\/mathews-compound-bogenarme-limbs-split-trx-36\/","title":{"rendered":"MATHEWS BRANCHES ARC \u00c0 POULIES SPLIT TRX 36"},"content":{"rendered":"<p>Les branches de l'arc \u00e0 poulies MATHEWS mod\u00e8le Split Trx 36 sont des pi\u00e8ces de rechange de haute qualit\u00e9 pour arcs \u00e0 poulies. Ces branches sont fabriqu\u00e9es aux \u00c9tats-Unis et se distinguent par leur fiabilit\u00e9 et leur pr\u00e9cision.<\/p>\n<p>Les branches sont disponibles en deux variantes de puissance (50 lbs et 60 lbs) et peuvent \u00eatre livr\u00e9es dans les couleurs classiques noir et blanc. Elles conviennent comme pi\u00e8ce de rechange ou pour la construction et la modification d'arcs \u00e0 poulies existants.<\/p>","protected":false},"excerpt":{"rendered":"<table>\n<tr>\n<th>Propri\u00e9t\u00e9<\/th>\n<th>Valeur<\/th>\n<\/tr>\n<tr>\n<td>Marque<\/td>\n<td>Mathews<\/td>\n<\/tr>\n<tr>\n<td>Type<\/td>\n<td>Branches (branches d'arc)<\/td>\n<\/tr>\n<tr>\n<td>Mod\u00e8le<\/td>\n<td>Split Trx 36<\/td>\n<\/tr>\n<tr>\n<td>Poids de traction<\/td>\n<td>50 lbs, 60 lbs<\/td>\n<\/tr>\n<tr>\n<td>Couleur<\/td>\n<td>Noir, Blanc<\/td>\n<\/tr>\n<tr>\n<td>Pays d'origine<\/td>\n<td>USA<\/td>\n<\/tr>\n<\/table>","protected":false},"featured_media":523044,"comment_status":"open","ping_status":"closed","template":"","meta":[],"product_brand":[427],"product_cat":[4526],"product_tag":[],"class_list":{"0":"post-409280","1":"product","2":"type-product","3":"status-publish","4":"has-post-thumbnail","6":"product_brand-mathews","7":"product_cat-einzelteile-fuer-compound-boegen","8":"product_shipping_class-bsd-standard","10":"first","11":"onbackorder","12":"shipping-taxable","13":"purchasable","14":"product-type-variable"},"yoast_head":"<!-- This site is optimized with the Yoast SEO plugin v27.6 - https:\/\/yoast.com\/product\/yoast-seo-wordpress\/ -->\n<title>MATHEWS BRANCHES COMPOUND SPLIT TRX 36 - Bogensportdiscount \u2013 Arcs, Fl\u00e8ches, Cibles &amp; Accessoires<\/title>\n<meta name=\"description\" content=\"Achetez le MATHEWS BRANCHES COMPOUND SPLIT TRX 36 \u00e0 prix avantageux chez Bogensportdiscount \u2013 Top marques, livraison rapide depuis la Suisse.\" \/>\n<meta name=\"robots\" content=\"index, follow, max-snippet:-1, max-image-preview:large, max-video-preview:-1\" \/>\n<link rel=\"canonical\" href=\"https:\/\/bogensportdiscount.ch\/fr\/produit\/mathews-compound-bogenarme-limbs-split-trx-36\/\" \/>\n<meta property=\"og:locale\" content=\"fr_FR\" \/>\n<meta property=\"og:type\" content=\"article\" \/>\n<meta property=\"og:title\" content=\"MATHEWS BRANCHES COMPOUND SPLIT TRX 36 - Bogensportdiscount \u2013 Arcs, Fl\u00e8ches, Cibles &amp; Accessoires\" \/>\n<meta property=\"og:description\" content=\"Achetez le MATHEWS BRANCHES COMPOUND SPLIT TRX 36 \u00e0 prix avantageux chez Bogensportdiscount \u2013 Top marques, livraison rapide depuis la Suisse.\" \/>\n<meta property=\"og:url\" content=\"https:\/\/bogensportdiscount.ch\/fr\/produit\/mathews-compound-bogenarme-limbs-split-trx-36\/\" \/>\n<meta property=\"og:site_name\" content=\"Bogensportdiscount \u2013 B\u00f6gen, Pfeile, Targets &amp; Zubeh\u00f6r\" \/>\n<meta property=\"article:modified_time\" content=\"2026-05-14T13:26:36+00:00\" \/>\n<meta property=\"og:image\" content=\"https:\/\/bogensportdiscount.ch\/wp-content\/uploads\/bsm-images\/a061695_1.jpg\" \/>\n\t<meta property=\"og:image:width\" content=\"400\" \/>\n\t<meta property=\"og:image:height\" content=\"266\" \/>\n\t<meta property=\"og:image:type\" content=\"image\/jpeg\" \/>\n<meta name=\"twitter:card\" content=\"summary_large_image\" \/>\n<script type=\"application\/ld+json\" class=\"yoast-schema-graph\">{\"@context\":\"https:\\\/\\\/schema.org\",\"@graph\":[{\"@type\":\"WebPage\",\"@id\":\"https:\\\/\\\/bogensportdiscount.ch\\\/produkt\\\/mathews-compound-bogenarme-limbs-split-trx-36\\\/\",\"url\":\"https:\\\/\\\/bogensportdiscount.ch\\\/produkt\\\/mathews-compound-bogenarme-limbs-split-trx-36\\\/\",\"name\":\"MATHEWS WURFARME COMPOUND SPLIT TRX 36 - Bogensportdiscount \u2013 B\u00f6gen, Pfeile, Targets &amp; Zubeh\u00f6r\",\"isPartOf\":{\"@id\":\"https:\\\/\\\/bogensportdiscount.ch\\\/#website\"},\"primaryImageOfPage\":{\"@id\":\"https:\\\/\\\/bogensportdiscount.ch\\\/produkt\\\/mathews-compound-bogenarme-limbs-split-trx-36\\\/#primaryimage\"},\"image\":{\"@id\":\"https:\\\/\\\/bogensportdiscount.ch\\\/produkt\\\/mathews-compound-bogenarme-limbs-split-trx-36\\\/#primaryimage\"},\"thumbnailUrl\":\"https:\\\/\\\/bogensportdiscount.ch\\\/wp-content\\\/uploads\\\/bsm-images\\\/A061695_1.jpg\",\"datePublished\":\"2026-04-05T12:59:44+00:00\",\"dateModified\":\"2026-05-14T13:26:36+00:00\",\"description\":\"MATHEWS WURFARME COMPOUND SPLIT TRX 36 g\u00fcnstig kaufen bei Bogensportdiscount \u2013 Top-Marken, schneller Versand aus der Schweiz.\",\"breadcrumb\":{\"@id\":\"https:\\\/\\\/bogensportdiscount.ch\\\/produkt\\\/mathews-compound-bogenarme-limbs-split-trx-36\\\/#breadcrumb\"},\"inLanguage\":\"fr-FR\",\"potentialAction\":[{\"@type\":\"ReadAction\",\"target\":[\"https:\\\/\\\/bogensportdiscount.ch\\\/produkt\\\/mathews-compound-bogenarme-limbs-split-trx-36\\\/\"]}]},{\"@type\":\"ImageObject\",\"inLanguage\":\"fr-FR\",\"@id\":\"https:\\\/\\\/bogensportdiscount.ch\\\/produkt\\\/mathews-compound-bogenarme-limbs-split-trx-36\\\/#primaryimage\",\"url\":\"https:\\\/\\\/bogensportdiscount.ch\\\/wp-content\\\/uploads\\\/bsm-images\\\/A061695_1.jpg\",\"contentUrl\":\"https:\\\/\\\/bogensportdiscount.ch\\\/wp-content\\\/uploads\\\/bsm-images\\\/A061695_1.jpg\",\"width\":1023,\"height\":682},{\"@type\":\"BreadcrumbList\",\"@id\":\"https:\\\/\\\/bogensportdiscount.ch\\\/produkt\\\/mathews-compound-bogenarme-limbs-split-trx-36\\\/#breadcrumb\",\"itemListElement\":[{\"@type\":\"ListItem\",\"position\":1,\"name\":\"Home\",\"item\":\"https:\\\/\\\/bogensportdiscount.ch\\\/\"},{\"@type\":\"ListItem\",\"position\":2,\"name\":\"Shop\",\"item\":\"https:\\\/\\\/bogensportdiscount.ch\\\/shop\\\/\"},{\"@type\":\"ListItem\",\"position\":3,\"name\":\"MATHEWS WURFARME COMPOUND SPLIT TRX 36\"}]},{\"@type\":\"WebSite\",\"@id\":\"https:\\\/\\\/bogensportdiscount.ch\\\/#website\",\"url\":\"https:\\\/\\\/bogensportdiscount.ch\\\/\",\"name\":\"Bogensportdiscount\",\"description\":\"\",\"potentialAction\":[{\"@type\":\"SearchAction\",\"target\":{\"@type\":\"EntryPoint\",\"urlTemplate\":\"https:\\\/\\\/bogensportdiscount.ch\\\/?s={search_term_string}\"},\"query-input\":{\"@type\":\"PropertyValueSpecification\",\"valueRequired\":true,\"valueName\":\"search_term_string\"}}],\"inLanguage\":\"fr-FR\"}]}<\/script>\n<!-- \/ Yoast SEO plugin. -->","yoast_head_json":{"title":"MATHEWS BRANCHES COMPOUND SPLIT TRX 36 - Bogensportdiscount \u2013 Arcs, Fl\u00e8ches, Cibles &amp; Accessoires","description":"Achetez le MATHEWS BRANCHES COMPOUND SPLIT TRX 36 \u00e0 prix avantageux chez Bogensportdiscount \u2013 Top marques, livraison rapide depuis la Suisse.","robots":{"index":"index","follow":"follow","max-snippet":"max-snippet:-1","max-image-preview":"max-image-preview:large","max-video-preview":"max-video-preview:-1"},"canonical":"https:\/\/bogensportdiscount.ch\/fr\/produit\/mathews-compound-bogenarme-limbs-split-trx-36\/","og_locale":"fr_FR","og_type":"article","og_title":"MATHEWS BRANCHES COMPOUND SPLIT TRX 36 - Bogensportdiscount \u2013 Arcs, Fl\u00e8ches, Cibles &amp; Accessoires","og_description":"Achetez le MATHEWS BRANCHES COMPOUND SPLIT TRX 36 \u00e0 prix avantageux chez Bogensportdiscount \u2013 Top marques, livraison rapide depuis la Suisse.","og_url":"https:\/\/bogensportdiscount.ch\/fr\/produit\/mathews-compound-bogenarme-limbs-split-trx-36\/","og_site_name":"Bogensportdiscount \u2013 B\u00f6gen, Pfeile, Targets &amp; Zubeh\u00f6r","article_modified_time":"2026-05-14T13:26:36+00:00","og_image":[{"width":400,"height":266,"url":"https:\/\/bogensportdiscount.ch\/wp-content\/uploads\/bsm-images\/a061695_1.jpg","type":"image\/jpeg"}],"twitter_card":"summary_large_image","schema":{"@context":"https:\/\/schema.org","@graph":[{"@type":"WebPage","@id":"https:\/\/bogensportdiscount.ch\/produkt\/mathews-compound-bogenarme-limbs-split-trx-36\/","url":"https:\/\/bogensportdiscount.ch\/produkt\/mathews-compound-bogenarme-limbs-split-trx-36\/","name":"MATHEWS BRANCHES COMPOUND SPLIT TRX 36 - Bogensportdiscount \u2013 Arcs, Fl\u00e8ches, Cibles &amp; Accessoires","isPartOf":{"@id":"https:\/\/bogensportdiscount.ch\/#website"},"primaryImageOfPage":{"@id":"https:\/\/bogensportdiscount.ch\/produkt\/mathews-compound-bogenarme-limbs-split-trx-36\/#primaryimage"},"image":{"@id":"https:\/\/bogensportdiscount.ch\/produkt\/mathews-compound-bogenarme-limbs-split-trx-36\/#primaryimage"},"thumbnailUrl":"https:\/\/bogensportdiscount.ch\/wp-content\/uploads\/bsm-images\/A061695_1.jpg","datePublished":"2026-04-05T12:59:44+00:00","dateModified":"2026-05-14T13:26:36+00:00","description":"Achetez le MATHEWS BRANCHES COMPOUND SPLIT TRX 36 \u00e0 prix avantageux chez Bogensportdiscount \u2013 Top marques, livraison rapide depuis la Suisse.","breadcrumb":{"@id":"https:\/\/bogensportdiscount.ch\/produkt\/mathews-compound-bogenarme-limbs-split-trx-36\/#breadcrumb"},"inLanguage":"fr-FR","potentialAction":[{"@type":"ReadAction","target":["https:\/\/bogensportdiscount.ch\/produkt\/mathews-compound-bogenarme-limbs-split-trx-36\/"]}]},{"@type":"ImageObject","inLanguage":"fr-FR","@id":"https:\/\/bogensportdiscount.ch\/produkt\/mathews-compound-bogenarme-limbs-split-trx-36\/#primaryimage","url":"https:\/\/bogensportdiscount.ch\/wp-content\/uploads\/bsm-images\/A061695_1.jpg","contentUrl":"https:\/\/bogensportdiscount.ch\/wp-content\/uploads\/bsm-images\/A061695_1.jpg","width":1023,"height":682},{"@type":"BreadcrumbList","@id":"https:\/\/bogensportdiscount.ch\/produkt\/mathews-compound-bogenarme-limbs-split-trx-36\/#breadcrumb","itemListElement":[{"@type":"ListItem","position":1,"name":"Home","item":"https:\/\/bogensportdiscount.ch\/"},{"@type":"ListItem","position":2,"name":"Shop","item":"https:\/\/bogensportdiscount.ch\/shop\/"},{"@type":"ListItem","position":3,"name":"MATHEWS WURFARME COMPOUND SPLIT TRX 36"}]},{"@type":"WebSite","@id":"https:\/\/bogensportdiscount.ch\/#website","url":"https:\/\/bogensportdiscount.ch\/","name":"Bogensportdiscount","description":"","potentialAction":[{"@type":"SearchAction","target":{"@type":"EntryPoint","urlTemplate":"https:\/\/bogensportdiscount.ch\/?s={search_term_string}"},"query-input":{"@type":"PropertyValueSpecification","valueRequired":true,"valueName":"search_term_string"}}],"inLanguage":"fr-FR"}]}},"_links":{"self":[{"href":"https:\/\/bogensportdiscount.ch\/fr\/wp-json\/wp\/v2\/product\/409280","targetHints":{"allow":["GET"]}}],"collection":[{"href":"https:\/\/bogensportdiscount.ch\/fr\/wp-json\/wp\/v2\/product"}],"about":[{"href":"https:\/\/bogensportdiscount.ch\/fr\/wp-json\/wp\/v2\/types\/product"}],"replies":[{"embeddable":true,"href":"https:\/\/bogensportdiscount.ch\/fr\/wp-json\/wp\/v2\/comments?post=409280"}],"wp:featuredmedia":[{"embeddable":true,"href":"https:\/\/bogensportdiscount.ch\/fr\/wp-json\/wp\/v2\/media\/523044"}],"wp:attachment":[{"href":"https:\/\/bogensportdiscount.ch\/fr\/wp-json\/wp\/v2\/media?parent=409280"}],"wp:term":[{"taxonomy":"product_brand","embeddable":true,"href":"https:\/\/bogensportdiscount.ch\/fr\/wp-json\/wp\/v2\/product_brand?post=409280"},{"taxonomy":"product_cat","embeddable":true,"href":"https:\/\/bogensportdiscount.ch\/fr\/wp-json\/wp\/v2\/product_cat?post=409280"},{"taxonomy":"product_tag","embeddable":true,"href":"https:\/\/bogensportdiscount.ch\/fr\/wp-json\/wp\/v2\/product_tag?post=409280"}],"curies":[{"name":"wp","href":"https:\/\/api.w.org\/{rel}","templated":true}]}}