{"id":409263,"date":"2026-04-05T14:59:42","date_gmt":"2026-04-05T12:59:42","guid":{"rendered":"https:\/\/bogensportdiscount.ch\/produkt\/compound-sights-tetra-tournament-short-bar-3819-1-pin-019-w-rheos-rh\/"},"modified":"2026-04-17T15:42:24","modified_gmt":"2026-04-17T13:42:24","slug":"hha-compound-visier-tetra-tournament-kurzer-ausleger","status":"publish","type":"product","link":"https:\/\/bogensportdiscount.ch\/fr\/produit\/hha-compound-visier-tetra-tournament-kurzer-ausleger\/","title":{"rendered":"HHA TETRA 1 PIN TOURNAMENT SHORT BAR HUNTING &amp; 3D SIGHT"},"content":{"rendered":"<p>Das HHA Tetra Tournament Short Bar ist ein Compound-Visier aus dem Hause HHA, das speziell f\u00fcr den Turniereinsatz sowie 3D-Bogensport entwickelt wurde. Der kurze Ausleger erm\u00f6glicht eine kompakte Bauweise, die besonders bei wechselnden Gel\u00e4ndebedingungen von Vorteil ist.<\/p>\n<p>Das Visier ist in zwei Klingendicken erh\u00e4ltlich \u2013 .010&#8243; f\u00fcr maximale Pr\u00e4zision bei guten Lichtverh\u00e4ltnissen sowie .019&#8243; f\u00fcr eine bessere Sichtbarkeit bei schwierigeren Bedingungen. Die verschiedenen Durchmesserkonfigurationen (3810\/1, 3819\/1, 5510\/1, 5519\/1) erm\u00f6glichen eine gezielte Auswahl passend zur individuellen Einstellung.<\/p>\n<ul>\n<li>Kurzer Ausleger f\u00fcr kompakte Montage<\/li>\n<li>Klingendicken .010&#8243; und .019&#8243; verf\u00fcgbar<\/li>\n<li>Geeignet f\u00fcr Turnier- und 3D-Bogensport<\/li>\n<li>Mehrere Durchmesservarianten erh\u00e4ltlich<\/li>\n<\/ul>","protected":false},"excerpt":{"rendered":"<p><strong>Marque :<\/strong> HHA<\/p>","protected":false},"featured_media":452920,"comment_status":"open","ping_status":"closed","template":"","meta":[],"product_brand":[528],"product_cat":[4263],"product_tag":[],"class_list":{"0":"post-409263","1":"product","2":"type-product","3":"status-publish","4":"has-post-thumbnail","6":"product_brand-hha","7":"product_cat-jagd-und-3d-visiere","9":"first","10":"instock","11":"shipping-taxable","12":"purchasable","13":"product-type-variable"},"_links":{"self":[{"href":"https:\/\/bogensportdiscount.ch\/fr\/wp-json\/wp\/v2\/product\/409263","targetHints":{"allow":["GET"]}}],"collection":[{"href":"https:\/\/bogensportdiscount.ch\/fr\/wp-json\/wp\/v2\/product"}],"about":[{"href":"https:\/\/bogensportdiscount.ch\/fr\/wp-json\/wp\/v2\/types\/product"}],"replies":[{"embeddable":true,"href":"https:\/\/bogensportdiscount.ch\/fr\/wp-json\/wp\/v2\/comments?post=409263"}],"wp:featuredmedia":[{"embeddable":true,"href":"https:\/\/bogensportdiscount.ch\/fr\/wp-json\/wp\/v2\/media\/452920"}],"wp:attachment":[{"href":"https:\/\/bogensportdiscount.ch\/fr\/wp-json\/wp\/v2\/media?parent=409263"}],"wp:term":[{"taxonomy":"product_brand","embeddable":true,"href":"https:\/\/bogensportdiscount.ch\/fr\/wp-json\/wp\/v2\/product_brand?post=409263"},{"taxonomy":"product_cat","embeddable":true,"href":"https:\/\/bogensportdiscount.ch\/fr\/wp-json\/wp\/v2\/product_cat?post=409263"},{"taxonomy":"product_tag","embeddable":true,"href":"https:\/\/bogensportdiscount.ch\/fr\/wp-json\/wp\/v2\/product_tag?post=409263"}],"curies":[{"name":"wp","href":"https:\/\/api.w.org\/{rel}","templated":true}]}}