{"id":409252,"date":"2026-04-05T14:59:41","date_gmt":"2026-04-05T12:59:41","guid":{"rendered":"https:\/\/bogensportdiscount.ch\/produkt\/compound-sights-tetra-max-tournament-short-bar-3819-1-pin-019-w-rheos-rh\/"},"modified":"2026-04-17T15:42:24","modified_gmt":"2026-04-17T13:42:24","slug":"hha-compound-visier-tetra-max-tournament-short-bar-2","status":"publish","type":"product","link":"https:\/\/bogensportdiscount.ch\/fr\/produit\/hha-compound-visier-tetra-max-tournament-short-bar-2\/","title":{"rendered":"HHA TETRA MAX 1 PIN TOURNAMENT SHORT BAR HUNTING &amp; 3D SIGHT"},"content":{"rendered":"<p>Das HHA Tetra Max Tournament Short Bar ist ein Compound-Visier aus dem Hause HHA Sports (USA), das speziell f\u00fcr den Turniereinsatz im 3D- und Jagdbogen-Bereich konzipiert wurde. Der kurze Bar (Short Bar) erm\u00f6glicht eine platzsparende und gewichtsoptimierte Montage am Bogen.<\/p>\n<p>Das Visier ist in zwei Fadenst\u00e4rken erh\u00e4ltlich \u2013 .010&#8243; f\u00fcr pr\u00e4zise Feinabstimmung unter optimalen Lichtverh\u00e4ltnissen sowie .019&#8243; f\u00fcr bessere Sichtbarkeit bei schwierigen Bedingungen. Dadurch l\u00e4sst es sich flexibel an unterschiedliche Einsatzszenarien anpassen.<\/p>\n<ul>\n<li>Kurzer Bar f\u00fcr kompakte Bauweise<\/li>\n<li>Erh\u00e4ltlich in Fadenst\u00e4rke .010&#8243; und .019&#8243;<\/li>\n<li>Geeignet f\u00fcr 3D- und Jagdwettk\u00e4mpfe<\/li>\n<li>Fabriqu\u00e9 aux \u00c9tats-Unis<\/li>\n<\/ul>","protected":false},"excerpt":{"rendered":"<p>Das HHA Tetra Max Tournament Short Bar ist ein Compound-Visier f\u00fcr den Einsatz bei 3D- und Jagdwettk\u00e4mpfen. Es ist in den Fadenst\u00e4rken .010&#8243; und .019&#8243; erh\u00e4ltlich und bietet eine kompakte Bauform dank des kurzen Bars.<\/p>","protected":false},"featured_media":439202,"comment_status":"open","ping_status":"closed","template":"","meta":[],"product_brand":[528],"product_cat":[4263],"product_tag":[],"class_list":{"0":"post-409252","1":"product","2":"type-product","3":"status-publish","4":"has-post-thumbnail","6":"product_brand-hha","7":"product_cat-jagd-und-3d-visiere","9":"first","10":"instock","11":"shipping-taxable","12":"purchasable","13":"product-type-variable"},"_links":{"self":[{"href":"https:\/\/bogensportdiscount.ch\/fr\/wp-json\/wp\/v2\/product\/409252","targetHints":{"allow":["GET"]}}],"collection":[{"href":"https:\/\/bogensportdiscount.ch\/fr\/wp-json\/wp\/v2\/product"}],"about":[{"href":"https:\/\/bogensportdiscount.ch\/fr\/wp-json\/wp\/v2\/types\/product"}],"replies":[{"embeddable":true,"href":"https:\/\/bogensportdiscount.ch\/fr\/wp-json\/wp\/v2\/comments?post=409252"}],"wp:featuredmedia":[{"embeddable":true,"href":"https:\/\/bogensportdiscount.ch\/fr\/wp-json\/wp\/v2\/media\/439202"}],"wp:attachment":[{"href":"https:\/\/bogensportdiscount.ch\/fr\/wp-json\/wp\/v2\/media?parent=409252"}],"wp:term":[{"taxonomy":"product_brand","embeddable":true,"href":"https:\/\/bogensportdiscount.ch\/fr\/wp-json\/wp\/v2\/product_brand?post=409252"},{"taxonomy":"product_cat","embeddable":true,"href":"https:\/\/bogensportdiscount.ch\/fr\/wp-json\/wp\/v2\/product_cat?post=409252"},{"taxonomy":"product_tag","embeddable":true,"href":"https:\/\/bogensportdiscount.ch\/fr\/wp-json\/wp\/v2\/product_tag?post=409252"}],"curies":[{"name":"wp","href":"https:\/\/api.w.org\/{rel}","templated":true}]}}