{"id":409233,"date":"2026-04-05T14:59:38","date_gmt":"2026-04-05T12:59:38","guid":{"rendered":"https:\/\/bogensportdiscount.ch\/produkt\/hunting-3d-sights-optimizer-lite-x-5000-1-pin-029-rh-black\/"},"modified":"2026-04-15T13:06:41","modified_gmt":"2026-04-15T11:06:41","slug":"hha-compound-jagd-3d-visier-optimizer-lite-x","status":"publish","type":"product","link":"https:\/\/bogensportdiscount.ch\/fr\/produit\/hha-compound-jagd-3d-visier-optimizer-lite-x\/","title":{"rendered":"HHA HUNTING &amp; 3D SIGHTS OPTIMIZER LITE X"},"content":{"rendered":"<p>Das HHA Optimizer Lite X ist ein Compound-Visier aus der Jagd- und 3D-Bogensport-Serie von HHA Sports, hergestellt in den USA. Es ist in den Ausf\u00fchrungen f\u00fcr Rechts- und Linkshandbogensch\u00fctzen erh\u00e4ltlich und bietet drei Faseroptik-Durchmesser (.010&#8243;, .019&#8243;, .029&#8243;) zur Anpassung an unterschiedliche Lichtverh\u00e4ltnisse und Pr\u00e4ferenzen.<\/p>\n<p>Das Visier eignet sich f\u00fcr den Einsatz bei der Jagd sowie im 3D-Bogensport und l\u00e4sst sich dank der verf\u00fcgbaren Varianten auf verschiedene Anforderungen abstimmen.<\/p>\n<ul>\n<li>Erh\u00e4ltlich f\u00fcr Rechts- und Linkshand<\/li>\n<li>Drei Faseroptik-Durchmesser w\u00e4hlbar: .010&#8243;, .019&#8243;, .029&#8243;<\/li>\n<li>Fabriqu\u00e9 aux \u00c9tats-Unis<\/li>\n<li>Geeignet f\u00fcr Jagd und 3D-Bogensport<\/li>\n<\/ul>","protected":false},"excerpt":{"rendered":"<table>\n<tr>\n<th>Propri\u00e9t\u00e9<\/th>\n<th>Valeur<\/th>\n<\/tr>\n<tr>\n<td>Marque<\/td>\n<td>HHA<\/td>\n<\/tr>\n<tr>\n<td>Herkunftsland<\/td>\n<td>USA<\/td>\n<\/tr>\n<tr>\n<td>Verf\u00fcgbare H\u00e4nde<\/td>\n<td>Linkshand (LH), Rechtshand (RH)<\/td>\n<\/tr>\n<tr>\n<td>Faseroptik-Durchmesser<\/td>\n<td>.010&#8243;, .019&#8243;, .029&#8243;<\/td>\n<\/tr>\n<\/table>","protected":false},"featured_media":439205,"comment_status":"open","ping_status":"closed","template":"","meta":[],"product_brand":[528],"product_cat":[4263],"product_tag":[],"class_list":{"0":"post-409233","1":"product","2":"type-product","3":"status-publish","4":"has-post-thumbnail","6":"product_brand-hha","7":"product_cat-jagd-und-3d-visiere","9":"first","10":"instock","11":"shipping-taxable","12":"purchasable","13":"product-type-variable"},"_links":{"self":[{"href":"https:\/\/bogensportdiscount.ch\/fr\/wp-json\/wp\/v2\/product\/409233","targetHints":{"allow":["GET"]}}],"collection":[{"href":"https:\/\/bogensportdiscount.ch\/fr\/wp-json\/wp\/v2\/product"}],"about":[{"href":"https:\/\/bogensportdiscount.ch\/fr\/wp-json\/wp\/v2\/types\/product"}],"replies":[{"embeddable":true,"href":"https:\/\/bogensportdiscount.ch\/fr\/wp-json\/wp\/v2\/comments?post=409233"}],"wp:featuredmedia":[{"embeddable":true,"href":"https:\/\/bogensportdiscount.ch\/fr\/wp-json\/wp\/v2\/media\/439205"}],"wp:attachment":[{"href":"https:\/\/bogensportdiscount.ch\/fr\/wp-json\/wp\/v2\/media?parent=409233"}],"wp:term":[{"taxonomy":"product_brand","embeddable":true,"href":"https:\/\/bogensportdiscount.ch\/fr\/wp-json\/wp\/v2\/product_brand?post=409233"},{"taxonomy":"product_cat","embeddable":true,"href":"https:\/\/bogensportdiscount.ch\/fr\/wp-json\/wp\/v2\/product_cat?post=409233"},{"taxonomy":"product_tag","embeddable":true,"href":"https:\/\/bogensportdiscount.ch\/fr\/wp-json\/wp\/v2\/product_tag?post=409233"}],"curies":[{"name":"wp","href":"https:\/\/api.w.org\/{rel}","templated":true}]}}