{"id":409193,"date":"2026-04-05T14:59:34","date_gmt":"2026-04-05T12:59:34","guid":{"rendered":"https:\/\/bogensportdiscount.ch\/produkt\/arrows-sonic-6-0-250-h-nock-2-blazer-vanes-6mm-st-rps-insert-6-pk\/"},"modified":"2026-04-17T13:47:37","modified_gmt":"2026-04-17T11:47:37","slug":"easton-carbon-jagdpfeil-sonic-6-0-250-h-nock-2-blazer-vanes-6er-pack","status":"publish","type":"product","link":"https:\/\/bogensportdiscount.ch\/fr\/produkt\/easton-carbon-jagdpfeil-sonic-6-0-250-h-nock-2-blazer-vanes-6er-pack\/","title":{"rendered":"EASTON ARROWS SONIC 6.0 H-NOCK 2\u2033 BLAZER VANES 6MM ST RPS INSERT 6\/PK"},"content":{"rendered":"<p>Der Easton Sonic 6.0 ist ein Carbon-Fertigpfeil aus dem Jagd- und 3D-Segment. Mit einem Schaftdurchmesser von 6mm und einem Spine von 250 ist er auf schwere B\u00f6gen mit hohen Zuggewichten ausgelegt. Die Pfeile werden komplett montiert geliefert \u2013 inklusive H-Nock, 2&#8243; Blazer Vanes sowie ST RPS Insert.<\/p>\n<p>Das ST RPS Insert-System erm\u00f6glicht den einfachen Wechsel von Breitblatt- und Fieldpoint-Spitzen. Die 2&#8243; Blazer Vanes sorgen f\u00fcr eine stabile Flugbahn auch bei k\u00fcrzeren Pfeilsch\u00e4ften. Die Pfeile werden im 6er-Pack geliefert und sind in mehreren Spine-St\u00e4rken erh\u00e4ltlich.<\/p>\n<ul>\n<li>6mm Carbon-Jagdpfeil, fertig montiert<\/li>\n<li>Inklusive H-Nock, 2&#8243; Blazer Vanes und ST RPS Insert<\/li>\n<li>Erh\u00e4ltlich in Spine 250, 300, 340, 400, 500 und 600<\/li>\n<li>Lieferung im 6er-Pack<\/li>\n<\/ul>","protected":false},"excerpt":{"rendered":"<p>Der Easton Sonic 6.0 ist ein 6mm Carbon-Jagdpfeil, der fertig montiert mit H-Nock, 2&#8243; Blazer Vanes und ST RPS Insert geliefert wird. Erh\u00e4ltlich in verschiedenen Spine-St\u00e4rken (250\u2013600), im praktischen 6er-Pack.<\/p>","protected":false},"featured_media":439209,"comment_status":"open","ping_status":"closed","template":"","meta":[],"product_brand":[417],"product_cat":[4303],"product_tag":[],"class_list":{"0":"post-409193","1":"product","2":"type-product","3":"status-publish","4":"has-post-thumbnail","6":"product_brand-easton","7":"product_cat-befiederte-carbon-jagd-pfeile","9":"first","10":"instock","11":"shipping-taxable","12":"purchasable","13":"product-type-variable"},"_links":{"self":[{"href":"https:\/\/bogensportdiscount.ch\/fr\/wp-json\/wp\/v2\/product\/409193","targetHints":{"allow":["GET"]}}],"collection":[{"href":"https:\/\/bogensportdiscount.ch\/fr\/wp-json\/wp\/v2\/product"}],"about":[{"href":"https:\/\/bogensportdiscount.ch\/fr\/wp-json\/wp\/v2\/types\/product"}],"replies":[{"embeddable":true,"href":"https:\/\/bogensportdiscount.ch\/fr\/wp-json\/wp\/v2\/comments?post=409193"}],"wp:featuredmedia":[{"embeddable":true,"href":"https:\/\/bogensportdiscount.ch\/fr\/wp-json\/wp\/v2\/media\/439209"}],"wp:attachment":[{"href":"https:\/\/bogensportdiscount.ch\/fr\/wp-json\/wp\/v2\/media?parent=409193"}],"wp:term":[{"taxonomy":"product_brand","embeddable":true,"href":"https:\/\/bogensportdiscount.ch\/fr\/wp-json\/wp\/v2\/product_brand?post=409193"},{"taxonomy":"product_cat","embeddable":true,"href":"https:\/\/bogensportdiscount.ch\/fr\/wp-json\/wp\/v2\/product_cat?post=409193"},{"taxonomy":"product_tag","embeddable":true,"href":"https:\/\/bogensportdiscount.ch\/fr\/wp-json\/wp\/v2\/product_tag?post=409193"}],"curies":[{"name":"wp","href":"https:\/\/api.w.org\/{rel}","templated":true}]}}