{"id":409156,"date":"2026-04-05T14:59:30","date_gmt":"2026-04-05T12:59:30","guid":{"rendered":"https:\/\/bogensportdiscount.ch\/produkt\/back-tension-releases-onnex-sage-small\/"},"modified":"2026-04-17T13:47:37","modified_gmt":"2026-04-17T11:47:37","slug":"stan-back-tension-release-onnex-sage","status":"publish","type":"product","link":"https:\/\/bogensportdiscount.ch\/fr\/produit\/stan-back-tension-release-onnex-sage\/","title":{"rendered":"STAN BACK TENSION RELEASES ONNEX SAGE"},"content":{"rendered":"<p>Der STAN Onnex Sage ist ein Back-Tension-Release, der durch R\u00fcckenmuskulatur ausgel\u00f6st wird. Diese Ausl\u00f6semethode f\u00f6rdert eine ruhige, wiederholbare Schussabgabe und ist besonders bei Turnieren und im Training beliebt.<\/p>\n<p>Das Modell ist in vier Gr\u00f6ssen erh\u00e4ltlich \u2013 S, M, L und XL \u2013 und l\u00e4sst sich so an unterschiedliche Handgr\u00f6ssen anpassen. Die Passform des Releases hat direkten Einfluss auf Komfort und Konstanz beim Schiessen.<\/p>\n<ul>\n<li>Back-Tension-Mechanismus f\u00fcr k\u00f6rpergesteuerte Ausl\u00f6sung<\/li>\n<li>Erh\u00e4ltlich in S, M, L und XL<\/li>\n<li>Geeignet f\u00fcr Compound-Bogensch\u00fctzen<\/li>\n<li>F\u00f6rdert eine konsistente Schussabgabe<\/li>\n<\/ul>","protected":false},"excerpt":{"rendered":"<p><strong>Marque :<\/strong> Stan<\/p>","protected":false},"featured_media":439235,"comment_status":"open","ping_status":"closed","template":"","meta":[],"product_brand":[844],"product_cat":[4348],"product_tag":[],"class_list":{"0":"post-409156","1":"product","2":"type-product","3":"status-publish","4":"has-post-thumbnail","6":"product_brand-stan","7":"product_cat-back-tension-releases","9":"first","10":"instock","11":"shipping-taxable","12":"purchasable","13":"product-type-variable"},"_links":{"self":[{"href":"https:\/\/bogensportdiscount.ch\/fr\/wp-json\/wp\/v2\/product\/409156","targetHints":{"allow":["GET"]}}],"collection":[{"href":"https:\/\/bogensportdiscount.ch\/fr\/wp-json\/wp\/v2\/product"}],"about":[{"href":"https:\/\/bogensportdiscount.ch\/fr\/wp-json\/wp\/v2\/types\/product"}],"replies":[{"embeddable":true,"href":"https:\/\/bogensportdiscount.ch\/fr\/wp-json\/wp\/v2\/comments?post=409156"}],"wp:featuredmedia":[{"embeddable":true,"href":"https:\/\/bogensportdiscount.ch\/fr\/wp-json\/wp\/v2\/media\/439235"}],"wp:attachment":[{"href":"https:\/\/bogensportdiscount.ch\/fr\/wp-json\/wp\/v2\/media?parent=409156"}],"wp:term":[{"taxonomy":"product_brand","embeddable":true,"href":"https:\/\/bogensportdiscount.ch\/fr\/wp-json\/wp\/v2\/product_brand?post=409156"},{"taxonomy":"product_cat","embeddable":true,"href":"https:\/\/bogensportdiscount.ch\/fr\/wp-json\/wp\/v2\/product_cat?post=409156"},{"taxonomy":"product_tag","embeddable":true,"href":"https:\/\/bogensportdiscount.ch\/fr\/wp-json\/wp\/v2\/product_tag?post=409156"}],"curies":[{"name":"wp","href":"https:\/\/api.w.org\/{rel}","templated":true}]}}