{"id":409008,"date":"2026-04-05T14:59:14","date_gmt":"2026-04-05T12:59:14","guid":{"rendered":"https:\/\/bogensportdiscount.ch\/produkt\/shooting-glove-spider-full-palm-leather-with-silicone-fingertips-xs\/"},"modified":"2026-05-14T15:26:35","modified_gmt":"2026-05-14T13:26:35","slug":"bucktrail-schiesshandschuh-spider-vollhand-leder-silikon-fingerkuppen","status":"publish","type":"product","link":"https:\/\/bogensportdiscount.ch\/fr\/produit\/bucktrail-schiesshandschuh-spider-vollhand-leder-silikon-fingerkuppen\/","title":{"rendered":"BUCKTRAIL GANT DE TIR SPIDER PLEINE PAUME CUIR AVEC BOUTS DE DOIGTS EN SILICONE"},"content":{"rendered":"<p>Le gant de tir BUCKTRAIL Spider est con\u00e7u pour les archers qui pr\u00e9f\u00e8rent une protection compl\u00e8te de la paume. La mati\u00e8re sup\u00e9rieure en cuir assure la durabilit\u00e9 et un ajustement agr\u00e9able lors d'une utilisation r\u00e9p\u00e9t\u00e9e.<\/p>\n<p>Les bouts de doigts en silicone offrent une adh\u00e9rence et une protection suppl\u00e9mentaires sur les doigts les plus sollicit\u00e9s lors du tirage de la corde. Cette combinaison de cuir et de silicone fait de ce gant un compagnon fiable aussi bien pour l'entra\u00eenement que pour la comp\u00e9tition.<\/p>\n<ul>\n<li>Version pleine main en cuir<\/li>\n<li>Bouts de doigts en silicone pour une protection et une adh\u00e9rence suppl\u00e9mentaires<\/li>\n<li>Disponible en XS, S, M, L et XL<\/li>\n<li>Adapt\u00e9 aux archers classiques et traditionnels<\/li>\n<\/ul>","protected":false},"excerpt":{"rendered":"<table>\n<tr>\n<th>Propri\u00e9t\u00e9<\/th>\n<th>Valeur<\/th>\n<\/tr>\n<tr>\n<td>Marque<\/td>\n<td>Buck Trail<\/td>\n<\/tr>\n<tr>\n<td>Pays d'origine<\/td>\n<td>Pakistan<\/td>\n<\/tr>\n<\/table>","protected":false},"featured_media":524453,"comment_status":"open","ping_status":"closed","template":"","meta":[],"product_brand":[432],"product_cat":[4447],"product_tag":[],"class_list":{"0":"post-409008","1":"product","2":"type-product","3":"status-publish","4":"has-post-thumbnail","6":"product_brand-bucktrail","7":"product_cat-schiesshandschuh","8":"product_shipping_class-bsd-standard","10":"first","11":"instock","12":"shipping-taxable","13":"purchasable","14":"product-type-variable"},"yoast_head":"<!-- This site is optimized with the Yoast SEO plugin v27.6 - https:\/\/yoast.com\/product\/yoast-seo-wordpress\/ -->\n<title>BUCKTRAIL SCHIESSHANDSCHUH SPIDER VOLLE HANDFL\u00c4CHE LEDER MIT SILIKON FINGERSPITZEN - Bogensportdiscount \u2013 B\u00f6gen, Pfeile, Targets &amp; Zubeh\u00f6r<\/title>\n<meta name=\"description\" content=\"BUCKTRAIL SCHIESSHANDSCHUH SPIDER VOLLE HANDFL\u00c4CHE LEDER MIT SILIKON FINGERSPITZEN g\u00fcnstig kaufen bei Bogensportdiscount \u2013 Top-Marken, schneller Versand aus der Schweiz.\" \/>\n<meta name=\"robots\" content=\"index, follow, max-snippet:-1, max-image-preview:large, max-video-preview:-1\" \/>\n<link rel=\"canonical\" href=\"https:\/\/bogensportdiscount.ch\/fr\/produit\/bucktrail-schiesshandschuh-spider-vollhand-leder-silikon-fingerkuppen\/\" \/>\n<meta property=\"og:locale\" content=\"fr_FR\" \/>\n<meta property=\"og:type\" content=\"article\" \/>\n<meta property=\"og:title\" content=\"BUCKTRAIL SCHIESSHANDSCHUH SPIDER VOLLE HANDFL\u00c4CHE LEDER MIT SILIKON FINGERSPITZEN - Bogensportdiscount \u2013 B\u00f6gen, Pfeile, Targets &amp; Zubeh\u00f6r\" \/>\n<meta property=\"og:description\" content=\"BUCKTRAIL SCHIESSHANDSCHUH SPIDER VOLLE HANDFL\u00c4CHE LEDER MIT SILIKON FINGERSPITZEN g\u00fcnstig kaufen bei Bogensportdiscount \u2013 Top-Marken, schneller Versand aus der Schweiz.\" \/>\n<meta property=\"og:url\" content=\"https:\/\/bogensportdiscount.ch\/fr\/produit\/bucktrail-schiesshandschuh-spider-vollhand-leder-silikon-fingerkuppen\/\" \/>\n<meta property=\"og:site_name\" content=\"Bogensportdiscount \u2013 B\u00f6gen, Pfeile, Targets &amp; Zubeh\u00f6r\" \/>\n<meta property=\"article:modified_time\" content=\"2026-05-14T13:26:35+00:00\" \/>\n<meta property=\"og:image\" content=\"https:\/\/bogensportdiscount.ch\/wp-content\/uploads\/bsm-images\/A060560_1.png\" \/>\n\t<meta property=\"og:image:width\" content=\"3243\" \/>\n\t<meta property=\"og:image:height\" content=\"1618\" \/>\n\t<meta property=\"og:image:type\" content=\"image\/png\" \/>\n<meta name=\"twitter:card\" content=\"summary_large_image\" \/>\n<meta name=\"twitter:label1\" content=\"Dur\u00e9e de lecture estim\u00e9e\" \/>\n\t<meta name=\"twitter:data1\" content=\"1 minute\" \/>\n<script type=\"application\/ld+json\" class=\"yoast-schema-graph\">{\"@context\":\"https:\\\/\\\/schema.org\",\"@graph\":[{\"@type\":\"WebPage\",\"@id\":\"https:\\\/\\\/bogensportdiscount.ch\\\/produkt\\\/bucktrail-schiesshandschuh-spider-vollhand-leder-silikon-fingerkuppen\\\/\",\"url\":\"https:\\\/\\\/bogensportdiscount.ch\\\/produkt\\\/bucktrail-schiesshandschuh-spider-vollhand-leder-silikon-fingerkuppen\\\/\",\"name\":\"BUCKTRAIL SCHIESSHANDSCHUH SPIDER VOLLE HANDFL\u00c4CHE LEDER MIT SILIKON FINGERSPITZEN - Bogensportdiscount \u2013 B\u00f6gen, Pfeile, Targets &amp; Zubeh\u00f6r\",\"isPartOf\":{\"@id\":\"https:\\\/\\\/bogensportdiscount.ch\\\/#website\"},\"primaryImageOfPage\":{\"@id\":\"https:\\\/\\\/bogensportdiscount.ch\\\/produkt\\\/bucktrail-schiesshandschuh-spider-vollhand-leder-silikon-fingerkuppen\\\/#primaryimage\"},\"image\":{\"@id\":\"https:\\\/\\\/bogensportdiscount.ch\\\/produkt\\\/bucktrail-schiesshandschuh-spider-vollhand-leder-silikon-fingerkuppen\\\/#primaryimage\"},\"thumbnailUrl\":\"https:\\\/\\\/bogensportdiscount.ch\\\/wp-content\\\/uploads\\\/bsm-images\\\/A060560_1.png\",\"datePublished\":\"2026-04-05T12:59:14+00:00\",\"dateModified\":\"2026-05-14T13:26:35+00:00\",\"description\":\"BUCKTRAIL SCHIESSHANDSCHUH SPIDER VOLLE HANDFL\u00c4CHE LEDER MIT SILIKON FINGERSPITZEN g\u00fcnstig kaufen bei Bogensportdiscount \u2013 Top-Marken, schneller Versand aus der Schweiz.\",\"breadcrumb\":{\"@id\":\"https:\\\/\\\/bogensportdiscount.ch\\\/produkt\\\/bucktrail-schiesshandschuh-spider-vollhand-leder-silikon-fingerkuppen\\\/#breadcrumb\"},\"inLanguage\":\"fr-FR\",\"potentialAction\":[{\"@type\":\"ReadAction\",\"target\":[\"https:\\\/\\\/bogensportdiscount.ch\\\/produkt\\\/bucktrail-schiesshandschuh-spider-vollhand-leder-silikon-fingerkuppen\\\/\"]}]},{\"@type\":\"ImageObject\",\"inLanguage\":\"fr-FR\",\"@id\":\"https:\\\/\\\/bogensportdiscount.ch\\\/produkt\\\/bucktrail-schiesshandschuh-spider-vollhand-leder-silikon-fingerkuppen\\\/#primaryimage\",\"url\":\"https:\\\/\\\/bogensportdiscount.ch\\\/wp-content\\\/uploads\\\/bsm-images\\\/A060560_1.png\",\"contentUrl\":\"https:\\\/\\\/bogensportdiscount.ch\\\/wp-content\\\/uploads\\\/bsm-images\\\/A060560_1.png\",\"width\":3243,\"height\":1618},{\"@type\":\"BreadcrumbList\",\"@id\":\"https:\\\/\\\/bogensportdiscount.ch\\\/produkt\\\/bucktrail-schiesshandschuh-spider-vollhand-leder-silikon-fingerkuppen\\\/#breadcrumb\",\"itemListElement\":[{\"@type\":\"ListItem\",\"position\":1,\"name\":\"Home\",\"item\":\"https:\\\/\\\/bogensportdiscount.ch\\\/\"},{\"@type\":\"ListItem\",\"position\":2,\"name\":\"Shop\",\"item\":\"https:\\\/\\\/bogensportdiscount.ch\\\/shop\\\/\"},{\"@type\":\"ListItem\",\"position\":3,\"name\":\"BUCKTRAIL SCHIESSHANDSCHUH SPIDER VOLLE HANDFLAECHE LEDER MIT SILIKON FINGERSPITZEN\"}]},{\"@type\":\"WebSite\",\"@id\":\"https:\\\/\\\/bogensportdiscount.ch\\\/#website\",\"url\":\"https:\\\/\\\/bogensportdiscount.ch\\\/\",\"name\":\"Bogensportdiscount\",\"description\":\"\",\"potentialAction\":[{\"@type\":\"SearchAction\",\"target\":{\"@type\":\"EntryPoint\",\"urlTemplate\":\"https:\\\/\\\/bogensportdiscount.ch\\\/?s={search_term_string}\"},\"query-input\":{\"@type\":\"PropertyValueSpecification\",\"valueRequired\":true,\"valueName\":\"search_term_string\"}}],\"inLanguage\":\"fr-FR\"}]}<\/script>\n<!-- \/ Yoast SEO plugin. -->","yoast_head_json":{"title":"BUCKTRAIL SCHIESSHANDSCHUH SPIDER VOLLE HANDFL\u00c4CHE LEDER MIT SILIKON FINGERSPITZEN - Bogensportdiscount \u2013 B\u00f6gen, Pfeile, Targets &amp; Zubeh\u00f6r","description":"BUCKTRAIL SCHIESSHANDSCHUH SPIDER VOLLE HANDFL\u00c4CHE LEDER MIT SILIKON FINGERSPITZEN g\u00fcnstig kaufen bei Bogensportdiscount \u2013 Top-Marken, schneller Versand aus der Schweiz.","robots":{"index":"index","follow":"follow","max-snippet":"max-snippet:-1","max-image-preview":"max-image-preview:large","max-video-preview":"max-video-preview:-1"},"canonical":"https:\/\/bogensportdiscount.ch\/fr\/produit\/bucktrail-schiesshandschuh-spider-vollhand-leder-silikon-fingerkuppen\/","og_locale":"fr_FR","og_type":"article","og_title":"BUCKTRAIL SCHIESSHANDSCHUH SPIDER VOLLE HANDFL\u00c4CHE LEDER MIT SILIKON FINGERSPITZEN - Bogensportdiscount \u2013 B\u00f6gen, Pfeile, Targets &amp; Zubeh\u00f6r","og_description":"BUCKTRAIL SCHIESSHANDSCHUH SPIDER VOLLE HANDFL\u00c4CHE LEDER MIT SILIKON FINGERSPITZEN g\u00fcnstig kaufen bei Bogensportdiscount \u2013 Top-Marken, schneller Versand aus der Schweiz.","og_url":"https:\/\/bogensportdiscount.ch\/fr\/produit\/bucktrail-schiesshandschuh-spider-vollhand-leder-silikon-fingerkuppen\/","og_site_name":"Bogensportdiscount \u2013 B\u00f6gen, Pfeile, Targets &amp; Zubeh\u00f6r","article_modified_time":"2026-05-14T13:26:35+00:00","og_image":[{"url":"https:\/\/bogensportdiscount.ch\/wp-content\/uploads\/bsm-images\/A060560_1.png","width":3243,"height":1618,"type":"image\/png"}],"twitter_card":"summary_large_image","twitter_misc":{"Dur\u00e9e de lecture estim\u00e9e":"1 minute"},"schema":{"@context":"https:\/\/schema.org","@graph":[{"@type":"WebPage","@id":"https:\/\/bogensportdiscount.ch\/produkt\/bucktrail-schiesshandschuh-spider-vollhand-leder-silikon-fingerkuppen\/","url":"https:\/\/bogensportdiscount.ch\/produkt\/bucktrail-schiesshandschuh-spider-vollhand-leder-silikon-fingerkuppen\/","name":"BUCKTRAIL SCHIESSHANDSCHUH SPIDER VOLLE HANDFL\u00c4CHE LEDER MIT SILIKON FINGERSPITZEN - Bogensportdiscount \u2013 B\u00f6gen, Pfeile, Targets &amp; Zubeh\u00f6r","isPartOf":{"@id":"https:\/\/bogensportdiscount.ch\/#website"},"primaryImageOfPage":{"@id":"https:\/\/bogensportdiscount.ch\/produkt\/bucktrail-schiesshandschuh-spider-vollhand-leder-silikon-fingerkuppen\/#primaryimage"},"image":{"@id":"https:\/\/bogensportdiscount.ch\/produkt\/bucktrail-schiesshandschuh-spider-vollhand-leder-silikon-fingerkuppen\/#primaryimage"},"thumbnailUrl":"https:\/\/bogensportdiscount.ch\/wp-content\/uploads\/bsm-images\/A060560_1.png","datePublished":"2026-04-05T12:59:14+00:00","dateModified":"2026-05-14T13:26:35+00:00","description":"BUCKTRAIL SCHIESSHANDSCHUH SPIDER VOLLE HANDFL\u00c4CHE LEDER MIT SILIKON FINGERSPITZEN g\u00fcnstig kaufen bei Bogensportdiscount \u2013 Top-Marken, schneller Versand aus der Schweiz.","breadcrumb":{"@id":"https:\/\/bogensportdiscount.ch\/produkt\/bucktrail-schiesshandschuh-spider-vollhand-leder-silikon-fingerkuppen\/#breadcrumb"},"inLanguage":"fr-FR","potentialAction":[{"@type":"ReadAction","target":["https:\/\/bogensportdiscount.ch\/produkt\/bucktrail-schiesshandschuh-spider-vollhand-leder-silikon-fingerkuppen\/"]}]},{"@type":"ImageObject","inLanguage":"fr-FR","@id":"https:\/\/bogensportdiscount.ch\/produkt\/bucktrail-schiesshandschuh-spider-vollhand-leder-silikon-fingerkuppen\/#primaryimage","url":"https:\/\/bogensportdiscount.ch\/wp-content\/uploads\/bsm-images\/A060560_1.png","contentUrl":"https:\/\/bogensportdiscount.ch\/wp-content\/uploads\/bsm-images\/A060560_1.png","width":3243,"height":1618},{"@type":"BreadcrumbList","@id":"https:\/\/bogensportdiscount.ch\/produkt\/bucktrail-schiesshandschuh-spider-vollhand-leder-silikon-fingerkuppen\/#breadcrumb","itemListElement":[{"@type":"ListItem","position":1,"name":"Home","item":"https:\/\/bogensportdiscount.ch\/"},{"@type":"ListItem","position":2,"name":"Shop","item":"https:\/\/bogensportdiscount.ch\/shop\/"},{"@type":"ListItem","position":3,"name":"BUCKTRAIL SCHIESSHANDSCHUH SPIDER VOLLE HANDFLAECHE LEDER MIT SILIKON FINGERSPITZEN"}]},{"@type":"WebSite","@id":"https:\/\/bogensportdiscount.ch\/#website","url":"https:\/\/bogensportdiscount.ch\/","name":"Bogensportdiscount","description":"","potentialAction":[{"@type":"SearchAction","target":{"@type":"EntryPoint","urlTemplate":"https:\/\/bogensportdiscount.ch\/?s={search_term_string}"},"query-input":{"@type":"PropertyValueSpecification","valueRequired":true,"valueName":"search_term_string"}}],"inLanguage":"fr-FR"}]}},"_links":{"self":[{"href":"https:\/\/bogensportdiscount.ch\/fr\/wp-json\/wp\/v2\/product\/409008","targetHints":{"allow":["GET"]}}],"collection":[{"href":"https:\/\/bogensportdiscount.ch\/fr\/wp-json\/wp\/v2\/product"}],"about":[{"href":"https:\/\/bogensportdiscount.ch\/fr\/wp-json\/wp\/v2\/types\/product"}],"replies":[{"embeddable":true,"href":"https:\/\/bogensportdiscount.ch\/fr\/wp-json\/wp\/v2\/comments?post=409008"}],"wp:featuredmedia":[{"embeddable":true,"href":"https:\/\/bogensportdiscount.ch\/fr\/wp-json\/wp\/v2\/media\/524453"}],"wp:attachment":[{"href":"https:\/\/bogensportdiscount.ch\/fr\/wp-json\/wp\/v2\/media?parent=409008"}],"wp:term":[{"taxonomy":"product_brand","embeddable":true,"href":"https:\/\/bogensportdiscount.ch\/fr\/wp-json\/wp\/v2\/product_brand?post=409008"},{"taxonomy":"product_cat","embeddable":true,"href":"https:\/\/bogensportdiscount.ch\/fr\/wp-json\/wp\/v2\/product_cat?post=409008"},{"taxonomy":"product_tag","embeddable":true,"href":"https:\/\/bogensportdiscount.ch\/fr\/wp-json\/wp\/v2\/product_tag?post=409008"}],"curies":[{"name":"wp","href":"https:\/\/api.w.org\/{rel}","templated":true}]}}