{"id":408995,"date":"2026-04-05T14:59:13","date_gmt":"2026-04-05T12:59:13","guid":{"rendered":"https:\/\/bogensportdiscount.ch\/produkt\/shooting-glove-lux-full-palm-leather-with-calfhair-fingertips-xs\/"},"modified":"2026-05-14T15:26:35","modified_gmt":"2026-05-14T13:26:35","slug":"bucktrail-schiesshandschuh-lux-full-palm-leder-kalbshaar-fingerkuppen","status":"publish","type":"product","link":"https:\/\/bogensportdiscount.ch\/fr\/produit\/bucktrail-schiesshandschuh-lux-full-palm-leder-kalbshaar-fingerkuppen\/","title":{"rendered":"BUCKTRAIL GANT DE TIR LUX PLEINE PAUME CUIR AVEC BOUTS DE DOIGTS EN VEAU"},"content":{"rendered":"<p>Le gant de tir BUCKTRAIL Lux est une palette pour les archers traditionnels, qui mise sur des mat\u00e9riaux de haute qualit\u00e9. La paume enti\u00e8re en cuir prot\u00e8ge toute la main et assure une r\u00e9partition uniforme de la pression lors du maintien de l'arc.<\/p>\n<p>La particularit\u00e9 de ce mod\u00e8le r\u00e9side dans les bouts de doigts en peau de veau, qui offrent une surface douce et naturelle sur les doigts de traction. Cela permet un guidage sensible de la corde et favorise une technique de main de traction contr\u00f4l\u00e9e lors du tir \u00e0 l'arc traditionnel.<\/p>\n<ul>\n<li>Paume enti\u00e8re en cuir pour protection et stabilit\u00e9<\/li>\n<li>Bouts de doigts en peau de veau pour une sensation de prise naturelle<\/li>\n<li>Disponible en XS, S, M, L et XL<\/li>\n<li>Adapt\u00e9 au tir \u00e0 l'arc traditionnel<\/li>\n<\/ul>","protected":false},"excerpt":{"rendered":"<table>\n<tr>\n<th>Propri\u00e9t\u00e9<\/th>\n<th>Valeur<\/th>\n<\/tr>\n<tr>\n<td>Marque<\/td>\n<td>Buck Trail<\/td>\n<\/tr>\n<tr>\n<td>Pays d'origine<\/td>\n<td>Pakistan<\/td>\n<\/tr>\n<\/table>","protected":false},"featured_media":524454,"comment_status":"open","ping_status":"closed","template":"","meta":[],"product_brand":[432],"product_cat":[4447],"product_tag":[],"class_list":{"0":"post-408995","1":"product","2":"type-product","3":"status-publish","4":"has-post-thumbnail","6":"product_brand-bucktrail","7":"product_cat-schiesshandschuh","8":"product_shipping_class-bsd-standard","10":"first","11":"instock","12":"shipping-taxable","13":"purchasable","14":"product-type-variable"},"yoast_head":"<!-- This site is optimized with the Yoast SEO plugin v27.6 - https:\/\/yoast.com\/product\/yoast-seo-wordpress\/ -->\n<title>BUCKTRAIL SCHIESSHANDSCHUH LUX VOLLE HANDFL\u00c4CHE LEDER MIT KALBSFELL-FINGERSPITZEN - Bogensportdiscount \u2013 B\u00f6gen, Pfeile, Targets &amp; Zubeh\u00f6r<\/title>\n<meta name=\"description\" content=\"BUCKTRAIL SCHIESSHANDSCHUH LUX VOLLE HANDFL\u00c4CHE LEDER MIT KALBSFELL-FINGERSPITZEN g\u00fcnstig kaufen bei Bogensportdiscount \u2013 Top-Marken, schneller Versand aus der Schweiz.\" \/>\n<meta name=\"robots\" content=\"index, follow, max-snippet:-1, max-image-preview:large, max-video-preview:-1\" \/>\n<link rel=\"canonical\" href=\"https:\/\/bogensportdiscount.ch\/fr\/produit\/bucktrail-schiesshandschuh-lux-full-palm-leder-kalbshaar-fingerkuppen\/\" \/>\n<meta property=\"og:locale\" content=\"fr_FR\" \/>\n<meta property=\"og:type\" content=\"article\" \/>\n<meta property=\"og:title\" content=\"BUCKTRAIL SCHIESSHANDSCHUH LUX VOLLE HANDFL\u00c4CHE LEDER MIT KALBSFELL-FINGERSPITZEN - Bogensportdiscount \u2013 B\u00f6gen, Pfeile, Targets &amp; Zubeh\u00f6r\" \/>\n<meta property=\"og:description\" content=\"BUCKTRAIL SCHIESSHANDSCHUH LUX VOLLE HANDFL\u00c4CHE LEDER MIT KALBSFELL-FINGERSPITZEN g\u00fcnstig kaufen bei Bogensportdiscount \u2013 Top-Marken, schneller Versand aus der Schweiz.\" \/>\n<meta property=\"og:url\" content=\"https:\/\/bogensportdiscount.ch\/fr\/produit\/bucktrail-schiesshandschuh-lux-full-palm-leder-kalbshaar-fingerkuppen\/\" \/>\n<meta property=\"og:site_name\" content=\"Bogensportdiscount \u2013 B\u00f6gen, Pfeile, Targets &amp; Zubeh\u00f6r\" \/>\n<meta property=\"article:modified_time\" content=\"2026-05-14T13:26:35+00:00\" \/>\n<meta property=\"og:image\" content=\"https:\/\/bogensportdiscount.ch\/wp-content\/uploads\/bsm-images\/A060548_1.png\" \/>\n\t<meta property=\"og:image:width\" content=\"3631\" \/>\n\t<meta property=\"og:image:height\" content=\"1745\" \/>\n\t<meta property=\"og:image:type\" content=\"image\/png\" \/>\n<meta name=\"twitter:card\" content=\"summary_large_image\" \/>\n<meta name=\"twitter:label1\" content=\"Dur\u00e9e de lecture estim\u00e9e\" \/>\n\t<meta name=\"twitter:data1\" content=\"1 minute\" \/>\n<script type=\"application\/ld+json\" class=\"yoast-schema-graph\">{\"@context\":\"https:\\\/\\\/schema.org\",\"@graph\":[{\"@type\":\"WebPage\",\"@id\":\"https:\\\/\\\/bogensportdiscount.ch\\\/produkt\\\/bucktrail-schiesshandschuh-lux-full-palm-leder-kalbshaar-fingerkuppen\\\/\",\"url\":\"https:\\\/\\\/bogensportdiscount.ch\\\/produkt\\\/bucktrail-schiesshandschuh-lux-full-palm-leder-kalbshaar-fingerkuppen\\\/\",\"name\":\"BUCKTRAIL SCHIESSHANDSCHUH LUX VOLLE HANDFL\u00c4CHE LEDER MIT KALBSFELL-FINGERSPITZEN - Bogensportdiscount \u2013 B\u00f6gen, Pfeile, Targets &amp; Zubeh\u00f6r\",\"isPartOf\":{\"@id\":\"https:\\\/\\\/bogensportdiscount.ch\\\/#website\"},\"primaryImageOfPage\":{\"@id\":\"https:\\\/\\\/bogensportdiscount.ch\\\/produkt\\\/bucktrail-schiesshandschuh-lux-full-palm-leder-kalbshaar-fingerkuppen\\\/#primaryimage\"},\"image\":{\"@id\":\"https:\\\/\\\/bogensportdiscount.ch\\\/produkt\\\/bucktrail-schiesshandschuh-lux-full-palm-leder-kalbshaar-fingerkuppen\\\/#primaryimage\"},\"thumbnailUrl\":\"https:\\\/\\\/bogensportdiscount.ch\\\/wp-content\\\/uploads\\\/bsm-images\\\/A060548_1.png\",\"datePublished\":\"2026-04-05T12:59:13+00:00\",\"dateModified\":\"2026-05-14T13:26:35+00:00\",\"description\":\"BUCKTRAIL SCHIESSHANDSCHUH LUX VOLLE HANDFL\u00c4CHE LEDER MIT KALBSFELL-FINGERSPITZEN g\u00fcnstig kaufen bei Bogensportdiscount \u2013 Top-Marken, schneller Versand aus der Schweiz.\",\"breadcrumb\":{\"@id\":\"https:\\\/\\\/bogensportdiscount.ch\\\/produkt\\\/bucktrail-schiesshandschuh-lux-full-palm-leder-kalbshaar-fingerkuppen\\\/#breadcrumb\"},\"inLanguage\":\"fr-FR\",\"potentialAction\":[{\"@type\":\"ReadAction\",\"target\":[\"https:\\\/\\\/bogensportdiscount.ch\\\/produkt\\\/bucktrail-schiesshandschuh-lux-full-palm-leder-kalbshaar-fingerkuppen\\\/\"]}]},{\"@type\":\"ImageObject\",\"inLanguage\":\"fr-FR\",\"@id\":\"https:\\\/\\\/bogensportdiscount.ch\\\/produkt\\\/bucktrail-schiesshandschuh-lux-full-palm-leder-kalbshaar-fingerkuppen\\\/#primaryimage\",\"url\":\"https:\\\/\\\/bogensportdiscount.ch\\\/wp-content\\\/uploads\\\/bsm-images\\\/A060548_1.png\",\"contentUrl\":\"https:\\\/\\\/bogensportdiscount.ch\\\/wp-content\\\/uploads\\\/bsm-images\\\/A060548_1.png\",\"width\":3631,\"height\":1745},{\"@type\":\"BreadcrumbList\",\"@id\":\"https:\\\/\\\/bogensportdiscount.ch\\\/produkt\\\/bucktrail-schiesshandschuh-lux-full-palm-leder-kalbshaar-fingerkuppen\\\/#breadcrumb\",\"itemListElement\":[{\"@type\":\"ListItem\",\"position\":1,\"name\":\"Home\",\"item\":\"https:\\\/\\\/bogensportdiscount.ch\\\/\"},{\"@type\":\"ListItem\",\"position\":2,\"name\":\"Shop\",\"item\":\"https:\\\/\\\/bogensportdiscount.ch\\\/shop\\\/\"},{\"@type\":\"ListItem\",\"position\":3,\"name\":\"BUCKTRAIL SCHIESSHANDSCHUH LUX VOLLE HANDFLAECHE LEDER MIT KALBSFELL-FINGERSPITZEN\"}]},{\"@type\":\"WebSite\",\"@id\":\"https:\\\/\\\/bogensportdiscount.ch\\\/#website\",\"url\":\"https:\\\/\\\/bogensportdiscount.ch\\\/\",\"name\":\"Bogensportdiscount\",\"description\":\"\",\"potentialAction\":[{\"@type\":\"SearchAction\",\"target\":{\"@type\":\"EntryPoint\",\"urlTemplate\":\"https:\\\/\\\/bogensportdiscount.ch\\\/?s={search_term_string}\"},\"query-input\":{\"@type\":\"PropertyValueSpecification\",\"valueRequired\":true,\"valueName\":\"search_term_string\"}}],\"inLanguage\":\"fr-FR\"}]}<\/script>\n<!-- \/ Yoast SEO plugin. -->","yoast_head_json":{"title":"BUCKTRAIL SCHIESSHANDSCHUH LUX VOLLE HANDFL\u00c4CHE LEDER MIT KALBSFELL-FINGERSPITZEN - Bogensportdiscount \u2013 B\u00f6gen, Pfeile, Targets &amp; Zubeh\u00f6r","description":"BUCKTRAIL SCHIESSHANDSCHUH LUX VOLLE HANDFL\u00c4CHE LEDER MIT KALBSFELL-FINGERSPITZEN g\u00fcnstig kaufen bei Bogensportdiscount \u2013 Top-Marken, schneller Versand aus der Schweiz.","robots":{"index":"index","follow":"follow","max-snippet":"max-snippet:-1","max-image-preview":"max-image-preview:large","max-video-preview":"max-video-preview:-1"},"canonical":"https:\/\/bogensportdiscount.ch\/fr\/produit\/bucktrail-schiesshandschuh-lux-full-palm-leder-kalbshaar-fingerkuppen\/","og_locale":"fr_FR","og_type":"article","og_title":"BUCKTRAIL SCHIESSHANDSCHUH LUX VOLLE HANDFL\u00c4CHE LEDER MIT KALBSFELL-FINGERSPITZEN - Bogensportdiscount \u2013 B\u00f6gen, Pfeile, Targets &amp; Zubeh\u00f6r","og_description":"BUCKTRAIL SCHIESSHANDSCHUH LUX VOLLE HANDFL\u00c4CHE LEDER MIT KALBSFELL-FINGERSPITZEN g\u00fcnstig kaufen bei Bogensportdiscount \u2013 Top-Marken, schneller Versand aus der Schweiz.","og_url":"https:\/\/bogensportdiscount.ch\/fr\/produit\/bucktrail-schiesshandschuh-lux-full-palm-leder-kalbshaar-fingerkuppen\/","og_site_name":"Bogensportdiscount \u2013 B\u00f6gen, Pfeile, Targets &amp; Zubeh\u00f6r","article_modified_time":"2026-05-14T13:26:35+00:00","og_image":[{"url":"https:\/\/bogensportdiscount.ch\/wp-content\/uploads\/bsm-images\/A060548_1.png","width":3631,"height":1745,"type":"image\/png"}],"twitter_card":"summary_large_image","twitter_misc":{"Dur\u00e9e de lecture estim\u00e9e":"1 minute"},"schema":{"@context":"https:\/\/schema.org","@graph":[{"@type":"WebPage","@id":"https:\/\/bogensportdiscount.ch\/produkt\/bucktrail-schiesshandschuh-lux-full-palm-leder-kalbshaar-fingerkuppen\/","url":"https:\/\/bogensportdiscount.ch\/produkt\/bucktrail-schiesshandschuh-lux-full-palm-leder-kalbshaar-fingerkuppen\/","name":"BUCKTRAIL SCHIESSHANDSCHUH LUX VOLLE HANDFL\u00c4CHE LEDER MIT KALBSFELL-FINGERSPITZEN - Bogensportdiscount \u2013 B\u00f6gen, Pfeile, Targets &amp; Zubeh\u00f6r","isPartOf":{"@id":"https:\/\/bogensportdiscount.ch\/#website"},"primaryImageOfPage":{"@id":"https:\/\/bogensportdiscount.ch\/produkt\/bucktrail-schiesshandschuh-lux-full-palm-leder-kalbshaar-fingerkuppen\/#primaryimage"},"image":{"@id":"https:\/\/bogensportdiscount.ch\/produkt\/bucktrail-schiesshandschuh-lux-full-palm-leder-kalbshaar-fingerkuppen\/#primaryimage"},"thumbnailUrl":"https:\/\/bogensportdiscount.ch\/wp-content\/uploads\/bsm-images\/A060548_1.png","datePublished":"2026-04-05T12:59:13+00:00","dateModified":"2026-05-14T13:26:35+00:00","description":"BUCKTRAIL SCHIESSHANDSCHUH LUX VOLLE HANDFL\u00c4CHE LEDER MIT KALBSFELL-FINGERSPITZEN g\u00fcnstig kaufen bei Bogensportdiscount \u2013 Top-Marken, schneller Versand aus der Schweiz.","breadcrumb":{"@id":"https:\/\/bogensportdiscount.ch\/produkt\/bucktrail-schiesshandschuh-lux-full-palm-leder-kalbshaar-fingerkuppen\/#breadcrumb"},"inLanguage":"fr-FR","potentialAction":[{"@type":"ReadAction","target":["https:\/\/bogensportdiscount.ch\/produkt\/bucktrail-schiesshandschuh-lux-full-palm-leder-kalbshaar-fingerkuppen\/"]}]},{"@type":"ImageObject","inLanguage":"fr-FR","@id":"https:\/\/bogensportdiscount.ch\/produkt\/bucktrail-schiesshandschuh-lux-full-palm-leder-kalbshaar-fingerkuppen\/#primaryimage","url":"https:\/\/bogensportdiscount.ch\/wp-content\/uploads\/bsm-images\/A060548_1.png","contentUrl":"https:\/\/bogensportdiscount.ch\/wp-content\/uploads\/bsm-images\/A060548_1.png","width":3631,"height":1745},{"@type":"BreadcrumbList","@id":"https:\/\/bogensportdiscount.ch\/produkt\/bucktrail-schiesshandschuh-lux-full-palm-leder-kalbshaar-fingerkuppen\/#breadcrumb","itemListElement":[{"@type":"ListItem","position":1,"name":"Home","item":"https:\/\/bogensportdiscount.ch\/"},{"@type":"ListItem","position":2,"name":"Shop","item":"https:\/\/bogensportdiscount.ch\/shop\/"},{"@type":"ListItem","position":3,"name":"BUCKTRAIL SCHIESSHANDSCHUH LUX VOLLE HANDFLAECHE LEDER MIT KALBSFELL-FINGERSPITZEN"}]},{"@type":"WebSite","@id":"https:\/\/bogensportdiscount.ch\/#website","url":"https:\/\/bogensportdiscount.ch\/","name":"Bogensportdiscount","description":"","potentialAction":[{"@type":"SearchAction","target":{"@type":"EntryPoint","urlTemplate":"https:\/\/bogensportdiscount.ch\/?s={search_term_string}"},"query-input":{"@type":"PropertyValueSpecification","valueRequired":true,"valueName":"search_term_string"}}],"inLanguage":"fr-FR"}]}},"_links":{"self":[{"href":"https:\/\/bogensportdiscount.ch\/fr\/wp-json\/wp\/v2\/product\/408995","targetHints":{"allow":["GET"]}}],"collection":[{"href":"https:\/\/bogensportdiscount.ch\/fr\/wp-json\/wp\/v2\/product"}],"about":[{"href":"https:\/\/bogensportdiscount.ch\/fr\/wp-json\/wp\/v2\/types\/product"}],"replies":[{"embeddable":true,"href":"https:\/\/bogensportdiscount.ch\/fr\/wp-json\/wp\/v2\/comments?post=408995"}],"wp:featuredmedia":[{"embeddable":true,"href":"https:\/\/bogensportdiscount.ch\/fr\/wp-json\/wp\/v2\/media\/524454"}],"wp:attachment":[{"href":"https:\/\/bogensportdiscount.ch\/fr\/wp-json\/wp\/v2\/media?parent=408995"}],"wp:term":[{"taxonomy":"product_brand","embeddable":true,"href":"https:\/\/bogensportdiscount.ch\/fr\/wp-json\/wp\/v2\/product_brand?post=408995"},{"taxonomy":"product_cat","embeddable":true,"href":"https:\/\/bogensportdiscount.ch\/fr\/wp-json\/wp\/v2\/product_cat?post=408995"},{"taxonomy":"product_tag","embeddable":true,"href":"https:\/\/bogensportdiscount.ch\/fr\/wp-json\/wp\/v2\/product_tag?post=408995"}],"curies":[{"name":"wp","href":"https:\/\/api.w.org\/{rel}","templated":true}]}}