{"id":408965,"date":"2026-04-05T14:59:09","date_gmt":"2026-04-05T12:59:09","guid":{"rendered":"https:\/\/bogensportdiscount.ch\/produkt\/points-with-screw-bullet-5-16-125-grains-12-pk\/"},"modified":"2026-04-17T15:42:24","modified_gmt":"2026-04-17T13:42:24","slug":"bohning-schraubspitze-bullet","status":"publish","type":"product","link":"https:\/\/bogensportdiscount.ch\/fr\/produit\/bohning-schraubspitze-bullet\/","title":{"rendered":"BOHNING BULLET SCREW-IN POINT"},"content":{"rendered":"<p>Die Bohning Schraubspitze im Bullet-Profil ist eine bew\u00e4hrte Einschraubspitze f\u00fcr Pfeile mit Gewindeeinsatz. Das klassische Bullet-Design sorgt f\u00fcr gute Flugeigenschaften und eignet sich f\u00fcr Training und Wettkampf gleichermassen.<\/p>\n<p>Die Spitzen sind in den Gewichten 100 GR und 125 GR sowie in f\u00fcnf verschiedenen Durchmessern (17\/64&#8243;, 9\/32&#8243;, 19\/64&#8243;, 5\/16&#8243; und 11\/32&#8243;) verf\u00fcgbar, sodass sie zu einer breiten Palette an Carbon- und Aluminiumsch\u00e4ften passen. Die Herstellung erfolgt in den USA.<\/p>\n<ul>\n<li>Bullet-Profil f\u00fcr stabile Flugbahn<\/li>\n<li>Gewicht: 100 GR oder 125 GR<\/li>\n<li>F\u00fcnf Durchmesser zur Auswahl<\/li>\n<li>Passend f\u00fcr Sch\u00e4fte mit Standardgewinde<\/li>\n<\/ul>","protected":false},"excerpt":{"rendered":"<p>Die Bohning Bullet-Schraubspitzen sind in verschiedenen Gewichten (100 GR und 125 GR) sowie mehreren Durchmessern (17\/64, 9\/32, 19\/64, 5\/16 und 11\/32) erh\u00e4ltlich und eignen sich f\u00fcr g\u00e4ngige Carbon- und Aluminiumschaft-Gr\u00f6ssen.<\/p>","protected":false},"featured_media":451388,"comment_status":"open","ping_status":"closed","template":"","meta":[],"product_brand":[444],"product_cat":[4545],"product_tag":[],"class_list":{"0":"post-408965","1":"product","2":"type-product","3":"status-publish","4":"has-post-thumbnail","6":"product_brand-bohning","7":"product_cat-einschraube-spitzen-pfeil-komponenten","9":"first","10":"instock","11":"shipping-taxable","12":"purchasable","13":"product-type-variable"},"_links":{"self":[{"href":"https:\/\/bogensportdiscount.ch\/fr\/wp-json\/wp\/v2\/product\/408965","targetHints":{"allow":["GET"]}}],"collection":[{"href":"https:\/\/bogensportdiscount.ch\/fr\/wp-json\/wp\/v2\/product"}],"about":[{"href":"https:\/\/bogensportdiscount.ch\/fr\/wp-json\/wp\/v2\/types\/product"}],"replies":[{"embeddable":true,"href":"https:\/\/bogensportdiscount.ch\/fr\/wp-json\/wp\/v2\/comments?post=408965"}],"wp:featuredmedia":[{"embeddable":true,"href":"https:\/\/bogensportdiscount.ch\/fr\/wp-json\/wp\/v2\/media\/451388"}],"wp:attachment":[{"href":"https:\/\/bogensportdiscount.ch\/fr\/wp-json\/wp\/v2\/media?parent=408965"}],"wp:term":[{"taxonomy":"product_brand","embeddable":true,"href":"https:\/\/bogensportdiscount.ch\/fr\/wp-json\/wp\/v2\/product_brand?post=408965"},{"taxonomy":"product_cat","embeddable":true,"href":"https:\/\/bogensportdiscount.ch\/fr\/wp-json\/wp\/v2\/product_cat?post=408965"},{"taxonomy":"product_tag","embeddable":true,"href":"https:\/\/bogensportdiscount.ch\/fr\/wp-json\/wp\/v2\/product_tag?post=408965"}],"curies":[{"name":"wp","href":"https:\/\/api.w.org\/{rel}","templated":true}]}}