{"id":408874,"date":"2026-04-05T14:58:57","date_gmt":"2026-04-05T12:58:57","guid":{"rendered":"https:\/\/bogensportdiscount.ch\/produkt\/accutouch-hd-slider-avx-41-scope-1-pin-019-green-black\/"},"modified":"2026-04-20T13:34:43","modified_gmt":"2026-04-20T11:34:43","slug":"axcel-compound-visier-accutouch-hd-slider-avx-41-scope-1-pin","status":"publish","type":"product","link":"https:\/\/bogensportdiscount.ch\/fr\/produit\/axcel-compound-visier-accutouch-hd-slider-avx-41-scope-1-pin\/","title":{"rendered":"AXCEL ACCUTOUCH HD SLIDER AVX-41 ZIELFERNROHR &#8211; 1 PIN"},"content":{"rendered":"<p>Das AXCEL Accutouch HD Slider AVX-41 Scope ist ein 1-Pin-Slider-Visier, das f\u00fcr den Einsatz beim Jagd- und 3D-Bogenschiessen mit dem Compound-Bogen ausgelegt ist. Als Slider-Visier erm\u00f6glicht es eine schnelle Entfernungseinstellung durch vertikales Verschieben des Pin-Moduls.<\/p>\n<p>Das Visier wird in zwei Klingendicken angeboten \u2013 .010&#8243; f\u00fcr h\u00f6here Pr\u00e4zision bei guten Lichtverh\u00e4ltnissen sowie .019&#8243; f\u00fcr bessere Sichtbarkeit bei schlechtem Licht. Farblich ist es in Schwarz sowie in einer Rot\/Schwarz-Kombination erh\u00e4ltlich.<\/p>\n<ul>\n<li>1-Pin-Slider-Konfiguration f\u00fcr flexible Distanzeinstellung<\/li>\n<li>AVX-41 Scope-Einheit<\/li>\n<li>Klingendicke w\u00e4hlbar: .010&#8243; oder .019&#8243;<\/li>\n<li>Verf\u00fcgbar in Schwarz und Rot\/Schwarz<\/li>\n<\/ul>","protected":false},"excerpt":{"rendered":"<p>Das AXCEL Accutouch HD Slider AVX-41 ist ein Compound-Visier mit 1-Pin-Konfiguration f\u00fcr Jagd und 3D-Bogenschiessen. Es ist in den Klingendicken .010&#8243; und .019&#8243; sowie in den Farben Schwarz und Rot\/Schwarz erh\u00e4ltlich. Das Visier stammt aus US-amerikanischer Produktion.<\/p>","protected":false},"featured_media":523603,"comment_status":"open","ping_status":"closed","template":"","meta":[],"product_brand":[467],"product_cat":[4263],"product_tag":[],"class_list":{"0":"post-408874","1":"product","2":"type-product","3":"status-publish","4":"has-post-thumbnail","6":"product_brand-axcel","7":"product_cat-jagd-und-3d-visiere","8":"product_shipping_class-bsd-standard","10":"first","11":"instock","12":"shipping-taxable","13":"purchasable","14":"product-type-variable"},"yoast_head":"<!-- This site is optimized with the Yoast SEO plugin v27.4 - https:\/\/yoast.com\/product\/yoast-seo-wordpress\/ -->\n<title>Lunette de vis\u00e9e AXCEL ACCUTOUCH HD SLIDER AVX-41 - 1 broche - Bogensportdiscount \u2013 Arcs, fl\u00e8ches, cibles et accessoires<\/title>\n<meta name=\"description\" content=\"Lunette de vis\u00e9e AXCEL ACCUTOUCH HD SLIDER AVX-41 - 1 PIN : achetez-la \u00e0 prix avantageux chez Bogensportdiscount \u2013 Les meilleures marques, livraison rapide depuis la Suisse.\" \/>\n<meta name=\"robots\" content=\"index, follow, max-snippet:-1, max-image-preview:large, max-video-preview:-1\" \/>\n<link rel=\"canonical\" href=\"https:\/\/bogensportdiscount.ch\/fr\/produit\/axcel-compound-visier-accutouch-hd-slider-avx-41-scope-1-pin\/\" \/>\n<meta property=\"og:locale\" content=\"fr_FR\" \/>\n<meta property=\"og:type\" content=\"article\" \/>\n<meta property=\"og:title\" content=\"Lunette de vis\u00e9e AXCEL ACCUTOUCH HD SLIDER AVX-41 - 1 broche - Bogensportdiscount \u2013 Arcs, fl\u00e8ches, cibles et accessoires\" \/>\n<meta property=\"og:description\" content=\"Lunette de vis\u00e9e AXCEL ACCUTOUCH HD SLIDER AVX-41 - 1 PIN : achetez-la \u00e0 prix avantageux chez Bogensportdiscount \u2013 Les meilleures marques, livraison rapide depuis la Suisse.\" \/>\n<meta property=\"og:url\" content=\"https:\/\/bogensportdiscount.ch\/fr\/produit\/axcel-compound-visier-accutouch-hd-slider-avx-41-scope-1-pin\/\" \/>\n<meta property=\"og:site_name\" content=\"Bogensportdiscount \u2013 B\u00f6gen, Pfeile, Targets &amp; Zubeh\u00f6r\" \/>\n<meta property=\"article:modified_time\" content=\"2026-04-20T11:34:43+00:00\" \/>\n<meta property=\"og:image\" content=\"https:\/\/bogensportdiscount.ch\/wp-content\/uploads\/bsm-images\/A060162_1.png\" \/>\n\t<meta property=\"og:image:width\" content=\"2048\" \/>\n\t<meta property=\"og:image:height\" content=\"1365\" \/>\n\t<meta property=\"og:image:type\" content=\"image\/png\" \/>\n<meta name=\"twitter:card\" content=\"summary_large_image\" \/>\n<script type=\"application\/ld+json\" class=\"yoast-schema-graph\">{\"@context\":\"https:\\\/\\\/schema.org\",\"@graph\":[{\"@type\":\"WebPage\",\"@id\":\"https:\\\/\\\/bogensportdiscount.ch\\\/produkt\\\/axcel-compound-visier-accutouch-hd-slider-avx-41-scope-1-pin\\\/\",\"url\":\"https:\\\/\\\/bogensportdiscount.ch\\\/produkt\\\/axcel-compound-visier-accutouch-hd-slider-avx-41-scope-1-pin\\\/\",\"name\":\"AXCEL ACCUTOUCH HD SLIDER AVX-41 ZIELFERNROHR - 1 PIN - Bogensportdiscount \u2013 B\u00f6gen, Pfeile, Targets &amp; Zubeh\u00f6r\",\"isPartOf\":{\"@id\":\"https:\\\/\\\/bogensportdiscount.ch\\\/#website\"},\"primaryImageOfPage\":{\"@id\":\"https:\\\/\\\/bogensportdiscount.ch\\\/produkt\\\/axcel-compound-visier-accutouch-hd-slider-avx-41-scope-1-pin\\\/#primaryimage\"},\"image\":{\"@id\":\"https:\\\/\\\/bogensportdiscount.ch\\\/produkt\\\/axcel-compound-visier-accutouch-hd-slider-avx-41-scope-1-pin\\\/#primaryimage\"},\"thumbnailUrl\":\"https:\\\/\\\/bogensportdiscount.ch\\\/wp-content\\\/uploads\\\/bsm-images\\\/A060162_1.png\",\"datePublished\":\"2026-04-05T12:58:57+00:00\",\"dateModified\":\"2026-04-20T11:34:43+00:00\",\"description\":\"AXCEL ACCUTOUCH HD SLIDER AVX-41 ZIELFERNROHR - 1 PIN g\u00fcnstig kaufen bei Bogensportdiscount \u2013 Top-Marken, schneller Versand aus der Schweiz.\",\"breadcrumb\":{\"@id\":\"https:\\\/\\\/bogensportdiscount.ch\\\/produkt\\\/axcel-compound-visier-accutouch-hd-slider-avx-41-scope-1-pin\\\/#breadcrumb\"},\"inLanguage\":\"fr-FR\",\"potentialAction\":[{\"@type\":\"ReadAction\",\"target\":[\"https:\\\/\\\/bogensportdiscount.ch\\\/produkt\\\/axcel-compound-visier-accutouch-hd-slider-avx-41-scope-1-pin\\\/\"]}]},{\"@type\":\"ImageObject\",\"inLanguage\":\"fr-FR\",\"@id\":\"https:\\\/\\\/bogensportdiscount.ch\\\/produkt\\\/axcel-compound-visier-accutouch-hd-slider-avx-41-scope-1-pin\\\/#primaryimage\",\"url\":\"https:\\\/\\\/bogensportdiscount.ch\\\/wp-content\\\/uploads\\\/bsm-images\\\/A060162_1.png\",\"contentUrl\":\"https:\\\/\\\/bogensportdiscount.ch\\\/wp-content\\\/uploads\\\/bsm-images\\\/A060162_1.png\",\"width\":2048,\"height\":1365},{\"@type\":\"BreadcrumbList\",\"@id\":\"https:\\\/\\\/bogensportdiscount.ch\\\/produkt\\\/axcel-compound-visier-accutouch-hd-slider-avx-41-scope-1-pin\\\/#breadcrumb\",\"itemListElement\":[{\"@type\":\"ListItem\",\"position\":1,\"name\":\"Home\",\"item\":\"https:\\\/\\\/bogensportdiscount.ch\\\/\"},{\"@type\":\"ListItem\",\"position\":2,\"name\":\"Shop\",\"item\":\"https:\\\/\\\/bogensportdiscount.ch\\\/shop\\\/\"},{\"@type\":\"ListItem\",\"position\":3,\"name\":\"AXCEL ACCUTOUCH HD SLIDER AVX-41 ZIELFERNROHR &#8211; 1 PIN\"}]},{\"@type\":\"WebSite\",\"@id\":\"https:\\\/\\\/bogensportdiscount.ch\\\/#website\",\"url\":\"https:\\\/\\\/bogensportdiscount.ch\\\/\",\"name\":\"Bogensportdiscount\",\"description\":\"\",\"potentialAction\":[{\"@type\":\"SearchAction\",\"target\":{\"@type\":\"EntryPoint\",\"urlTemplate\":\"https:\\\/\\\/bogensportdiscount.ch\\\/?s={search_term_string}\"},\"query-input\":{\"@type\":\"PropertyValueSpecification\",\"valueRequired\":true,\"valueName\":\"search_term_string\"}}],\"inLanguage\":\"fr-FR\"}]}<\/script>\n<!-- \/ Yoast SEO plugin. -->","yoast_head_json":{"title":"Lunette de vis\u00e9e AXCEL ACCUTOUCH HD SLIDER AVX-41 - 1 broche - Bogensportdiscount \u2013 Arcs, fl\u00e8ches, cibles et accessoires","description":"Lunette de vis\u00e9e AXCEL ACCUTOUCH HD SLIDER AVX-41 - 1 PIN : achetez-la \u00e0 prix avantageux chez Bogensportdiscount \u2013 Les meilleures marques, livraison rapide depuis la Suisse.","robots":{"index":"index","follow":"follow","max-snippet":"max-snippet:-1","max-image-preview":"max-image-preview:large","max-video-preview":"max-video-preview:-1"},"canonical":"https:\/\/bogensportdiscount.ch\/fr\/produit\/axcel-compound-visier-accutouch-hd-slider-avx-41-scope-1-pin\/","og_locale":"fr_FR","og_type":"article","og_title":"Lunette de vis\u00e9e AXCEL ACCUTOUCH HD SLIDER AVX-41 - 1 broche - Bogensportdiscount \u2013 Arcs, fl\u00e8ches, cibles et accessoires","og_description":"Lunette de vis\u00e9e AXCEL ACCUTOUCH HD SLIDER AVX-41 - 1 PIN : achetez-la \u00e0 prix avantageux chez Bogensportdiscount \u2013 Les meilleures marques, livraison rapide depuis la Suisse.","og_url":"https:\/\/bogensportdiscount.ch\/fr\/produit\/axcel-compound-visier-accutouch-hd-slider-avx-41-scope-1-pin\/","og_site_name":"Bogensportdiscount \u2013 B\u00f6gen, Pfeile, Targets &amp; Zubeh\u00f6r","article_modified_time":"2026-04-20T11:34:43+00:00","og_image":[{"width":2048,"height":1365,"url":"https:\/\/bogensportdiscount.ch\/wp-content\/uploads\/bsm-images\/A060162_1.png","type":"image\/png"}],"twitter_card":"summary_large_image","schema":{"@context":"https:\/\/schema.org","@graph":[{"@type":"WebPage","@id":"https:\/\/bogensportdiscount.ch\/produkt\/axcel-compound-visier-accutouch-hd-slider-avx-41-scope-1-pin\/","url":"https:\/\/bogensportdiscount.ch\/produkt\/axcel-compound-visier-accutouch-hd-slider-avx-41-scope-1-pin\/","name":"Lunette de vis\u00e9e AXCEL ACCUTOUCH HD SLIDER AVX-41 - 1 broche - Bogensportdiscount \u2013 Arcs, fl\u00e8ches, cibles et accessoires","isPartOf":{"@id":"https:\/\/bogensportdiscount.ch\/#website"},"primaryImageOfPage":{"@id":"https:\/\/bogensportdiscount.ch\/produkt\/axcel-compound-visier-accutouch-hd-slider-avx-41-scope-1-pin\/#primaryimage"},"image":{"@id":"https:\/\/bogensportdiscount.ch\/produkt\/axcel-compound-visier-accutouch-hd-slider-avx-41-scope-1-pin\/#primaryimage"},"thumbnailUrl":"https:\/\/bogensportdiscount.ch\/wp-content\/uploads\/bsm-images\/A060162_1.png","datePublished":"2026-04-05T12:58:57+00:00","dateModified":"2026-04-20T11:34:43+00:00","description":"Lunette de vis\u00e9e AXCEL ACCUTOUCH HD SLIDER AVX-41 - 1 PIN : achetez-la \u00e0 prix avantageux chez Bogensportdiscount \u2013 Les meilleures marques, livraison rapide depuis la Suisse.","breadcrumb":{"@id":"https:\/\/bogensportdiscount.ch\/produkt\/axcel-compound-visier-accutouch-hd-slider-avx-41-scope-1-pin\/#breadcrumb"},"inLanguage":"fr-FR","potentialAction":[{"@type":"ReadAction","target":["https:\/\/bogensportdiscount.ch\/produkt\/axcel-compound-visier-accutouch-hd-slider-avx-41-scope-1-pin\/"]}]},{"@type":"ImageObject","inLanguage":"fr-FR","@id":"https:\/\/bogensportdiscount.ch\/produkt\/axcel-compound-visier-accutouch-hd-slider-avx-41-scope-1-pin\/#primaryimage","url":"https:\/\/bogensportdiscount.ch\/wp-content\/uploads\/bsm-images\/A060162_1.png","contentUrl":"https:\/\/bogensportdiscount.ch\/wp-content\/uploads\/bsm-images\/A060162_1.png","width":2048,"height":1365},{"@type":"BreadcrumbList","@id":"https:\/\/bogensportdiscount.ch\/produkt\/axcel-compound-visier-accutouch-hd-slider-avx-41-scope-1-pin\/#breadcrumb","itemListElement":[{"@type":"ListItem","position":1,"name":"Home","item":"https:\/\/bogensportdiscount.ch\/"},{"@type":"ListItem","position":2,"name":"Shop","item":"https:\/\/bogensportdiscount.ch\/shop\/"},{"@type":"ListItem","position":3,"name":"AXCEL ACCUTOUCH HD SLIDER AVX-41 ZIELFERNROHR &#8211; 1 PIN"}]},{"@type":"WebSite","@id":"https:\/\/bogensportdiscount.ch\/#website","url":"https:\/\/bogensportdiscount.ch\/","name":"Bogensportdiscount","description":"","potentialAction":[{"@type":"SearchAction","target":{"@type":"EntryPoint","urlTemplate":"https:\/\/bogensportdiscount.ch\/?s={search_term_string}"},"query-input":{"@type":"PropertyValueSpecification","valueRequired":true,"valueName":"search_term_string"}}],"inLanguage":"fr-FR"}]}},"_links":{"self":[{"href":"https:\/\/bogensportdiscount.ch\/fr\/wp-json\/wp\/v2\/product\/408874","targetHints":{"allow":["GET"]}}],"collection":[{"href":"https:\/\/bogensportdiscount.ch\/fr\/wp-json\/wp\/v2\/product"}],"about":[{"href":"https:\/\/bogensportdiscount.ch\/fr\/wp-json\/wp\/v2\/types\/product"}],"replies":[{"embeddable":true,"href":"https:\/\/bogensportdiscount.ch\/fr\/wp-json\/wp\/v2\/comments?post=408874"}],"wp:featuredmedia":[{"embeddable":true,"href":"https:\/\/bogensportdiscount.ch\/fr\/wp-json\/wp\/v2\/media\/523603"}],"wp:attachment":[{"href":"https:\/\/bogensportdiscount.ch\/fr\/wp-json\/wp\/v2\/media?parent=408874"}],"wp:term":[{"taxonomy":"product_brand","embeddable":true,"href":"https:\/\/bogensportdiscount.ch\/fr\/wp-json\/wp\/v2\/product_brand?post=408874"},{"taxonomy":"product_cat","embeddable":true,"href":"https:\/\/bogensportdiscount.ch\/fr\/wp-json\/wp\/v2\/product_cat?post=408874"},{"taxonomy":"product_tag","embeddable":true,"href":"https:\/\/bogensportdiscount.ch\/fr\/wp-json\/wp\/v2\/product_tag?post=408874"}],"curies":[{"name":"wp","href":"https:\/\/api.w.org\/{rel}","templated":true}]}}