{"id":408789,"date":"2026-04-05T14:58:47","date_gmt":"2026-04-05T12:58:47","guid":{"rendered":"https:\/\/bogensportdiscount.ch\/produkt\/compound-drop-away-rests-epsilon-black-rh\/"},"modified":"2026-04-17T13:47:31","modified_gmt":"2026-04-17T11:47:31","slug":"hamskea-compound-fallaway-auflage-epsilon-schwarz-rh","status":"publish","type":"product","link":"https:\/\/bogensportdiscount.ch\/fr\/produit\/hamskea-compound-fallaway-auflage-epsilon-schwarz-rh\/","title":{"rendered":"HAMSKEA COMPOUND DROP AWAY RESTS EPSILON BLACK RH"},"content":{"rendered":"<p>Die HAMSKEA Epsilon Drop-Away-Auflage ist speziell f\u00fcr den Einsatz an Compoundb\u00f6gen entwickelt worden. Als Fallaway-Auflage zieht sie sich beim Schuss automatisch zur\u00fcck, sodass der Pfeil beim Abgang nicht ber\u00fchrt wird und eine pr\u00e4zise Flugbahn gew\u00e4hrleistet ist.<\/p>\n<p>Die vorliegende Version ist f\u00fcr Rechtshandsch\u00fctzen (RH) ausgelegt und in Schwarz gehalten. HAMSKEA ist bekannt f\u00fcr solide, praxistaugliche Pfeilauflagen, die im 3D-, Feld- und Turnierbogen eingesetzt werden.<\/p>\n<ul>\n<li>Fallaway-Mechanismus f\u00fcr sauberen Pfeilabgang<\/li>\n<li>Ausf\u00fchrung f\u00fcr Rechtshandsch\u00fctzen (RH)<\/li>\n<li>Farbe: Schwarz<\/li>\n<li>Kompatibel mit Compoundb\u00f6gen<\/li>\n<\/ul>","protected":false},"excerpt":{"rendered":"<p><strong>Marque :<\/strong> Hamskea<\/p>","protected":false},"featured_media":451358,"comment_status":"open","ping_status":"closed","template":"","meta":[],"product_brand":[465],"product_cat":[4233],"product_tag":[],"class_list":{"0":"post-408789","1":"product","2":"type-product","3":"status-publish","4":"has-post-thumbnail","6":"product_brand-hamskea","7":"product_cat-compound-drop-away-pfeilauflage","9":"first","10":"instock","11":"shipping-taxable","12":"purchasable","13":"product-type-variable"},"_links":{"self":[{"href":"https:\/\/bogensportdiscount.ch\/fr\/wp-json\/wp\/v2\/product\/408789","targetHints":{"allow":["GET"]}}],"collection":[{"href":"https:\/\/bogensportdiscount.ch\/fr\/wp-json\/wp\/v2\/product"}],"about":[{"href":"https:\/\/bogensportdiscount.ch\/fr\/wp-json\/wp\/v2\/types\/product"}],"replies":[{"embeddable":true,"href":"https:\/\/bogensportdiscount.ch\/fr\/wp-json\/wp\/v2\/comments?post=408789"}],"wp:featuredmedia":[{"embeddable":true,"href":"https:\/\/bogensportdiscount.ch\/fr\/wp-json\/wp\/v2\/media\/451358"}],"wp:attachment":[{"href":"https:\/\/bogensportdiscount.ch\/fr\/wp-json\/wp\/v2\/media?parent=408789"}],"wp:term":[{"taxonomy":"product_brand","embeddable":true,"href":"https:\/\/bogensportdiscount.ch\/fr\/wp-json\/wp\/v2\/product_brand?post=408789"},{"taxonomy":"product_cat","embeddable":true,"href":"https:\/\/bogensportdiscount.ch\/fr\/wp-json\/wp\/v2\/product_cat?post=408789"},{"taxonomy":"product_tag","embeddable":true,"href":"https:\/\/bogensportdiscount.ch\/fr\/wp-json\/wp\/v2\/product_tag?post=408789"}],"curies":[{"name":"wp","href":"https:\/\/api.w.org\/{rel}","templated":true}]}}