{"id":408654,"date":"2026-04-05T14:58:36","date_gmt":"2026-04-05T12:58:36","guid":{"rendered":"https:\/\/bogensportdiscount.ch\/produkt\/risers-sf-line-vulcan-x-alu-25-rh-graphite-black\/"},"modified":"2026-05-14T15:26:33","modified_gmt":"2026-05-14T13:26:33","slug":"wns-recurvebogen-mittelstuck-sf-line-vulcan-x-alu-25","status":"publish","type":"product","link":"https:\/\/bogensportdiscount.ch\/fr\/produit\/wns-recurvebogen-mittelstuck-sf-line-vulcan-x-alu-25\/","title":{"rendered":"WNS Poign\u00e9es SF LINE VULCAN-X Alu 25&#8243;"},"content":{"rendered":"<p>Le WNS SF Line Vulcan-X est une poign\u00e9e d'arc classique en aluminium d'une longueur de 25 pouces. Elle est fabriqu\u00e9e par usinage CNC complet et est \u00e9quip\u00e9e d'un logement ILF, ce qui permet de la combiner avec une large gamme de branches compatibles ILF.<\/p>\n<p>La poign\u00e9e convient selon le fabricant \u00e0 toutes les puissances de tir et est disponible pour les droitiers comme pour les gauchers. Elle est disponible en noir et en or.<\/p>\n<ul>\n<li>Fabrication enti\u00e8rement CNC en aluminium<\/li>\n<li>Fixation ILF pour une large compatibilit\u00e9<\/li>\n<li>Convient \u00e0 tous les poids de tirage<\/li>\n<li>Disponible pour droitiers et gauchers<\/li>\n<\/ul>","protected":false},"excerpt":{"rendered":"<table>\n<tr>\n<th>Propri\u00e9t\u00e9<\/th>\n<th>Valeur<\/th>\n<\/tr>\n<tr>\n<td>Type<\/td>\n<td>Full CNC<\/td>\n<\/tr>\n<tr>\n<td>Mat\u00e9riau<\/td>\n<td>Aluminium<\/td>\n<\/tr>\n<tr>\n<td>Ajustement repose-fl\u00e8che<\/td>\n<td>ILF<\/td>\n<\/tr>\n<tr>\n<td>Recommandation<\/td>\n<td>Tous les poids de tirage<\/td>\n<\/tr>\n<tr>\n<td>Longueur<\/td>\n<td>25&#8243;<\/td>\n<\/tr>\n<\/table>","protected":false},"featured_media":451343,"comment_status":"open","ping_status":"closed","template":"","meta":[],"product_brand":[461],"product_cat":[4519],"product_tag":[],"class_list":{"0":"post-408654","1":"product","2":"type-product","3":"status-publish","4":"has-post-thumbnail","6":"product_brand-wns","7":"product_cat-recurve-mittelteile","8":"product_shipping_class-bsd-standard","10":"first","11":"instock","12":"shipping-taxable","13":"purchasable","14":"product-type-variable"},"yoast_head":"<!-- This site is optimized with the Yoast SEO plugin v27.6 - https:\/\/yoast.com\/product\/yoast-seo-wordpress\/ -->\n<title>Pi\u00e8ces centrales WNS SF LINE VULCAN-X en aluminium 25&quot; - Bogensportdiscount \u2013 Arcs, fl\u00e8ches, cibles et accessoires<\/title>\n<meta name=\"description\" content=\"Achetez les sections centrales WNS SF LINE VULCAN-X en aluminium 25&quot; \u00e0 prix avantageux chez Bogensportdiscount \u2013 Les meilleures marques, livraison rapide depuis la Suisse.\" \/>\n<meta name=\"robots\" content=\"index, follow, max-snippet:-1, max-image-preview:large, max-video-preview:-1\" \/>\n<link rel=\"canonical\" href=\"https:\/\/bogensportdiscount.ch\/fr\/produit\/wns-recurvebogen-mittelstuck-sf-line-vulcan-x-alu-25\/\" \/>\n<meta property=\"og:locale\" content=\"fr_FR\" \/>\n<meta property=\"og:type\" content=\"article\" \/>\n<meta property=\"og:title\" content=\"Pi\u00e8ces centrales WNS SF LINE VULCAN-X en aluminium 25&quot; - Bogensportdiscount \u2013 Arcs, fl\u00e8ches, cibles et accessoires\" \/>\n<meta property=\"og:description\" content=\"Achetez les sections centrales WNS SF LINE VULCAN-X en aluminium 25&quot; \u00e0 prix avantageux chez Bogensportdiscount \u2013 Les meilleures marques, livraison rapide depuis la Suisse.\" \/>\n<meta property=\"og:url\" content=\"https:\/\/bogensportdiscount.ch\/fr\/produit\/wns-recurvebogen-mittelstuck-sf-line-vulcan-x-alu-25\/\" \/>\n<meta property=\"og:site_name\" content=\"Bogensportdiscount \u2013 B\u00f6gen, Pfeile, Targets &amp; Zubeh\u00f6r\" \/>\n<meta property=\"article:modified_time\" content=\"2026-05-14T13:26:33+00:00\" \/>\n<meta property=\"og:image\" content=\"https:\/\/bogensportdiscount.ch\/wp-content\/uploads\/bsm-images\/A059731_1.png\" \/>\n\t<meta property=\"og:image:width\" content=\"943\" \/>\n\t<meta property=\"og:image:height\" content=\"5026\" \/>\n\t<meta property=\"og:image:type\" content=\"image\/png\" \/>\n<meta name=\"twitter:card\" content=\"summary_large_image\" \/>\n<script type=\"application\/ld+json\" class=\"yoast-schema-graph\">{\"@context\":\"https:\\\/\\\/schema.org\",\"@graph\":[{\"@type\":\"WebPage\",\"@id\":\"https:\\\/\\\/bogensportdiscount.ch\\\/produkt\\\/wns-recurvebogen-mittelstuck-sf-line-vulcan-x-alu-25\\\/\",\"url\":\"https:\\\/\\\/bogensportdiscount.ch\\\/produkt\\\/wns-recurvebogen-mittelstuck-sf-line-vulcan-x-alu-25\\\/\",\"name\":\"WNS Mittelteile SF LINE VULCAN-X Alu 25\\\" - Bogensportdiscount \u2013 B\u00f6gen, Pfeile, Targets &amp; Zubeh\u00f6r\",\"isPartOf\":{\"@id\":\"https:\\\/\\\/bogensportdiscount.ch\\\/#website\"},\"primaryImageOfPage\":{\"@id\":\"https:\\\/\\\/bogensportdiscount.ch\\\/produkt\\\/wns-recurvebogen-mittelstuck-sf-line-vulcan-x-alu-25\\\/#primaryimage\"},\"image\":{\"@id\":\"https:\\\/\\\/bogensportdiscount.ch\\\/produkt\\\/wns-recurvebogen-mittelstuck-sf-line-vulcan-x-alu-25\\\/#primaryimage\"},\"thumbnailUrl\":\"https:\\\/\\\/bogensportdiscount.ch\\\/wp-content\\\/uploads\\\/bsm-images\\\/A059731_1.png\",\"datePublished\":\"2026-04-05T12:58:36+00:00\",\"dateModified\":\"2026-05-14T13:26:33+00:00\",\"description\":\"WNS Mittelteile SF LINE VULCAN-X Alu 25\\\" g\u00fcnstig kaufen bei Bogensportdiscount \u2013 Top-Marken, schneller Versand aus der Schweiz.\",\"breadcrumb\":{\"@id\":\"https:\\\/\\\/bogensportdiscount.ch\\\/produkt\\\/wns-recurvebogen-mittelstuck-sf-line-vulcan-x-alu-25\\\/#breadcrumb\"},\"inLanguage\":\"fr-FR\",\"potentialAction\":[{\"@type\":\"ReadAction\",\"target\":[\"https:\\\/\\\/bogensportdiscount.ch\\\/produkt\\\/wns-recurvebogen-mittelstuck-sf-line-vulcan-x-alu-25\\\/\"]}]},{\"@type\":\"ImageObject\",\"inLanguage\":\"fr-FR\",\"@id\":\"https:\\\/\\\/bogensportdiscount.ch\\\/produkt\\\/wns-recurvebogen-mittelstuck-sf-line-vulcan-x-alu-25\\\/#primaryimage\",\"url\":\"https:\\\/\\\/bogensportdiscount.ch\\\/wp-content\\\/uploads\\\/bsm-images\\\/A059731_1.png\",\"contentUrl\":\"https:\\\/\\\/bogensportdiscount.ch\\\/wp-content\\\/uploads\\\/bsm-images\\\/A059731_1.png\",\"width\":943,\"height\":5026},{\"@type\":\"BreadcrumbList\",\"@id\":\"https:\\\/\\\/bogensportdiscount.ch\\\/produkt\\\/wns-recurvebogen-mittelstuck-sf-line-vulcan-x-alu-25\\\/#breadcrumb\",\"itemListElement\":[{\"@type\":\"ListItem\",\"position\":1,\"name\":\"Home\",\"item\":\"https:\\\/\\\/bogensportdiscount.ch\\\/\"},{\"@type\":\"ListItem\",\"position\":2,\"name\":\"Shop\",\"item\":\"https:\\\/\\\/bogensportdiscount.ch\\\/shop\\\/\"},{\"@type\":\"ListItem\",\"position\":3,\"name\":\"WNS Mittelteile SF LINE VULCAN-X Alu 25&#8243;\"}]},{\"@type\":\"WebSite\",\"@id\":\"https:\\\/\\\/bogensportdiscount.ch\\\/#website\",\"url\":\"https:\\\/\\\/bogensportdiscount.ch\\\/\",\"name\":\"Bogensportdiscount\",\"description\":\"\",\"potentialAction\":[{\"@type\":\"SearchAction\",\"target\":{\"@type\":\"EntryPoint\",\"urlTemplate\":\"https:\\\/\\\/bogensportdiscount.ch\\\/?s={search_term_string}\"},\"query-input\":{\"@type\":\"PropertyValueSpecification\",\"valueRequired\":true,\"valueName\":\"search_term_string\"}}],\"inLanguage\":\"fr-FR\"}]}<\/script>\n<!-- \/ Yoast SEO plugin. -->","yoast_head_json":{"title":"Pi\u00e8ces centrales WNS SF LINE VULCAN-X en aluminium 25&quot; - Bogensportdiscount \u2013 Arcs, fl\u00e8ches, cibles et accessoires","description":"Achetez les sections centrales WNS SF LINE VULCAN-X en aluminium 25&quot; \u00e0 prix avantageux chez Bogensportdiscount \u2013 Les meilleures marques, livraison rapide depuis la Suisse.","robots":{"index":"index","follow":"follow","max-snippet":"max-snippet:-1","max-image-preview":"max-image-preview:large","max-video-preview":"max-video-preview:-1"},"canonical":"https:\/\/bogensportdiscount.ch\/fr\/produit\/wns-recurvebogen-mittelstuck-sf-line-vulcan-x-alu-25\/","og_locale":"fr_FR","og_type":"article","og_title":"Pi\u00e8ces centrales WNS SF LINE VULCAN-X en aluminium 25&quot; - Bogensportdiscount \u2013 Arcs, fl\u00e8ches, cibles et accessoires","og_description":"Achetez les sections centrales WNS SF LINE VULCAN-X en aluminium 25&quot; \u00e0 prix avantageux chez Bogensportdiscount \u2013 Les meilleures marques, livraison rapide depuis la Suisse.","og_url":"https:\/\/bogensportdiscount.ch\/fr\/produit\/wns-recurvebogen-mittelstuck-sf-line-vulcan-x-alu-25\/","og_site_name":"Bogensportdiscount \u2013 B\u00f6gen, Pfeile, Targets &amp; Zubeh\u00f6r","article_modified_time":"2026-05-14T13:26:33+00:00","og_image":[{"url":"https:\/\/bogensportdiscount.ch\/wp-content\/uploads\/bsm-images\/A059731_1.png","width":943,"height":5026,"type":"image\/png"}],"twitter_card":"summary_large_image","schema":{"@context":"https:\/\/schema.org","@graph":[{"@type":"WebPage","@id":"https:\/\/bogensportdiscount.ch\/produkt\/wns-recurvebogen-mittelstuck-sf-line-vulcan-x-alu-25\/","url":"https:\/\/bogensportdiscount.ch\/produkt\/wns-recurvebogen-mittelstuck-sf-line-vulcan-x-alu-25\/","name":"Pi\u00e8ces centrales WNS SF LINE VULCAN-X en aluminium 25&quot; - Bogensportdiscount \u2013 Arcs, fl\u00e8ches, cibles et accessoires","isPartOf":{"@id":"https:\/\/bogensportdiscount.ch\/#website"},"primaryImageOfPage":{"@id":"https:\/\/bogensportdiscount.ch\/produkt\/wns-recurvebogen-mittelstuck-sf-line-vulcan-x-alu-25\/#primaryimage"},"image":{"@id":"https:\/\/bogensportdiscount.ch\/produkt\/wns-recurvebogen-mittelstuck-sf-line-vulcan-x-alu-25\/#primaryimage"},"thumbnailUrl":"https:\/\/bogensportdiscount.ch\/wp-content\/uploads\/bsm-images\/A059731_1.png","datePublished":"2026-04-05T12:58:36+00:00","dateModified":"2026-05-14T13:26:33+00:00","description":"Achetez les sections centrales WNS SF LINE VULCAN-X en aluminium 25&quot; \u00e0 prix avantageux chez Bogensportdiscount \u2013 Les meilleures marques, livraison rapide depuis la Suisse.","breadcrumb":{"@id":"https:\/\/bogensportdiscount.ch\/produkt\/wns-recurvebogen-mittelstuck-sf-line-vulcan-x-alu-25\/#breadcrumb"},"inLanguage":"fr-FR","potentialAction":[{"@type":"ReadAction","target":["https:\/\/bogensportdiscount.ch\/produkt\/wns-recurvebogen-mittelstuck-sf-line-vulcan-x-alu-25\/"]}]},{"@type":"ImageObject","inLanguage":"fr-FR","@id":"https:\/\/bogensportdiscount.ch\/produkt\/wns-recurvebogen-mittelstuck-sf-line-vulcan-x-alu-25\/#primaryimage","url":"https:\/\/bogensportdiscount.ch\/wp-content\/uploads\/bsm-images\/A059731_1.png","contentUrl":"https:\/\/bogensportdiscount.ch\/wp-content\/uploads\/bsm-images\/A059731_1.png","width":943,"height":5026},{"@type":"BreadcrumbList","@id":"https:\/\/bogensportdiscount.ch\/produkt\/wns-recurvebogen-mittelstuck-sf-line-vulcan-x-alu-25\/#breadcrumb","itemListElement":[{"@type":"ListItem","position":1,"name":"Home","item":"https:\/\/bogensportdiscount.ch\/"},{"@type":"ListItem","position":2,"name":"Shop","item":"https:\/\/bogensportdiscount.ch\/shop\/"},{"@type":"ListItem","position":3,"name":"WNS Mittelteile SF LINE VULCAN-X Alu 25&#8243;"}]},{"@type":"WebSite","@id":"https:\/\/bogensportdiscount.ch\/#website","url":"https:\/\/bogensportdiscount.ch\/","name":"Bogensportdiscount","description":"","potentialAction":[{"@type":"SearchAction","target":{"@type":"EntryPoint","urlTemplate":"https:\/\/bogensportdiscount.ch\/?s={search_term_string}"},"query-input":{"@type":"PropertyValueSpecification","valueRequired":true,"valueName":"search_term_string"}}],"inLanguage":"fr-FR"}]}},"_links":{"self":[{"href":"https:\/\/bogensportdiscount.ch\/fr\/wp-json\/wp\/v2\/product\/408654","targetHints":{"allow":["GET"]}}],"collection":[{"href":"https:\/\/bogensportdiscount.ch\/fr\/wp-json\/wp\/v2\/product"}],"about":[{"href":"https:\/\/bogensportdiscount.ch\/fr\/wp-json\/wp\/v2\/types\/product"}],"replies":[{"embeddable":true,"href":"https:\/\/bogensportdiscount.ch\/fr\/wp-json\/wp\/v2\/comments?post=408654"}],"wp:featuredmedia":[{"embeddable":true,"href":"https:\/\/bogensportdiscount.ch\/fr\/wp-json\/wp\/v2\/media\/451343"}],"wp:attachment":[{"href":"https:\/\/bogensportdiscount.ch\/fr\/wp-json\/wp\/v2\/media?parent=408654"}],"wp:term":[{"taxonomy":"product_brand","embeddable":true,"href":"https:\/\/bogensportdiscount.ch\/fr\/wp-json\/wp\/v2\/product_brand?post=408654"},{"taxonomy":"product_cat","embeddable":true,"href":"https:\/\/bogensportdiscount.ch\/fr\/wp-json\/wp\/v2\/product_cat?post=408654"},{"taxonomy":"product_tag","embeddable":true,"href":"https:\/\/bogensportdiscount.ch\/fr\/wp-json\/wp\/v2\/product_tag?post=408654"}],"curies":[{"name":"wp","href":"https:\/\/api.w.org\/{rel}","templated":true}]}}